{"id":9164,"date":"2020-09-23T17:58:20","date_gmt":"2020-09-23T15:58:20","guid":{"rendered":"https:\/\/bk10426.bouquetdalella.com\/producte\/bouquet-dalella-blanc-2021\/"},"modified":"2026-01-19T10:31:06","modified_gmt":"2026-01-19T09:31:06","slug":"bouquet-dalella-blanc-2024","status":"publish","type":"product","link":"https:\/\/bk10426.bouquetdalella.com\/fr\/produit\/bouquet-dalella-blanc-2024\/","title":{"rendered":"Bouquet d&rsquo;Alella Blanc 2024"},"content":{"rendered":"\t\t<div data-elementor-type=\"product-post\" data-elementor-id=\"9164\" class=\"elementor elementor-9164 elementor-6315\" data-elementor-post-type=\"product\">\n\t\t\t\t\t\t<section class=\"elementor-section elementor-top-section elementor-element elementor-element-556ed77 elementor-section-boxed elementor-section-height-default elementor-section-height-default\" data-id=\"556ed77\" data-element_type=\"section\" data-e-type=\"section\">\n\t\t\t\t\t\t<div class=\"elementor-container elementor-column-gap-default\">\n\t\t\t\t\t<div class=\"elementor-column elementor-col-100 elementor-top-column elementor-element elementor-element-2149481d\" data-id=\"2149481d\" data-element_type=\"column\" data-e-type=\"column\">\n\t\t\t<div class=\"elementor-widget-wrap elementor-element-populated\">\n\t\t\t\t\t\t<div class=\"elementor-element elementor-element-43d443a tab_zone elementor-tabs-view-horizontal elementor-widget elementor-widget-tabs\" data-id=\"43d443a\" data-element_type=\"widget\" data-e-type=\"widget\" data-widget_type=\"tabs.default\">\n\t\t\t\t<div class=\"elementor-widget-container\">\n\t\t\t\t\t\t\t<div class=\"elementor-tabs\">\n\t\t\t<div class=\"elementor-tabs-wrapper\" role=\"tablist\" >\n\t\t\t\t\t\t\t\t\t<div id=\"elementor-tab-title-7111\" class=\"elementor-tab-title elementor-tab-desktop-title\" aria-selected=\"true\" data-tab=\"1\" role=\"tab\" tabindex=\"0\" aria-controls=\"elementor-tab-content-7111\" aria-expanded=\"false\">\u00c9laboration<\/div>\n\t\t\t\t\t\t\t\t\t<div id=\"elementor-tab-title-7112\" class=\"elementor-tab-title elementor-tab-desktop-title\" aria-selected=\"false\" data-tab=\"2\" role=\"tab\" tabindex=\"-1\" aria-controls=\"elementor-tab-content-7112\" aria-expanded=\"false\">Note de d\u00e9gustation<\/div>\n\t\t\t\t\t\t\t\t\t<div id=\"elementor-tab-title-7113\" class=\"elementor-tab-title elementor-tab-desktop-title\" aria-selected=\"false\" data-tab=\"3\" role=\"tab\" tabindex=\"-1\" aria-controls=\"elementor-tab-content-7113\" aria-expanded=\"false\">LIVRAISON GRATUITE + 60\u20ac<\/div>\n\t\t\t\t\t\t\t<\/div>\n\t\t\t<div class=\"elementor-tabs-content-wrapper\" role=\"tablist\" aria-orientation=\"vertical\">\n\t\t\t\t\t\t\t\t\t<div class=\"elementor-tab-title elementor-tab-mobile-title\" aria-selected=\"true\" data-tab=\"1\" role=\"tab\" tabindex=\"0\" aria-controls=\"elementor-tab-content-7111\" aria-expanded=\"false\">\u00c9laboration<\/div>\n\t\t\t\t\t<div id=\"elementor-tab-content-7111\" class=\"elementor-tab-content elementor-clearfix\" data-tab=\"1\" role=\"tabpanel\" aria-labelledby=\"elementor-tab-title-7111\" tabindex=\"0\" hidden=\"false\"><p>Vin biologique. Vendanges manuelles en caisses de 15 kg et s\u00e9lection stricte des raisins \u00e0 la vigne. Les raisins sont r\u00e9frig\u00e9r\u00e9s en chambre froide pendant quelques heures pour obtenir des pr\u00e9curseurs aromatiques. Elle est suivie d&rsquo;une mac\u00e9ration film pr\u00e9-fermentaire en Grenache blanc pour rehausser les ar\u00f4mes primaires. Et puis pour chaque vari\u00e9t\u00e9 s\u00e9par\u00e9ment, un pressurage doux est effectu\u00e9 en utilisant uniquement le mo\u00fbt de fleurs, un lisier statique et une fermentation alcoolique \u00e0 temp\u00e9rature contr\u00f4l\u00e9e de 15 \u00b0 C en cuve inox pendant 3 semaines. \u00c9levage sur lies pendant 3 mois avec <em>batonnage<\/em>.<\/p><p>\u00a0<\/p><p>Vin blanc tranquille \u00e9labor\u00e9 avec les c\u00e9pages locaux de la r\u00e9gion, en particulier\u00a0<span style=\"letter-spacing: 0.01px;\">54<\/span>% de raisin blanc et 46% de grenache blanc. La production est limit\u00e9e, <span style=\"letter-spacing: 0.01px;\">5.466 <\/span>bouteilles. Et sa teneur en alcool est de 12% vol.<\/p><\/div>\n\t\t\t\t\t\t\t\t\t<div class=\"elementor-tab-title elementor-tab-mobile-title\" aria-selected=\"false\" data-tab=\"2\" role=\"tab\" tabindex=\"-1\" aria-controls=\"elementor-tab-content-7112\" aria-expanded=\"false\">Note de d\u00e9gustation<\/div>\n\t\t\t\t\t<div id=\"elementor-tab-content-7112\" class=\"elementor-tab-content elementor-clearfix\" data-tab=\"2\" role=\"tabpanel\" aria-labelledby=\"elementor-tab-title-7112\" tabindex=\"0\" hidden=\"hidden\"><p style=\"text-align: left;\"><em><b>La vue:<\/b><\/em> a une couleur jaune paille brillante avec des reflets verd\u00e2tres caract\u00e9ristiques.\u00a0<\/p><p style=\"text-align: left;\"><em><b>L&rsquo;odorat:<\/b><\/em>on retrouve des ar\u00f4mes frais de fleurs et de fruits blancs avec un doux parfum d&rsquo;agrumes.<\/p><p style=\"text-align: left;\"><em><b>Le go\u00fbt:<\/b><\/em> il a une entr\u00e9e douce, \u00e9voluant vers des sensations fruit\u00e9es avec une acidit\u00e9 fra\u00eeche et \u00e9quilibr\u00e9e. Structure fine et soyeuse. La finale est longue avec une persistance inspirante du terroir. Caract\u00e8re m\u00e9diterran\u00e9en dans sa forme la plus pure.<\/p><p style=\"text-align: left;\"><em><b>Associez bien<\/b> <strong>avec<\/strong><\/em> ap\u00e9ritifs, fromages \u00e0 p\u00e2te molle, poissons grill\u00e9s ou cuits au four et viandes blanches (volaille), salades de p\u00e2tes et plats de p\u00e2tes avec des sauces douces. Nous vous recommandons de le servir entre 8 \u00b0C et 10 \u00b0C<\/p><\/div>\n\t\t\t\t\t\t\t\t\t<div class=\"elementor-tab-title elementor-tab-mobile-title\" aria-selected=\"false\" data-tab=\"3\" role=\"tab\" tabindex=\"-1\" aria-controls=\"elementor-tab-content-7113\" aria-expanded=\"false\">LIVRAISON GRATUITE + 60\u20ac<\/div>\n\t\t\t\t\t<div id=\"elementor-tab-content-7113\" class=\"elementor-tab-content elementor-clearfix\" data-tab=\"3\" role=\"tabpanel\" aria-labelledby=\"elementor-tab-title-7113\" tabindex=\"0\" hidden=\"hidden\"><p><strong>LIVRAISON GRATUITE<\/strong><\/p><ul><li style=\"font-weight: 400;\" aria-level=\"1\"><span style=\"font-weight: 400;\">Si votre commande est pass\u00e9e dans le p\u00e9rim\u00e8tre national et d\u00e9passe 60 euros (TVA incluse) vous b\u00e9n\u00e9ficierez de la livraison gratuite. Il n&rsquo;inclut pas l&rsquo;ext\u00e9rieur de la p\u00e9ninsule.<br \/><br \/><\/span><\/li><\/ul><div>\u00a0<\/div><div><strong>D\u00c9LAI DE LIVRAISON ET FRAIS D&rsquo;EXP\u00c9DITION<\/strong><\/div><ul><li style=\"font-weight: 400;\" aria-level=\"1\"><span style=\"font-weight: 400;\">Une fois la commande pass\u00e9e et accept\u00e9e, le d\u00e9lai de livraison sera de 2 \u00e0 4 jours ouvr\u00e9s \u00e0 compter du r\u00e8glement de l&rsquo;achat.<\/span><\/li><li style=\"font-weight: 400;\" aria-level=\"1\"><span style=\"font-weight: 400;\">Les commandes sont envoy\u00e9es via un service de messagerie.<\/span><\/li><li style=\"font-weight: 400;\" aria-level=\"1\"><span style=\"font-weight: 400;\">La livraison sera effectu\u00e9e \u00e0 l&rsquo;adresse indiqu\u00e9e lors du processus de commande.<\/span><\/li><\/ul><\/div>\n\t\t\t\t\t\t\t<\/div>\n\t\t<\/div>\n\t\t\t\t\t\t<\/div>\n\t\t\t\t<\/div>\n\t\t\t\t\t<\/div>\n\t\t<\/div>\n\t\t\t\t\t<\/div>\n\t\t<\/section>\n\t\t\t\t<\/div>\n\t\t","protected":false},"excerpt":{"rendered":"<p>Vin blanc biologique de Pansa blanca et Grenache blanc ferment\u00e9 en acier inoxydable. Entr\u00e9e directe et rafra\u00eechissante, parfaite pour accompagner les collations et les entr\u00e9es.<\/p>\n","protected":false},"featured_media":1730,"template":"","meta":{"_acf_changed":false},"product_brand":[],"product_cat":[393],"product_tag":[354,366,161,163,164,351],"class_list":{"0":"post-9164","1":"product","2":"type-product","3":"status-publish","4":"has-post-thumbnail","6":"product_cat-vins-bouquet-dalella-fr","7":"product_tag-blanc-fr","8":"product_tag-cool","9":"product_tag-direct","10":"product_tag-jeune","11":"product_tag-vin-blanc-biologique","12":"product_tag-vins-fr","14":"first","15":"instock","16":"taxable","17":"shipping-taxable","18":"purchasable","19":"product-type-simple"},"acf":[],"yoast_head":"<!-- This site is optimized with the Yoast SEO plugin v27.3 - https:\/\/yoast.com\/product\/yoast-seo-wordpress\/ -->\n<title>Bouquet d&#039;Alella Blanc 2024 - Bouquet d&#039;Alella<\/title>\n<meta name=\"robots\" content=\"noindex, follow, max-snippet:-1, max-image-preview:large, max-video-preview:-1\" \/>\n<meta property=\"og:locale\" content=\"fr_FR\" \/>\n<meta property=\"og:type\" content=\"article\" \/>\n<meta property=\"og:title\" content=\"Bouquet d&#039;Alella Blanc 2024 - Bouquet d&#039;Alella\" \/>\n<meta property=\"og:description\" content=\"Vin blanc biologique de Pansa blanca et Grenache blanc ferment\u00e9 en acier inoxydable. Entr\u00e9e directe et rafra\u00eechissante, parfaite pour accompagner les collations et les entr\u00e9es.\" \/>\n<meta property=\"og:url\" content=\"https:\/\/bk10426.bouquetdalella.com\/fr\/produit\/bouquet-dalella-blanc-2024\/\" \/>\n<meta property=\"og:site_name\" content=\"Bouquet d&#039;Alella\" \/>\n<meta property=\"article:modified_time\" content=\"2026-01-19T09:31:06+00:00\" \/>\n<meta property=\"og:image\" content=\"https:\/\/bk10426.bouquetdalella.com\/wp-content\/uploads\/2023\/04\/3pA-Bouquet-dAlella-Blanc19-1.png\" \/>\n\t<meta property=\"og:image:width\" content=\"768\" \/>\n\t<meta property=\"og:image:height\" content=\"843\" \/>\n\t<meta property=\"og:image:type\" content=\"image\/png\" \/>\n<meta name=\"twitter:card\" content=\"summary_large_image\" \/>\n<meta name=\"twitter:label1\" content=\"Dur\u00e9e de lecture estim\u00e9e\" \/>\n\t<meta name=\"twitter:data1\" content=\"2 minutes\" \/>\n<script type=\"application\/ld+json\" class=\"yoast-schema-graph\">{\"@context\":\"https:\\\/\\\/schema.org\",\"@graph\":[{\"@type\":\"WebPage\",\"@id\":\"https:\\\/\\\/bk10426.bouquetdalella.com\\\/fr\\\/produit\\\/bouquet-dalella-blanc-2024\\\/\",\"url\":\"https:\\\/\\\/bk10426.bouquetdalella.com\\\/fr\\\/produit\\\/bouquet-dalella-blanc-2024\\\/\",\"name\":\"Bouquet d'Alella Blanc 2024 - Bouquet d&#039;Alella\",\"isPartOf\":{\"@id\":\"https:\\\/\\\/bk10426.bouquetdalella.com\\\/fr\\\/#website\"},\"primaryImageOfPage\":{\"@id\":\"https:\\\/\\\/bk10426.bouquetdalella.com\\\/fr\\\/produit\\\/bouquet-dalella-blanc-2024\\\/#primaryimage\"},\"image\":{\"@id\":\"https:\\\/\\\/bk10426.bouquetdalella.com\\\/fr\\\/produit\\\/bouquet-dalella-blanc-2024\\\/#primaryimage\"},\"thumbnailUrl\":\"https:\\\/\\\/bk10426.bouquetdalella.com\\\/wp-content\\\/uploads\\\/2023\\\/04\\\/3pA-Bouquet-dAlella-Blanc19-1.png\",\"datePublished\":\"2020-09-23T15:58:20+00:00\",\"dateModified\":\"2026-01-19T09:31:06+00:00\",\"breadcrumb\":{\"@id\":\"https:\\\/\\\/bk10426.bouquetdalella.com\\\/fr\\\/produit\\\/bouquet-dalella-blanc-2024\\\/#breadcrumb\"},\"inLanguage\":\"fr-FR\",\"potentialAction\":[{\"@type\":\"ReadAction\",\"target\":[\"https:\\\/\\\/bk10426.bouquetdalella.com\\\/fr\\\/produit\\\/bouquet-dalella-blanc-2024\\\/\"]}]},{\"@type\":\"ImageObject\",\"inLanguage\":\"fr-FR\",\"@id\":\"https:\\\/\\\/bk10426.bouquetdalella.com\\\/fr\\\/produit\\\/bouquet-dalella-blanc-2024\\\/#primaryimage\",\"url\":\"https:\\\/\\\/bk10426.bouquetdalella.com\\\/wp-content\\\/uploads\\\/2023\\\/04\\\/3pA-Bouquet-dAlella-Blanc19-1.png\",\"contentUrl\":\"https:\\\/\\\/bk10426.bouquetdalella.com\\\/wp-content\\\/uploads\\\/2023\\\/04\\\/3pA-Bouquet-dAlella-Blanc19-1.png\",\"width\":768,\"height\":843},{\"@type\":\"BreadcrumbList\",\"@id\":\"https:\\\/\\\/bk10426.bouquetdalella.com\\\/fr\\\/produit\\\/bouquet-dalella-blanc-2024\\\/#breadcrumb\",\"itemListElement\":[{\"@type\":\"ListItem\",\"position\":1,\"name\":\"Inici\",\"item\":\"https:\\\/\\\/bk10426.bouquetdalella.com\\\/fr\\\/\"},{\"@type\":\"ListItem\",\"position\":2,\"name\":\"Boutique\",\"item\":\"https:\\\/\\\/bk10426.bouquetdalella.com\\\/fr\\\/boutique\\\/\"},{\"@type\":\"ListItem\",\"position\":3,\"name\":\"Bouquet d&#8217;Alella Blanc 2024\"}]},{\"@type\":\"WebSite\",\"@id\":\"https:\\\/\\\/bk10426.bouquetdalella.com\\\/fr\\\/#website\",\"url\":\"https:\\\/\\\/bk10426.bouquetdalella.com\\\/fr\\\/\",\"name\":\"Bouquet d&#039;Alella\",\"description\":\"El Celler Bouquet d\u2019Alella neix amb la clara intenci\u00f3 d\u2019explotar dues vessants diferents per\u00f2 complement\u00e0ries en el mon del vi. Per una banda, la producci\u00f3n i venda de vins ecol\u00f2gics de qualitat i per l\u2019altra la promoci\u00f3 de l\u2019enoturisme.\",\"publisher\":{\"@id\":\"https:\\\/\\\/bk10426.bouquetdalella.com\\\/fr\\\/#organization\"},\"potentialAction\":[{\"@type\":\"SearchAction\",\"target\":{\"@type\":\"EntryPoint\",\"urlTemplate\":\"https:\\\/\\\/bk10426.bouquetdalella.com\\\/fr\\\/?s={search_term_string}\"},\"query-input\":{\"@type\":\"PropertyValueSpecification\",\"valueRequired\":true,\"valueName\":\"search_term_string\"}}],\"inLanguage\":\"fr-FR\"},{\"@type\":\"Organization\",\"@id\":\"https:\\\/\\\/bk10426.bouquetdalella.com\\\/fr\\\/#organization\",\"name\":\"Bouquet d&#039;Alella\",\"url\":\"https:\\\/\\\/bk10426.bouquetdalella.com\\\/fr\\\/\",\"logo\":{\"@type\":\"ImageObject\",\"inLanguage\":\"fr-FR\",\"@id\":\"https:\\\/\\\/bk10426.bouquetdalella.com\\\/fr\\\/#\\\/schema\\\/logo\\\/image\\\/\",\"url\":\"https:\\\/\\\/bk10426.bouquetdalella.com\\\/wp-content\\\/uploads\\\/2023\\\/04\\\/cropped-cropped-cropped-logo_bouquet_d_alella-2-300x53-1.png\",\"contentUrl\":\"https:\\\/\\\/bk10426.bouquetdalella.com\\\/wp-content\\\/uploads\\\/2023\\\/04\\\/cropped-cropped-cropped-logo_bouquet_d_alella-2-300x53-1.png\",\"width\":300,\"height\":52,\"caption\":\"Bouquet d&#039;Alella\"},\"image\":{\"@id\":\"https:\\\/\\\/bk10426.bouquetdalella.com\\\/fr\\\/#\\\/schema\\\/logo\\\/image\\\/\"}}]}<\/script>\n<!-- \/ Yoast SEO plugin. -->","yoast_head_json":{"title":"Bouquet d'Alella Blanc 2024 - Bouquet d&#039;Alella","robots":{"index":"noindex","follow":"follow","max-snippet":"max-snippet:-1","max-image-preview":"max-image-preview:large","max-video-preview":"max-video-preview:-1"},"og_locale":"fr_FR","og_type":"article","og_title":"Bouquet d'Alella Blanc 2024 - Bouquet d&#039;Alella","og_description":"Vin blanc biologique de Pansa blanca et Grenache blanc ferment\u00e9 en acier inoxydable. Entr\u00e9e directe et rafra\u00eechissante, parfaite pour accompagner les collations et les entr\u00e9es.","og_url":"https:\/\/bk10426.bouquetdalella.com\/fr\/produit\/bouquet-dalella-blanc-2024\/","og_site_name":"Bouquet d&#039;Alella","article_modified_time":"2026-01-19T09:31:06+00:00","og_image":[{"width":768,"height":843,"url":"https:\/\/bk10426.bouquetdalella.com\/wp-content\/uploads\/2023\/04\/3pA-Bouquet-dAlella-Blanc19-1.png","type":"image\/png"}],"twitter_card":"summary_large_image","twitter_misc":{"Dur\u00e9e de lecture estim\u00e9e":"2 minutes"},"schema":{"@context":"https:\/\/schema.org","@graph":[{"@type":"WebPage","@id":"https:\/\/bk10426.bouquetdalella.com\/fr\/produit\/bouquet-dalella-blanc-2024\/","url":"https:\/\/bk10426.bouquetdalella.com\/fr\/produit\/bouquet-dalella-blanc-2024\/","name":"Bouquet d'Alella Blanc 2024 - Bouquet d&#039;Alella","isPartOf":{"@id":"https:\/\/bk10426.bouquetdalella.com\/fr\/#website"},"primaryImageOfPage":{"@id":"https:\/\/bk10426.bouquetdalella.com\/fr\/produit\/bouquet-dalella-blanc-2024\/#primaryimage"},"image":{"@id":"https:\/\/bk10426.bouquetdalella.com\/fr\/produit\/bouquet-dalella-blanc-2024\/#primaryimage"},"thumbnailUrl":"https:\/\/bk10426.bouquetdalella.com\/wp-content\/uploads\/2023\/04\/3pA-Bouquet-dAlella-Blanc19-1.png","datePublished":"2020-09-23T15:58:20+00:00","dateModified":"2026-01-19T09:31:06+00:00","breadcrumb":{"@id":"https:\/\/bk10426.bouquetdalella.com\/fr\/produit\/bouquet-dalella-blanc-2024\/#breadcrumb"},"inLanguage":"fr-FR","potentialAction":[{"@type":"ReadAction","target":["https:\/\/bk10426.bouquetdalella.com\/fr\/produit\/bouquet-dalella-blanc-2024\/"]}]},{"@type":"ImageObject","inLanguage":"fr-FR","@id":"https:\/\/bk10426.bouquetdalella.com\/fr\/produit\/bouquet-dalella-blanc-2024\/#primaryimage","url":"https:\/\/bk10426.bouquetdalella.com\/wp-content\/uploads\/2023\/04\/3pA-Bouquet-dAlella-Blanc19-1.png","contentUrl":"https:\/\/bk10426.bouquetdalella.com\/wp-content\/uploads\/2023\/04\/3pA-Bouquet-dAlella-Blanc19-1.png","width":768,"height":843},{"@type":"BreadcrumbList","@id":"https:\/\/bk10426.bouquetdalella.com\/fr\/produit\/bouquet-dalella-blanc-2024\/#breadcrumb","itemListElement":[{"@type":"ListItem","position":1,"name":"Inici","item":"https:\/\/bk10426.bouquetdalella.com\/fr\/"},{"@type":"ListItem","position":2,"name":"Boutique","item":"https:\/\/bk10426.bouquetdalella.com\/fr\/boutique\/"},{"@type":"ListItem","position":3,"name":"Bouquet d&#8217;Alella Blanc 2024"}]},{"@type":"WebSite","@id":"https:\/\/bk10426.bouquetdalella.com\/fr\/#website","url":"https:\/\/bk10426.bouquetdalella.com\/fr\/","name":"Bouquet d&#039;Alella","description":"El Celler Bouquet d\u2019Alella neix amb la clara intenci\u00f3 d\u2019explotar dues vessants diferents per\u00f2 complement\u00e0ries en el mon del vi. Per una banda, la producci\u00f3n i venda de vins ecol\u00f2gics de qualitat i per l\u2019altra la promoci\u00f3 de l\u2019enoturisme.","publisher":{"@id":"https:\/\/bk10426.bouquetdalella.com\/fr\/#organization"},"potentialAction":[{"@type":"SearchAction","target":{"@type":"EntryPoint","urlTemplate":"https:\/\/bk10426.bouquetdalella.com\/fr\/?s={search_term_string}"},"query-input":{"@type":"PropertyValueSpecification","valueRequired":true,"valueName":"search_term_string"}}],"inLanguage":"fr-FR"},{"@type":"Organization","@id":"https:\/\/bk10426.bouquetdalella.com\/fr\/#organization","name":"Bouquet d&#039;Alella","url":"https:\/\/bk10426.bouquetdalella.com\/fr\/","logo":{"@type":"ImageObject","inLanguage":"fr-FR","@id":"https:\/\/bk10426.bouquetdalella.com\/fr\/#\/schema\/logo\/image\/","url":"https:\/\/bk10426.bouquetdalella.com\/wp-content\/uploads\/2023\/04\/cropped-cropped-cropped-logo_bouquet_d_alella-2-300x53-1.png","contentUrl":"https:\/\/bk10426.bouquetdalella.com\/wp-content\/uploads\/2023\/04\/cropped-cropped-cropped-logo_bouquet_d_alella-2-300x53-1.png","width":300,"height":52,"caption":"Bouquet d&#039;Alella"},"image":{"@id":"https:\/\/bk10426.bouquetdalella.com\/fr\/#\/schema\/logo\/image\/"}}]}},"_links":{"self":[{"href":"https:\/\/bk10426.bouquetdalella.com\/fr\/wp-json\/wp\/v2\/product\/9164","targetHints":{"allow":["GET"]}}],"collection":[{"href":"https:\/\/bk10426.bouquetdalella.com\/fr\/wp-json\/wp\/v2\/product"}],"about":[{"href":"https:\/\/bk10426.bouquetdalella.com\/fr\/wp-json\/wp\/v2\/types\/product"}],"version-history":[{"count":0,"href":"https:\/\/bk10426.bouquetdalella.com\/fr\/wp-json\/wp\/v2\/product\/9164\/revisions"}],"wp:featuredmedia":[{"embeddable":true,"href":"https:\/\/bk10426.bouquetdalella.com\/fr\/wp-json\/wp\/v2\/media\/1730"}],"wp:attachment":[{"href":"https:\/\/bk10426.bouquetdalella.com\/fr\/wp-json\/wp\/v2\/media?parent=9164"}],"wp:term":[{"taxonomy":"product_brand","embeddable":true,"href":"https:\/\/bk10426.bouquetdalella.com\/fr\/wp-json\/wp\/v2\/product_brand?post=9164"},{"taxonomy":"product_cat","embeddable":true,"href":"https:\/\/bk10426.bouquetdalella.com\/fr\/wp-json\/wp\/v2\/product_cat?post=9164"},{"taxonomy":"product_tag","embeddable":true,"href":"https:\/\/bk10426.bouquetdalella.com\/fr\/wp-json\/wp\/v2\/product_tag?post=9164"}],"curies":[{"name":"wp","href":"https:\/\/api.w.org\/{rel}","templated":true}]}}