{"id":9159,"date":"2020-09-23T17:56:22","date_gmt":"2020-09-23T15:56:22","guid":{"rendered":"https:\/\/bk10426.bouquetdalella.com\/producte\/bouquet-dalella-blanc-2021-2\/"},"modified":"2025-08-27T08:50:39","modified_gmt":"2025-08-27T06:50:39","slug":"bouquet-dalella-blanc-plus-2024","status":"publish","type":"product","link":"https:\/\/bk10426.bouquetdalella.com\/fr\/produit\/bouquet-dalella-blanc-plus-2024\/","title":{"rendered":"Bouquet d&rsquo;Alella Blanc + 2024"},"content":{"rendered":"\t\t<div data-elementor-type=\"product-post\" data-elementor-id=\"9159\" class=\"elementor elementor-9159 elementor-6317\" data-elementor-post-type=\"product\">\n\t\t\t\t\t\t<section class=\"elementor-section elementor-top-section elementor-element elementor-element-1cbd97e4 elementor-section-boxed elementor-section-height-default elementor-section-height-default\" data-id=\"1cbd97e4\" data-element_type=\"section\" data-e-type=\"section\">\n\t\t\t\t\t\t<div class=\"elementor-container elementor-column-gap-default\">\n\t\t\t\t\t<div class=\"elementor-column elementor-col-100 elementor-top-column elementor-element elementor-element-6499454f\" data-id=\"6499454f\" data-element_type=\"column\" data-e-type=\"column\">\n\t\t\t<div class=\"elementor-widget-wrap elementor-element-populated\">\n\t\t\t\t\t\t<div class=\"elementor-element elementor-element-6feba1d3 tab_zone elementor-tabs-view-horizontal elementor-widget elementor-widget-tabs\" data-id=\"6feba1d3\" data-element_type=\"widget\" data-e-type=\"widget\" data-widget_type=\"tabs.default\">\n\t\t\t\t<div class=\"elementor-widget-container\">\n\t\t\t\t\t\t\t<div class=\"elementor-tabs\">\n\t\t\t<div class=\"elementor-tabs-wrapper\" role=\"tablist\" >\n\t\t\t\t\t\t\t\t\t<div id=\"elementor-tab-title-1871\" class=\"elementor-tab-title elementor-tab-desktop-title\" aria-selected=\"true\" data-tab=\"1\" role=\"tab\" tabindex=\"0\" aria-controls=\"elementor-tab-content-1871\" aria-expanded=\"false\">\u00c9LABORATION<\/div>\n\t\t\t\t\t\t\t\t\t<div id=\"elementor-tab-title-1872\" class=\"elementor-tab-title elementor-tab-desktop-title\" aria-selected=\"false\" data-tab=\"2\" role=\"tab\" tabindex=\"-1\" aria-controls=\"elementor-tab-content-1872\" aria-expanded=\"false\">NOTE DE D\u00c9GUSTATION<\/div>\n\t\t\t\t\t\t\t\t\t<div id=\"elementor-tab-title-1873\" class=\"elementor-tab-title elementor-tab-desktop-title\" aria-selected=\"false\" data-tab=\"3\" role=\"tab\" tabindex=\"-1\" aria-controls=\"elementor-tab-content-1873\" aria-expanded=\"false\">LIVRAISON GRATUITE + 60\u20ac<\/div>\n\t\t\t\t\t\t\t<\/div>\n\t\t\t<div class=\"elementor-tabs-content-wrapper\" role=\"tablist\" aria-orientation=\"vertical\">\n\t\t\t\t\t\t\t\t\t<div class=\"elementor-tab-title elementor-tab-mobile-title\" aria-selected=\"true\" data-tab=\"1\" role=\"tab\" tabindex=\"0\" aria-controls=\"elementor-tab-content-1871\" aria-expanded=\"false\">\u00c9LABORATION<\/div>\n\t\t\t\t\t<div id=\"elementor-tab-content-1871\" class=\"elementor-tab-content elementor-clearfix\" data-tab=\"1\" role=\"tabpanel\" aria-labelledby=\"elementor-tab-title-1871\" tabindex=\"0\" hidden=\"false\"><p>Vin issu de l&rsquo;agriculture biologique. Vendanges manuelles en caisses de 15 kg et s\u00e9lection rigoureuse des raisins \u00e0 la vigne. Les raisins sont refroidis en chambre froide pendant quelques heures pour obtenir des pr\u00e9curseurs aromatiques. S&rsquo;ensuit une mac\u00e9ration pelliculaire pr\u00e9-fermentaire dans du Grenache blanc pour sublimer les ar\u00f4mes primaires. Ensuite, chaque c\u00e9page subit s\u00e9par\u00e9ment un pressurage doux en utilisant exclusivement le mo\u00fbt de fleurs, un d\u00e9bourbage statique et une fermentation alcoolique \u00e0 une temp\u00e9rature contr\u00f4l\u00e9e de 15\u00baC en f\u00fbts de ch\u00eane pendant 3 semaines (chaque c\u00e9page s\u00e9par\u00e9ment). Elevage sur lies pendant 3 mois en b\u00e2tonnage dans la m\u00eame botte.<\/p><p>Vin blanc calme \u00e9labor\u00e9 avec les c\u00e9pages indig\u00e8nes de la r\u00e9gion, \u00e0 savoir 66% de Pansa Blanca et 34% de Garnatxa Blanca. La production est limit\u00e9e, 2300 bouteilles. Et son titre alcoom\u00e9trique est de 12% vol.<\/p><\/div>\n\t\t\t\t\t\t\t\t\t<div class=\"elementor-tab-title elementor-tab-mobile-title\" aria-selected=\"false\" data-tab=\"2\" role=\"tab\" tabindex=\"-1\" aria-controls=\"elementor-tab-content-1872\" aria-expanded=\"false\">NOTE DE D\u00c9GUSTATION<\/div>\n\t\t\t\t\t<div id=\"elementor-tab-content-1872\" class=\"elementor-tab-content elementor-clearfix\" data-tab=\"2\" role=\"tabpanel\" aria-labelledby=\"elementor-tab-title-1872\" tabindex=\"0\" hidden=\"hidden\"><p><strong>At sight<\/strong> it has a bright yellow color with golden tones.<\/p><p><strong>On the nose<\/strong> we find aromatic maturity with soft touches of aging. Aromas of sweet ripe white fruit with soft hints of vanilla, butter&#8230;<\/p><p><strong>In the mouth<\/strong> it has a frank attack, wide mouth passage and very persistent aftertaste. Balanced acidity. Ripe fruit flavors combined with boot sensations.<\/p><p><strong>Pairs well<\/strong> with seafood, fried rice, mushroom risotto, fish and meat with xup-xup, cheeses such as brie or camembert. We recommend serving it between 10\u00baC and 12\u00baC<\/p><\/div>\n\t\t\t\t\t\t\t\t\t<div class=\"elementor-tab-title elementor-tab-mobile-title\" aria-selected=\"false\" data-tab=\"3\" role=\"tab\" tabindex=\"-1\" aria-controls=\"elementor-tab-content-1873\" aria-expanded=\"false\">LIVRAISON GRATUITE + 60\u20ac<\/div>\n\t\t\t\t\t<div id=\"elementor-tab-content-1873\" class=\"elementor-tab-content elementor-clearfix\" data-tab=\"3\" role=\"tabpanel\" aria-labelledby=\"elementor-tab-title-1873\" tabindex=\"0\" hidden=\"hidden\"><p><strong>FREE SHIPPING<\/strong><\/p><ul><li>If your order is made within the national scope and is greater than 60 euros (VAT included) you will have free shipping costs. Does not include outside the peninsula.<\/li><\/ul><p><strong>DELIVERY TIME AND SHIPPING COSTS<\/strong><\/p><ul><li>Once the order has been completed and accepted, the delivery time will be 2 to 4 working days from when the purchase payment has been made.<br \/>Orders are sent via courier service.<br \/>Delivery will be made to the address indicated during the ordering process.<\/li><\/ul><\/div>\n\t\t\t\t\t\t\t<\/div>\n\t\t<\/div>\n\t\t\t\t\t\t<\/div>\n\t\t\t\t<\/div>\n\t\t\t\t\t<\/div>\n\t\t<\/div>\n\t\t\t\t\t<\/div>\n\t\t<\/section>\n\t\t\t\t<\/div>\n\t\t","protected":false},"excerpt":{"rendered":"<p>Vin blanc biologique ferment\u00e9 en f\u00fbts de ch\u00eane, fait \u00e0 Pansa blanca et Grenache blanc. Agr\u00e9able et enveloppant, c&rsquo;est un excellent accompagnement pour les longs repas et les plats \u00e9labor\u00e9s. C&rsquo;est un vin tr\u00e8s gastronomique. Blanc de garde. Production limit\u00e9e de 2.300 bouteilles.<\/p>\n<div id=\"gtx-trans\" style=\"position: absolute; left: 430px; top: 110.333px;\">\n<div class=\"gtx-trans-icon\"><\/div>\n<\/div>\n","protected":false},"featured_media":1734,"template":"","meta":{"_acf_changed":false},"product_brand":[],"product_cat":[393],"product_tag":[351],"class_list":{"0":"post-9159","1":"product","2":"type-product","3":"status-publish","4":"has-post-thumbnail","6":"product_cat-vins-bouquet-dalella-fr","7":"product_tag-vins-fr","9":"first","10":"instock","11":"taxable","12":"shipping-taxable","13":"purchasable","14":"product-type-simple"},"acf":[],"yoast_head":"<!-- This site is optimized with the Yoast SEO plugin v27.4 - https:\/\/yoast.com\/product\/yoast-seo-wordpress\/ -->\n<title>Bouquet d&#039;Alella Blanc + 2024 - Bouquet d&#039;Alella<\/title>\n<meta name=\"robots\" content=\"noindex, follow, max-snippet:-1, max-image-preview:large, max-video-preview:-1\" \/>\n<meta property=\"og:locale\" content=\"fr_FR\" \/>\n<meta property=\"og:type\" content=\"article\" \/>\n<meta property=\"og:title\" content=\"Bouquet d&#039;Alella Blanc + 2024 - Bouquet d&#039;Alella\" \/>\n<meta property=\"og:description\" content=\"Vin blanc biologique ferment\u00e9 en f\u00fbts de ch\u00eane, fait \u00e0 Pansa blanca et Grenache blanc. Agr\u00e9able et enveloppant, c&#039;est un excellent accompagnement pour les longs repas et les plats \u00e9labor\u00e9s. C&#039;est un vin tr\u00e8s gastronomique. Blanc de garde. Production limit\u00e9e de 2.300 bouteilles.\" \/>\n<meta property=\"og:url\" content=\"https:\/\/bk10426.bouquetdalella.com\/fr\/produit\/bouquet-dalella-blanc-plus-2024\/\" \/>\n<meta property=\"og:site_name\" content=\"Bouquet d&#039;Alella\" \/>\n<meta property=\"article:modified_time\" content=\"2025-08-27T06:50:39+00:00\" \/>\n<meta property=\"og:image\" content=\"https:\/\/bk10426.bouquetdalella.com\/wp-content\/uploads\/2023\/04\/2PA-Bouquet-d_Alella-Blanc-_18-1.png\" \/>\n\t<meta property=\"og:image:width\" content=\"768\" \/>\n\t<meta property=\"og:image:height\" content=\"843\" \/>\n\t<meta property=\"og:image:type\" content=\"image\/png\" \/>\n<meta name=\"twitter:card\" content=\"summary_large_image\" \/>\n<script type=\"application\/ld+json\" class=\"yoast-schema-graph\">{\"@context\":\"https:\\\/\\\/schema.org\",\"@graph\":[{\"@type\":\"WebPage\",\"@id\":\"https:\\\/\\\/bk10426.bouquetdalella.com\\\/fr\\\/produit\\\/bouquet-dalella-blanc-plus-2024\\\/\",\"url\":\"https:\\\/\\\/bk10426.bouquetdalella.com\\\/fr\\\/produit\\\/bouquet-dalella-blanc-plus-2024\\\/\",\"name\":\"Bouquet d'Alella Blanc + 2024 - Bouquet d&#039;Alella\",\"isPartOf\":{\"@id\":\"https:\\\/\\\/bk10426.bouquetdalella.com\\\/fr\\\/#website\"},\"primaryImageOfPage\":{\"@id\":\"https:\\\/\\\/bk10426.bouquetdalella.com\\\/fr\\\/produit\\\/bouquet-dalella-blanc-plus-2024\\\/#primaryimage\"},\"image\":{\"@id\":\"https:\\\/\\\/bk10426.bouquetdalella.com\\\/fr\\\/produit\\\/bouquet-dalella-blanc-plus-2024\\\/#primaryimage\"},\"thumbnailUrl\":\"https:\\\/\\\/bk10426.bouquetdalella.com\\\/wp-content\\\/uploads\\\/2023\\\/04\\\/2PA-Bouquet-d_Alella-Blanc-_18-1.png\",\"datePublished\":\"2020-09-23T15:56:22+00:00\",\"dateModified\":\"2025-08-27T06:50:39+00:00\",\"breadcrumb\":{\"@id\":\"https:\\\/\\\/bk10426.bouquetdalella.com\\\/fr\\\/produit\\\/bouquet-dalella-blanc-plus-2024\\\/#breadcrumb\"},\"inLanguage\":\"fr-FR\",\"potentialAction\":[{\"@type\":\"ReadAction\",\"target\":[\"https:\\\/\\\/bk10426.bouquetdalella.com\\\/fr\\\/produit\\\/bouquet-dalella-blanc-plus-2024\\\/\"]}]},{\"@type\":\"ImageObject\",\"inLanguage\":\"fr-FR\",\"@id\":\"https:\\\/\\\/bk10426.bouquetdalella.com\\\/fr\\\/produit\\\/bouquet-dalella-blanc-plus-2024\\\/#primaryimage\",\"url\":\"https:\\\/\\\/bk10426.bouquetdalella.com\\\/wp-content\\\/uploads\\\/2023\\\/04\\\/2PA-Bouquet-d_Alella-Blanc-_18-1.png\",\"contentUrl\":\"https:\\\/\\\/bk10426.bouquetdalella.com\\\/wp-content\\\/uploads\\\/2023\\\/04\\\/2PA-Bouquet-d_Alella-Blanc-_18-1.png\",\"width\":768,\"height\":843},{\"@type\":\"BreadcrumbList\",\"@id\":\"https:\\\/\\\/bk10426.bouquetdalella.com\\\/fr\\\/produit\\\/bouquet-dalella-blanc-plus-2024\\\/#breadcrumb\",\"itemListElement\":[{\"@type\":\"ListItem\",\"position\":1,\"name\":\"Inici\",\"item\":\"https:\\\/\\\/bk10426.bouquetdalella.com\\\/fr\\\/\"},{\"@type\":\"ListItem\",\"position\":2,\"name\":\"Boutique\",\"item\":\"https:\\\/\\\/bk10426.bouquetdalella.com\\\/fr\\\/boutique\\\/\"},{\"@type\":\"ListItem\",\"position\":3,\"name\":\"Bouquet d&#8217;Alella Blanc + 2024\"}]},{\"@type\":\"WebSite\",\"@id\":\"https:\\\/\\\/bk10426.bouquetdalella.com\\\/fr\\\/#website\",\"url\":\"https:\\\/\\\/bk10426.bouquetdalella.com\\\/fr\\\/\",\"name\":\"Bouquet d&#039;Alella\",\"description\":\"El Celler Bouquet d\u2019Alella neix amb la clara intenci\u00f3 d\u2019explotar dues vessants diferents per\u00f2 complement\u00e0ries en el mon del vi. Per una banda, la producci\u00f3n i venda de vins ecol\u00f2gics de qualitat i per l\u2019altra la promoci\u00f3 de l\u2019enoturisme.\",\"publisher\":{\"@id\":\"https:\\\/\\\/bk10426.bouquetdalella.com\\\/fr\\\/#organization\"},\"potentialAction\":[{\"@type\":\"SearchAction\",\"target\":{\"@type\":\"EntryPoint\",\"urlTemplate\":\"https:\\\/\\\/bk10426.bouquetdalella.com\\\/fr\\\/?s={search_term_string}\"},\"query-input\":{\"@type\":\"PropertyValueSpecification\",\"valueRequired\":true,\"valueName\":\"search_term_string\"}}],\"inLanguage\":\"fr-FR\"},{\"@type\":\"Organization\",\"@id\":\"https:\\\/\\\/bk10426.bouquetdalella.com\\\/fr\\\/#organization\",\"name\":\"Bouquet d&#039;Alella\",\"url\":\"https:\\\/\\\/bk10426.bouquetdalella.com\\\/fr\\\/\",\"logo\":{\"@type\":\"ImageObject\",\"inLanguage\":\"fr-FR\",\"@id\":\"https:\\\/\\\/bk10426.bouquetdalella.com\\\/fr\\\/#\\\/schema\\\/logo\\\/image\\\/\",\"url\":\"https:\\\/\\\/bk10426.bouquetdalella.com\\\/wp-content\\\/uploads\\\/2023\\\/04\\\/cropped-cropped-cropped-logo_bouquet_d_alella-2-300x53-1.png\",\"contentUrl\":\"https:\\\/\\\/bk10426.bouquetdalella.com\\\/wp-content\\\/uploads\\\/2023\\\/04\\\/cropped-cropped-cropped-logo_bouquet_d_alella-2-300x53-1.png\",\"width\":300,\"height\":52,\"caption\":\"Bouquet d&#039;Alella\"},\"image\":{\"@id\":\"https:\\\/\\\/bk10426.bouquetdalella.com\\\/fr\\\/#\\\/schema\\\/logo\\\/image\\\/\"}}]}<\/script>\n<!-- \/ Yoast SEO plugin. -->","yoast_head_json":{"title":"Bouquet d'Alella Blanc + 2024 - Bouquet d&#039;Alella","robots":{"index":"noindex","follow":"follow","max-snippet":"max-snippet:-1","max-image-preview":"max-image-preview:large","max-video-preview":"max-video-preview:-1"},"og_locale":"fr_FR","og_type":"article","og_title":"Bouquet d'Alella Blanc + 2024 - Bouquet d&#039;Alella","og_description":"Vin blanc biologique ferment\u00e9 en f\u00fbts de ch\u00eane, fait \u00e0 Pansa blanca et Grenache blanc. Agr\u00e9able et enveloppant, c'est un excellent accompagnement pour les longs repas et les plats \u00e9labor\u00e9s. C'est un vin tr\u00e8s gastronomique. Blanc de garde. Production limit\u00e9e de 2.300 bouteilles.","og_url":"https:\/\/bk10426.bouquetdalella.com\/fr\/produit\/bouquet-dalella-blanc-plus-2024\/","og_site_name":"Bouquet d&#039;Alella","article_modified_time":"2025-08-27T06:50:39+00:00","og_image":[{"width":768,"height":843,"url":"https:\/\/bk10426.bouquetdalella.com\/wp-content\/uploads\/2023\/04\/2PA-Bouquet-d_Alella-Blanc-_18-1.png","type":"image\/png"}],"twitter_card":"summary_large_image","schema":{"@context":"https:\/\/schema.org","@graph":[{"@type":"WebPage","@id":"https:\/\/bk10426.bouquetdalella.com\/fr\/produit\/bouquet-dalella-blanc-plus-2024\/","url":"https:\/\/bk10426.bouquetdalella.com\/fr\/produit\/bouquet-dalella-blanc-plus-2024\/","name":"Bouquet d'Alella Blanc + 2024 - Bouquet d&#039;Alella","isPartOf":{"@id":"https:\/\/bk10426.bouquetdalella.com\/fr\/#website"},"primaryImageOfPage":{"@id":"https:\/\/bk10426.bouquetdalella.com\/fr\/produit\/bouquet-dalella-blanc-plus-2024\/#primaryimage"},"image":{"@id":"https:\/\/bk10426.bouquetdalella.com\/fr\/produit\/bouquet-dalella-blanc-plus-2024\/#primaryimage"},"thumbnailUrl":"https:\/\/bk10426.bouquetdalella.com\/wp-content\/uploads\/2023\/04\/2PA-Bouquet-d_Alella-Blanc-_18-1.png","datePublished":"2020-09-23T15:56:22+00:00","dateModified":"2025-08-27T06:50:39+00:00","breadcrumb":{"@id":"https:\/\/bk10426.bouquetdalella.com\/fr\/produit\/bouquet-dalella-blanc-plus-2024\/#breadcrumb"},"inLanguage":"fr-FR","potentialAction":[{"@type":"ReadAction","target":["https:\/\/bk10426.bouquetdalella.com\/fr\/produit\/bouquet-dalella-blanc-plus-2024\/"]}]},{"@type":"ImageObject","inLanguage":"fr-FR","@id":"https:\/\/bk10426.bouquetdalella.com\/fr\/produit\/bouquet-dalella-blanc-plus-2024\/#primaryimage","url":"https:\/\/bk10426.bouquetdalella.com\/wp-content\/uploads\/2023\/04\/2PA-Bouquet-d_Alella-Blanc-_18-1.png","contentUrl":"https:\/\/bk10426.bouquetdalella.com\/wp-content\/uploads\/2023\/04\/2PA-Bouquet-d_Alella-Blanc-_18-1.png","width":768,"height":843},{"@type":"BreadcrumbList","@id":"https:\/\/bk10426.bouquetdalella.com\/fr\/produit\/bouquet-dalella-blanc-plus-2024\/#breadcrumb","itemListElement":[{"@type":"ListItem","position":1,"name":"Inici","item":"https:\/\/bk10426.bouquetdalella.com\/fr\/"},{"@type":"ListItem","position":2,"name":"Boutique","item":"https:\/\/bk10426.bouquetdalella.com\/fr\/boutique\/"},{"@type":"ListItem","position":3,"name":"Bouquet d&#8217;Alella Blanc + 2024"}]},{"@type":"WebSite","@id":"https:\/\/bk10426.bouquetdalella.com\/fr\/#website","url":"https:\/\/bk10426.bouquetdalella.com\/fr\/","name":"Bouquet d&#039;Alella","description":"El Celler Bouquet d\u2019Alella neix amb la clara intenci\u00f3 d\u2019explotar dues vessants diferents per\u00f2 complement\u00e0ries en el mon del vi. Per una banda, la producci\u00f3n i venda de vins ecol\u00f2gics de qualitat i per l\u2019altra la promoci\u00f3 de l\u2019enoturisme.","publisher":{"@id":"https:\/\/bk10426.bouquetdalella.com\/fr\/#organization"},"potentialAction":[{"@type":"SearchAction","target":{"@type":"EntryPoint","urlTemplate":"https:\/\/bk10426.bouquetdalella.com\/fr\/?s={search_term_string}"},"query-input":{"@type":"PropertyValueSpecification","valueRequired":true,"valueName":"search_term_string"}}],"inLanguage":"fr-FR"},{"@type":"Organization","@id":"https:\/\/bk10426.bouquetdalella.com\/fr\/#organization","name":"Bouquet d&#039;Alella","url":"https:\/\/bk10426.bouquetdalella.com\/fr\/","logo":{"@type":"ImageObject","inLanguage":"fr-FR","@id":"https:\/\/bk10426.bouquetdalella.com\/fr\/#\/schema\/logo\/image\/","url":"https:\/\/bk10426.bouquetdalella.com\/wp-content\/uploads\/2023\/04\/cropped-cropped-cropped-logo_bouquet_d_alella-2-300x53-1.png","contentUrl":"https:\/\/bk10426.bouquetdalella.com\/wp-content\/uploads\/2023\/04\/cropped-cropped-cropped-logo_bouquet_d_alella-2-300x53-1.png","width":300,"height":52,"caption":"Bouquet d&#039;Alella"},"image":{"@id":"https:\/\/bk10426.bouquetdalella.com\/fr\/#\/schema\/logo\/image\/"}}]}},"_links":{"self":[{"href":"https:\/\/bk10426.bouquetdalella.com\/fr\/wp-json\/wp\/v2\/product\/9159","targetHints":{"allow":["GET"]}}],"collection":[{"href":"https:\/\/bk10426.bouquetdalella.com\/fr\/wp-json\/wp\/v2\/product"}],"about":[{"href":"https:\/\/bk10426.bouquetdalella.com\/fr\/wp-json\/wp\/v2\/types\/product"}],"version-history":[{"count":0,"href":"https:\/\/bk10426.bouquetdalella.com\/fr\/wp-json\/wp\/v2\/product\/9159\/revisions"}],"wp:featuredmedia":[{"embeddable":true,"href":"https:\/\/bk10426.bouquetdalella.com\/fr\/wp-json\/wp\/v2\/media\/1734"}],"wp:attachment":[{"href":"https:\/\/bk10426.bouquetdalella.com\/fr\/wp-json\/wp\/v2\/media?parent=9159"}],"wp:term":[{"taxonomy":"product_brand","embeddable":true,"href":"https:\/\/bk10426.bouquetdalella.com\/fr\/wp-json\/wp\/v2\/product_brand?post=9159"},{"taxonomy":"product_cat","embeddable":true,"href":"https:\/\/bk10426.bouquetdalella.com\/fr\/wp-json\/wp\/v2\/product_cat?post=9159"},{"taxonomy":"product_tag","embeddable":true,"href":"https:\/\/bk10426.bouquetdalella.com\/fr\/wp-json\/wp\/v2\/product_tag?post=9159"}],"curies":[{"name":"wp","href":"https:\/\/api.w.org\/{rel}","templated":true}]}}