{"id":8917,"date":"2020-10-26T19:44:42","date_gmt":"2020-10-26T17:44:42","guid":{"rendered":"https:\/\/bk10426.bouquetdalella.com\/producte\/aperitiu-entre-vinyes\/"},"modified":"2026-02-27T08:43:12","modified_gmt":"2026-02-27T07:43:12","slug":"aperitiu-entre-vinyes","status":"publish","type":"product","link":"https:\/\/bk10426.bouquetdalella.com\/fr\/produit\/aperitiu-entre-vinyes\/","title":{"rendered":"Ap\u00e9ritif dans les Vignes avec D\u00e9gustation de Vins et Visite"},"content":{"rendered":"\t\t<div data-elementor-type=\"product-post\" data-elementor-id=\"8917\" class=\"elementor elementor-8917 elementor-6436\" data-elementor-post-type=\"product\">\n\t\t\t\t\t\t<section class=\"elementor-section elementor-top-section elementor-element elementor-element-7c71934c elementor-section-boxed elementor-section-height-default elementor-section-height-default\" data-id=\"7c71934c\" data-element_type=\"section\" data-e-type=\"section\">\n\t\t\t\t\t\t<div class=\"elementor-container elementor-column-gap-default\">\n\t\t\t\t\t<div class=\"elementor-column elementor-col-100 elementor-top-column elementor-element elementor-element-23b7f156\" data-id=\"23b7f156\" data-element_type=\"column\" data-e-type=\"column\">\n\t\t\t<div class=\"elementor-widget-wrap elementor-element-populated\">\n\t\t\t\t\t\t\t<\/div>\n\t\t<\/div>\n\t\t\t\t\t<\/div>\n\t\t<\/section>\n\t\t\t\t<\/div>\n\t\t","protected":false},"excerpt":{"rendered":"<p>D\u00e9tendez-vous avec un ap\u00e9ritif diff\u00e9rent! Un ap\u00e9ritif au milieu des vignes suivies d\u2019une ballade en bord de mer et d\u2019une visite du village d\u2019Alella. Des produits de grande qualit\u00e9 qui pourront se marier parfaitement avec les quatre vins du Bouquet d\u2019Alella. Pour comenc\u00e9 nous vous ferons d\u00e9couvrir la cave par une visite guid\u00e9e.<\/p>\n<p><strong>Le prix inclut:<\/strong><\/p>\n<p>\u2013 Ap\u00e9ritif (Chips, des olives farcies.<br \/>\nfromage de brebis local, Catalan saucisse et pain avec<br \/>\ntomate).<br \/>\n\u2013 D\u00e9gustation de 4 vins Bouquet d\u2019Alella.<br \/>\n\u2013 Visite guid\u00e9e des vignobles et de la cave.<\/p>\n<p><strong>Dur\u00e9e:<\/strong> 2h<\/p>\n<p><span style=\"font-weight: 400;\"><strong>Heures disponibles:<\/strong> 11h (Espagnol, Catalan), 12h (Anglais).<\/span><\/p>\n[fareharbor shortname=\"bouquetdalella\" fallback=\"simple\" full_items=\"yes\" flow=\"1393186\" items=\"631311\" type=\"responsive\" language=\"fr\"]\n<p>&nbsp;<\/p>\n","protected":false},"featured_media":6439,"template":"","meta":{"_acf_changed":false},"product_brand":[],"product_cat":[363],"product_tag":[390],"class_list":{"0":"post-8917","1":"product","2":"type-product","3":"status-publish","4":"has-post-thumbnail","6":"product_cat-reservable","7":"product_tag-fareharbor-fr","9":"first","10":"outofstock","11":"taxable","12":"shipping-taxable","13":"purchasable","14":"product-type-variable"},"acf":[],"yoast_head":"<!-- This site is optimized with the Yoast SEO plugin v27.3 - https:\/\/yoast.com\/product\/yoast-seo-wordpress\/ -->\n<title>Ap\u00e9ritif dans les Vignes avec D\u00e9gustation de Vins et Visite - Bouquet d&#039;Alella<\/title>\n<meta name=\"robots\" content=\"noindex, follow, max-snippet:-1, max-image-preview:large, max-video-preview:-1\" \/>\n<meta property=\"og:locale\" content=\"fr_FR\" \/>\n<meta property=\"og:type\" content=\"article\" \/>\n<meta property=\"og:title\" content=\"Ap\u00e9ritif dans les Vignes avec D\u00e9gustation de Vins et Visite - Bouquet d&#039;Alella\" \/>\n<meta property=\"og:description\" content=\"D\u00e9tendez-vous avec un ap\u00e9ritif diff\u00e9rent! Un ap\u00e9ritif au milieu des vignes suivies d\u2019une ballade en bord de mer et d\u2019une visite du village d\u2019Alella. Des produits de grande qualit\u00e9 qui pourront se marier parfaitement avec les quatre vins du Bouquet d\u2019Alella. Pour comenc\u00e9 nous vous ferons d\u00e9couvrir la cave par une visite guid\u00e9e.  Le prix inclut:  \u2013 Ap\u00e9ritif (Chips, des olives farcies. fromage de brebis local, Catalan saucisse et pain avec tomate). \u2013 D\u00e9gustation de 4 vins Bouquet d\u2019Alella. \u2013 Visite guid\u00e9e des vignobles et de la cave.  Dur\u00e9e: 2h  Heures disponibles: 11h (Espagnol, Catalan), 12h (Anglais).    &nbsp;\" \/>\n<meta property=\"og:url\" content=\"https:\/\/bk10426.bouquetdalella.com\/fr\/produit\/aperitiu-entre-vinyes\/\" \/>\n<meta property=\"og:site_name\" content=\"Bouquet d&#039;Alella\" \/>\n<meta property=\"article:modified_time\" content=\"2026-02-27T07:43:12+00:00\" \/>\n<meta property=\"og:image\" content=\"https:\/\/bk10426.bouquetdalella.com\/wp-content\/uploads\/2023\/04\/BOUQUET-2022-18-1-1.jpg\" \/>\n\t<meta property=\"og:image:width\" content=\"1920\" \/>\n\t<meta property=\"og:image:height\" content=\"1280\" \/>\n\t<meta property=\"og:image:type\" content=\"image\/jpeg\" \/>\n<meta name=\"twitter:card\" content=\"summary_large_image\" \/>\n<meta name=\"twitter:label1\" content=\"Dur\u00e9e de lecture estim\u00e9e\" \/>\n\t<meta name=\"twitter:data1\" content=\"1 minute\" \/>\n<script type=\"application\/ld+json\" class=\"yoast-schema-graph\">{\"@context\":\"https:\\\/\\\/schema.org\",\"@graph\":[{\"@type\":\"WebPage\",\"@id\":\"https:\\\/\\\/bk10426.bouquetdalella.com\\\/fr\\\/produit\\\/aperitiu-entre-vinyes\\\/\",\"url\":\"https:\\\/\\\/bk10426.bouquetdalella.com\\\/fr\\\/produit\\\/aperitiu-entre-vinyes\\\/\",\"name\":\"Ap\u00e9ritif dans les Vignes avec D\u00e9gustation de Vins et Visite - Bouquet d&#039;Alella\",\"isPartOf\":{\"@id\":\"https:\\\/\\\/bk10426.bouquetdalella.com\\\/fr\\\/#website\"},\"primaryImageOfPage\":{\"@id\":\"https:\\\/\\\/bk10426.bouquetdalella.com\\\/fr\\\/produit\\\/aperitiu-entre-vinyes\\\/#primaryimage\"},\"image\":{\"@id\":\"https:\\\/\\\/bk10426.bouquetdalella.com\\\/fr\\\/produit\\\/aperitiu-entre-vinyes\\\/#primaryimage\"},\"thumbnailUrl\":\"https:\\\/\\\/bk10426.bouquetdalella.com\\\/wp-content\\\/uploads\\\/2023\\\/04\\\/BOUQUET-2022-18-1-1.jpg\",\"datePublished\":\"2020-10-26T17:44:42+00:00\",\"dateModified\":\"2026-02-27T07:43:12+00:00\",\"breadcrumb\":{\"@id\":\"https:\\\/\\\/bk10426.bouquetdalella.com\\\/fr\\\/produit\\\/aperitiu-entre-vinyes\\\/#breadcrumb\"},\"inLanguage\":\"fr-FR\",\"potentialAction\":[{\"@type\":\"ReadAction\",\"target\":[\"https:\\\/\\\/bk10426.bouquetdalella.com\\\/fr\\\/produit\\\/aperitiu-entre-vinyes\\\/\"]}]},{\"@type\":\"ImageObject\",\"inLanguage\":\"fr-FR\",\"@id\":\"https:\\\/\\\/bk10426.bouquetdalella.com\\\/fr\\\/produit\\\/aperitiu-entre-vinyes\\\/#primaryimage\",\"url\":\"https:\\\/\\\/bk10426.bouquetdalella.com\\\/wp-content\\\/uploads\\\/2023\\\/04\\\/BOUQUET-2022-18-1-1.jpg\",\"contentUrl\":\"https:\\\/\\\/bk10426.bouquetdalella.com\\\/wp-content\\\/uploads\\\/2023\\\/04\\\/BOUQUET-2022-18-1-1.jpg\",\"width\":1920,\"height\":1280},{\"@type\":\"BreadcrumbList\",\"@id\":\"https:\\\/\\\/bk10426.bouquetdalella.com\\\/fr\\\/produit\\\/aperitiu-entre-vinyes\\\/#breadcrumb\",\"itemListElement\":[{\"@type\":\"ListItem\",\"position\":1,\"name\":\"Inici\",\"item\":\"https:\\\/\\\/bk10426.bouquetdalella.com\\\/fr\\\/\"},{\"@type\":\"ListItem\",\"position\":2,\"name\":\"Boutique\",\"item\":\"https:\\\/\\\/bk10426.bouquetdalella.com\\\/fr\\\/boutique\\\/\"},{\"@type\":\"ListItem\",\"position\":3,\"name\":\"Ap\u00e9ritif dans les Vignes avec D\u00e9gustation de Vins et Visite\"}]},{\"@type\":\"WebSite\",\"@id\":\"https:\\\/\\\/bk10426.bouquetdalella.com\\\/fr\\\/#website\",\"url\":\"https:\\\/\\\/bk10426.bouquetdalella.com\\\/fr\\\/\",\"name\":\"Bouquet d&#039;Alella\",\"description\":\"El Celler Bouquet d\u2019Alella neix amb la clara intenci\u00f3 d\u2019explotar dues vessants diferents per\u00f2 complement\u00e0ries en el mon del vi. Per una banda, la producci\u00f3n i venda de vins ecol\u00f2gics de qualitat i per l\u2019altra la promoci\u00f3 de l\u2019enoturisme.\",\"publisher\":{\"@id\":\"https:\\\/\\\/bk10426.bouquetdalella.com\\\/fr\\\/#organization\"},\"potentialAction\":[{\"@type\":\"SearchAction\",\"target\":{\"@type\":\"EntryPoint\",\"urlTemplate\":\"https:\\\/\\\/bk10426.bouquetdalella.com\\\/fr\\\/?s={search_term_string}\"},\"query-input\":{\"@type\":\"PropertyValueSpecification\",\"valueRequired\":true,\"valueName\":\"search_term_string\"}}],\"inLanguage\":\"fr-FR\"},{\"@type\":\"Organization\",\"@id\":\"https:\\\/\\\/bk10426.bouquetdalella.com\\\/fr\\\/#organization\",\"name\":\"Bouquet d&#039;Alella\",\"url\":\"https:\\\/\\\/bk10426.bouquetdalella.com\\\/fr\\\/\",\"logo\":{\"@type\":\"ImageObject\",\"inLanguage\":\"fr-FR\",\"@id\":\"https:\\\/\\\/bk10426.bouquetdalella.com\\\/fr\\\/#\\\/schema\\\/logo\\\/image\\\/\",\"url\":\"https:\\\/\\\/bk10426.bouquetdalella.com\\\/wp-content\\\/uploads\\\/2023\\\/04\\\/cropped-cropped-cropped-logo_bouquet_d_alella-2-300x53-1.png\",\"contentUrl\":\"https:\\\/\\\/bk10426.bouquetdalella.com\\\/wp-content\\\/uploads\\\/2023\\\/04\\\/cropped-cropped-cropped-logo_bouquet_d_alella-2-300x53-1.png\",\"width\":300,\"height\":52,\"caption\":\"Bouquet d&#039;Alella\"},\"image\":{\"@id\":\"https:\\\/\\\/bk10426.bouquetdalella.com\\\/fr\\\/#\\\/schema\\\/logo\\\/image\\\/\"}}]}<\/script>\n<!-- \/ Yoast SEO plugin. -->","yoast_head_json":{"title":"Ap\u00e9ritif dans les Vignes avec D\u00e9gustation de Vins et Visite - Bouquet d&#039;Alella","robots":{"index":"noindex","follow":"follow","max-snippet":"max-snippet:-1","max-image-preview":"max-image-preview:large","max-video-preview":"max-video-preview:-1"},"og_locale":"fr_FR","og_type":"article","og_title":"Ap\u00e9ritif dans les Vignes avec D\u00e9gustation de Vins et Visite - Bouquet d&#039;Alella","og_description":"D\u00e9tendez-vous avec un ap\u00e9ritif diff\u00e9rent! Un ap\u00e9ritif au milieu des vignes suivies d\u2019une ballade en bord de mer et d\u2019une visite du village d\u2019Alella. Des produits de grande qualit\u00e9 qui pourront se marier parfaitement avec les quatre vins du Bouquet d\u2019Alella. Pour comenc\u00e9 nous vous ferons d\u00e9couvrir la cave par une visite guid\u00e9e.  Le prix inclut:  \u2013 Ap\u00e9ritif (Chips, des olives farcies. fromage de brebis local, Catalan saucisse et pain avec tomate). \u2013 D\u00e9gustation de 4 vins Bouquet d\u2019Alella. \u2013 Visite guid\u00e9e des vignobles et de la cave.  Dur\u00e9e: 2h  Heures disponibles: 11h (Espagnol, Catalan), 12h (Anglais).    &nbsp;","og_url":"https:\/\/bk10426.bouquetdalella.com\/fr\/produit\/aperitiu-entre-vinyes\/","og_site_name":"Bouquet d&#039;Alella","article_modified_time":"2026-02-27T07:43:12+00:00","og_image":[{"width":1920,"height":1280,"url":"https:\/\/bk10426.bouquetdalella.com\/wp-content\/uploads\/2023\/04\/BOUQUET-2022-18-1-1.jpg","type":"image\/jpeg"}],"twitter_card":"summary_large_image","twitter_misc":{"Dur\u00e9e de lecture estim\u00e9e":"1 minute"},"schema":{"@context":"https:\/\/schema.org","@graph":[{"@type":"WebPage","@id":"https:\/\/bk10426.bouquetdalella.com\/fr\/produit\/aperitiu-entre-vinyes\/","url":"https:\/\/bk10426.bouquetdalella.com\/fr\/produit\/aperitiu-entre-vinyes\/","name":"Ap\u00e9ritif dans les Vignes avec D\u00e9gustation de Vins et Visite - Bouquet d&#039;Alella","isPartOf":{"@id":"https:\/\/bk10426.bouquetdalella.com\/fr\/#website"},"primaryImageOfPage":{"@id":"https:\/\/bk10426.bouquetdalella.com\/fr\/produit\/aperitiu-entre-vinyes\/#primaryimage"},"image":{"@id":"https:\/\/bk10426.bouquetdalella.com\/fr\/produit\/aperitiu-entre-vinyes\/#primaryimage"},"thumbnailUrl":"https:\/\/bk10426.bouquetdalella.com\/wp-content\/uploads\/2023\/04\/BOUQUET-2022-18-1-1.jpg","datePublished":"2020-10-26T17:44:42+00:00","dateModified":"2026-02-27T07:43:12+00:00","breadcrumb":{"@id":"https:\/\/bk10426.bouquetdalella.com\/fr\/produit\/aperitiu-entre-vinyes\/#breadcrumb"},"inLanguage":"fr-FR","potentialAction":[{"@type":"ReadAction","target":["https:\/\/bk10426.bouquetdalella.com\/fr\/produit\/aperitiu-entre-vinyes\/"]}]},{"@type":"ImageObject","inLanguage":"fr-FR","@id":"https:\/\/bk10426.bouquetdalella.com\/fr\/produit\/aperitiu-entre-vinyes\/#primaryimage","url":"https:\/\/bk10426.bouquetdalella.com\/wp-content\/uploads\/2023\/04\/BOUQUET-2022-18-1-1.jpg","contentUrl":"https:\/\/bk10426.bouquetdalella.com\/wp-content\/uploads\/2023\/04\/BOUQUET-2022-18-1-1.jpg","width":1920,"height":1280},{"@type":"BreadcrumbList","@id":"https:\/\/bk10426.bouquetdalella.com\/fr\/produit\/aperitiu-entre-vinyes\/#breadcrumb","itemListElement":[{"@type":"ListItem","position":1,"name":"Inici","item":"https:\/\/bk10426.bouquetdalella.com\/fr\/"},{"@type":"ListItem","position":2,"name":"Boutique","item":"https:\/\/bk10426.bouquetdalella.com\/fr\/boutique\/"},{"@type":"ListItem","position":3,"name":"Ap\u00e9ritif dans les Vignes avec D\u00e9gustation de Vins et Visite"}]},{"@type":"WebSite","@id":"https:\/\/bk10426.bouquetdalella.com\/fr\/#website","url":"https:\/\/bk10426.bouquetdalella.com\/fr\/","name":"Bouquet d&#039;Alella","description":"El Celler Bouquet d\u2019Alella neix amb la clara intenci\u00f3 d\u2019explotar dues vessants diferents per\u00f2 complement\u00e0ries en el mon del vi. Per una banda, la producci\u00f3n i venda de vins ecol\u00f2gics de qualitat i per l\u2019altra la promoci\u00f3 de l\u2019enoturisme.","publisher":{"@id":"https:\/\/bk10426.bouquetdalella.com\/fr\/#organization"},"potentialAction":[{"@type":"SearchAction","target":{"@type":"EntryPoint","urlTemplate":"https:\/\/bk10426.bouquetdalella.com\/fr\/?s={search_term_string}"},"query-input":{"@type":"PropertyValueSpecification","valueRequired":true,"valueName":"search_term_string"}}],"inLanguage":"fr-FR"},{"@type":"Organization","@id":"https:\/\/bk10426.bouquetdalella.com\/fr\/#organization","name":"Bouquet d&#039;Alella","url":"https:\/\/bk10426.bouquetdalella.com\/fr\/","logo":{"@type":"ImageObject","inLanguage":"fr-FR","@id":"https:\/\/bk10426.bouquetdalella.com\/fr\/#\/schema\/logo\/image\/","url":"https:\/\/bk10426.bouquetdalella.com\/wp-content\/uploads\/2023\/04\/cropped-cropped-cropped-logo_bouquet_d_alella-2-300x53-1.png","contentUrl":"https:\/\/bk10426.bouquetdalella.com\/wp-content\/uploads\/2023\/04\/cropped-cropped-cropped-logo_bouquet_d_alella-2-300x53-1.png","width":300,"height":52,"caption":"Bouquet d&#039;Alella"},"image":{"@id":"https:\/\/bk10426.bouquetdalella.com\/fr\/#\/schema\/logo\/image\/"}}]}},"_links":{"self":[{"href":"https:\/\/bk10426.bouquetdalella.com\/fr\/wp-json\/wp\/v2\/product\/8917","targetHints":{"allow":["GET"]}}],"collection":[{"href":"https:\/\/bk10426.bouquetdalella.com\/fr\/wp-json\/wp\/v2\/product"}],"about":[{"href":"https:\/\/bk10426.bouquetdalella.com\/fr\/wp-json\/wp\/v2\/types\/product"}],"version-history":[{"count":3,"href":"https:\/\/bk10426.bouquetdalella.com\/fr\/wp-json\/wp\/v2\/product\/8917\/revisions"}],"predecessor-version":[{"id":36353,"href":"https:\/\/bk10426.bouquetdalella.com\/fr\/wp-json\/wp\/v2\/product\/8917\/revisions\/36353"}],"wp:featuredmedia":[{"embeddable":true,"href":"https:\/\/bk10426.bouquetdalella.com\/fr\/wp-json\/wp\/v2\/media\/6439"}],"wp:attachment":[{"href":"https:\/\/bk10426.bouquetdalella.com\/fr\/wp-json\/wp\/v2\/media?parent=8917"}],"wp:term":[{"taxonomy":"product_brand","embeddable":true,"href":"https:\/\/bk10426.bouquetdalella.com\/fr\/wp-json\/wp\/v2\/product_brand?post=8917"},{"taxonomy":"product_cat","embeddable":true,"href":"https:\/\/bk10426.bouquetdalella.com\/fr\/wp-json\/wp\/v2\/product_cat?post=8917"},{"taxonomy":"product_tag","embeddable":true,"href":"https:\/\/bk10426.bouquetdalella.com\/fr\/wp-json\/wp\/v2\/product_tag?post=8917"}],"curies":[{"name":"wp","href":"https:\/\/api.w.org\/{rel}","templated":true}]}}