{"id":35035,"date":"2025-12-18T09:28:48","date_gmt":"2025-12-18T08:28:48","guid":{"rendered":"https:\/\/bk10426.bouquetdalella.com\/?post_type=product&#038;p=35035"},"modified":"2025-12-18T09:42:50","modified_gmt":"2025-12-18T08:42:50","slug":"atelier-de-cuisine-soupes-et-pains","status":"publish","type":"product","link":"https:\/\/bk10426.bouquetdalella.com\/fr\/produit\/atelier-de-cuisine-soupes-et-pains\/","title":{"rendered":"Atelier de cuisine: soupes et pains"},"content":{"rendered":"\t\t<div data-elementor-type=\"product-post\" data-elementor-id=\"35035\" class=\"elementor elementor-35035 elementor-35032\" data-elementor-post-type=\"product\">\n\t\t\t\t\t\t<section class=\"elementor-section elementor-top-section elementor-element elementor-element-70025297 elementor-section-boxed elementor-section-height-default elementor-section-height-default\" data-id=\"70025297\" data-element_type=\"section\" data-e-type=\"section\">\n\t\t\t\t\t\t<div class=\"elementor-container elementor-column-gap-default\">\n\t\t\t\t\t<div class=\"elementor-column elementor-col-100 elementor-top-column elementor-element elementor-element-1d956c3d\" data-id=\"1d956c3d\" data-element_type=\"column\" data-e-type=\"column\">\n\t\t\t<div class=\"elementor-widget-wrap elementor-element-populated\">\n\t\t\t\t\t\t\t<\/div>\n\t\t<\/div>\n\t\t\t\t\t<\/div>\n\t\t<\/section>\n\t\t\t\t<\/div>\n\t\t","protected":false},"excerpt":{"rendered":"<p>Les soupes et le pain sont synonymes de chaleur, de partage et d\u2019une cuisine pleine d\u2019\u00e2me. Lors de cet atelier, nous souhaitons partager avec vous des recettes r\u00e9confortantes, riches en saveurs et en tradition, faciles \u00e0 reproduire au quotidien ou lors d\u2019occasions sp\u00e9ciales.<\/p>\n<p>Guid\u00e9(e) par notre cheffe, vous apprendrez \u00e0 pr\u00e9parer une s\u00e9lection de soupes nutritives et aromatiques, ainsi que des pains moelleux et savoureux, pens\u00e9s pour les accompagner et les sublimer. Une exp\u00e9rience culinaire pour savourer, apprendre et surprendre famille et amis.<\/p>\n<p>Rejoignez-nous pour cette session sp\u00e9ciale d\u00e9di\u00e9e aux soupes et aux pains, avec une vari\u00e9t\u00e9 gourmande de recettes qui r\u00e9chauffent le corps et le c\u0153ur.<\/p>\n<p>Nous sommes pr\u00eats \u00e0 vous accueillir chez nous et \u00e0 vous apprendre \u00e0 cuisiner des plats riches en saveurs, textures et contrastes, dans un atelier 100 % participatif.<\/p>\n<p><strong>Dur\u00e9e :<\/strong> 2 h 30 min<\/p>\n<p><strong>Le menu travaill\u00e9 pendant la session sera le suivant :<\/strong><\/p>\n<p><strong>Soupe de lentilles corail au curry, tomate et lait de coco<\/strong><br \/>\nUne explosion de couleurs et de saveurs. Un \u00e9quilibre entre douceur acidul\u00e9e et note \u00e9pic\u00e9e, adouci par l\u2019onctuosit\u00e9 du lait de coco et tous les bienfaits nutritionnels des lentilles corail.<\/p>\n<p><strong>Cr\u00e8me de potiron aux noix de p\u00e9can caram\u00e9lis\u00e9es<\/strong><br \/>\nDouce et velout\u00e9e, avec le contraste croquant et aromatique des noix de p\u00e9can.<\/p>\n<p><strong>Soupe de queue de b\u0153uf<\/strong><br \/>\nOnctueuse, aromatique, chaleureuse, consistante et profond\u00e9ment nourrissante.<\/p>\n<p><strong>Scones \u00e0 l\u2019oignon caram\u00e9lis\u00e9 et au thym<\/strong><br \/>\nParfaits pour accompagner une soupe ou \u00e0 d\u00e9guster \u00e0 tout moment.<\/p>\n<p><strong>Pains bao cuits \u00e0 la vapeur<\/strong><br \/>\nPetits pains ultra-moelleux, cuits dans un panier vapeur en bambou et pr\u00eats en quelques minutes.<\/p>\n<p><strong>Ce qui est inclus :<\/strong><\/p>\n<ul>\n<li>D\u00e9gustation de 3 vins Bouquet d\u2019Alella (pendant l\u2019atelier et le repas).<\/li>\n<li>Atelier de soupes et pains 100 % interactif selon le menu d\u00e9taill\u00e9.<\/li>\n<li>Pr\u00e9paration, d\u00e9gustation et apprentissage de techniques et d\u2019associations de saveurs.<\/li>\n<\/ul>\n<p>&nbsp;<\/p>\n<p data-path-to-node=\"2,0,0\"><b data-path-to-node=\"2,0,0\" data-index-in-node=\"0\">Date :<\/b> 5 f\u00e9vrier 2026<br \/>\n<b data-path-to-node=\"2,1,0\" data-index-in-node=\"0\">Heure :<\/b> 11h00<br \/>\n<b data-path-to-node=\"2,2,0\" data-index-in-node=\"0\">Dur\u00e9e :<\/b> 2,5 h<br \/>\n<b data-path-to-node=\"2,3,0\" data-index-in-node=\"0\">Nombre maximum de participants :<\/b> 25 personnes (pax)<\/p>\n<p>&nbsp;<\/p>\n<p><span class=\"fareharbor_btn_comprar\">[lightframe shortname=\"bouquetdalella\" fallback=\"simple\" full_items=\"yes\" flow=\"1393187\" view_item=\"689897\"]R\u00c9SERVER[\/lightframe]<\/span><\/p>\n","protected":false},"featured_media":35039,"template":"","meta":{"_acf_changed":false},"product_brand":[],"product_cat":[363],"product_tag":[390],"class_list":{"0":"post-35035","1":"product","2":"type-product","3":"status-publish","4":"has-post-thumbnail","6":"product_cat-reservable","7":"product_tag-fareharbor-fr","9":"first","10":"outofstock","11":"featured","12":"virtual","13":"taxable","14":"purchasable","15":"product-type-simple"},"acf":[],"yoast_head":"<!-- This site is optimized with the Yoast SEO plugin v27.3 - https:\/\/yoast.com\/product\/yoast-seo-wordpress\/ -->\n<title>Atelier de cuisine: soupes et pains - Bouquet d&#039;Alella<\/title>\n<meta name=\"description\" content=\"Les soupes et le pain sont synonymes de chaleur, de partage et d\u2019une cuisine pleine d\u2019\u00e2me. Lors de cet atelier, nous souhaitons partager avec vous des recettes r\u00e9confortantes, riches en saveurs et en tradition, faciles \u00e0 reproduire au quotidien ou lors d\u2019occasions sp\u00e9ciales.\" \/>\n<meta name=\"robots\" content=\"noindex, follow, max-snippet:-1, max-image-preview:large, max-video-preview:-1\" \/>\n<meta property=\"og:locale\" content=\"fr_FR\" \/>\n<meta property=\"og:type\" content=\"article\" \/>\n<meta property=\"og:title\" content=\"Atelier de cuisine: soupes et pains - Bouquet d&#039;Alella\" \/>\n<meta property=\"og:description\" content=\"Les soupes et le pain sont synonymes de chaleur, de partage et d\u2019une cuisine pleine d\u2019\u00e2me. Lors de cet atelier, nous souhaitons partager avec vous des recettes r\u00e9confortantes, riches en saveurs et en tradition, faciles \u00e0 reproduire au quotidien ou lors d\u2019occasions sp\u00e9ciales.\" \/>\n<meta property=\"og:url\" content=\"https:\/\/bk10426.bouquetdalella.com\/fr\/produit\/atelier-de-cuisine-soupes-et-pains\/\" \/>\n<meta property=\"og:site_name\" content=\"Bouquet d&#039;Alella\" \/>\n<meta property=\"article:modified_time\" content=\"2025-12-18T08:42:50+00:00\" \/>\n<meta property=\"og:image\" content=\"https:\/\/bk10426.bouquetdalella.com\/wp-content\/uploads\/2025\/12\/foto-de-portada.webp\" \/>\n\t<meta property=\"og:image:width\" content=\"1920\" \/>\n\t<meta property=\"og:image:height\" content=\"1440\" \/>\n\t<meta property=\"og:image:type\" content=\"image\/webp\" \/>\n<meta name=\"twitter:card\" content=\"summary_large_image\" \/>\n<meta name=\"twitter:label1\" content=\"Dur\u00e9e de lecture estim\u00e9e\" \/>\n\t<meta name=\"twitter:data1\" content=\"1 minute\" \/>\n<script type=\"application\/ld+json\" class=\"yoast-schema-graph\">{\"@context\":\"https:\\\/\\\/schema.org\",\"@graph\":[{\"@type\":\"WebPage\",\"@id\":\"https:\\\/\\\/bk10426.bouquetdalella.com\\\/fr\\\/produit\\\/atelier-de-cuisine-soupes-et-pains\\\/\",\"url\":\"https:\\\/\\\/bk10426.bouquetdalella.com\\\/fr\\\/produit\\\/atelier-de-cuisine-soupes-et-pains\\\/\",\"name\":\"Atelier de cuisine: soupes et pains - Bouquet d&#039;Alella\",\"isPartOf\":{\"@id\":\"https:\\\/\\\/bk10426.bouquetdalella.com\\\/fr\\\/#website\"},\"primaryImageOfPage\":{\"@id\":\"https:\\\/\\\/bk10426.bouquetdalella.com\\\/fr\\\/produit\\\/atelier-de-cuisine-soupes-et-pains\\\/#primaryimage\"},\"image\":{\"@id\":\"https:\\\/\\\/bk10426.bouquetdalella.com\\\/fr\\\/produit\\\/atelier-de-cuisine-soupes-et-pains\\\/#primaryimage\"},\"thumbnailUrl\":\"https:\\\/\\\/bk10426.bouquetdalella.com\\\/wp-content\\\/uploads\\\/2025\\\/12\\\/foto-de-portada.webp\",\"datePublished\":\"2025-12-18T08:28:48+00:00\",\"dateModified\":\"2025-12-18T08:42:50+00:00\",\"description\":\"Les soupes et le pain sont synonymes de chaleur, de partage et d\u2019une cuisine pleine d\u2019\u00e2me. Lors de cet atelier, nous souhaitons partager avec vous des recettes r\u00e9confortantes, riches en saveurs et en tradition, faciles \u00e0 reproduire au quotidien ou lors d\u2019occasions sp\u00e9ciales.\",\"breadcrumb\":{\"@id\":\"https:\\\/\\\/bk10426.bouquetdalella.com\\\/fr\\\/produit\\\/atelier-de-cuisine-soupes-et-pains\\\/#breadcrumb\"},\"inLanguage\":\"fr-FR\",\"potentialAction\":[{\"@type\":\"ReadAction\",\"target\":[\"https:\\\/\\\/bk10426.bouquetdalella.com\\\/fr\\\/produit\\\/atelier-de-cuisine-soupes-et-pains\\\/\"]}]},{\"@type\":\"ImageObject\",\"inLanguage\":\"fr-FR\",\"@id\":\"https:\\\/\\\/bk10426.bouquetdalella.com\\\/fr\\\/produit\\\/atelier-de-cuisine-soupes-et-pains\\\/#primaryimage\",\"url\":\"https:\\\/\\\/bk10426.bouquetdalella.com\\\/wp-content\\\/uploads\\\/2025\\\/12\\\/foto-de-portada.webp\",\"contentUrl\":\"https:\\\/\\\/bk10426.bouquetdalella.com\\\/wp-content\\\/uploads\\\/2025\\\/12\\\/foto-de-portada.webp\",\"width\":1920,\"height\":1440},{\"@type\":\"BreadcrumbList\",\"@id\":\"https:\\\/\\\/bk10426.bouquetdalella.com\\\/fr\\\/produit\\\/atelier-de-cuisine-soupes-et-pains\\\/#breadcrumb\",\"itemListElement\":[{\"@type\":\"ListItem\",\"position\":1,\"name\":\"Inici\",\"item\":\"https:\\\/\\\/bk10426.bouquetdalella.com\\\/fr\\\/\"},{\"@type\":\"ListItem\",\"position\":2,\"name\":\"Boutique\",\"item\":\"https:\\\/\\\/bk10426.bouquetdalella.com\\\/fr\\\/boutique\\\/\"},{\"@type\":\"ListItem\",\"position\":3,\"name\":\"Atelier de cuisine: soupes et pains\"}]},{\"@type\":\"WebSite\",\"@id\":\"https:\\\/\\\/bk10426.bouquetdalella.com\\\/fr\\\/#website\",\"url\":\"https:\\\/\\\/bk10426.bouquetdalella.com\\\/fr\\\/\",\"name\":\"Bouquet d&#039;Alella\",\"description\":\"El Celler Bouquet d\u2019Alella neix amb la clara intenci\u00f3 d\u2019explotar dues vessants diferents per\u00f2 complement\u00e0ries en el mon del vi. Per una banda, la producci\u00f3n i venda de vins ecol\u00f2gics de qualitat i per l\u2019altra la promoci\u00f3 de l\u2019enoturisme.\",\"publisher\":{\"@id\":\"https:\\\/\\\/bk10426.bouquetdalella.com\\\/fr\\\/#organization\"},\"potentialAction\":[{\"@type\":\"SearchAction\",\"target\":{\"@type\":\"EntryPoint\",\"urlTemplate\":\"https:\\\/\\\/bk10426.bouquetdalella.com\\\/fr\\\/?s={search_term_string}\"},\"query-input\":{\"@type\":\"PropertyValueSpecification\",\"valueRequired\":true,\"valueName\":\"search_term_string\"}}],\"inLanguage\":\"fr-FR\"},{\"@type\":\"Organization\",\"@id\":\"https:\\\/\\\/bk10426.bouquetdalella.com\\\/fr\\\/#organization\",\"name\":\"Bouquet d&#039;Alella\",\"url\":\"https:\\\/\\\/bk10426.bouquetdalella.com\\\/fr\\\/\",\"logo\":{\"@type\":\"ImageObject\",\"inLanguage\":\"fr-FR\",\"@id\":\"https:\\\/\\\/bk10426.bouquetdalella.com\\\/fr\\\/#\\\/schema\\\/logo\\\/image\\\/\",\"url\":\"https:\\\/\\\/bk10426.bouquetdalella.com\\\/wp-content\\\/uploads\\\/2023\\\/04\\\/cropped-cropped-cropped-logo_bouquet_d_alella-2-300x53-1.png\",\"contentUrl\":\"https:\\\/\\\/bk10426.bouquetdalella.com\\\/wp-content\\\/uploads\\\/2023\\\/04\\\/cropped-cropped-cropped-logo_bouquet_d_alella-2-300x53-1.png\",\"width\":300,\"height\":52,\"caption\":\"Bouquet d&#039;Alella\"},\"image\":{\"@id\":\"https:\\\/\\\/bk10426.bouquetdalella.com\\\/fr\\\/#\\\/schema\\\/logo\\\/image\\\/\"}}]}<\/script>\n<!-- \/ Yoast SEO plugin. -->","yoast_head_json":{"title":"Atelier de cuisine: soupes et pains - Bouquet d&#039;Alella","description":"Les soupes et le pain sont synonymes de chaleur, de partage et d\u2019une cuisine pleine d\u2019\u00e2me. Lors de cet atelier, nous souhaitons partager avec vous des recettes r\u00e9confortantes, riches en saveurs et en tradition, faciles \u00e0 reproduire au quotidien ou lors d\u2019occasions sp\u00e9ciales.","robots":{"index":"noindex","follow":"follow","max-snippet":"max-snippet:-1","max-image-preview":"max-image-preview:large","max-video-preview":"max-video-preview:-1"},"og_locale":"fr_FR","og_type":"article","og_title":"Atelier de cuisine: soupes et pains - Bouquet d&#039;Alella","og_description":"Les soupes et le pain sont synonymes de chaleur, de partage et d\u2019une cuisine pleine d\u2019\u00e2me. Lors de cet atelier, nous souhaitons partager avec vous des recettes r\u00e9confortantes, riches en saveurs et en tradition, faciles \u00e0 reproduire au quotidien ou lors d\u2019occasions sp\u00e9ciales.","og_url":"https:\/\/bk10426.bouquetdalella.com\/fr\/produit\/atelier-de-cuisine-soupes-et-pains\/","og_site_name":"Bouquet d&#039;Alella","article_modified_time":"2025-12-18T08:42:50+00:00","og_image":[{"width":1920,"height":1440,"url":"https:\/\/bk10426.bouquetdalella.com\/wp-content\/uploads\/2025\/12\/foto-de-portada.webp","type":"image\/webp"}],"twitter_card":"summary_large_image","twitter_misc":{"Dur\u00e9e de lecture estim\u00e9e":"1 minute"},"schema":{"@context":"https:\/\/schema.org","@graph":[{"@type":"WebPage","@id":"https:\/\/bk10426.bouquetdalella.com\/fr\/produit\/atelier-de-cuisine-soupes-et-pains\/","url":"https:\/\/bk10426.bouquetdalella.com\/fr\/produit\/atelier-de-cuisine-soupes-et-pains\/","name":"Atelier de cuisine: soupes et pains - Bouquet d&#039;Alella","isPartOf":{"@id":"https:\/\/bk10426.bouquetdalella.com\/fr\/#website"},"primaryImageOfPage":{"@id":"https:\/\/bk10426.bouquetdalella.com\/fr\/produit\/atelier-de-cuisine-soupes-et-pains\/#primaryimage"},"image":{"@id":"https:\/\/bk10426.bouquetdalella.com\/fr\/produit\/atelier-de-cuisine-soupes-et-pains\/#primaryimage"},"thumbnailUrl":"https:\/\/bk10426.bouquetdalella.com\/wp-content\/uploads\/2025\/12\/foto-de-portada.webp","datePublished":"2025-12-18T08:28:48+00:00","dateModified":"2025-12-18T08:42:50+00:00","description":"Les soupes et le pain sont synonymes de chaleur, de partage et d\u2019une cuisine pleine d\u2019\u00e2me. Lors de cet atelier, nous souhaitons partager avec vous des recettes r\u00e9confortantes, riches en saveurs et en tradition, faciles \u00e0 reproduire au quotidien ou lors d\u2019occasions sp\u00e9ciales.","breadcrumb":{"@id":"https:\/\/bk10426.bouquetdalella.com\/fr\/produit\/atelier-de-cuisine-soupes-et-pains\/#breadcrumb"},"inLanguage":"fr-FR","potentialAction":[{"@type":"ReadAction","target":["https:\/\/bk10426.bouquetdalella.com\/fr\/produit\/atelier-de-cuisine-soupes-et-pains\/"]}]},{"@type":"ImageObject","inLanguage":"fr-FR","@id":"https:\/\/bk10426.bouquetdalella.com\/fr\/produit\/atelier-de-cuisine-soupes-et-pains\/#primaryimage","url":"https:\/\/bk10426.bouquetdalella.com\/wp-content\/uploads\/2025\/12\/foto-de-portada.webp","contentUrl":"https:\/\/bk10426.bouquetdalella.com\/wp-content\/uploads\/2025\/12\/foto-de-portada.webp","width":1920,"height":1440},{"@type":"BreadcrumbList","@id":"https:\/\/bk10426.bouquetdalella.com\/fr\/produit\/atelier-de-cuisine-soupes-et-pains\/#breadcrumb","itemListElement":[{"@type":"ListItem","position":1,"name":"Inici","item":"https:\/\/bk10426.bouquetdalella.com\/fr\/"},{"@type":"ListItem","position":2,"name":"Boutique","item":"https:\/\/bk10426.bouquetdalella.com\/fr\/boutique\/"},{"@type":"ListItem","position":3,"name":"Atelier de cuisine: soupes et pains"}]},{"@type":"WebSite","@id":"https:\/\/bk10426.bouquetdalella.com\/fr\/#website","url":"https:\/\/bk10426.bouquetdalella.com\/fr\/","name":"Bouquet d&#039;Alella","description":"El Celler Bouquet d\u2019Alella neix amb la clara intenci\u00f3 d\u2019explotar dues vessants diferents per\u00f2 complement\u00e0ries en el mon del vi. Per una banda, la producci\u00f3n i venda de vins ecol\u00f2gics de qualitat i per l\u2019altra la promoci\u00f3 de l\u2019enoturisme.","publisher":{"@id":"https:\/\/bk10426.bouquetdalella.com\/fr\/#organization"},"potentialAction":[{"@type":"SearchAction","target":{"@type":"EntryPoint","urlTemplate":"https:\/\/bk10426.bouquetdalella.com\/fr\/?s={search_term_string}"},"query-input":{"@type":"PropertyValueSpecification","valueRequired":true,"valueName":"search_term_string"}}],"inLanguage":"fr-FR"},{"@type":"Organization","@id":"https:\/\/bk10426.bouquetdalella.com\/fr\/#organization","name":"Bouquet d&#039;Alella","url":"https:\/\/bk10426.bouquetdalella.com\/fr\/","logo":{"@type":"ImageObject","inLanguage":"fr-FR","@id":"https:\/\/bk10426.bouquetdalella.com\/fr\/#\/schema\/logo\/image\/","url":"https:\/\/bk10426.bouquetdalella.com\/wp-content\/uploads\/2023\/04\/cropped-cropped-cropped-logo_bouquet_d_alella-2-300x53-1.png","contentUrl":"https:\/\/bk10426.bouquetdalella.com\/wp-content\/uploads\/2023\/04\/cropped-cropped-cropped-logo_bouquet_d_alella-2-300x53-1.png","width":300,"height":52,"caption":"Bouquet d&#039;Alella"},"image":{"@id":"https:\/\/bk10426.bouquetdalella.com\/fr\/#\/schema\/logo\/image\/"}}]}},"_links":{"self":[{"href":"https:\/\/bk10426.bouquetdalella.com\/fr\/wp-json\/wp\/v2\/product\/35035","targetHints":{"allow":["GET"]}}],"collection":[{"href":"https:\/\/bk10426.bouquetdalella.com\/fr\/wp-json\/wp\/v2\/product"}],"about":[{"href":"https:\/\/bk10426.bouquetdalella.com\/fr\/wp-json\/wp\/v2\/types\/product"}],"version-history":[{"count":0,"href":"https:\/\/bk10426.bouquetdalella.com\/fr\/wp-json\/wp\/v2\/product\/35035\/revisions"}],"wp:featuredmedia":[{"embeddable":true,"href":"https:\/\/bk10426.bouquetdalella.com\/fr\/wp-json\/wp\/v2\/media\/35039"}],"wp:attachment":[{"href":"https:\/\/bk10426.bouquetdalella.com\/fr\/wp-json\/wp\/v2\/media?parent=35035"}],"wp:term":[{"taxonomy":"product_brand","embeddable":true,"href":"https:\/\/bk10426.bouquetdalella.com\/fr\/wp-json\/wp\/v2\/product_brand?post=35035"},{"taxonomy":"product_cat","embeddable":true,"href":"https:\/\/bk10426.bouquetdalella.com\/fr\/wp-json\/wp\/v2\/product_cat?post=35035"},{"taxonomy":"product_tag","embeddable":true,"href":"https:\/\/bk10426.bouquetdalella.com\/fr\/wp-json\/wp\/v2\/product_tag?post=35035"}],"curies":[{"name":"wp","href":"https:\/\/api.w.org\/{rel}","templated":true}]}}