{"id":31912,"date":"2025-06-11T09:57:50","date_gmt":"2025-06-11T07:57:50","guid":{"rendered":"https:\/\/bk10426.bouquetdalella.com\/?post_type=product&#038;p=31912"},"modified":"2025-06-25T17:18:14","modified_gmt":"2025-06-25T15:18:14","slug":"atelier-de-vendanges-avec-petit-dejeuner-a-la-fourchette","status":"publish","type":"product","link":"https:\/\/bk10426.bouquetdalella.com\/fr\/produit\/atelier-de-vendanges-avec-petit-dejeuner-a-la-fourchette\/","title":{"rendered":"Atelier de vendanges avec petit-d\u00e9jeuner \u00e0 la fourchette"},"content":{"rendered":"\t\t<div data-elementor-type=\"product-post\" data-elementor-id=\"31912\" class=\"elementor elementor-31912 elementor-31909\" data-elementor-post-type=\"product\">\n\t\t\t\t\t\t<section class=\"elementor-section elementor-top-section elementor-element elementor-element-504418e5 elementor-section-boxed elementor-section-height-default elementor-section-height-default\" data-id=\"504418e5\" data-element_type=\"section\" data-e-type=\"section\">\n\t\t\t\t\t\t<div class=\"elementor-container elementor-column-gap-default\">\n\t\t\t\t\t<div class=\"elementor-column elementor-col-100 elementor-top-column elementor-element elementor-element-144ce2d6\" data-id=\"144ce2d6\" data-element_type=\"column\" data-e-type=\"column\">\n\t\t\t<div class=\"elementor-widget-wrap elementor-element-populated\">\n\t\t\t\t\t\t\t<\/div>\n\t\t<\/div>\n\t\t\t\t\t<\/div>\n\t\t<\/section>\n\t\t\t\t<\/div>\n\t\t","protected":false},"excerpt":{"rendered":"<p>Envie de vivre un atelier de vendanges et de d\u00e9couvrir de premi\u00e8re main comment on r\u00e9colte le raisin aux c\u00f4t\u00e9s de nos vignerons ? Chez Bouquet d\u2019Alella, nous vous proposons une mani\u00e8re diff\u00e9rente et authentique de commencer votre dimanche !<\/p>\n<p>Nous commencerons l\u2019atelier par une introduction th\u00e9orique pour mieux comprendre l\u2019une des t\u00e2ches les plus embl\u00e9matiques de l\u2019ann\u00e9e : les vendanges. Nous apprendrons comment et pourquoi le raisin est r\u00e9colt\u00e9 \u00e0 la main, avec grand soin, \u00e0 un moment cl\u00e9 pour la qualit\u00e9 du vin. C\u2019est une p\u00e9riode tr\u00e8s sp\u00e9ciale pour les vignerons, pleine de d\u00e9vouement et d\u2019\u00e9motion.<\/p>\n<p>Ensuite, nous irons \u00e0 la vigne pour mettre en pratique ce que nous avons appris. Guid\u00e9s par nos vignerons, nous vendangerons entre les ceps avec une vue spectaculaire sur Alella, la mer et la ville de Barcelone.<\/p>\n<p>Pour conclure, cette activit\u00e9 se termine par un petit-d\u00e9jeuner \u00e0 la fourchette au c\u0153ur des vignes, accompagn\u00e9 de nos vins biologiques.<\/p>\n<p><strong>Le menu, pr\u00e9par\u00e9 par notre cheffe priv\u00e9e, comprend :<\/strong><\/p>\n<ul>\n<li>Bouquet d\u2019Alella Pansa Blanca<\/li>\n<li>Gaspacho frais \u00e0 base de tomates du march\u00e9, r\u00e9colte d\u2019\u00e9t\u00e9<\/li>\n<li>Bouquet d\u2019Alella Blanc +<\/li>\n<li>Haricots Ganxet aux petits calamars et oignons caram\u00e9lis\u00e9s<\/li>\n<li>Bouquet d\u2019Alella Garnatxa Negra<\/li>\n<li>Saut\u00e9 de champignons sauvages avec \u0153uf frais de notre ferme et ciboulette du jardin<\/li>\n<li>Bouquet d\u2019Alella Plaer Escum\u00f3s<\/li>\n<li>G\u00e2teau moelleux au citron avec m\u00fbres d\u2019\u00e9t\u00e9<\/li>\n<li>Inclus : Eau et caf\u00e9.<\/li>\n<\/ul>\n<p><strong>Prix : 65 \u20ac<\/strong><br \/>\nLe prix comprend :<\/p>\n<ul>\n<li>Activit\u00e9 saisonni\u00e8re (vendanges)<\/li>\n<li>Petit-d\u00e9jeuner \u00e0 la fourchette pr\u00e9par\u00e9 par notre cheffe avec les vins de Bouquet d\u2019Alella<\/li>\n<li>Visite guid\u00e9e des vignes et de la cave<\/li>\n<\/ul>\n<p><strong>Dur\u00e9e :<\/strong> 3 heures<br \/>\n<strong>Date :<\/strong> Dimanche 7 septembre 2025<br \/>\n<strong>Heure de d\u00e9but :<\/strong> 10h00<\/p>\n<p>&nbsp;<\/p>\n<p><span class=\"fareharbor_btn_comprar\">[lightframe shortname=\"bouquetdalella\" fallback=\"simple\" full_items=\"yes\" flow=\"1393187\" view_item=\"642526\"]R\u00c9SERVER[\/lightframe]<\/span><\/p>\n","protected":false},"featured_media":31886,"template":"","meta":{"_acf_changed":false},"product_brand":[],"product_cat":[363],"product_tag":[390],"class_list":{"0":"post-31912","1":"product","2":"type-product","3":"status-publish","4":"has-post-thumbnail","6":"product_cat-reservable","7":"product_tag-fareharbor-fr","9":"first","10":"outofstock","11":"featured","12":"virtual","13":"taxable","14":"purchasable","15":"product-type-simple"},"acf":[],"yoast_head":"<!-- This site is optimized with the Yoast SEO plugin v27.4 - https:\/\/yoast.com\/product\/yoast-seo-wordpress\/ -->\n<title>Atelier de vendanges avec petit-d\u00e9jeuner \u00e0 la fourchette - Bouquet d&#039;Alella<\/title>\n<meta name=\"description\" content=\"Laissez-vous envelopper par la magie de l\u2019\u00e9t\u00e9 avec une exp\u00e9rience gastronomique unique alliant des ingr\u00e9dients frais, des vins d\u2019exception et une pr\u00e9sentation irr\u00e9sistible\" \/>\n<meta name=\"robots\" content=\"noindex, follow, max-snippet:-1, max-image-preview:large, max-video-preview:-1\" \/>\n<meta property=\"og:locale\" content=\"fr_FR\" \/>\n<meta property=\"og:type\" content=\"article\" \/>\n<meta property=\"og:title\" content=\"Atelier de vendanges avec petit-d\u00e9jeuner \u00e0 la fourchette - Bouquet d&#039;Alella\" \/>\n<meta property=\"og:description\" content=\"Laissez-vous envelopper par la magie de l\u2019\u00e9t\u00e9 avec une exp\u00e9rience gastronomique unique alliant des ingr\u00e9dients frais, des vins d\u2019exception et une pr\u00e9sentation irr\u00e9sistible\" \/>\n<meta property=\"og:url\" content=\"https:\/\/bk10426.bouquetdalella.com\/fr\/produit\/atelier-de-vendanges-avec-petit-dejeuner-a-la-fourchette\/\" \/>\n<meta property=\"og:site_name\" content=\"Bouquet d&#039;Alella\" \/>\n<meta property=\"article:modified_time\" content=\"2025-06-25T15:18:14+00:00\" \/>\n<meta property=\"og:image\" content=\"https:\/\/bk10426.bouquetdalella.com\/wp-content\/uploads\/2025\/06\/PHOTO-2024-02-05-05-31-40.jpg\" \/>\n\t<meta property=\"og:image:width\" content=\"1200\" \/>\n\t<meta property=\"og:image:height\" content=\"1596\" \/>\n\t<meta property=\"og:image:type\" content=\"image\/jpeg\" \/>\n<meta name=\"twitter:card\" content=\"summary_large_image\" \/>\n<meta name=\"twitter:label1\" content=\"Dur\u00e9e de lecture estim\u00e9e\" \/>\n\t<meta name=\"twitter:data1\" content=\"1 minute\" \/>\n<script type=\"application\/ld+json\" class=\"yoast-schema-graph\">{\"@context\":\"https:\\\/\\\/schema.org\",\"@graph\":[{\"@type\":\"WebPage\",\"@id\":\"https:\\\/\\\/bk10426.bouquetdalella.com\\\/fr\\\/produit\\\/atelier-de-vendanges-avec-petit-dejeuner-a-la-fourchette\\\/\",\"url\":\"https:\\\/\\\/bk10426.bouquetdalella.com\\\/fr\\\/produit\\\/atelier-de-vendanges-avec-petit-dejeuner-a-la-fourchette\\\/\",\"name\":\"Atelier de vendanges avec petit-d\u00e9jeuner \u00e0 la fourchette - Bouquet d&#039;Alella\",\"isPartOf\":{\"@id\":\"https:\\\/\\\/bk10426.bouquetdalella.com\\\/fr\\\/#website\"},\"primaryImageOfPage\":{\"@id\":\"https:\\\/\\\/bk10426.bouquetdalella.com\\\/fr\\\/produit\\\/atelier-de-vendanges-avec-petit-dejeuner-a-la-fourchette\\\/#primaryimage\"},\"image\":{\"@id\":\"https:\\\/\\\/bk10426.bouquetdalella.com\\\/fr\\\/produit\\\/atelier-de-vendanges-avec-petit-dejeuner-a-la-fourchette\\\/#primaryimage\"},\"thumbnailUrl\":\"https:\\\/\\\/bk10426.bouquetdalella.com\\\/wp-content\\\/uploads\\\/2025\\\/06\\\/PHOTO-2024-02-05-05-31-40.jpg\",\"datePublished\":\"2025-06-11T07:57:50+00:00\",\"dateModified\":\"2025-06-25T15:18:14+00:00\",\"description\":\"Laissez-vous envelopper par la magie de l\u2019\u00e9t\u00e9 avec une exp\u00e9rience gastronomique unique alliant des ingr\u00e9dients frais, des vins d\u2019exception et une pr\u00e9sentation irr\u00e9sistible\",\"breadcrumb\":{\"@id\":\"https:\\\/\\\/bk10426.bouquetdalella.com\\\/fr\\\/produit\\\/atelier-de-vendanges-avec-petit-dejeuner-a-la-fourchette\\\/#breadcrumb\"},\"inLanguage\":\"fr-FR\",\"potentialAction\":[{\"@type\":\"ReadAction\",\"target\":[\"https:\\\/\\\/bk10426.bouquetdalella.com\\\/fr\\\/produit\\\/atelier-de-vendanges-avec-petit-dejeuner-a-la-fourchette\\\/\"]}]},{\"@type\":\"ImageObject\",\"inLanguage\":\"fr-FR\",\"@id\":\"https:\\\/\\\/bk10426.bouquetdalella.com\\\/fr\\\/produit\\\/atelier-de-vendanges-avec-petit-dejeuner-a-la-fourchette\\\/#primaryimage\",\"url\":\"https:\\\/\\\/bk10426.bouquetdalella.com\\\/wp-content\\\/uploads\\\/2025\\\/06\\\/PHOTO-2024-02-05-05-31-40.jpg\",\"contentUrl\":\"https:\\\/\\\/bk10426.bouquetdalella.com\\\/wp-content\\\/uploads\\\/2025\\\/06\\\/PHOTO-2024-02-05-05-31-40.jpg\",\"width\":1200,\"height\":1596},{\"@type\":\"BreadcrumbList\",\"@id\":\"https:\\\/\\\/bk10426.bouquetdalella.com\\\/fr\\\/produit\\\/atelier-de-vendanges-avec-petit-dejeuner-a-la-fourchette\\\/#breadcrumb\",\"itemListElement\":[{\"@type\":\"ListItem\",\"position\":1,\"name\":\"Inici\",\"item\":\"https:\\\/\\\/bk10426.bouquetdalella.com\\\/fr\\\/\"},{\"@type\":\"ListItem\",\"position\":2,\"name\":\"Boutique\",\"item\":\"https:\\\/\\\/bk10426.bouquetdalella.com\\\/fr\\\/boutique\\\/\"},{\"@type\":\"ListItem\",\"position\":3,\"name\":\"Atelier de vendanges avec petit-d\u00e9jeuner \u00e0 la fourchette\"}]},{\"@type\":\"WebSite\",\"@id\":\"https:\\\/\\\/bk10426.bouquetdalella.com\\\/fr\\\/#website\",\"url\":\"https:\\\/\\\/bk10426.bouquetdalella.com\\\/fr\\\/\",\"name\":\"Bouquet d&#039;Alella\",\"description\":\"El Celler Bouquet d\u2019Alella neix amb la clara intenci\u00f3 d\u2019explotar dues vessants diferents per\u00f2 complement\u00e0ries en el mon del vi. Per una banda, la producci\u00f3n i venda de vins ecol\u00f2gics de qualitat i per l\u2019altra la promoci\u00f3 de l\u2019enoturisme.\",\"publisher\":{\"@id\":\"https:\\\/\\\/bk10426.bouquetdalella.com\\\/fr\\\/#organization\"},\"potentialAction\":[{\"@type\":\"SearchAction\",\"target\":{\"@type\":\"EntryPoint\",\"urlTemplate\":\"https:\\\/\\\/bk10426.bouquetdalella.com\\\/fr\\\/?s={search_term_string}\"},\"query-input\":{\"@type\":\"PropertyValueSpecification\",\"valueRequired\":true,\"valueName\":\"search_term_string\"}}],\"inLanguage\":\"fr-FR\"},{\"@type\":\"Organization\",\"@id\":\"https:\\\/\\\/bk10426.bouquetdalella.com\\\/fr\\\/#organization\",\"name\":\"Bouquet d&#039;Alella\",\"url\":\"https:\\\/\\\/bk10426.bouquetdalella.com\\\/fr\\\/\",\"logo\":{\"@type\":\"ImageObject\",\"inLanguage\":\"fr-FR\",\"@id\":\"https:\\\/\\\/bk10426.bouquetdalella.com\\\/fr\\\/#\\\/schema\\\/logo\\\/image\\\/\",\"url\":\"https:\\\/\\\/bk10426.bouquetdalella.com\\\/wp-content\\\/uploads\\\/2023\\\/04\\\/cropped-cropped-cropped-logo_bouquet_d_alella-2-300x53-1.png\",\"contentUrl\":\"https:\\\/\\\/bk10426.bouquetdalella.com\\\/wp-content\\\/uploads\\\/2023\\\/04\\\/cropped-cropped-cropped-logo_bouquet_d_alella-2-300x53-1.png\",\"width\":300,\"height\":52,\"caption\":\"Bouquet d&#039;Alella\"},\"image\":{\"@id\":\"https:\\\/\\\/bk10426.bouquetdalella.com\\\/fr\\\/#\\\/schema\\\/logo\\\/image\\\/\"}}]}<\/script>\n<!-- \/ Yoast SEO plugin. -->","yoast_head_json":{"title":"Atelier de vendanges avec petit-d\u00e9jeuner \u00e0 la fourchette - Bouquet d&#039;Alella","description":"Laissez-vous envelopper par la magie de l\u2019\u00e9t\u00e9 avec une exp\u00e9rience gastronomique unique alliant des ingr\u00e9dients frais, des vins d\u2019exception et une pr\u00e9sentation irr\u00e9sistible","robots":{"index":"noindex","follow":"follow","max-snippet":"max-snippet:-1","max-image-preview":"max-image-preview:large","max-video-preview":"max-video-preview:-1"},"og_locale":"fr_FR","og_type":"article","og_title":"Atelier de vendanges avec petit-d\u00e9jeuner \u00e0 la fourchette - Bouquet d&#039;Alella","og_description":"Laissez-vous envelopper par la magie de l\u2019\u00e9t\u00e9 avec une exp\u00e9rience gastronomique unique alliant des ingr\u00e9dients frais, des vins d\u2019exception et une pr\u00e9sentation irr\u00e9sistible","og_url":"https:\/\/bk10426.bouquetdalella.com\/fr\/produit\/atelier-de-vendanges-avec-petit-dejeuner-a-la-fourchette\/","og_site_name":"Bouquet d&#039;Alella","article_modified_time":"2025-06-25T15:18:14+00:00","og_image":[{"width":1200,"height":1596,"url":"https:\/\/bk10426.bouquetdalella.com\/wp-content\/uploads\/2025\/06\/PHOTO-2024-02-05-05-31-40.jpg","type":"image\/jpeg"}],"twitter_card":"summary_large_image","twitter_misc":{"Dur\u00e9e de lecture estim\u00e9e":"1 minute"},"schema":{"@context":"https:\/\/schema.org","@graph":[{"@type":"WebPage","@id":"https:\/\/bk10426.bouquetdalella.com\/fr\/produit\/atelier-de-vendanges-avec-petit-dejeuner-a-la-fourchette\/","url":"https:\/\/bk10426.bouquetdalella.com\/fr\/produit\/atelier-de-vendanges-avec-petit-dejeuner-a-la-fourchette\/","name":"Atelier de vendanges avec petit-d\u00e9jeuner \u00e0 la fourchette - Bouquet d&#039;Alella","isPartOf":{"@id":"https:\/\/bk10426.bouquetdalella.com\/fr\/#website"},"primaryImageOfPage":{"@id":"https:\/\/bk10426.bouquetdalella.com\/fr\/produit\/atelier-de-vendanges-avec-petit-dejeuner-a-la-fourchette\/#primaryimage"},"image":{"@id":"https:\/\/bk10426.bouquetdalella.com\/fr\/produit\/atelier-de-vendanges-avec-petit-dejeuner-a-la-fourchette\/#primaryimage"},"thumbnailUrl":"https:\/\/bk10426.bouquetdalella.com\/wp-content\/uploads\/2025\/06\/PHOTO-2024-02-05-05-31-40.jpg","datePublished":"2025-06-11T07:57:50+00:00","dateModified":"2025-06-25T15:18:14+00:00","description":"Laissez-vous envelopper par la magie de l\u2019\u00e9t\u00e9 avec une exp\u00e9rience gastronomique unique alliant des ingr\u00e9dients frais, des vins d\u2019exception et une pr\u00e9sentation irr\u00e9sistible","breadcrumb":{"@id":"https:\/\/bk10426.bouquetdalella.com\/fr\/produit\/atelier-de-vendanges-avec-petit-dejeuner-a-la-fourchette\/#breadcrumb"},"inLanguage":"fr-FR","potentialAction":[{"@type":"ReadAction","target":["https:\/\/bk10426.bouquetdalella.com\/fr\/produit\/atelier-de-vendanges-avec-petit-dejeuner-a-la-fourchette\/"]}]},{"@type":"ImageObject","inLanguage":"fr-FR","@id":"https:\/\/bk10426.bouquetdalella.com\/fr\/produit\/atelier-de-vendanges-avec-petit-dejeuner-a-la-fourchette\/#primaryimage","url":"https:\/\/bk10426.bouquetdalella.com\/wp-content\/uploads\/2025\/06\/PHOTO-2024-02-05-05-31-40.jpg","contentUrl":"https:\/\/bk10426.bouquetdalella.com\/wp-content\/uploads\/2025\/06\/PHOTO-2024-02-05-05-31-40.jpg","width":1200,"height":1596},{"@type":"BreadcrumbList","@id":"https:\/\/bk10426.bouquetdalella.com\/fr\/produit\/atelier-de-vendanges-avec-petit-dejeuner-a-la-fourchette\/#breadcrumb","itemListElement":[{"@type":"ListItem","position":1,"name":"Inici","item":"https:\/\/bk10426.bouquetdalella.com\/fr\/"},{"@type":"ListItem","position":2,"name":"Boutique","item":"https:\/\/bk10426.bouquetdalella.com\/fr\/boutique\/"},{"@type":"ListItem","position":3,"name":"Atelier de vendanges avec petit-d\u00e9jeuner \u00e0 la fourchette"}]},{"@type":"WebSite","@id":"https:\/\/bk10426.bouquetdalella.com\/fr\/#website","url":"https:\/\/bk10426.bouquetdalella.com\/fr\/","name":"Bouquet d&#039;Alella","description":"El Celler Bouquet d\u2019Alella neix amb la clara intenci\u00f3 d\u2019explotar dues vessants diferents per\u00f2 complement\u00e0ries en el mon del vi. Per una banda, la producci\u00f3n i venda de vins ecol\u00f2gics de qualitat i per l\u2019altra la promoci\u00f3 de l\u2019enoturisme.","publisher":{"@id":"https:\/\/bk10426.bouquetdalella.com\/fr\/#organization"},"potentialAction":[{"@type":"SearchAction","target":{"@type":"EntryPoint","urlTemplate":"https:\/\/bk10426.bouquetdalella.com\/fr\/?s={search_term_string}"},"query-input":{"@type":"PropertyValueSpecification","valueRequired":true,"valueName":"search_term_string"}}],"inLanguage":"fr-FR"},{"@type":"Organization","@id":"https:\/\/bk10426.bouquetdalella.com\/fr\/#organization","name":"Bouquet d&#039;Alella","url":"https:\/\/bk10426.bouquetdalella.com\/fr\/","logo":{"@type":"ImageObject","inLanguage":"fr-FR","@id":"https:\/\/bk10426.bouquetdalella.com\/fr\/#\/schema\/logo\/image\/","url":"https:\/\/bk10426.bouquetdalella.com\/wp-content\/uploads\/2023\/04\/cropped-cropped-cropped-logo_bouquet_d_alella-2-300x53-1.png","contentUrl":"https:\/\/bk10426.bouquetdalella.com\/wp-content\/uploads\/2023\/04\/cropped-cropped-cropped-logo_bouquet_d_alella-2-300x53-1.png","width":300,"height":52,"caption":"Bouquet d&#039;Alella"},"image":{"@id":"https:\/\/bk10426.bouquetdalella.com\/fr\/#\/schema\/logo\/image\/"}}]}},"_links":{"self":[{"href":"https:\/\/bk10426.bouquetdalella.com\/fr\/wp-json\/wp\/v2\/product\/31912","targetHints":{"allow":["GET"]}}],"collection":[{"href":"https:\/\/bk10426.bouquetdalella.com\/fr\/wp-json\/wp\/v2\/product"}],"about":[{"href":"https:\/\/bk10426.bouquetdalella.com\/fr\/wp-json\/wp\/v2\/types\/product"}],"version-history":[{"count":0,"href":"https:\/\/bk10426.bouquetdalella.com\/fr\/wp-json\/wp\/v2\/product\/31912\/revisions"}],"wp:featuredmedia":[{"embeddable":true,"href":"https:\/\/bk10426.bouquetdalella.com\/fr\/wp-json\/wp\/v2\/media\/31886"}],"wp:attachment":[{"href":"https:\/\/bk10426.bouquetdalella.com\/fr\/wp-json\/wp\/v2\/media?parent=31912"}],"wp:term":[{"taxonomy":"product_brand","embeddable":true,"href":"https:\/\/bk10426.bouquetdalella.com\/fr\/wp-json\/wp\/v2\/product_brand?post=31912"},{"taxonomy":"product_cat","embeddable":true,"href":"https:\/\/bk10426.bouquetdalella.com\/fr\/wp-json\/wp\/v2\/product_cat?post=31912"},{"taxonomy":"product_tag","embeddable":true,"href":"https:\/\/bk10426.bouquetdalella.com\/fr\/wp-json\/wp\/v2\/product_tag?post=31912"}],"curies":[{"name":"wp","href":"https:\/\/api.w.org\/{rel}","templated":true}]}}