{"id":30632,"date":"2025-03-24T12:42:23","date_gmt":"2025-03-24T11:42:23","guid":{"rendered":"https:\/\/bk10426.bouquetdalella.com\/?post_type=product&#038;p=30632"},"modified":"2025-03-24T12:58:20","modified_gmt":"2025-03-24T11:58:20","slug":"musique-et-vin","status":"publish","type":"product","link":"https:\/\/bk10426.bouquetdalella.com\/fr\/produit\/musique-et-vin\/","title":{"rendered":"Musique et vin"},"content":{"rendered":"<h3>\u00c0 seulement 15 km de Barcelone<\/h3>\n<p>Ad lab itur alienum quo, his an dicunt numquam maiorum, il lum repudi cu nam ilum quis.<\/p>\n<h3>Indispensable r\u00e9server l&rsquo;activit\u00e9 pr\u00e9alablement<\/h3>\n<p>Ad lab itur alienum quo, his an dicunt numquam maiorum, il lum repudi cu nam ilum quis.<\/p>\n<h3>Possibilit\u00e9 de r\u00e9aliser des tours en anglais, espagnol et catalan<\/h3>\n<p>Ad lab itur alienum quo, his an dicunt numquam maiorum, il lum repudi cu nam ilum quis.\u200b<\/p>\n<h3>Groupes r\u00e9duits<\/h3>\n<p>Ad lab itur alienum quo, his an dicunt numquam maiorum, il lum repudi cu nam ilum quis.<\/p>\n<h3>Il y a boutique \u00e0 vins<\/h3>\n<p>Ad lab itur alienum quo, his an dicunt numquam maiorum, il lum repudi cu nam ilum quis.<\/p>\n<h3>Possibilit\u00e9 des tours priv\u00e9s<\/h3>\n<p>Ad lab itur alienum quo, his an dicunt numquam maiorum, il lum repudi cu nam ilum quis.<\/p>\n<figure class=\"gallery-item\"><a href=\"https:\/\/bk10426.bouquetdalella.com\/wp-content\/uploads\/2023\/04\/main-slider-1-1-300x300.jpg\" data-elementor-open-lightbox=\"yes\" data-elementor-lightbox-slideshow=\"36ceb40\" data-elementor-lightbox-title=\"main-slider-1.jpg\" data-elementor-lightbox-description=\"&lt;\/script&gt;\"><img fetchpriority=\"high\" decoding=\"async\" src=\"https:\/\/bk10426.bouquetdalella.com\/wp-content\/uploads\/2023\/04\/main-slider-1-1-300x300.jpg\" sizes=\"(max-width: 300px) 100vw, 300px\" srcset=\"https:\/\/bk10426.bouquetdalella.com\/wp-content\/uploads\/2023\/04\/main-slider-1-1-300x300.jpg 300w, https:\/\/bk10426.bouquetdalella.com\/wp-content\/uploads\/2023\/04\/main-slider-1-1-150x150.jpg 150w, https:\/\/bk10426.bouquetdalella.com\/wp-content\/uploads\/2023\/04\/main-slider-1-1-100x100.jpg 100w\" alt=\"\" width=\"300\" height=\"300\" \/><\/a><\/figure>\n<figure class=\"gallery-item\"><a href=\"https:\/\/bk10426.bouquetdalella.com\/wp-content\/uploads\/2023\/04\/contact-us-parallax-1-1.jpg\" data-elementor-open-lightbox=\"yes\" data-elementor-lightbox-slideshow=\"36ceb40\" data-elementor-lightbox-title=\"contact-us-parallax-1\" data-elementor-lightbox-description=\"&lt;\/script&gt;\"><img decoding=\"async\" src=\"https:\/\/bk10426.bouquetdalella.com\/wp-content\/uploads\/2023\/04\/contact-us-parallax-1-1-300x300.jpg\" sizes=\"(max-width: 300px) 100vw, 300px\" srcset=\"https:\/\/bk10426.bouquetdalella.com\/wp-content\/uploads\/2023\/04\/contact-us-parallax-1-1-300x300.jpg 300w, https:\/\/bk10426.bouquetdalella.com\/wp-content\/uploads\/2023\/04\/contact-us-parallax-1-1-150x150.jpg 150w, https:\/\/bk10426.bouquetdalella.com\/wp-content\/uploads\/2023\/04\/contact-us-parallax-1-1-100x100.jpg 100w\" alt=\"\" width=\"300\" height=\"300\" \/><\/a><\/figure>\n<figure class=\"gallery-item\"><a href=\"https:\/\/bk10426.bouquetdalella.com\/wp-content\/uploads\/2023\/04\/h1-slide2-1-1-300x300.jpg\" data-elementor-open-lightbox=\"yes\" data-elementor-lightbox-slideshow=\"36ceb40\" data-elementor-lightbox-title=\"h1-slide2\" data-elementor-lightbox-description=\"&lt;\/script&gt;\"><img decoding=\"async\" src=\"https:\/\/bk10426.bouquetdalella.com\/wp-content\/uploads\/2023\/04\/h1-slide2-1-1-300x300.jpg\" sizes=\"(max-width: 300px) 100vw, 300px\" srcset=\"https:\/\/bk10426.bouquetdalella.com\/wp-content\/uploads\/2023\/04\/h1-slide2-1-1-300x300.jpg 300w, https:\/\/bk10426.bouquetdalella.com\/wp-content\/uploads\/2023\/04\/h1-slide2-1-1-150x150.jpg 150w, https:\/\/bk10426.bouquetdalella.com\/wp-content\/uploads\/2023\/04\/h1-slide2-1-1-100x100.jpg 100w\" alt=\"\" width=\"300\" height=\"300\" \/><\/a><\/figure>\n<figure class=\"gallery-item\"><a href=\"https:\/\/bk10426.bouquetdalella.com\/wp-content\/uploads\/2023\/04\/h4-ptf-1-300x300.jpg\" data-elementor-open-lightbox=\"yes\" data-elementor-lightbox-slideshow=\"36ceb40\" data-elementor-lightbox-title=\"h4-ptf-1\" data-elementor-lightbox-description=\"&lt;\/script&gt;\"><img loading=\"lazy\" decoding=\"async\" src=\"https:\/\/bk10426.bouquetdalella.com\/wp-content\/uploads\/2023\/04\/h4-ptf-1-300x300.jpg\" sizes=\"(max-width: 300px) 100vw, 300px\" srcset=\"https:\/\/bk10426.bouquetdalella.com\/wp-content\/uploads\/2023\/04\/h4-ptf-1-300x300.jpg 300w, https:\/\/bk10426.bouquetdalella.com\/wp-content\/uploads\/2023\/04\/h4-ptf-1-150x150.jpg 150w, https:\/\/bk10426.bouquetdalella.com\/wp-content\/uploads\/2023\/04\/h4-ptf-1-100x100.jpg 100w\" alt=\"\" width=\"300\" height=\"300\" \/><\/a><\/figure>\n<figure class=\"gallery-item\"><a href=\"https:\/\/bk10426.bouquetdalella.com\/wp-content\/uploads\/2023\/04\/h1-slide3-1-1-300x300.jpg\" data-elementor-open-lightbox=\"yes\" data-elementor-lightbox-slideshow=\"36ceb40\" data-elementor-lightbox-title=\"h1-slide3.jpg\" data-elementor-lightbox-description=\"&lt;\/script&gt;\"><img loading=\"lazy\" decoding=\"async\" src=\"https:\/\/bk10426.bouquetdalella.com\/wp-content\/uploads\/2023\/04\/h1-slide3-1-1-300x300.jpg\" sizes=\"(max-width: 300px) 100vw, 300px\" srcset=\"https:\/\/bk10426.bouquetdalella.com\/wp-content\/uploads\/2023\/04\/h1-slide3-1-1-300x300.jpg 300w, https:\/\/bk10426.bouquetdalella.com\/wp-content\/uploads\/2023\/04\/h1-slide3-1-1-150x150.jpg 150w, https:\/\/bk10426.bouquetdalella.com\/wp-content\/uploads\/2023\/04\/h1-slide3-1-1-100x100.jpg 100w\" alt=\"\" width=\"300\" height=\"300\" \/><\/a><\/figure>\n<figure class=\"gallery-item\"><a href=\"https:\/\/bk10426.bouquetdalella.com\/wp-content\/uploads\/2023\/04\/h4-ptf-2-300x300.jpg\" data-elementor-open-lightbox=\"yes\" data-elementor-lightbox-slideshow=\"36ceb40\" data-elementor-lightbox-title=\"h4-ptf-2\" data-elementor-lightbox-description=\"&lt;\/script&gt;\"><img loading=\"lazy\" decoding=\"async\" src=\"https:\/\/bk10426.bouquetdalella.com\/wp-content\/uploads\/2023\/04\/h4-ptf-2-300x300.jpg\" sizes=\"(max-width: 300px) 100vw, 300px\" srcset=\"https:\/\/bk10426.bouquetdalella.com\/wp-content\/uploads\/2023\/04\/h4-ptf-2-300x300.jpg 300w, https:\/\/bk10426.bouquetdalella.com\/wp-content\/uploads\/2023\/04\/h4-ptf-2-150x150.jpg 150w, https:\/\/bk10426.bouquetdalella.com\/wp-content\/uploads\/2023\/04\/h4-ptf-2-100x100.jpg 100w\" alt=\"\" width=\"300\" height=\"300\" \/><\/a><\/figure>\n<figure class=\"gallery-item\"><a href=\"https:\/\/bk10426.bouquetdalella.com\/wp-content\/uploads\/2023\/04\/h1-slide2-2-300x300.jpg\" data-elementor-open-lightbox=\"yes\" data-elementor-lightbox-slideshow=\"36ceb40\" data-elementor-lightbox-title=\"h1-slide2\" data-elementor-lightbox-description=\"&lt;\/script&gt;\"><img loading=\"lazy\" decoding=\"async\" src=\"https:\/\/bk10426.bouquetdalella.com\/wp-content\/uploads\/2023\/04\/h1-slide2-2-300x300.jpg\" sizes=\"(max-width: 300px) 100vw, 300px\" srcset=\"https:\/\/bk10426.bouquetdalella.com\/wp-content\/uploads\/2023\/04\/h1-slide2-2-300x300.jpg 300w, https:\/\/bk10426.bouquetdalella.com\/wp-content\/uploads\/2023\/04\/h1-slide2-2-150x150.jpg 150w, https:\/\/bk10426.bouquetdalella.com\/wp-content\/uploads\/2023\/04\/h1-slide2-2-100x100.jpg 100w\" alt=\"\" width=\"300\" height=\"300\" \/><\/a><\/figure>\n<figure class=\"gallery-item\"><a href=\"https:\/\/bk10426.bouquetdalella.com\/wp-content\/uploads\/2023\/04\/h4-ptf-3-300x300.jpg\" data-elementor-open-lightbox=\"yes\" data-elementor-lightbox-slideshow=\"36ceb40\" data-elementor-lightbox-title=\"h4-ptf-3\" data-elementor-lightbox-description=\"&lt;\/script&gt;\"><img loading=\"lazy\" decoding=\"async\" src=\"https:\/\/bk10426.bouquetdalella.com\/wp-content\/uploads\/2023\/04\/h4-ptf-3-300x300.jpg\" sizes=\"(max-width: 300px) 100vw, 300px\" srcset=\"https:\/\/bk10426.bouquetdalella.com\/wp-content\/uploads\/2023\/04\/h4-ptf-3-300x300.jpg 300w, https:\/\/bk10426.bouquetdalella.com\/wp-content\/uploads\/2023\/04\/h4-ptf-3-150x150.jpg 150w, https:\/\/bk10426.bouquetdalella.com\/wp-content\/uploads\/2023\/04\/h4-ptf-3-100x100.jpg 100w\" alt=\"\" width=\"300\" height=\"300\" \/><\/a><\/figure>\n","protected":false},"excerpt":{"rendered":"<p>Le mardi 22 avril \u00e0 <strong>BOUQUET D&rsquo;ALELLA<\/strong>, nous ferons une d\u00e9gustation de Sant Jordi!<\/p>\n<p>Nous ajouterons le go\u00fbt de la mer, du vent et du sel \u00e0 nos vins avec le concert <strong>MEDITERR\u00c0NEAMENT<\/strong>.<\/p>\n<p>Le duo voix et guitare d&rsquo;Arenys de Munt, <strong>CARME VERA<\/strong> et <strong>MANU CORBAL\u00c1N<\/strong>, nous emm\u00e8nera faire une promenade avec des po\u00e8tes et chanteurs-compositeurs tels que Espriu, Lorca, Salvat-Papasseit, Segarra, Serrat, Llach et Ovidi Montllor.<\/p>\n<p>C\u00e9l\u00e9brons Sant Jordi en \u00e9coutant les paroles mises en musique \u00e9crites par des auteurs inoubliables.<\/p>\n<p>Un concert qui ouvre un nouvel espace de rencontres : <strong>MUSIQUE et VIN<\/strong>, cr\u00e9\u00e9 pour profiter de l&rsquo;accord entre nos vins et les diff\u00e9rents artistes locaux qui viendront nous rendre visite.<\/p>\n<p>Profitons des opportunit\u00e9s que nous offre ce qui est \u00e0 port\u00e9e de main.<\/p>\n<p>Nous vous attendons \u00e0 19h30.<\/p>\n<p>&nbsp;<\/p>\n<p><strong>Prix<\/strong>: 22\u20ac<\/p>\n<p>Comprend:<\/p>\n<ul>\n<li>Concert<\/li>\n<li>Un verre de vin Bouquet d\u2019Alella<\/li>\n<\/ul>\n<p>Dur\u00e9e: 60\/75 minutes<\/p>\n","protected":false},"featured_media":30656,"template":"","meta":{"_acf_changed":false},"product_brand":[],"product_cat":[363],"product_tag":[383],"class_list":{"0":"post-30632","1":"product","2":"type-product","3":"status-publish","4":"has-post-thumbnail","6":"product_cat-reservable","7":"product_tag-comprar-fr","9":"first","10":"outofstock","11":"virtual","12":"taxable","13":"purchasable","14":"product-type-simple"},"acf":[],"yoast_head":"<!-- This site is optimized with the Yoast SEO plugin v27.3 - https:\/\/yoast.com\/product\/yoast-seo-wordpress\/ -->\n<title>Musique et vin - Bouquet d&#039;Alella<\/title>\n<meta name=\"description\" content=\"D\u00e9couvrez le plaisir d&#039;un accord parfait \u00e0 Bouquet d&#039;Alella. Profitez d&#039;une visite guid\u00e9e \u00e0 travers les vignes et r\u00e9galez-vous avec une d\u00e9gustation exclusive de quatre vins et de trois jambons ib\u00e9riques s\u00e9lectionn\u00e9s.\" \/>\n<meta name=\"robots\" content=\"noindex, follow, max-snippet:-1, max-image-preview:large, max-video-preview:-1\" \/>\n<meta property=\"og:locale\" content=\"fr_FR\" \/>\n<meta property=\"og:type\" content=\"article\" \/>\n<meta property=\"og:title\" content=\"Musique et vin - Bouquet d&#039;Alella\" \/>\n<meta property=\"og:description\" content=\"D\u00e9couvrez le plaisir d&#039;un accord parfait \u00e0 Bouquet d&#039;Alella. Profitez d&#039;une visite guid\u00e9e \u00e0 travers les vignes et r\u00e9galez-vous avec une d\u00e9gustation exclusive de quatre vins et de trois jambons ib\u00e9riques s\u00e9lectionn\u00e9s.\" \/>\n<meta property=\"og:url\" content=\"https:\/\/bk10426.bouquetdalella.com\/fr\/produit\/musique-et-vin\/\" \/>\n<meta property=\"og:site_name\" content=\"Bouquet d&#039;Alella\" \/>\n<meta property=\"article:modified_time\" content=\"2025-03-24T11:58:20+00:00\" \/>\n<meta property=\"og:image\" content=\"https:\/\/bk10426.bouquetdalella.com\/wp-content\/uploads\/2025\/03\/bouquet_musica_vi-1.jpg\" \/>\n\t<meta property=\"og:image:width\" content=\"701\" \/>\n\t<meta property=\"og:image:height\" content=\"521\" \/>\n\t<meta property=\"og:image:type\" content=\"image\/jpeg\" \/>\n<meta name=\"twitter:card\" content=\"summary_large_image\" \/>\n<meta name=\"twitter:label1\" content=\"Dur\u00e9e de lecture estim\u00e9e\" \/>\n\t<meta name=\"twitter:data1\" content=\"3 minutes\" \/>\n<script type=\"application\/ld+json\" class=\"yoast-schema-graph\">{\"@context\":\"https:\\\/\\\/schema.org\",\"@graph\":[{\"@type\":\"WebPage\",\"@id\":\"https:\\\/\\\/bk10426.bouquetdalella.com\\\/fr\\\/produit\\\/musique-et-vin\\\/\",\"url\":\"https:\\\/\\\/bk10426.bouquetdalella.com\\\/fr\\\/produit\\\/musique-et-vin\\\/\",\"name\":\"Musique et vin - Bouquet d&#039;Alella\",\"isPartOf\":{\"@id\":\"https:\\\/\\\/bk10426.bouquetdalella.com\\\/fr\\\/#website\"},\"primaryImageOfPage\":{\"@id\":\"https:\\\/\\\/bk10426.bouquetdalella.com\\\/fr\\\/produit\\\/musique-et-vin\\\/#primaryimage\"},\"image\":{\"@id\":\"https:\\\/\\\/bk10426.bouquetdalella.com\\\/fr\\\/produit\\\/musique-et-vin\\\/#primaryimage\"},\"thumbnailUrl\":\"https:\\\/\\\/bk10426.bouquetdalella.com\\\/wp-content\\\/uploads\\\/2025\\\/03\\\/bouquet_musica_vi-1.jpg\",\"datePublished\":\"2025-03-24T11:42:23+00:00\",\"dateModified\":\"2025-03-24T11:58:20+00:00\",\"description\":\"D\u00e9couvrez le plaisir d'un accord parfait \u00e0 Bouquet d'Alella. Profitez d'une visite guid\u00e9e \u00e0 travers les vignes et r\u00e9galez-vous avec une d\u00e9gustation exclusive de quatre vins et de trois jambons ib\u00e9riques s\u00e9lectionn\u00e9s.\",\"breadcrumb\":{\"@id\":\"https:\\\/\\\/bk10426.bouquetdalella.com\\\/fr\\\/produit\\\/musique-et-vin\\\/#breadcrumb\"},\"inLanguage\":\"fr-FR\",\"potentialAction\":[{\"@type\":\"ReadAction\",\"target\":[\"https:\\\/\\\/bk10426.bouquetdalella.com\\\/fr\\\/produit\\\/musique-et-vin\\\/\"]}]},{\"@type\":\"ImageObject\",\"inLanguage\":\"fr-FR\",\"@id\":\"https:\\\/\\\/bk10426.bouquetdalella.com\\\/fr\\\/produit\\\/musique-et-vin\\\/#primaryimage\",\"url\":\"https:\\\/\\\/bk10426.bouquetdalella.com\\\/wp-content\\\/uploads\\\/2025\\\/03\\\/bouquet_musica_vi-1.jpg\",\"contentUrl\":\"https:\\\/\\\/bk10426.bouquetdalella.com\\\/wp-content\\\/uploads\\\/2025\\\/03\\\/bouquet_musica_vi-1.jpg\",\"width\":701,\"height\":521},{\"@type\":\"BreadcrumbList\",\"@id\":\"https:\\\/\\\/bk10426.bouquetdalella.com\\\/fr\\\/produit\\\/musique-et-vin\\\/#breadcrumb\",\"itemListElement\":[{\"@type\":\"ListItem\",\"position\":1,\"name\":\"Inici\",\"item\":\"https:\\\/\\\/bk10426.bouquetdalella.com\\\/fr\\\/\"},{\"@type\":\"ListItem\",\"position\":2,\"name\":\"Boutique\",\"item\":\"https:\\\/\\\/bk10426.bouquetdalella.com\\\/fr\\\/boutique\\\/\"},{\"@type\":\"ListItem\",\"position\":3,\"name\":\"Musique et vin\"}]},{\"@type\":\"WebSite\",\"@id\":\"https:\\\/\\\/bk10426.bouquetdalella.com\\\/fr\\\/#website\",\"url\":\"https:\\\/\\\/bk10426.bouquetdalella.com\\\/fr\\\/\",\"name\":\"Bouquet d&#039;Alella\",\"description\":\"El Celler Bouquet d\u2019Alella neix amb la clara intenci\u00f3 d\u2019explotar dues vessants diferents per\u00f2 complement\u00e0ries en el mon del vi. Per una banda, la producci\u00f3n i venda de vins ecol\u00f2gics de qualitat i per l\u2019altra la promoci\u00f3 de l\u2019enoturisme.\",\"publisher\":{\"@id\":\"https:\\\/\\\/bk10426.bouquetdalella.com\\\/fr\\\/#organization\"},\"potentialAction\":[{\"@type\":\"SearchAction\",\"target\":{\"@type\":\"EntryPoint\",\"urlTemplate\":\"https:\\\/\\\/bk10426.bouquetdalella.com\\\/fr\\\/?s={search_term_string}\"},\"query-input\":{\"@type\":\"PropertyValueSpecification\",\"valueRequired\":true,\"valueName\":\"search_term_string\"}}],\"inLanguage\":\"fr-FR\"},{\"@type\":\"Organization\",\"@id\":\"https:\\\/\\\/bk10426.bouquetdalella.com\\\/fr\\\/#organization\",\"name\":\"Bouquet d&#039;Alella\",\"url\":\"https:\\\/\\\/bk10426.bouquetdalella.com\\\/fr\\\/\",\"logo\":{\"@type\":\"ImageObject\",\"inLanguage\":\"fr-FR\",\"@id\":\"https:\\\/\\\/bk10426.bouquetdalella.com\\\/fr\\\/#\\\/schema\\\/logo\\\/image\\\/\",\"url\":\"https:\\\/\\\/bk10426.bouquetdalella.com\\\/wp-content\\\/uploads\\\/2023\\\/04\\\/cropped-cropped-cropped-logo_bouquet_d_alella-2-300x53-1.png\",\"contentUrl\":\"https:\\\/\\\/bk10426.bouquetdalella.com\\\/wp-content\\\/uploads\\\/2023\\\/04\\\/cropped-cropped-cropped-logo_bouquet_d_alella-2-300x53-1.png\",\"width\":300,\"height\":52,\"caption\":\"Bouquet d&#039;Alella\"},\"image\":{\"@id\":\"https:\\\/\\\/bk10426.bouquetdalella.com\\\/fr\\\/#\\\/schema\\\/logo\\\/image\\\/\"}}]}<\/script>\n<!-- \/ Yoast SEO plugin. -->","yoast_head_json":{"title":"Musique et vin - Bouquet d&#039;Alella","description":"D\u00e9couvrez le plaisir d'un accord parfait \u00e0 Bouquet d'Alella. Profitez d'une visite guid\u00e9e \u00e0 travers les vignes et r\u00e9galez-vous avec une d\u00e9gustation exclusive de quatre vins et de trois jambons ib\u00e9riques s\u00e9lectionn\u00e9s.","robots":{"index":"noindex","follow":"follow","max-snippet":"max-snippet:-1","max-image-preview":"max-image-preview:large","max-video-preview":"max-video-preview:-1"},"og_locale":"fr_FR","og_type":"article","og_title":"Musique et vin - Bouquet d&#039;Alella","og_description":"D\u00e9couvrez le plaisir d'un accord parfait \u00e0 Bouquet d'Alella. Profitez d'une visite guid\u00e9e \u00e0 travers les vignes et r\u00e9galez-vous avec une d\u00e9gustation exclusive de quatre vins et de trois jambons ib\u00e9riques s\u00e9lectionn\u00e9s.","og_url":"https:\/\/bk10426.bouquetdalella.com\/fr\/produit\/musique-et-vin\/","og_site_name":"Bouquet d&#039;Alella","article_modified_time":"2025-03-24T11:58:20+00:00","og_image":[{"width":701,"height":521,"url":"https:\/\/bk10426.bouquetdalella.com\/wp-content\/uploads\/2025\/03\/bouquet_musica_vi-1.jpg","type":"image\/jpeg"}],"twitter_card":"summary_large_image","twitter_misc":{"Dur\u00e9e de lecture estim\u00e9e":"3 minutes"},"schema":{"@context":"https:\/\/schema.org","@graph":[{"@type":"WebPage","@id":"https:\/\/bk10426.bouquetdalella.com\/fr\/produit\/musique-et-vin\/","url":"https:\/\/bk10426.bouquetdalella.com\/fr\/produit\/musique-et-vin\/","name":"Musique et vin - Bouquet d&#039;Alella","isPartOf":{"@id":"https:\/\/bk10426.bouquetdalella.com\/fr\/#website"},"primaryImageOfPage":{"@id":"https:\/\/bk10426.bouquetdalella.com\/fr\/produit\/musique-et-vin\/#primaryimage"},"image":{"@id":"https:\/\/bk10426.bouquetdalella.com\/fr\/produit\/musique-et-vin\/#primaryimage"},"thumbnailUrl":"https:\/\/bk10426.bouquetdalella.com\/wp-content\/uploads\/2025\/03\/bouquet_musica_vi-1.jpg","datePublished":"2025-03-24T11:42:23+00:00","dateModified":"2025-03-24T11:58:20+00:00","description":"D\u00e9couvrez le plaisir d'un accord parfait \u00e0 Bouquet d'Alella. Profitez d'une visite guid\u00e9e \u00e0 travers les vignes et r\u00e9galez-vous avec une d\u00e9gustation exclusive de quatre vins et de trois jambons ib\u00e9riques s\u00e9lectionn\u00e9s.","breadcrumb":{"@id":"https:\/\/bk10426.bouquetdalella.com\/fr\/produit\/musique-et-vin\/#breadcrumb"},"inLanguage":"fr-FR","potentialAction":[{"@type":"ReadAction","target":["https:\/\/bk10426.bouquetdalella.com\/fr\/produit\/musique-et-vin\/"]}]},{"@type":"ImageObject","inLanguage":"fr-FR","@id":"https:\/\/bk10426.bouquetdalella.com\/fr\/produit\/musique-et-vin\/#primaryimage","url":"https:\/\/bk10426.bouquetdalella.com\/wp-content\/uploads\/2025\/03\/bouquet_musica_vi-1.jpg","contentUrl":"https:\/\/bk10426.bouquetdalella.com\/wp-content\/uploads\/2025\/03\/bouquet_musica_vi-1.jpg","width":701,"height":521},{"@type":"BreadcrumbList","@id":"https:\/\/bk10426.bouquetdalella.com\/fr\/produit\/musique-et-vin\/#breadcrumb","itemListElement":[{"@type":"ListItem","position":1,"name":"Inici","item":"https:\/\/bk10426.bouquetdalella.com\/fr\/"},{"@type":"ListItem","position":2,"name":"Boutique","item":"https:\/\/bk10426.bouquetdalella.com\/fr\/boutique\/"},{"@type":"ListItem","position":3,"name":"Musique et vin"}]},{"@type":"WebSite","@id":"https:\/\/bk10426.bouquetdalella.com\/fr\/#website","url":"https:\/\/bk10426.bouquetdalella.com\/fr\/","name":"Bouquet d&#039;Alella","description":"El Celler Bouquet d\u2019Alella neix amb la clara intenci\u00f3 d\u2019explotar dues vessants diferents per\u00f2 complement\u00e0ries en el mon del vi. Per una banda, la producci\u00f3n i venda de vins ecol\u00f2gics de qualitat i per l\u2019altra la promoci\u00f3 de l\u2019enoturisme.","publisher":{"@id":"https:\/\/bk10426.bouquetdalella.com\/fr\/#organization"},"potentialAction":[{"@type":"SearchAction","target":{"@type":"EntryPoint","urlTemplate":"https:\/\/bk10426.bouquetdalella.com\/fr\/?s={search_term_string}"},"query-input":{"@type":"PropertyValueSpecification","valueRequired":true,"valueName":"search_term_string"}}],"inLanguage":"fr-FR"},{"@type":"Organization","@id":"https:\/\/bk10426.bouquetdalella.com\/fr\/#organization","name":"Bouquet d&#039;Alella","url":"https:\/\/bk10426.bouquetdalella.com\/fr\/","logo":{"@type":"ImageObject","inLanguage":"fr-FR","@id":"https:\/\/bk10426.bouquetdalella.com\/fr\/#\/schema\/logo\/image\/","url":"https:\/\/bk10426.bouquetdalella.com\/wp-content\/uploads\/2023\/04\/cropped-cropped-cropped-logo_bouquet_d_alella-2-300x53-1.png","contentUrl":"https:\/\/bk10426.bouquetdalella.com\/wp-content\/uploads\/2023\/04\/cropped-cropped-cropped-logo_bouquet_d_alella-2-300x53-1.png","width":300,"height":52,"caption":"Bouquet d&#039;Alella"},"image":{"@id":"https:\/\/bk10426.bouquetdalella.com\/fr\/#\/schema\/logo\/image\/"}}]}},"_links":{"self":[{"href":"https:\/\/bk10426.bouquetdalella.com\/fr\/wp-json\/wp\/v2\/product\/30632","targetHints":{"allow":["GET"]}}],"collection":[{"href":"https:\/\/bk10426.bouquetdalella.com\/fr\/wp-json\/wp\/v2\/product"}],"about":[{"href":"https:\/\/bk10426.bouquetdalella.com\/fr\/wp-json\/wp\/v2\/types\/product"}],"version-history":[{"count":0,"href":"https:\/\/bk10426.bouquetdalella.com\/fr\/wp-json\/wp\/v2\/product\/30632\/revisions"}],"wp:featuredmedia":[{"embeddable":true,"href":"https:\/\/bk10426.bouquetdalella.com\/fr\/wp-json\/wp\/v2\/media\/30656"}],"wp:attachment":[{"href":"https:\/\/bk10426.bouquetdalella.com\/fr\/wp-json\/wp\/v2\/media?parent=30632"}],"wp:term":[{"taxonomy":"product_brand","embeddable":true,"href":"https:\/\/bk10426.bouquetdalella.com\/fr\/wp-json\/wp\/v2\/product_brand?post=30632"},{"taxonomy":"product_cat","embeddable":true,"href":"https:\/\/bk10426.bouquetdalella.com\/fr\/wp-json\/wp\/v2\/product_cat?post=30632"},{"taxonomy":"product_tag","embeddable":true,"href":"https:\/\/bk10426.bouquetdalella.com\/fr\/wp-json\/wp\/v2\/product_tag?post=30632"}],"curies":[{"name":"wp","href":"https:\/\/api.w.org\/{rel}","templated":true}]}}