{"id":30524,"date":"2025-03-17T11:29:21","date_gmt":"2025-03-17T10:29:21","guid":{"rendered":"https:\/\/bk10426.bouquetdalella.com\/?post_type=product&#038;p=30524"},"modified":"2026-02-27T08:43:31","modified_gmt":"2026-02-27T07:43:31","slug":"degustation-de-vins-et-jambons","status":"publish","type":"product","link":"https:\/\/bk10426.bouquetdalella.com\/fr\/produit\/degustation-de-vins-et-jambons\/","title":{"rendered":"D\u00e9gustation de Vins et de Jambons Ib\u00e9riques avec Visite Guid\u00e9e"},"content":{"rendered":"\t\t<div data-elementor-type=\"product-post\" data-elementor-id=\"30524\" class=\"elementor elementor-30524 elementor-30518\" data-elementor-post-type=\"product\">\n\t\t\t\t\t\t<section class=\"elementor-section elementor-top-section elementor-element elementor-element-720aa27b elementor-section-boxed elementor-section-height-default elementor-section-height-default\" data-id=\"720aa27b\" data-element_type=\"section\" data-e-type=\"section\">\n\t\t\t\t\t\t<div class=\"elementor-container elementor-column-gap-default\">\n\t\t\t\t\t<div class=\"elementor-column elementor-col-100 elementor-top-column elementor-element elementor-element-781c0759\" data-id=\"781c0759\" data-element_type=\"column\" data-e-type=\"column\">\n\t\t\t<div class=\"elementor-widget-wrap elementor-element-populated\">\n\t\t\t\t\t\t\t<\/div>\n\t\t<\/div>\n\t\t\t\t\t<\/div>\n\t\t<\/section>\n\t\t\t\t<\/div>\n\t\t","protected":false},"excerpt":{"rendered":"<p>D\u00e9couvrez le plaisir d&rsquo;un accord parfait \u00e0 Bouquet d&rsquo;Alella. Profitez d&rsquo;une visite guid\u00e9e \u00e0 travers les vignes et r\u00e9galez-vous avec une d\u00e9gustation exclusive de quatre vins et de trois jambons ib\u00e9riques s\u00e9lectionn\u00e9s.<\/p>\n<p>Une exp\u00e9rience sensorielle unique pour les palais les plus curieux !<\/p>\n<p><strong>Le prix comprend :<\/strong><\/p>\n<p>\u2013 D\u00e9gustation de 3 types de jambon ib\u00e9rique.<br \/>\n\u2013 D\u00e9gustation de 4 vins Bouquet d&rsquo;Alella.<br \/>\n\u2013 Visite guid\u00e9e du vignoble et de la cave.<\/p>\n<p><strong>Dur\u00e9e :<\/strong> 2 heures<\/p>\n<p><strong>Prochaines sessions:<\/strong><\/p>\n<p>14 f\u00e9vrier 2026; 14 mars 2026;<\/p>\n<p>11 avril 2026; 16 mai 2026 ; 13 juin 2026 ;<\/p>\n<p>11 juillet 2026 ; 12 septembre 2026 ;<\/p>\n<p>17 octobre 2026 ; 14 novembre 2026 ; 12 d\u00e9cembre 2026.<\/p>\n<p>&nbsp;<br \/>\n[fareharbor shortname=\"bouquetdalella\" fallback=\"simple\" full_items=\"yes\" flow=\"1393186\" items=\"631248\" type=\"responsive\" language=\"fr\"]<\/p>\n","protected":false},"featured_media":30510,"template":"","meta":{"_acf_changed":false},"product_brand":[],"product_cat":[363],"product_tag":[390],"class_list":{"0":"post-30524","1":"product","2":"type-product","3":"status-publish","4":"has-post-thumbnail","6":"product_cat-reservable","7":"product_tag-fareharbor-fr","9":"first","10":"outofstock","11":"taxable","12":"shipping-taxable","13":"purchasable","14":"product-type-variable"},"acf":[],"yoast_head":"<!-- This site is optimized with the Yoast SEO plugin v27.4 - https:\/\/yoast.com\/product\/yoast-seo-wordpress\/ -->\n<title>D\u00e9gustation de Vins et de Jambons Ib\u00e9riques avec Visite Guid\u00e9e - Bouquet d&#039;Alella<\/title>\n<meta name=\"description\" content=\"D\u00e9couvrez le plaisir d&#039;un accord parfait \u00e0 Bouquet d&#039;Alella. Profitez d&#039;une visite guid\u00e9e \u00e0 travers les vignes et r\u00e9galez-vous avec une d\u00e9gustation exclusive de quatre vins et de trois jambons ib\u00e9riques s\u00e9lectionn\u00e9s.\" \/>\n<meta name=\"robots\" content=\"noindex, follow, max-snippet:-1, max-image-preview:large, max-video-preview:-1\" \/>\n<meta property=\"og:locale\" content=\"fr_FR\" \/>\n<meta property=\"og:type\" content=\"article\" \/>\n<meta property=\"og:title\" content=\"D\u00e9gustation de Vins et de Jambons Ib\u00e9riques avec Visite Guid\u00e9e - Bouquet d&#039;Alella\" \/>\n<meta property=\"og:description\" content=\"D\u00e9couvrez le plaisir d&#039;un accord parfait \u00e0 Bouquet d&#039;Alella. Profitez d&#039;une visite guid\u00e9e \u00e0 travers les vignes et r\u00e9galez-vous avec une d\u00e9gustation exclusive de quatre vins et de trois jambons ib\u00e9riques s\u00e9lectionn\u00e9s.\" \/>\n<meta property=\"og:url\" content=\"https:\/\/bk10426.bouquetdalella.com\/fr\/produit\/degustation-de-vins-et-jambons\/\" \/>\n<meta property=\"og:site_name\" content=\"Bouquet d&#039;Alella\" \/>\n<meta property=\"article:modified_time\" content=\"2026-02-27T07:43:31+00:00\" \/>\n<meta property=\"og:image\" content=\"https:\/\/bk10426.bouquetdalella.com\/wp-content\/uploads\/2025\/03\/Maridatge-Penil-i-Vi-Ok.jpeg\" \/>\n\t<meta property=\"og:image:width\" content=\"1200\" \/>\n\t<meta property=\"og:image:height\" content=\"1600\" \/>\n\t<meta property=\"og:image:type\" content=\"image\/jpeg\" \/>\n<meta name=\"twitter:card\" content=\"summary_large_image\" \/>\n<meta name=\"twitter:label1\" content=\"Dur\u00e9e de lecture estim\u00e9e\" \/>\n\t<meta name=\"twitter:data1\" content=\"1 minute\" \/>\n<script type=\"application\/ld+json\" class=\"yoast-schema-graph\">{\"@context\":\"https:\\\/\\\/schema.org\",\"@graph\":[{\"@type\":\"WebPage\",\"@id\":\"https:\\\/\\\/bk10426.bouquetdalella.com\\\/fr\\\/produit\\\/degustation-de-vins-et-jambons\\\/\",\"url\":\"https:\\\/\\\/bk10426.bouquetdalella.com\\\/fr\\\/produit\\\/degustation-de-vins-et-jambons\\\/\",\"name\":\"D\u00e9gustation de Vins et de Jambons Ib\u00e9riques avec Visite Guid\u00e9e - Bouquet d&#039;Alella\",\"isPartOf\":{\"@id\":\"https:\\\/\\\/bk10426.bouquetdalella.com\\\/fr\\\/#website\"},\"primaryImageOfPage\":{\"@id\":\"https:\\\/\\\/bk10426.bouquetdalella.com\\\/fr\\\/produit\\\/degustation-de-vins-et-jambons\\\/#primaryimage\"},\"image\":{\"@id\":\"https:\\\/\\\/bk10426.bouquetdalella.com\\\/fr\\\/produit\\\/degustation-de-vins-et-jambons\\\/#primaryimage\"},\"thumbnailUrl\":\"https:\\\/\\\/bk10426.bouquetdalella.com\\\/wp-content\\\/uploads\\\/2025\\\/03\\\/Maridatge-Penil-i-Vi-Ok.jpeg\",\"datePublished\":\"2025-03-17T10:29:21+00:00\",\"dateModified\":\"2026-02-27T07:43:31+00:00\",\"description\":\"D\u00e9couvrez le plaisir d'un accord parfait \u00e0 Bouquet d'Alella. Profitez d'une visite guid\u00e9e \u00e0 travers les vignes et r\u00e9galez-vous avec une d\u00e9gustation exclusive de quatre vins et de trois jambons ib\u00e9riques s\u00e9lectionn\u00e9s.\",\"breadcrumb\":{\"@id\":\"https:\\\/\\\/bk10426.bouquetdalella.com\\\/fr\\\/produit\\\/degustation-de-vins-et-jambons\\\/#breadcrumb\"},\"inLanguage\":\"fr-FR\",\"potentialAction\":[{\"@type\":\"ReadAction\",\"target\":[\"https:\\\/\\\/bk10426.bouquetdalella.com\\\/fr\\\/produit\\\/degustation-de-vins-et-jambons\\\/\"]}]},{\"@type\":\"ImageObject\",\"inLanguage\":\"fr-FR\",\"@id\":\"https:\\\/\\\/bk10426.bouquetdalella.com\\\/fr\\\/produit\\\/degustation-de-vins-et-jambons\\\/#primaryimage\",\"url\":\"https:\\\/\\\/bk10426.bouquetdalella.com\\\/wp-content\\\/uploads\\\/2025\\\/03\\\/Maridatge-Penil-i-Vi-Ok.jpeg\",\"contentUrl\":\"https:\\\/\\\/bk10426.bouquetdalella.com\\\/wp-content\\\/uploads\\\/2025\\\/03\\\/Maridatge-Penil-i-Vi-Ok.jpeg\",\"width\":1200,\"height\":1600},{\"@type\":\"BreadcrumbList\",\"@id\":\"https:\\\/\\\/bk10426.bouquetdalella.com\\\/fr\\\/produit\\\/degustation-de-vins-et-jambons\\\/#breadcrumb\",\"itemListElement\":[{\"@type\":\"ListItem\",\"position\":1,\"name\":\"Inici\",\"item\":\"https:\\\/\\\/bk10426.bouquetdalella.com\\\/fr\\\/\"},{\"@type\":\"ListItem\",\"position\":2,\"name\":\"Boutique\",\"item\":\"https:\\\/\\\/bk10426.bouquetdalella.com\\\/fr\\\/boutique\\\/\"},{\"@type\":\"ListItem\",\"position\":3,\"name\":\"D\u00e9gustation de Vins et de Jambons Ib\u00e9riques avec Visite Guid\u00e9e\"}]},{\"@type\":\"WebSite\",\"@id\":\"https:\\\/\\\/bk10426.bouquetdalella.com\\\/fr\\\/#website\",\"url\":\"https:\\\/\\\/bk10426.bouquetdalella.com\\\/fr\\\/\",\"name\":\"Bouquet d&#039;Alella\",\"description\":\"El Celler Bouquet d\u2019Alella neix amb la clara intenci\u00f3 d\u2019explotar dues vessants diferents per\u00f2 complement\u00e0ries en el mon del vi. Per una banda, la producci\u00f3n i venda de vins ecol\u00f2gics de qualitat i per l\u2019altra la promoci\u00f3 de l\u2019enoturisme.\",\"publisher\":{\"@id\":\"https:\\\/\\\/bk10426.bouquetdalella.com\\\/fr\\\/#organization\"},\"potentialAction\":[{\"@type\":\"SearchAction\",\"target\":{\"@type\":\"EntryPoint\",\"urlTemplate\":\"https:\\\/\\\/bk10426.bouquetdalella.com\\\/fr\\\/?s={search_term_string}\"},\"query-input\":{\"@type\":\"PropertyValueSpecification\",\"valueRequired\":true,\"valueName\":\"search_term_string\"}}],\"inLanguage\":\"fr-FR\"},{\"@type\":\"Organization\",\"@id\":\"https:\\\/\\\/bk10426.bouquetdalella.com\\\/fr\\\/#organization\",\"name\":\"Bouquet d&#039;Alella\",\"url\":\"https:\\\/\\\/bk10426.bouquetdalella.com\\\/fr\\\/\",\"logo\":{\"@type\":\"ImageObject\",\"inLanguage\":\"fr-FR\",\"@id\":\"https:\\\/\\\/bk10426.bouquetdalella.com\\\/fr\\\/#\\\/schema\\\/logo\\\/image\\\/\",\"url\":\"https:\\\/\\\/bk10426.bouquetdalella.com\\\/wp-content\\\/uploads\\\/2023\\\/04\\\/cropped-cropped-cropped-logo_bouquet_d_alella-2-300x53-1.png\",\"contentUrl\":\"https:\\\/\\\/bk10426.bouquetdalella.com\\\/wp-content\\\/uploads\\\/2023\\\/04\\\/cropped-cropped-cropped-logo_bouquet_d_alella-2-300x53-1.png\",\"width\":300,\"height\":52,\"caption\":\"Bouquet d&#039;Alella\"},\"image\":{\"@id\":\"https:\\\/\\\/bk10426.bouquetdalella.com\\\/fr\\\/#\\\/schema\\\/logo\\\/image\\\/\"}}]}<\/script>\n<!-- \/ Yoast SEO plugin. -->","yoast_head_json":{"title":"D\u00e9gustation de Vins et de Jambons Ib\u00e9riques avec Visite Guid\u00e9e - Bouquet d&#039;Alella","description":"D\u00e9couvrez le plaisir d'un accord parfait \u00e0 Bouquet d'Alella. Profitez d'une visite guid\u00e9e \u00e0 travers les vignes et r\u00e9galez-vous avec une d\u00e9gustation exclusive de quatre vins et de trois jambons ib\u00e9riques s\u00e9lectionn\u00e9s.","robots":{"index":"noindex","follow":"follow","max-snippet":"max-snippet:-1","max-image-preview":"max-image-preview:large","max-video-preview":"max-video-preview:-1"},"og_locale":"fr_FR","og_type":"article","og_title":"D\u00e9gustation de Vins et de Jambons Ib\u00e9riques avec Visite Guid\u00e9e - Bouquet d&#039;Alella","og_description":"D\u00e9couvrez le plaisir d'un accord parfait \u00e0 Bouquet d'Alella. Profitez d'une visite guid\u00e9e \u00e0 travers les vignes et r\u00e9galez-vous avec une d\u00e9gustation exclusive de quatre vins et de trois jambons ib\u00e9riques s\u00e9lectionn\u00e9s.","og_url":"https:\/\/bk10426.bouquetdalella.com\/fr\/produit\/degustation-de-vins-et-jambons\/","og_site_name":"Bouquet d&#039;Alella","article_modified_time":"2026-02-27T07:43:31+00:00","og_image":[{"width":1200,"height":1600,"url":"https:\/\/bk10426.bouquetdalella.com\/wp-content\/uploads\/2025\/03\/Maridatge-Penil-i-Vi-Ok.jpeg","type":"image\/jpeg"}],"twitter_card":"summary_large_image","twitter_misc":{"Dur\u00e9e de lecture estim\u00e9e":"1 minute"},"schema":{"@context":"https:\/\/schema.org","@graph":[{"@type":"WebPage","@id":"https:\/\/bk10426.bouquetdalella.com\/fr\/produit\/degustation-de-vins-et-jambons\/","url":"https:\/\/bk10426.bouquetdalella.com\/fr\/produit\/degustation-de-vins-et-jambons\/","name":"D\u00e9gustation de Vins et de Jambons Ib\u00e9riques avec Visite Guid\u00e9e - Bouquet d&#039;Alella","isPartOf":{"@id":"https:\/\/bk10426.bouquetdalella.com\/fr\/#website"},"primaryImageOfPage":{"@id":"https:\/\/bk10426.bouquetdalella.com\/fr\/produit\/degustation-de-vins-et-jambons\/#primaryimage"},"image":{"@id":"https:\/\/bk10426.bouquetdalella.com\/fr\/produit\/degustation-de-vins-et-jambons\/#primaryimage"},"thumbnailUrl":"https:\/\/bk10426.bouquetdalella.com\/wp-content\/uploads\/2025\/03\/Maridatge-Penil-i-Vi-Ok.jpeg","datePublished":"2025-03-17T10:29:21+00:00","dateModified":"2026-02-27T07:43:31+00:00","description":"D\u00e9couvrez le plaisir d'un accord parfait \u00e0 Bouquet d'Alella. Profitez d'une visite guid\u00e9e \u00e0 travers les vignes et r\u00e9galez-vous avec une d\u00e9gustation exclusive de quatre vins et de trois jambons ib\u00e9riques s\u00e9lectionn\u00e9s.","breadcrumb":{"@id":"https:\/\/bk10426.bouquetdalella.com\/fr\/produit\/degustation-de-vins-et-jambons\/#breadcrumb"},"inLanguage":"fr-FR","potentialAction":[{"@type":"ReadAction","target":["https:\/\/bk10426.bouquetdalella.com\/fr\/produit\/degustation-de-vins-et-jambons\/"]}]},{"@type":"ImageObject","inLanguage":"fr-FR","@id":"https:\/\/bk10426.bouquetdalella.com\/fr\/produit\/degustation-de-vins-et-jambons\/#primaryimage","url":"https:\/\/bk10426.bouquetdalella.com\/wp-content\/uploads\/2025\/03\/Maridatge-Penil-i-Vi-Ok.jpeg","contentUrl":"https:\/\/bk10426.bouquetdalella.com\/wp-content\/uploads\/2025\/03\/Maridatge-Penil-i-Vi-Ok.jpeg","width":1200,"height":1600},{"@type":"BreadcrumbList","@id":"https:\/\/bk10426.bouquetdalella.com\/fr\/produit\/degustation-de-vins-et-jambons\/#breadcrumb","itemListElement":[{"@type":"ListItem","position":1,"name":"Inici","item":"https:\/\/bk10426.bouquetdalella.com\/fr\/"},{"@type":"ListItem","position":2,"name":"Boutique","item":"https:\/\/bk10426.bouquetdalella.com\/fr\/boutique\/"},{"@type":"ListItem","position":3,"name":"D\u00e9gustation de Vins et de Jambons Ib\u00e9riques avec Visite Guid\u00e9e"}]},{"@type":"WebSite","@id":"https:\/\/bk10426.bouquetdalella.com\/fr\/#website","url":"https:\/\/bk10426.bouquetdalella.com\/fr\/","name":"Bouquet d&#039;Alella","description":"El Celler Bouquet d\u2019Alella neix amb la clara intenci\u00f3 d\u2019explotar dues vessants diferents per\u00f2 complement\u00e0ries en el mon del vi. Per una banda, la producci\u00f3n i venda de vins ecol\u00f2gics de qualitat i per l\u2019altra la promoci\u00f3 de l\u2019enoturisme.","publisher":{"@id":"https:\/\/bk10426.bouquetdalella.com\/fr\/#organization"},"potentialAction":[{"@type":"SearchAction","target":{"@type":"EntryPoint","urlTemplate":"https:\/\/bk10426.bouquetdalella.com\/fr\/?s={search_term_string}"},"query-input":{"@type":"PropertyValueSpecification","valueRequired":true,"valueName":"search_term_string"}}],"inLanguage":"fr-FR"},{"@type":"Organization","@id":"https:\/\/bk10426.bouquetdalella.com\/fr\/#organization","name":"Bouquet d&#039;Alella","url":"https:\/\/bk10426.bouquetdalella.com\/fr\/","logo":{"@type":"ImageObject","inLanguage":"fr-FR","@id":"https:\/\/bk10426.bouquetdalella.com\/fr\/#\/schema\/logo\/image\/","url":"https:\/\/bk10426.bouquetdalella.com\/wp-content\/uploads\/2023\/04\/cropped-cropped-cropped-logo_bouquet_d_alella-2-300x53-1.png","contentUrl":"https:\/\/bk10426.bouquetdalella.com\/wp-content\/uploads\/2023\/04\/cropped-cropped-cropped-logo_bouquet_d_alella-2-300x53-1.png","width":300,"height":52,"caption":"Bouquet d&#039;Alella"},"image":{"@id":"https:\/\/bk10426.bouquetdalella.com\/fr\/#\/schema\/logo\/image\/"}}]}},"_links":{"self":[{"href":"https:\/\/bk10426.bouquetdalella.com\/fr\/wp-json\/wp\/v2\/product\/30524","targetHints":{"allow":["GET"]}}],"collection":[{"href":"https:\/\/bk10426.bouquetdalella.com\/fr\/wp-json\/wp\/v2\/product"}],"about":[{"href":"https:\/\/bk10426.bouquetdalella.com\/fr\/wp-json\/wp\/v2\/types\/product"}],"version-history":[{"count":3,"href":"https:\/\/bk10426.bouquetdalella.com\/fr\/wp-json\/wp\/v2\/product\/30524\/revisions"}],"predecessor-version":[{"id":36342,"href":"https:\/\/bk10426.bouquetdalella.com\/fr\/wp-json\/wp\/v2\/product\/30524\/revisions\/36342"}],"wp:featuredmedia":[{"embeddable":true,"href":"https:\/\/bk10426.bouquetdalella.com\/fr\/wp-json\/wp\/v2\/media\/30510"}],"wp:attachment":[{"href":"https:\/\/bk10426.bouquetdalella.com\/fr\/wp-json\/wp\/v2\/media?parent=30524"}],"wp:term":[{"taxonomy":"product_brand","embeddable":true,"href":"https:\/\/bk10426.bouquetdalella.com\/fr\/wp-json\/wp\/v2\/product_brand?post=30524"},{"taxonomy":"product_cat","embeddable":true,"href":"https:\/\/bk10426.bouquetdalella.com\/fr\/wp-json\/wp\/v2\/product_cat?post=30524"},{"taxonomy":"product_tag","embeddable":true,"href":"https:\/\/bk10426.bouquetdalella.com\/fr\/wp-json\/wp\/v2\/product_tag?post=30524"}],"curies":[{"name":"wp","href":"https:\/\/api.w.org\/{rel}","templated":true}]}}