{"id":24207,"date":"2023-12-18T14:14:59","date_gmt":"2023-12-18T13:14:59","guid":{"rendered":"https:\/\/bk10426.bouquetdalella.com\/producte\/soupes-dhiver\/"},"modified":"2023-12-18T14:14:59","modified_gmt":"2023-12-18T13:14:59","slug":"soupes-dhiver","status":"publish","type":"product","link":"https:\/\/bk10426.bouquetdalella.com\/fr\/produit\/soupes-dhiver\/","title":{"rendered":"Soupes d&rsquo;Hiver"},"content":{"rendered":"","protected":false},"excerpt":{"rendered":"<p><span style=\"font-weight: 400;\">Description du Produit : Rejoignez-nous une fois de plus pour cuisiner et savourer des plats succulents associ\u00e9s aux meilleurs vins. Nous avons des soupes pour tous les go\u00fbts et dans toutes leurs vari\u00e9t\u00e9s. Notre chef, Annette Schroeder, expliquera et cuisinera quatre recettes, que nous marierons ensuite avec nos vins.<\/span><\/p>\n<p>&nbsp;<\/p>\n<p><b>L&rsquo;activit\u00e9 comprend :<\/b><span style=\"font-weight: 400;\"> Atelier de Cuisine\/Accords Mets et Vins : 4 plats + 4 vins.<\/span><\/p>\n<p><b>Dur\u00e9e :<\/b><span style=\"font-weight: 400;\"> 2,5 heures.<\/span><\/p>\n<p><b>Date\u00a0<\/b><span style=\"font-weight: 400;\">: 25 Janvier 2024.<\/span><\/p>\n<p>&nbsp;<\/p>\n<p><span style=\"font-weight: 400;\">Choisissez Votre Horaire :<\/span><\/p>\n<ul>\n<li style=\"font-weight: 400;\" aria-level=\"1\"><span style=\"font-weight: 400;\">Matin \u00e0 10h30.<\/span><\/li>\n<li style=\"font-weight: 400;\" aria-level=\"1\"><span style=\"font-weight: 400;\">Soir \u00e0 18h30.<\/span><\/li>\n<\/ul>\n<p>&nbsp;<\/p>\n<p><b>Le menu \u00e0 pr\u00e9parer sera le suivant :<\/b><\/p>\n<ul>\n<li><b>Soupe de Lentilles Rouges au Curry avec Tomate et Lait de Coco<\/b><span style=\"font-weight: 400;\">. \u00c9pices chaudes avec une touche \u00e9pic\u00e9e de curry, la richesse de la prot\u00e9ine de lentille et une finition soyeuse avec du lait de coco. Une soupe v\u00e9g\u00e9talienne pleine de saveur.<br \/>\n<\/span><b>Bouquet d\u2019Alella Blanc 2022<\/p>\n<p><\/b><\/li>\n<li><b> Cr\u00e8me de Chou Fris\u00e9 et \u00c9pinards aux Noisettes.<\/b><span style=\"font-weight: 400;\"> Fer, min\u00e9raux et toutes les vitamines dont vous avez besoin cette saison dans une cr\u00e8me avec un croquant de noisettes caram\u00e9lis\u00e9es.<br \/>\n<\/span><b>Entre Amics Blanc 2022<\/p>\n<p><\/b><\/li>\n<li><b> Soupe de Potiron au Sirop d&rsquo;\u00c9rable.<\/b><span style=\"font-weight: 400;\"> D\u00e9licieuse combinaison de saveurs sucr\u00e9es et sal\u00e9es.\u00a0 R\u00e9miniscences de soleil dans chaque bouch\u00e9e.<br \/>\n<\/span><b>Bouquet d\u2019Alella Blanc+ 2022<\/p>\n<p><\/b><\/li>\n<li><b>Soupe Norv\u00e9gienne de Poissons.<\/b><span style=\"font-weight: 400;\"> La mer du Nord nous offre ce cadeau. Nous la pr\u00e9parerons en suivant les secrets des p\u00eacheurs nordiques. Biscuits \u00e0 l&rsquo;Oignon Caram\u00e9lis\u00e9 pour tremper.<br \/>\n<\/span><b>Bouquet d\u2019Alella Garnaxa Rosada 2022<\/b><\/li>\n<\/ul>\n<p>&nbsp;<\/p>\n","protected":false},"featured_media":23968,"template":"","meta":{"_acf_changed":false},"product_brand":[],"product_cat":[363],"product_tag":[383],"class_list":{"0":"post-24207","1":"product","2":"type-product","3":"status-publish","4":"has-post-thumbnail","6":"product_cat-reservable","7":"product_tag-comprar-fr","9":"first","10":"outofstock","11":"taxable","12":"shipping-taxable","13":"purchasable","14":"product-type-variable"},"acf":[],"yoast_head":"<!-- This site is optimized with the Yoast SEO plugin v27.3 - https:\/\/yoast.com\/product\/yoast-seo-wordpress\/ -->\n<title>Soupes d&#039;Hiver - Bouquet d&#039;Alella<\/title>\n<meta name=\"description\" content=\"Une bonne soupe est toujours la bienvenue en cette saison. Nous avons pr\u00e9par\u00e9 cet atelier d&#039;accords sp\u00e9cialement pour vous. Rejoignez-nous le jour 25 Janvier.\" \/>\n<meta name=\"robots\" content=\"noindex, follow, max-snippet:-1, max-image-preview:large, max-video-preview:-1\" \/>\n<meta property=\"og:locale\" content=\"fr_FR\" \/>\n<meta property=\"og:type\" content=\"article\" \/>\n<meta property=\"og:title\" content=\"Soupes d&#039;Hiver - Bouquet d&#039;Alella\" \/>\n<meta property=\"og:description\" content=\"Une bonne soupe est toujours la bienvenue en cette saison. Nous avons pr\u00e9par\u00e9 cet atelier d&#039;accords sp\u00e9cialement pour vous. Rejoignez-nous le jour 25 Janvier.\" \/>\n<meta property=\"og:url\" content=\"https:\/\/bk10426.bouquetdalella.com\/fr\/produit\/soupes-dhiver\/\" \/>\n<meta property=\"og:site_name\" content=\"Bouquet d&#039;Alella\" \/>\n<meta property=\"og:image\" content=\"https:\/\/bk10426.bouquetdalella.com\/wp-content\/uploads\/2023\/12\/foto-de-portada.jpg\" \/>\n\t<meta property=\"og:image:width\" content=\"1200\" \/>\n\t<meta property=\"og:image:height\" content=\"900\" \/>\n\t<meta property=\"og:image:type\" content=\"image\/jpeg\" \/>\n<meta name=\"twitter:card\" content=\"summary_large_image\" \/>\n<script type=\"application\/ld+json\" class=\"yoast-schema-graph\">{\"@context\":\"https:\\\/\\\/schema.org\",\"@graph\":[{\"@type\":\"WebPage\",\"@id\":\"https:\\\/\\\/bk10426.bouquetdalella.com\\\/fr\\\/produit\\\/soupes-dhiver\\\/\",\"url\":\"https:\\\/\\\/bk10426.bouquetdalella.com\\\/fr\\\/produit\\\/soupes-dhiver\\\/\",\"name\":\"Soupes d'Hiver - Bouquet d&#039;Alella\",\"isPartOf\":{\"@id\":\"https:\\\/\\\/bk10426.bouquetdalella.com\\\/fr\\\/#website\"},\"primaryImageOfPage\":{\"@id\":\"https:\\\/\\\/bk10426.bouquetdalella.com\\\/fr\\\/produit\\\/soupes-dhiver\\\/#primaryimage\"},\"image\":{\"@id\":\"https:\\\/\\\/bk10426.bouquetdalella.com\\\/fr\\\/produit\\\/soupes-dhiver\\\/#primaryimage\"},\"thumbnailUrl\":\"https:\\\/\\\/bk10426.bouquetdalella.com\\\/wp-content\\\/uploads\\\/2023\\\/12\\\/foto-de-portada.jpg\",\"datePublished\":\"2023-12-18T13:14:59+00:00\",\"description\":\"Une bonne soupe est toujours la bienvenue en cette saison. Nous avons pr\u00e9par\u00e9 cet atelier d'accords sp\u00e9cialement pour vous. Rejoignez-nous le jour 25 Janvier.\",\"breadcrumb\":{\"@id\":\"https:\\\/\\\/bk10426.bouquetdalella.com\\\/fr\\\/produit\\\/soupes-dhiver\\\/#breadcrumb\"},\"inLanguage\":\"fr-FR\",\"potentialAction\":[{\"@type\":\"ReadAction\",\"target\":[\"https:\\\/\\\/bk10426.bouquetdalella.com\\\/fr\\\/produit\\\/soupes-dhiver\\\/\"]}]},{\"@type\":\"ImageObject\",\"inLanguage\":\"fr-FR\",\"@id\":\"https:\\\/\\\/bk10426.bouquetdalella.com\\\/fr\\\/produit\\\/soupes-dhiver\\\/#primaryimage\",\"url\":\"https:\\\/\\\/bk10426.bouquetdalella.com\\\/wp-content\\\/uploads\\\/2023\\\/12\\\/foto-de-portada.jpg\",\"contentUrl\":\"https:\\\/\\\/bk10426.bouquetdalella.com\\\/wp-content\\\/uploads\\\/2023\\\/12\\\/foto-de-portada.jpg\",\"width\":1200,\"height\":900},{\"@type\":\"BreadcrumbList\",\"@id\":\"https:\\\/\\\/bk10426.bouquetdalella.com\\\/fr\\\/produit\\\/soupes-dhiver\\\/#breadcrumb\",\"itemListElement\":[{\"@type\":\"ListItem\",\"position\":1,\"name\":\"Inici\",\"item\":\"https:\\\/\\\/bk10426.bouquetdalella.com\\\/fr\\\/\"},{\"@type\":\"ListItem\",\"position\":2,\"name\":\"Boutique\",\"item\":\"https:\\\/\\\/bk10426.bouquetdalella.com\\\/fr\\\/boutique\\\/\"},{\"@type\":\"ListItem\",\"position\":3,\"name\":\"Soupes d&#8217;Hiver\"}]},{\"@type\":\"WebSite\",\"@id\":\"https:\\\/\\\/bk10426.bouquetdalella.com\\\/fr\\\/#website\",\"url\":\"https:\\\/\\\/bk10426.bouquetdalella.com\\\/fr\\\/\",\"name\":\"Bouquet d&#039;Alella\",\"description\":\"El Celler Bouquet d\u2019Alella neix amb la clara intenci\u00f3 d\u2019explotar dues vessants diferents per\u00f2 complement\u00e0ries en el mon del vi. Per una banda, la producci\u00f3n i venda de vins ecol\u00f2gics de qualitat i per l\u2019altra la promoci\u00f3 de l\u2019enoturisme.\",\"publisher\":{\"@id\":\"https:\\\/\\\/bk10426.bouquetdalella.com\\\/fr\\\/#organization\"},\"potentialAction\":[{\"@type\":\"SearchAction\",\"target\":{\"@type\":\"EntryPoint\",\"urlTemplate\":\"https:\\\/\\\/bk10426.bouquetdalella.com\\\/fr\\\/?s={search_term_string}\"},\"query-input\":{\"@type\":\"PropertyValueSpecification\",\"valueRequired\":true,\"valueName\":\"search_term_string\"}}],\"inLanguage\":\"fr-FR\"},{\"@type\":\"Organization\",\"@id\":\"https:\\\/\\\/bk10426.bouquetdalella.com\\\/fr\\\/#organization\",\"name\":\"Bouquet d&#039;Alella\",\"url\":\"https:\\\/\\\/bk10426.bouquetdalella.com\\\/fr\\\/\",\"logo\":{\"@type\":\"ImageObject\",\"inLanguage\":\"fr-FR\",\"@id\":\"https:\\\/\\\/bk10426.bouquetdalella.com\\\/fr\\\/#\\\/schema\\\/logo\\\/image\\\/\",\"url\":\"https:\\\/\\\/bk10426.bouquetdalella.com\\\/wp-content\\\/uploads\\\/2023\\\/04\\\/cropped-cropped-cropped-logo_bouquet_d_alella-2-300x53-1.png\",\"contentUrl\":\"https:\\\/\\\/bk10426.bouquetdalella.com\\\/wp-content\\\/uploads\\\/2023\\\/04\\\/cropped-cropped-cropped-logo_bouquet_d_alella-2-300x53-1.png\",\"width\":300,\"height\":52,\"caption\":\"Bouquet d&#039;Alella\"},\"image\":{\"@id\":\"https:\\\/\\\/bk10426.bouquetdalella.com\\\/fr\\\/#\\\/schema\\\/logo\\\/image\\\/\"}}]}<\/script>\n<!-- \/ Yoast SEO plugin. -->","yoast_head_json":{"title":"Soupes d'Hiver - Bouquet d&#039;Alella","description":"Une bonne soupe est toujours la bienvenue en cette saison. Nous avons pr\u00e9par\u00e9 cet atelier d'accords sp\u00e9cialement pour vous. Rejoignez-nous le jour 25 Janvier.","robots":{"index":"noindex","follow":"follow","max-snippet":"max-snippet:-1","max-image-preview":"max-image-preview:large","max-video-preview":"max-video-preview:-1"},"og_locale":"fr_FR","og_type":"article","og_title":"Soupes d'Hiver - Bouquet d&#039;Alella","og_description":"Une bonne soupe est toujours la bienvenue en cette saison. Nous avons pr\u00e9par\u00e9 cet atelier d'accords sp\u00e9cialement pour vous. Rejoignez-nous le jour 25 Janvier.","og_url":"https:\/\/bk10426.bouquetdalella.com\/fr\/produit\/soupes-dhiver\/","og_site_name":"Bouquet d&#039;Alella","og_image":[{"width":1200,"height":900,"url":"https:\/\/bk10426.bouquetdalella.com\/wp-content\/uploads\/2023\/12\/foto-de-portada.jpg","type":"image\/jpeg"}],"twitter_card":"summary_large_image","schema":{"@context":"https:\/\/schema.org","@graph":[{"@type":"WebPage","@id":"https:\/\/bk10426.bouquetdalella.com\/fr\/produit\/soupes-dhiver\/","url":"https:\/\/bk10426.bouquetdalella.com\/fr\/produit\/soupes-dhiver\/","name":"Soupes d'Hiver - Bouquet d&#039;Alella","isPartOf":{"@id":"https:\/\/bk10426.bouquetdalella.com\/fr\/#website"},"primaryImageOfPage":{"@id":"https:\/\/bk10426.bouquetdalella.com\/fr\/produit\/soupes-dhiver\/#primaryimage"},"image":{"@id":"https:\/\/bk10426.bouquetdalella.com\/fr\/produit\/soupes-dhiver\/#primaryimage"},"thumbnailUrl":"https:\/\/bk10426.bouquetdalella.com\/wp-content\/uploads\/2023\/12\/foto-de-portada.jpg","datePublished":"2023-12-18T13:14:59+00:00","description":"Une bonne soupe est toujours la bienvenue en cette saison. Nous avons pr\u00e9par\u00e9 cet atelier d'accords sp\u00e9cialement pour vous. Rejoignez-nous le jour 25 Janvier.","breadcrumb":{"@id":"https:\/\/bk10426.bouquetdalella.com\/fr\/produit\/soupes-dhiver\/#breadcrumb"},"inLanguage":"fr-FR","potentialAction":[{"@type":"ReadAction","target":["https:\/\/bk10426.bouquetdalella.com\/fr\/produit\/soupes-dhiver\/"]}]},{"@type":"ImageObject","inLanguage":"fr-FR","@id":"https:\/\/bk10426.bouquetdalella.com\/fr\/produit\/soupes-dhiver\/#primaryimage","url":"https:\/\/bk10426.bouquetdalella.com\/wp-content\/uploads\/2023\/12\/foto-de-portada.jpg","contentUrl":"https:\/\/bk10426.bouquetdalella.com\/wp-content\/uploads\/2023\/12\/foto-de-portada.jpg","width":1200,"height":900},{"@type":"BreadcrumbList","@id":"https:\/\/bk10426.bouquetdalella.com\/fr\/produit\/soupes-dhiver\/#breadcrumb","itemListElement":[{"@type":"ListItem","position":1,"name":"Inici","item":"https:\/\/bk10426.bouquetdalella.com\/fr\/"},{"@type":"ListItem","position":2,"name":"Boutique","item":"https:\/\/bk10426.bouquetdalella.com\/fr\/boutique\/"},{"@type":"ListItem","position":3,"name":"Soupes d&#8217;Hiver"}]},{"@type":"WebSite","@id":"https:\/\/bk10426.bouquetdalella.com\/fr\/#website","url":"https:\/\/bk10426.bouquetdalella.com\/fr\/","name":"Bouquet d&#039;Alella","description":"El Celler Bouquet d\u2019Alella neix amb la clara intenci\u00f3 d\u2019explotar dues vessants diferents per\u00f2 complement\u00e0ries en el mon del vi. Per una banda, la producci\u00f3n i venda de vins ecol\u00f2gics de qualitat i per l\u2019altra la promoci\u00f3 de l\u2019enoturisme.","publisher":{"@id":"https:\/\/bk10426.bouquetdalella.com\/fr\/#organization"},"potentialAction":[{"@type":"SearchAction","target":{"@type":"EntryPoint","urlTemplate":"https:\/\/bk10426.bouquetdalella.com\/fr\/?s={search_term_string}"},"query-input":{"@type":"PropertyValueSpecification","valueRequired":true,"valueName":"search_term_string"}}],"inLanguage":"fr-FR"},{"@type":"Organization","@id":"https:\/\/bk10426.bouquetdalella.com\/fr\/#organization","name":"Bouquet d&#039;Alella","url":"https:\/\/bk10426.bouquetdalella.com\/fr\/","logo":{"@type":"ImageObject","inLanguage":"fr-FR","@id":"https:\/\/bk10426.bouquetdalella.com\/fr\/#\/schema\/logo\/image\/","url":"https:\/\/bk10426.bouquetdalella.com\/wp-content\/uploads\/2023\/04\/cropped-cropped-cropped-logo_bouquet_d_alella-2-300x53-1.png","contentUrl":"https:\/\/bk10426.bouquetdalella.com\/wp-content\/uploads\/2023\/04\/cropped-cropped-cropped-logo_bouquet_d_alella-2-300x53-1.png","width":300,"height":52,"caption":"Bouquet d&#039;Alella"},"image":{"@id":"https:\/\/bk10426.bouquetdalella.com\/fr\/#\/schema\/logo\/image\/"}}]}},"_links":{"self":[{"href":"https:\/\/bk10426.bouquetdalella.com\/fr\/wp-json\/wp\/v2\/product\/24207","targetHints":{"allow":["GET"]}}],"collection":[{"href":"https:\/\/bk10426.bouquetdalella.com\/fr\/wp-json\/wp\/v2\/product"}],"about":[{"href":"https:\/\/bk10426.bouquetdalella.com\/fr\/wp-json\/wp\/v2\/types\/product"}],"version-history":[{"count":0,"href":"https:\/\/bk10426.bouquetdalella.com\/fr\/wp-json\/wp\/v2\/product\/24207\/revisions"}],"wp:featuredmedia":[{"embeddable":true,"href":"https:\/\/bk10426.bouquetdalella.com\/fr\/wp-json\/wp\/v2\/media\/23968"}],"wp:attachment":[{"href":"https:\/\/bk10426.bouquetdalella.com\/fr\/wp-json\/wp\/v2\/media?parent=24207"}],"wp:term":[{"taxonomy":"product_brand","embeddable":true,"href":"https:\/\/bk10426.bouquetdalella.com\/fr\/wp-json\/wp\/v2\/product_brand?post=24207"},{"taxonomy":"product_cat","embeddable":true,"href":"https:\/\/bk10426.bouquetdalella.com\/fr\/wp-json\/wp\/v2\/product_cat?post=24207"},{"taxonomy":"product_tag","embeddable":true,"href":"https:\/\/bk10426.bouquetdalella.com\/fr\/wp-json\/wp\/v2\/product_tag?post=24207"}],"curies":[{"name":"wp","href":"https:\/\/api.w.org\/{rel}","templated":true}]}}