{"id":8341,"date":"2022-08-29T13:14:45","date_gmt":"2022-08-29T11:14:45","guid":{"rendered":"https:\/\/bk10426.bouquetdalella.com\/producte\/desayuno-de-tenedor-actividad-de-vendimia\/"},"modified":"2023-08-04T09:51:54","modified_gmt":"2023-08-04T07:51:54","slug":"desayuno-de-tenedor-actividad-de-vendimia","status":"publish","type":"product","link":"https:\/\/bk10426.bouquetdalella.com\/es\/producto\/desayuno-de-tenedor-actividad-de-vendimia\/","title":{"rendered":"Desayuno de tenedor + Actividad de vendimia"},"content":{"rendered":"<h3>Tan s\u00f3lo a 15 km de Barcelona<\/h3>\n<p>Ad lab itur alienum quo, his an dicunt numquam maiorum, il lum repudi cu nam ilum quis.<\/p>\n<h3>Necesario concertar previamente la actividad<\/h3>\n<p>Ad lab itur alienum quo, his an dicunt numquam maiorum, il lum repudi cu nam ilum quis.<\/p>\n<h3>Posibilidad de realizar visitas en ingl\u00e9s y franc\u00e9s<\/h3>\n<h3>Grupos reducidos<\/h3>\n<p>Ad lab itur alienum quo, his an dicunt numquam maiorum, il lum repudi cu nam ilum quis.<\/p>\n<h3>Se dispone de tienda de vinos<\/h3>\n<p>Ad lab itur alienum quo, his an dicunt numquam maiorum, il lum repudi cu nam ilum quis.<\/p>\n<h3>Posibilidad de hacer visitas privadas<\/h3>\n<p>Ad lab itur alienum quo, his an dicunt numquam maiorum, il lum repudi cu nam ilum quis.<\/p>\n<figure class=\"gallery-item\"><a href=\"https:\/\/bk10426.bouquetdalella.com\/wp-content\/uploads\/2023\/04\/main-slider-1-1-300x300.jpg\" data-elementor-open-lightbox=\"yes\" data-elementor-lightbox-slideshow=\"36ceb40\" data-elementor-lightbox-title=\"main-slider-1.jpg\" data-elementor-lightbox-description=\"&lt;\/script&gt;\"><img fetchpriority=\"high\" decoding=\"async\" src=\"https:\/\/bk10426.bouquetdalella.com\/wp-content\/uploads\/2023\/04\/main-slider-1-1-300x300.jpg\" sizes=\"(max-width: 300px) 100vw, 300px\" srcset=\"https:\/\/bk10426.bouquetdalella.com\/wp-content\/uploads\/2023\/04\/main-slider-1-1-300x300.jpg 300w, https:\/\/bk10426.bouquetdalella.com\/wp-content\/uploads\/2023\/04\/main-slider-1-1-150x150.jpg 150w, https:\/\/bk10426.bouquetdalella.com\/wp-content\/uploads\/2023\/04\/main-slider-1-1-100x100.jpg 100w\" alt=\"\" width=\"300\" height=\"300\" \/><\/a><\/figure>\n<figure class=\"gallery-item\"><a href=\"https:\/\/bk10426.bouquetdalella.com\/wp-content\/uploads\/2023\/04\/contact-us-parallax-1-1.jpg\" data-elementor-open-lightbox=\"yes\" data-elementor-lightbox-slideshow=\"36ceb40\" data-elementor-lightbox-title=\"contact-us-parallax-1\" data-elementor-lightbox-description=\"&lt;\/script&gt;\"><img decoding=\"async\" src=\"https:\/\/bk10426.bouquetdalella.com\/wp-content\/uploads\/2023\/04\/contact-us-parallax-1-1-300x300.jpg\" sizes=\"(max-width: 300px) 100vw, 300px\" srcset=\"https:\/\/bk10426.bouquetdalella.com\/wp-content\/uploads\/2023\/04\/contact-us-parallax-1-1-300x300.jpg 300w, https:\/\/bk10426.bouquetdalella.com\/wp-content\/uploads\/2023\/04\/contact-us-parallax-1-1-150x150.jpg 150w, https:\/\/bk10426.bouquetdalella.com\/wp-content\/uploads\/2023\/04\/contact-us-parallax-1-1-100x100.jpg 100w\" alt=\"\" width=\"300\" height=\"300\" \/><\/a><\/figure>\n<figure class=\"gallery-item\"><a href=\"https:\/\/bk10426.bouquetdalella.com\/wp-content\/uploads\/2023\/04\/h1-slide2-1-1-300x300.jpg\" data-elementor-open-lightbox=\"yes\" data-elementor-lightbox-slideshow=\"36ceb40\" data-elementor-lightbox-title=\"h1-slide2\" data-elementor-lightbox-description=\"&lt;\/script&gt;\"><img decoding=\"async\" src=\"https:\/\/bk10426.bouquetdalella.com\/wp-content\/uploads\/2023\/04\/h1-slide2-1-1-300x300.jpg\" sizes=\"(max-width: 300px) 100vw, 300px\" srcset=\"https:\/\/bk10426.bouquetdalella.com\/wp-content\/uploads\/2023\/04\/h1-slide2-1-1-300x300.jpg 300w, https:\/\/bk10426.bouquetdalella.com\/wp-content\/uploads\/2023\/04\/h1-slide2-1-1-150x150.jpg 150w, https:\/\/bk10426.bouquetdalella.com\/wp-content\/uploads\/2023\/04\/h1-slide2-1-1-100x100.jpg 100w\" alt=\"\" width=\"300\" height=\"300\" \/><\/a><\/figure>\n<figure class=\"gallery-item\"><a href=\"https:\/\/bk10426.bouquetdalella.com\/wp-content\/uploads\/2023\/04\/h4-ptf-1-300x300.jpg\" data-elementor-open-lightbox=\"yes\" data-elementor-lightbox-slideshow=\"36ceb40\" data-elementor-lightbox-title=\"h4-ptf-1\" data-elementor-lightbox-description=\"&lt;\/script&gt;\"><img loading=\"lazy\" decoding=\"async\" src=\"https:\/\/bk10426.bouquetdalella.com\/wp-content\/uploads\/2023\/04\/h4-ptf-1-300x300.jpg\" sizes=\"(max-width: 300px) 100vw, 300px\" srcset=\"https:\/\/bk10426.bouquetdalella.com\/wp-content\/uploads\/2023\/04\/h4-ptf-1-300x300.jpg 300w, https:\/\/bk10426.bouquetdalella.com\/wp-content\/uploads\/2023\/04\/h4-ptf-1-150x150.jpg 150w, https:\/\/bk10426.bouquetdalella.com\/wp-content\/uploads\/2023\/04\/h4-ptf-1-100x100.jpg 100w\" alt=\"\" width=\"300\" height=\"300\" \/><\/a><\/figure>\n<figure class=\"gallery-item\"><a href=\"https:\/\/bk10426.bouquetdalella.com\/wp-content\/uploads\/2023\/04\/h1-slide3-1-1-300x300.jpg\" data-elementor-open-lightbox=\"yes\" data-elementor-lightbox-slideshow=\"36ceb40\" data-elementor-lightbox-title=\"h1-slide3.jpg\" data-elementor-lightbox-description=\"&lt;\/script&gt;\"><img loading=\"lazy\" decoding=\"async\" src=\"https:\/\/bk10426.bouquetdalella.com\/wp-content\/uploads\/2023\/04\/h1-slide3-1-1-300x300.jpg\" sizes=\"(max-width: 300px) 100vw, 300px\" srcset=\"https:\/\/bk10426.bouquetdalella.com\/wp-content\/uploads\/2023\/04\/h1-slide3-1-1-300x300.jpg 300w, https:\/\/bk10426.bouquetdalella.com\/wp-content\/uploads\/2023\/04\/h1-slide3-1-1-150x150.jpg 150w, https:\/\/bk10426.bouquetdalella.com\/wp-content\/uploads\/2023\/04\/h1-slide3-1-1-100x100.jpg 100w\" alt=\"\" width=\"300\" height=\"300\" \/><\/a><\/figure>\n<figure class=\"gallery-item\"><a href=\"https:\/\/bk10426.bouquetdalella.com\/wp-content\/uploads\/2023\/04\/h4-ptf-2-300x300.jpg\" data-elementor-open-lightbox=\"yes\" data-elementor-lightbox-slideshow=\"36ceb40\" data-elementor-lightbox-title=\"h4-ptf-2\" data-elementor-lightbox-description=\"&lt;\/script&gt;\"><img loading=\"lazy\" decoding=\"async\" src=\"https:\/\/bk10426.bouquetdalella.com\/wp-content\/uploads\/2023\/04\/h4-ptf-2-300x300.jpg\" sizes=\"(max-width: 300px) 100vw, 300px\" srcset=\"https:\/\/bk10426.bouquetdalella.com\/wp-content\/uploads\/2023\/04\/h4-ptf-2-300x300.jpg 300w, https:\/\/bk10426.bouquetdalella.com\/wp-content\/uploads\/2023\/04\/h4-ptf-2-150x150.jpg 150w, https:\/\/bk10426.bouquetdalella.com\/wp-content\/uploads\/2023\/04\/h4-ptf-2-100x100.jpg 100w\" alt=\"\" width=\"300\" height=\"300\" \/><\/a><\/figure>\n<figure class=\"gallery-item\"><a href=\"https:\/\/bk10426.bouquetdalella.com\/wp-content\/uploads\/2023\/04\/h1-slide2-2-300x300.jpg\" data-elementor-open-lightbox=\"yes\" data-elementor-lightbox-slideshow=\"36ceb40\" data-elementor-lightbox-title=\"h1-slide2\" data-elementor-lightbox-description=\"&lt;\/script&gt;\"><img loading=\"lazy\" decoding=\"async\" src=\"https:\/\/bk10426.bouquetdalella.com\/wp-content\/uploads\/2023\/04\/h1-slide2-2-300x300.jpg\" sizes=\"(max-width: 300px) 100vw, 300px\" srcset=\"https:\/\/bk10426.bouquetdalella.com\/wp-content\/uploads\/2023\/04\/h1-slide2-2-300x300.jpg 300w, https:\/\/bk10426.bouquetdalella.com\/wp-content\/uploads\/2023\/04\/h1-slide2-2-150x150.jpg 150w, https:\/\/bk10426.bouquetdalella.com\/wp-content\/uploads\/2023\/04\/h1-slide2-2-100x100.jpg 100w\" alt=\"\" width=\"300\" height=\"300\" \/><\/a><\/figure>\n<figure class=\"gallery-item\"><a href=\"https:\/\/bk10426.bouquetdalella.com\/wp-content\/uploads\/2023\/04\/h4-ptf-3-300x300.jpg\" data-elementor-open-lightbox=\"yes\" data-elementor-lightbox-slideshow=\"36ceb40\" data-elementor-lightbox-title=\"h4-ptf-3\" data-elementor-lightbox-description=\"&lt;\/script&gt;\"><img loading=\"lazy\" decoding=\"async\" src=\"https:\/\/bk10426.bouquetdalella.com\/wp-content\/uploads\/2023\/04\/h4-ptf-3-300x300.jpg\" sizes=\"(max-width: 300px) 100vw, 300px\" srcset=\"https:\/\/bk10426.bouquetdalella.com\/wp-content\/uploads\/2023\/04\/h4-ptf-3-300x300.jpg 300w, https:\/\/bk10426.bouquetdalella.com\/wp-content\/uploads\/2023\/04\/h4-ptf-3-150x150.jpg 150w, https:\/\/bk10426.bouquetdalella.com\/wp-content\/uploads\/2023\/04\/h4-ptf-3-100x100.jpg 100w\" alt=\"\" width=\"300\" height=\"300\" \/><\/a><\/figure>\n","protected":false},"excerpt":{"rendered":"<p>En una bodega, la \u00e9poca m\u00e1s esperada del a\u00f1o es el momento de la vendimia. Despu\u00e9s de estar todo un a\u00f1o cuidando el vi\u00f1edo para que d\u00e9 sus frutos, llega el momento de la verdad. Es un momento especial que queremos compartir.<\/p>\n<p>Por eso os invitamos a disfrutar de un peque\u00f1o taller de vendimia de la mano de nuestro viticultor y en\u00f3logo donde descubriremos todos los secretos de la vendimia y donde ser\u00e9is vendimiadores por un rato!<\/p>\n<p>Despu\u00e9s, recuperaremos la energ\u00eda en un delicioso desayuno de tenedor realizado por un restaurante de proximidad del Maresme, el Nou Antig\u00f3. Cada platillo gastron\u00f3mico se servir\u00e1 maridado con nuestros vinos. \u00a1El trabajo valdr\u00e1 la pena!<\/p>\n<p>\u00a1An\u00edmate a participar en esta jornada al aire libre, disfrutando de la naturaleza y el paisaje de vi\u00f1edo que rodea la finca! No se lo pierdan!!<\/p>\n<p>El precio incluye:<br \/>\n\u2013 Actividad de vendimia<br \/>\n\u2013 Desayuno de tenedor (cocinado por un restaurante de proximidad).<br \/>\n\u2013 Cata de vinos Bouquet d\u2019Alella.<br \/>\n\u2013 Agua, postres y caf\u00e9.<br \/>\n\u2013 Visita guiada por el vi\u00f1edo y bodega.<\/p>\n<p>Desayuno de tenedor:<br \/>\n&#8211; Tartar de tomate con jam\u00f3n ib\u00e9rico<br \/>\n&#8211; Carpaccio de mel\u00f3n con vinagreta de lima y mojama<br \/>\n&#8211; Pan Bao con parmigiana<br \/>\n&#8211; &#8216;Gomiti&#8217; con rag\u00fa de carrillera ib\u00e9rica y parmesano.<br \/>\n&#8211; Tartaleta de fresas y chocolate.<br \/>\n&#8211; Yogur, melocot\u00f3n y menta.<\/p>\n<p>Duraci\u00f3n: 3h<\/p>\n<p>Hora de la actividad: 10h<\/p>\n<p><strong>Fechas: 17 Setiembre 2023 (Vendimia).<\/strong><\/p>\n","protected":false},"featured_media":7032,"template":"","meta":{"_acf_changed":false},"product_brand":[],"product_cat":[144],"product_tag":[364],"class_list":{"0":"post-8341","1":"product","2":"type-product","3":"status-publish","4":"has-post-thumbnail","6":"product_cat-enoturismo","7":"product_tag-comprar-es","9":"first","10":"outofstock","11":"virtual","12":"taxable","13":"purchasable","14":"product-type-simple"},"acf":[],"yoast_head":"<!-- This site is optimized with the Yoast SEO plugin v27.3 - https:\/\/yoast.com\/product\/yoast-seo-wordpress\/ -->\n<title>Desayuno de tenedor + Actividad de vendimia - Bouquet d&#039;Alella<\/title>\n<meta name=\"robots\" content=\"noindex, follow, max-snippet:-1, max-image-preview:large, max-video-preview:-1\" \/>\n<meta property=\"og:locale\" content=\"es_ES\" \/>\n<meta property=\"og:type\" content=\"article\" \/>\n<meta property=\"og:title\" content=\"Desayuno de tenedor + Actividad de vendimia - Bouquet d&#039;Alella\" \/>\n<meta property=\"og:description\" content=\"En una bodega, la \u00e9poca m\u00e1s esperada del a\u00f1o es el momento de la vendimia. Despu\u00e9s de estar todo un a\u00f1o cuidando el vi\u00f1edo para que d\u00e9 sus frutos, llega el momento de la verdad. Es un momento especial que queremos compartir.  Por eso os invitamos a disfrutar de un peque\u00f1o taller de vendimia de la mano de nuestro viticultor y en\u00f3logo donde descubriremos todos los secretos de la vendimia y donde ser\u00e9is vendimiadores por un rato!  Despu\u00e9s, recuperaremos la energ\u00eda en un delicioso desayuno de tenedor realizado por un restaurante de proximidad del Maresme, el Nou Antig\u00f3. Cada platillo gastron\u00f3mico se servir\u00e1 maridado con nuestros vinos. \u00a1El trabajo valdr\u00e1 la pena!  \u00a1An\u00edmate a participar en esta jornada al aire libre, disfrutando de la naturaleza y el paisaje de vi\u00f1edo que rodea la finca! No se lo pierdan!!  El precio incluye: \u2013 Actividad de vendimia \u2013 Desayuno de tenedor (cocinado por un restaurante de proximidad). \u2013 Cata de vinos Bouquet d\u2019Alella. \u2013 Agua, postres y caf\u00e9. \u2013 Visita guiada por el vi\u00f1edo y bodega.  Desayuno de tenedor: - Tartar de tomate con jam\u00f3n ib\u00e9rico - Carpaccio de mel\u00f3n con vinagreta de lima y mojama - Pan Bao con parmigiana - &#039;Gomiti&#039; con rag\u00fa de carrillera ib\u00e9rica y parmesano. - Tartaleta de fresas y chocolate. - Yogur, melocot\u00f3n y menta.  Duraci\u00f3n: 3h  Hora de la actividad: 10h  Fechas: 17 Setiembre 2023 (Vendimia).\" \/>\n<meta property=\"og:url\" content=\"https:\/\/bk10426.bouquetdalella.com\/es\/producto\/desayuno-de-tenedor-actividad-de-vendimia\/\" \/>\n<meta property=\"og:site_name\" content=\"Bouquet d&#039;Alella\" \/>\n<meta property=\"article:modified_time\" content=\"2023-08-04T07:51:54+00:00\" \/>\n<meta property=\"og:image\" content=\"https:\/\/bk10426.bouquetdalella.com\/wp-content\/uploads\/2023\/04\/esmorzar-verema-1.jpg\" \/>\n\t<meta property=\"og:image:width\" content=\"1920\" \/>\n\t<meta property=\"og:image:height\" content=\"1083\" \/>\n\t<meta property=\"og:image:type\" content=\"image\/jpeg\" \/>\n<meta name=\"twitter:card\" content=\"summary_large_image\" \/>\n<meta name=\"twitter:label1\" content=\"Tiempo de lectura\" \/>\n\t<meta name=\"twitter:data1\" content=\"3 minutos\" \/>\n<script type=\"application\/ld+json\" class=\"yoast-schema-graph\">{\"@context\":\"https:\\\/\\\/schema.org\",\"@graph\":[{\"@type\":\"WebPage\",\"@id\":\"https:\\\/\\\/bk10426.bouquetdalella.com\\\/es\\\/producto\\\/desayuno-de-tenedor-actividad-de-vendimia\\\/\",\"url\":\"https:\\\/\\\/bk10426.bouquetdalella.com\\\/es\\\/producto\\\/desayuno-de-tenedor-actividad-de-vendimia\\\/\",\"name\":\"Desayuno de tenedor + Actividad de vendimia - Bouquet d&#039;Alella\",\"isPartOf\":{\"@id\":\"https:\\\/\\\/bk10426.bouquetdalella.com\\\/es\\\/#website\"},\"primaryImageOfPage\":{\"@id\":\"https:\\\/\\\/bk10426.bouquetdalella.com\\\/es\\\/producto\\\/desayuno-de-tenedor-actividad-de-vendimia\\\/#primaryimage\"},\"image\":{\"@id\":\"https:\\\/\\\/bk10426.bouquetdalella.com\\\/es\\\/producto\\\/desayuno-de-tenedor-actividad-de-vendimia\\\/#primaryimage\"},\"thumbnailUrl\":\"https:\\\/\\\/bk10426.bouquetdalella.com\\\/wp-content\\\/uploads\\\/2023\\\/04\\\/esmorzar-verema-1.jpg\",\"datePublished\":\"2022-08-29T11:14:45+00:00\",\"dateModified\":\"2023-08-04T07:51:54+00:00\",\"breadcrumb\":{\"@id\":\"https:\\\/\\\/bk10426.bouquetdalella.com\\\/es\\\/producto\\\/desayuno-de-tenedor-actividad-de-vendimia\\\/#breadcrumb\"},\"inLanguage\":\"es\",\"potentialAction\":[{\"@type\":\"ReadAction\",\"target\":[\"https:\\\/\\\/bk10426.bouquetdalella.com\\\/es\\\/producto\\\/desayuno-de-tenedor-actividad-de-vendimia\\\/\"]}]},{\"@type\":\"ImageObject\",\"inLanguage\":\"es\",\"@id\":\"https:\\\/\\\/bk10426.bouquetdalella.com\\\/es\\\/producto\\\/desayuno-de-tenedor-actividad-de-vendimia\\\/#primaryimage\",\"url\":\"https:\\\/\\\/bk10426.bouquetdalella.com\\\/wp-content\\\/uploads\\\/2023\\\/04\\\/esmorzar-verema-1.jpg\",\"contentUrl\":\"https:\\\/\\\/bk10426.bouquetdalella.com\\\/wp-content\\\/uploads\\\/2023\\\/04\\\/esmorzar-verema-1.jpg\",\"width\":1920,\"height\":1083},{\"@type\":\"BreadcrumbList\",\"@id\":\"https:\\\/\\\/bk10426.bouquetdalella.com\\\/es\\\/producto\\\/desayuno-de-tenedor-actividad-de-vendimia\\\/#breadcrumb\",\"itemListElement\":[{\"@type\":\"ListItem\",\"position\":1,\"name\":\"Inici\",\"item\":\"https:\\\/\\\/bk10426.bouquetdalella.com\\\/es\\\/\"},{\"@type\":\"ListItem\",\"position\":2,\"name\":\"Tienda\",\"item\":\"https:\\\/\\\/bk10426.bouquetdalella.com\\\/es\\\/tienda\\\/\"},{\"@type\":\"ListItem\",\"position\":3,\"name\":\"Desayuno de tenedor + Actividad de vendimia\"}]},{\"@type\":\"WebSite\",\"@id\":\"https:\\\/\\\/bk10426.bouquetdalella.com\\\/es\\\/#website\",\"url\":\"https:\\\/\\\/bk10426.bouquetdalella.com\\\/es\\\/\",\"name\":\"Bouquet d&#039;Alella\",\"description\":\"El Celler Bouquet d\u2019Alella neix amb la clara intenci\u00f3 d\u2019explotar dues vessants diferents per\u00f2 complement\u00e0ries en el mon del vi. Per una banda, la producci\u00f3n i venda de vins ecol\u00f2gics de qualitat i per l\u2019altra la promoci\u00f3 de l\u2019enoturisme.\",\"publisher\":{\"@id\":\"https:\\\/\\\/bk10426.bouquetdalella.com\\\/es\\\/#organization\"},\"potentialAction\":[{\"@type\":\"SearchAction\",\"target\":{\"@type\":\"EntryPoint\",\"urlTemplate\":\"https:\\\/\\\/bk10426.bouquetdalella.com\\\/es\\\/?s={search_term_string}\"},\"query-input\":{\"@type\":\"PropertyValueSpecification\",\"valueRequired\":true,\"valueName\":\"search_term_string\"}}],\"inLanguage\":\"es\"},{\"@type\":\"Organization\",\"@id\":\"https:\\\/\\\/bk10426.bouquetdalella.com\\\/es\\\/#organization\",\"name\":\"Bouquet d&#039;Alella\",\"url\":\"https:\\\/\\\/bk10426.bouquetdalella.com\\\/es\\\/\",\"logo\":{\"@type\":\"ImageObject\",\"inLanguage\":\"es\",\"@id\":\"https:\\\/\\\/bk10426.bouquetdalella.com\\\/es\\\/#\\\/schema\\\/logo\\\/image\\\/\",\"url\":\"https:\\\/\\\/bk10426.bouquetdalella.com\\\/wp-content\\\/uploads\\\/2023\\\/04\\\/cropped-cropped-cropped-logo_bouquet_d_alella-2-300x53-1.png\",\"contentUrl\":\"https:\\\/\\\/bk10426.bouquetdalella.com\\\/wp-content\\\/uploads\\\/2023\\\/04\\\/cropped-cropped-cropped-logo_bouquet_d_alella-2-300x53-1.png\",\"width\":300,\"height\":52,\"caption\":\"Bouquet d&#039;Alella\"},\"image\":{\"@id\":\"https:\\\/\\\/bk10426.bouquetdalella.com\\\/es\\\/#\\\/schema\\\/logo\\\/image\\\/\"}}]}<\/script>\n<!-- \/ Yoast SEO plugin. -->","yoast_head_json":{"title":"Desayuno de tenedor + Actividad de vendimia - Bouquet d&#039;Alella","robots":{"index":"noindex","follow":"follow","max-snippet":"max-snippet:-1","max-image-preview":"max-image-preview:large","max-video-preview":"max-video-preview:-1"},"og_locale":"es_ES","og_type":"article","og_title":"Desayuno de tenedor + Actividad de vendimia - Bouquet d&#039;Alella","og_description":"En una bodega, la \u00e9poca m\u00e1s esperada del a\u00f1o es el momento de la vendimia. Despu\u00e9s de estar todo un a\u00f1o cuidando el vi\u00f1edo para que d\u00e9 sus frutos, llega el momento de la verdad. Es un momento especial que queremos compartir.  Por eso os invitamos a disfrutar de un peque\u00f1o taller de vendimia de la mano de nuestro viticultor y en\u00f3logo donde descubriremos todos los secretos de la vendimia y donde ser\u00e9is vendimiadores por un rato!  Despu\u00e9s, recuperaremos la energ\u00eda en un delicioso desayuno de tenedor realizado por un restaurante de proximidad del Maresme, el Nou Antig\u00f3. Cada platillo gastron\u00f3mico se servir\u00e1 maridado con nuestros vinos. \u00a1El trabajo valdr\u00e1 la pena!  \u00a1An\u00edmate a participar en esta jornada al aire libre, disfrutando de la naturaleza y el paisaje de vi\u00f1edo que rodea la finca! No se lo pierdan!!  El precio incluye: \u2013 Actividad de vendimia \u2013 Desayuno de tenedor (cocinado por un restaurante de proximidad). \u2013 Cata de vinos Bouquet d\u2019Alella. \u2013 Agua, postres y caf\u00e9. \u2013 Visita guiada por el vi\u00f1edo y bodega.  Desayuno de tenedor: - Tartar de tomate con jam\u00f3n ib\u00e9rico - Carpaccio de mel\u00f3n con vinagreta de lima y mojama - Pan Bao con parmigiana - 'Gomiti' con rag\u00fa de carrillera ib\u00e9rica y parmesano. - Tartaleta de fresas y chocolate. - Yogur, melocot\u00f3n y menta.  Duraci\u00f3n: 3h  Hora de la actividad: 10h  Fechas: 17 Setiembre 2023 (Vendimia).","og_url":"https:\/\/bk10426.bouquetdalella.com\/es\/producto\/desayuno-de-tenedor-actividad-de-vendimia\/","og_site_name":"Bouquet d&#039;Alella","article_modified_time":"2023-08-04T07:51:54+00:00","og_image":[{"width":1920,"height":1083,"url":"https:\/\/bk10426.bouquetdalella.com\/wp-content\/uploads\/2023\/04\/esmorzar-verema-1.jpg","type":"image\/jpeg"}],"twitter_card":"summary_large_image","twitter_misc":{"Tiempo de lectura":"3 minutos"},"schema":{"@context":"https:\/\/schema.org","@graph":[{"@type":"WebPage","@id":"https:\/\/bk10426.bouquetdalella.com\/es\/producto\/desayuno-de-tenedor-actividad-de-vendimia\/","url":"https:\/\/bk10426.bouquetdalella.com\/es\/producto\/desayuno-de-tenedor-actividad-de-vendimia\/","name":"Desayuno de tenedor + Actividad de vendimia - Bouquet d&#039;Alella","isPartOf":{"@id":"https:\/\/bk10426.bouquetdalella.com\/es\/#website"},"primaryImageOfPage":{"@id":"https:\/\/bk10426.bouquetdalella.com\/es\/producto\/desayuno-de-tenedor-actividad-de-vendimia\/#primaryimage"},"image":{"@id":"https:\/\/bk10426.bouquetdalella.com\/es\/producto\/desayuno-de-tenedor-actividad-de-vendimia\/#primaryimage"},"thumbnailUrl":"https:\/\/bk10426.bouquetdalella.com\/wp-content\/uploads\/2023\/04\/esmorzar-verema-1.jpg","datePublished":"2022-08-29T11:14:45+00:00","dateModified":"2023-08-04T07:51:54+00:00","breadcrumb":{"@id":"https:\/\/bk10426.bouquetdalella.com\/es\/producto\/desayuno-de-tenedor-actividad-de-vendimia\/#breadcrumb"},"inLanguage":"es","potentialAction":[{"@type":"ReadAction","target":["https:\/\/bk10426.bouquetdalella.com\/es\/producto\/desayuno-de-tenedor-actividad-de-vendimia\/"]}]},{"@type":"ImageObject","inLanguage":"es","@id":"https:\/\/bk10426.bouquetdalella.com\/es\/producto\/desayuno-de-tenedor-actividad-de-vendimia\/#primaryimage","url":"https:\/\/bk10426.bouquetdalella.com\/wp-content\/uploads\/2023\/04\/esmorzar-verema-1.jpg","contentUrl":"https:\/\/bk10426.bouquetdalella.com\/wp-content\/uploads\/2023\/04\/esmorzar-verema-1.jpg","width":1920,"height":1083},{"@type":"BreadcrumbList","@id":"https:\/\/bk10426.bouquetdalella.com\/es\/producto\/desayuno-de-tenedor-actividad-de-vendimia\/#breadcrumb","itemListElement":[{"@type":"ListItem","position":1,"name":"Inici","item":"https:\/\/bk10426.bouquetdalella.com\/es\/"},{"@type":"ListItem","position":2,"name":"Tienda","item":"https:\/\/bk10426.bouquetdalella.com\/es\/tienda\/"},{"@type":"ListItem","position":3,"name":"Desayuno de tenedor + Actividad de vendimia"}]},{"@type":"WebSite","@id":"https:\/\/bk10426.bouquetdalella.com\/es\/#website","url":"https:\/\/bk10426.bouquetdalella.com\/es\/","name":"Bouquet d&#039;Alella","description":"El Celler Bouquet d\u2019Alella neix amb la clara intenci\u00f3 d\u2019explotar dues vessants diferents per\u00f2 complement\u00e0ries en el mon del vi. Per una banda, la producci\u00f3n i venda de vins ecol\u00f2gics de qualitat i per l\u2019altra la promoci\u00f3 de l\u2019enoturisme.","publisher":{"@id":"https:\/\/bk10426.bouquetdalella.com\/es\/#organization"},"potentialAction":[{"@type":"SearchAction","target":{"@type":"EntryPoint","urlTemplate":"https:\/\/bk10426.bouquetdalella.com\/es\/?s={search_term_string}"},"query-input":{"@type":"PropertyValueSpecification","valueRequired":true,"valueName":"search_term_string"}}],"inLanguage":"es"},{"@type":"Organization","@id":"https:\/\/bk10426.bouquetdalella.com\/es\/#organization","name":"Bouquet d&#039;Alella","url":"https:\/\/bk10426.bouquetdalella.com\/es\/","logo":{"@type":"ImageObject","inLanguage":"es","@id":"https:\/\/bk10426.bouquetdalella.com\/es\/#\/schema\/logo\/image\/","url":"https:\/\/bk10426.bouquetdalella.com\/wp-content\/uploads\/2023\/04\/cropped-cropped-cropped-logo_bouquet_d_alella-2-300x53-1.png","contentUrl":"https:\/\/bk10426.bouquetdalella.com\/wp-content\/uploads\/2023\/04\/cropped-cropped-cropped-logo_bouquet_d_alella-2-300x53-1.png","width":300,"height":52,"caption":"Bouquet d&#039;Alella"},"image":{"@id":"https:\/\/bk10426.bouquetdalella.com\/es\/#\/schema\/logo\/image\/"}}]}},"_links":{"self":[{"href":"https:\/\/bk10426.bouquetdalella.com\/es\/wp-json\/wp\/v2\/product\/8341","targetHints":{"allow":["GET"]}}],"collection":[{"href":"https:\/\/bk10426.bouquetdalella.com\/es\/wp-json\/wp\/v2\/product"}],"about":[{"href":"https:\/\/bk10426.bouquetdalella.com\/es\/wp-json\/wp\/v2\/types\/product"}],"version-history":[{"count":0,"href":"https:\/\/bk10426.bouquetdalella.com\/es\/wp-json\/wp\/v2\/product\/8341\/revisions"}],"wp:featuredmedia":[{"embeddable":true,"href":"https:\/\/bk10426.bouquetdalella.com\/es\/wp-json\/wp\/v2\/media\/7032"}],"wp:attachment":[{"href":"https:\/\/bk10426.bouquetdalella.com\/es\/wp-json\/wp\/v2\/media?parent=8341"}],"wp:term":[{"taxonomy":"product_brand","embeddable":true,"href":"https:\/\/bk10426.bouquetdalella.com\/es\/wp-json\/wp\/v2\/product_brand?post=8341"},{"taxonomy":"product_cat","embeddable":true,"href":"https:\/\/bk10426.bouquetdalella.com\/es\/wp-json\/wp\/v2\/product_cat?post=8341"},{"taxonomy":"product_tag","embeddable":true,"href":"https:\/\/bk10426.bouquetdalella.com\/es\/wp-json\/wp\/v2\/product_tag?post=8341"}],"curies":[{"name":"wp","href":"https:\/\/api.w.org\/{rel}","templated":true}]}}