{"id":7942,"date":"2020-09-23T17:48:29","date_gmt":"2020-09-23T15:48:29","guid":{"rendered":"https:\/\/bk10426.bouquetdalella.com\/producte\/bouquet-dalella-pur-dolc-2019\/"},"modified":"2025-08-27T08:51:09","modified_gmt":"2025-08-27T06:51:09","slug":"bouquet-dalella-pur-dolc-2021","status":"publish","type":"product","link":"https:\/\/bk10426.bouquetdalella.com\/es\/producto\/bouquet-dalella-pur-dolc-2021\/","title":{"rendered":"Bouquet d&#8217;Alella Pur Dol\u00e7 2021"},"content":{"rendered":"\t\t<div data-elementor-type=\"product-post\" data-elementor-id=\"7942\" class=\"elementor elementor-7942 elementor-6325\" data-elementor-post-type=\"product\">\n\t\t\t\t\t\t<section class=\"elementor-section elementor-top-section elementor-element elementor-element-4de16d07 elementor-section-boxed elementor-section-height-default elementor-section-height-default\" data-id=\"4de16d07\" data-element_type=\"section\" data-e-type=\"section\">\n\t\t\t\t\t\t<div class=\"elementor-container elementor-column-gap-default\">\n\t\t\t\t\t<div class=\"elementor-column elementor-col-100 elementor-top-column elementor-element elementor-element-1d4f6d34\" data-id=\"1d4f6d34\" data-element_type=\"column\" data-e-type=\"column\">\n\t\t\t<div class=\"elementor-widget-wrap elementor-element-populated\">\n\t\t\t\t\t\t<div class=\"elementor-element elementor-element-24fdf27 tab_zone elementor-tabs-view-horizontal elementor-widget elementor-widget-tabs\" data-id=\"24fdf27\" data-element_type=\"widget\" data-e-type=\"widget\" data-widget_type=\"tabs.default\">\n\t\t\t\t<div class=\"elementor-widget-container\">\n\t\t\t\t\t\t\t<div class=\"elementor-tabs\">\n\t\t\t<div class=\"elementor-tabs-wrapper\" role=\"tablist\" >\n\t\t\t\t\t\t\t\t\t<div id=\"elementor-tab-title-3871\" class=\"elementor-tab-title elementor-tab-desktop-title\" aria-selected=\"true\" data-tab=\"1\" role=\"tab\" tabindex=\"0\" aria-controls=\"elementor-tab-content-3871\" aria-expanded=\"false\">Elaboraci\u00f3n<\/div>\n\t\t\t\t\t\t\t\t\t<div id=\"elementor-tab-title-3872\" class=\"elementor-tab-title elementor-tab-desktop-title\" aria-selected=\"false\" data-tab=\"2\" role=\"tab\" tabindex=\"-1\" aria-controls=\"elementor-tab-content-3872\" aria-expanded=\"false\">Nota de cata<\/div>\n\t\t\t\t\t\t\t\t\t<div id=\"elementor-tab-title-3873\" class=\"elementor-tab-title elementor-tab-desktop-title\" aria-selected=\"false\" data-tab=\"3\" role=\"tab\" tabindex=\"-1\" aria-controls=\"elementor-tab-content-3873\" aria-expanded=\"false\">ENV\u00cdO GRATIS + 60\u20ac<\/div>\n\t\t\t\t\t\t\t<\/div>\n\t\t\t<div class=\"elementor-tabs-content-wrapper\" role=\"tablist\" aria-orientation=\"vertical\">\n\t\t\t\t\t\t\t\t\t<div class=\"elementor-tab-title elementor-tab-mobile-title\" aria-selected=\"true\" data-tab=\"1\" role=\"tab\" tabindex=\"0\" aria-controls=\"elementor-tab-content-3871\" aria-expanded=\"false\">Elaboraci\u00f3n<\/div>\n\t\t\t\t\t<div id=\"elementor-tab-content-3871\" class=\"elementor-tab-content elementor-clearfix\" data-tab=\"1\" role=\"tabpanel\" aria-labelledby=\"elementor-tab-title-3871\" tabindex=\"0\" hidden=\"false\"><p>Vendimia manual en cajas de 15kg y una estricta selecci\u00f3n de la uva en la vi\u00f1a. A continuaci\u00f3n, se coloca la uva sobre lechos de paja para que se deshidrate. Una vez seca (pasa) y tenemos una buena concentraci\u00f3n de az\u00facar, prensamos y dejamos que inicie espont\u00e1neamente la fermentaci\u00f3n alcoh\u00f3lica con levadura aut\u00f3ctona, a 20\u00baC hasta pararla de forma natural con aplicaci\u00f3n de frio. Finalmente se pone en barrica para criarse con la solera durante dos a\u00f1os. Termina haciendo un a\u00f1o de reposo en botella.<\/p><p>\u00a0<\/p><p>Vino dulce elaborado con 100% Garnacha Blanca. La producci\u00f3n es limitada, 175 botellas. Su grado alcoh\u00f3lico es de 15% vol, (equivale a 80 gr\/l).<\/p><\/div>\n\t\t\t\t\t\t\t\t\t<div class=\"elementor-tab-title elementor-tab-mobile-title\" aria-selected=\"false\" data-tab=\"2\" role=\"tab\" tabindex=\"-1\" aria-controls=\"elementor-tab-content-3872\" aria-expanded=\"false\">Nota de cata<\/div>\n\t\t\t\t\t<div id=\"elementor-tab-content-3872\" class=\"elementor-tab-content elementor-clearfix\" data-tab=\"2\" role=\"tabpanel\" aria-labelledby=\"elementor-tab-title-3872\" tabindex=\"0\" hidden=\"hidden\"><p style=\"text-align: left;\"><em><b>A la vista<\/b><\/em> se muestra limpio, color dorado brillante y una l\u00e1grima lenta.\u00a0<\/p><p style=\"text-align: left;\"><em><b>En nariz<\/b><\/em> encontramos, al inicio, aromas minerales concentrados en una suma de tiza, piedra seca y saul\u00f3 (arena) con toques de pinaza. Cuando evoluciona se expresan frutas como el albaricoque, membrillo, alm\u00edbar, piel de lim\u00f3n maduro y almendras en un fondo floral. Es la primavera mediterr\u00e1nea concentrada en unas gotas de vino.<\/p><p style=\"text-align: left;\"><em><b>En boca<\/b><\/em> es fresco y dulce a la vez. Recuerda la miel, el lim\u00f3n y el melocot\u00f3n deshidratado. Delicadamente transcurre por la boca y deja una sensaci\u00f3n muy agradable.<\/p><p style=\"text-align: left;\"><em><b>Marida bien <\/b><strong>con<\/strong><\/em> fruto secos, chocolate negro, pastas de hojaldre y queso azul. Recomendamos servirlo a unos 10\u00baC<\/p><\/div>\n\t\t\t\t\t\t\t\t\t<div class=\"elementor-tab-title elementor-tab-mobile-title\" aria-selected=\"false\" data-tab=\"3\" role=\"tab\" tabindex=\"-1\" aria-controls=\"elementor-tab-content-3873\" aria-expanded=\"false\">ENV\u00cdO GRATIS + 60\u20ac<\/div>\n\t\t\t\t\t<div id=\"elementor-tab-content-3873\" class=\"elementor-tab-content elementor-clearfix\" data-tab=\"3\" role=\"tabpanel\" aria-labelledby=\"elementor-tab-title-3873\" tabindex=\"0\" hidden=\"hidden\"><p><strong>ENV\u00cdO GRATIS<\/strong><\/p><ul><li style=\"font-weight: 400;\" aria-level=\"1\"><span style=\"font-weight: 400;\">Si tu pedido se hace dentro del \u00e1mbito nacional y es superior a 60 euros (IVA incluido) tendr\u00e1s los gastos de env\u00edo gratuitos. No incluye fuera de la pen\u00ednsula.\u00a0<\/span><\/li><\/ul><p>\u00a0<\/p><p><strong>PLAZO DE ENTREGA Y GASTOS DE ENV\u00cdO<\/strong><\/p><ul><li style=\"font-weight: 400;\" aria-level=\"1\"><span style=\"font-weight: 400;\">Una vez tramitado y aceptado el pedido, el plazo de entrega ser\u00e1 de 2 a 4 d\u00edas laborables a contar desde que el pago de la compra sea efectivo.<\/span><\/li><li style=\"font-weight: 400;\" aria-level=\"1\"><span style=\"font-weight: 400;\">Los pedidos son enviados mediante servicio de mensajer\u00eda.<\/span><\/li><li style=\"font-weight: 400;\" aria-level=\"1\"><span style=\"font-weight: 400;\">La entrega se har\u00e1 a la direcci\u00f3n indicada durante el proceso de realizaci\u00f3n del pedido.<\/span><\/li><\/ul><\/div>\n\t\t\t\t\t\t\t<\/div>\n\t\t<\/div>\n\t\t\t\t\t\t<\/div>\n\t\t\t\t<\/div>\n\t\t\t\t\t<\/div>\n\t\t<\/div>\n\t\t\t\t\t<\/div>\n\t\t<\/section>\n\t\t\t\t<\/div>\n\t\t","protected":false},"excerpt":{"rendered":"<p>vino blanco dulce de Garnacha blanca con solera desde 2011. De acidez marcada, dulce pero no empalagoso, preside las sobremesas de fiestas y festivos, acompa\u00f1a las pastas dulces y chocolates y alarga las conversaciones. Producci\u00f3n limitada de 175 botellas.<\/p>\n","protected":false},"featured_media":1751,"template":"","meta":{"_acf_changed":false},"product_brand":[],"product_cat":[375],"product_tag":[391,384],"class_list":{"0":"post-7942","1":"product","2":"type-product","3":"status-publish","4":"has-post-thumbnail","6":"product_cat-vinos-bouquet-dalella-es","7":"product_tag-vinos-es","8":"product_tag-vins-es","10":"first","11":"instock","12":"taxable","13":"shipping-taxable","14":"purchasable","15":"product-type-simple"},"acf":[],"yoast_head":"<!-- This site is optimized with the Yoast SEO plugin v27.3 - https:\/\/yoast.com\/product\/yoast-seo-wordpress\/ -->\n<title>Bouquet d&#039;Alella Pur Dol\u00e7 2021 - Bouquet d&#039;Alella<\/title>\n<meta name=\"robots\" content=\"noindex, follow, max-snippet:-1, max-image-preview:large, max-video-preview:-1\" \/>\n<meta property=\"og:locale\" content=\"es_ES\" \/>\n<meta property=\"og:type\" content=\"article\" \/>\n<meta property=\"og:title\" content=\"Bouquet d&#039;Alella Pur Dol\u00e7 2021 - Bouquet d&#039;Alella\" \/>\n<meta property=\"og:description\" content=\"vino blanco dulce de Garnacha blanca con solera desde 2011. De acidez marcada, dulce pero no empalagoso, preside las sobremesas de fiestas y festivos, acompa\u00f1a las pastas dulces y chocolates y alarga las conversaciones. Producci\u00f3n limitada de 175 botellas.\" \/>\n<meta property=\"og:url\" content=\"https:\/\/bk10426.bouquetdalella.com\/es\/producto\/bouquet-dalella-pur-dolc-2021\/\" \/>\n<meta property=\"og:site_name\" content=\"Bouquet d&#039;Alella\" \/>\n<meta property=\"article:modified_time\" content=\"2025-08-27T06:51:09+00:00\" \/>\n<meta property=\"og:image\" content=\"https:\/\/bk10426.bouquetdalella.com\/wp-content\/uploads\/2023\/04\/5pA-Bouquet-dAlella-Pur-DolC-1.jpg\" \/>\n\t<meta property=\"og:image:width\" content=\"768\" \/>\n\t<meta property=\"og:image:height\" content=\"843\" \/>\n\t<meta property=\"og:image:type\" content=\"image\/jpeg\" \/>\n<meta name=\"twitter:card\" content=\"summary_large_image\" \/>\n<meta name=\"twitter:label1\" content=\"Tiempo de lectura\" \/>\n\t<meta name=\"twitter:data1\" content=\"2 minutos\" \/>\n<script type=\"application\/ld+json\" class=\"yoast-schema-graph\">{\"@context\":\"https:\\\/\\\/schema.org\",\"@graph\":[{\"@type\":\"WebPage\",\"@id\":\"https:\\\/\\\/bk10426.bouquetdalella.com\\\/es\\\/producto\\\/bouquet-dalella-pur-dolc-2021\\\/\",\"url\":\"https:\\\/\\\/bk10426.bouquetdalella.com\\\/es\\\/producto\\\/bouquet-dalella-pur-dolc-2021\\\/\",\"name\":\"Bouquet d'Alella Pur Dol\u00e7 2021 - Bouquet d&#039;Alella\",\"isPartOf\":{\"@id\":\"https:\\\/\\\/bk10426.bouquetdalella.com\\\/es\\\/#website\"},\"primaryImageOfPage\":{\"@id\":\"https:\\\/\\\/bk10426.bouquetdalella.com\\\/es\\\/producto\\\/bouquet-dalella-pur-dolc-2021\\\/#primaryimage\"},\"image\":{\"@id\":\"https:\\\/\\\/bk10426.bouquetdalella.com\\\/es\\\/producto\\\/bouquet-dalella-pur-dolc-2021\\\/#primaryimage\"},\"thumbnailUrl\":\"https:\\\/\\\/bk10426.bouquetdalella.com\\\/wp-content\\\/uploads\\\/2023\\\/04\\\/5pA-Bouquet-dAlella-Pur-DolC-1.jpg\",\"datePublished\":\"2020-09-23T15:48:29+00:00\",\"dateModified\":\"2025-08-27T06:51:09+00:00\",\"breadcrumb\":{\"@id\":\"https:\\\/\\\/bk10426.bouquetdalella.com\\\/es\\\/producto\\\/bouquet-dalella-pur-dolc-2021\\\/#breadcrumb\"},\"inLanguage\":\"es\",\"potentialAction\":[{\"@type\":\"ReadAction\",\"target\":[\"https:\\\/\\\/bk10426.bouquetdalella.com\\\/es\\\/producto\\\/bouquet-dalella-pur-dolc-2021\\\/\"]}]},{\"@type\":\"ImageObject\",\"inLanguage\":\"es\",\"@id\":\"https:\\\/\\\/bk10426.bouquetdalella.com\\\/es\\\/producto\\\/bouquet-dalella-pur-dolc-2021\\\/#primaryimage\",\"url\":\"https:\\\/\\\/bk10426.bouquetdalella.com\\\/wp-content\\\/uploads\\\/2023\\\/04\\\/5pA-Bouquet-dAlella-Pur-DolC-1.jpg\",\"contentUrl\":\"https:\\\/\\\/bk10426.bouquetdalella.com\\\/wp-content\\\/uploads\\\/2023\\\/04\\\/5pA-Bouquet-dAlella-Pur-DolC-1.jpg\",\"width\":768,\"height\":843},{\"@type\":\"BreadcrumbList\",\"@id\":\"https:\\\/\\\/bk10426.bouquetdalella.com\\\/es\\\/producto\\\/bouquet-dalella-pur-dolc-2021\\\/#breadcrumb\",\"itemListElement\":[{\"@type\":\"ListItem\",\"position\":1,\"name\":\"Inici\",\"item\":\"https:\\\/\\\/bk10426.bouquetdalella.com\\\/es\\\/\"},{\"@type\":\"ListItem\",\"position\":2,\"name\":\"Tienda\",\"item\":\"https:\\\/\\\/bk10426.bouquetdalella.com\\\/es\\\/tienda\\\/\"},{\"@type\":\"ListItem\",\"position\":3,\"name\":\"Bouquet d&#8217;Alella Pur Dol\u00e7 2021\"}]},{\"@type\":\"WebSite\",\"@id\":\"https:\\\/\\\/bk10426.bouquetdalella.com\\\/es\\\/#website\",\"url\":\"https:\\\/\\\/bk10426.bouquetdalella.com\\\/es\\\/\",\"name\":\"Bouquet d&#039;Alella\",\"description\":\"El Celler Bouquet d\u2019Alella neix amb la clara intenci\u00f3 d\u2019explotar dues vessants diferents per\u00f2 complement\u00e0ries en el mon del vi. Per una banda, la producci\u00f3n i venda de vins ecol\u00f2gics de qualitat i per l\u2019altra la promoci\u00f3 de l\u2019enoturisme.\",\"publisher\":{\"@id\":\"https:\\\/\\\/bk10426.bouquetdalella.com\\\/es\\\/#organization\"},\"potentialAction\":[{\"@type\":\"SearchAction\",\"target\":{\"@type\":\"EntryPoint\",\"urlTemplate\":\"https:\\\/\\\/bk10426.bouquetdalella.com\\\/es\\\/?s={search_term_string}\"},\"query-input\":{\"@type\":\"PropertyValueSpecification\",\"valueRequired\":true,\"valueName\":\"search_term_string\"}}],\"inLanguage\":\"es\"},{\"@type\":\"Organization\",\"@id\":\"https:\\\/\\\/bk10426.bouquetdalella.com\\\/es\\\/#organization\",\"name\":\"Bouquet d&#039;Alella\",\"url\":\"https:\\\/\\\/bk10426.bouquetdalella.com\\\/es\\\/\",\"logo\":{\"@type\":\"ImageObject\",\"inLanguage\":\"es\",\"@id\":\"https:\\\/\\\/bk10426.bouquetdalella.com\\\/es\\\/#\\\/schema\\\/logo\\\/image\\\/\",\"url\":\"https:\\\/\\\/bk10426.bouquetdalella.com\\\/wp-content\\\/uploads\\\/2023\\\/04\\\/cropped-cropped-cropped-logo_bouquet_d_alella-2-300x53-1.png\",\"contentUrl\":\"https:\\\/\\\/bk10426.bouquetdalella.com\\\/wp-content\\\/uploads\\\/2023\\\/04\\\/cropped-cropped-cropped-logo_bouquet_d_alella-2-300x53-1.png\",\"width\":300,\"height\":52,\"caption\":\"Bouquet d&#039;Alella\"},\"image\":{\"@id\":\"https:\\\/\\\/bk10426.bouquetdalella.com\\\/es\\\/#\\\/schema\\\/logo\\\/image\\\/\"}}]}<\/script>\n<!-- \/ Yoast SEO plugin. -->","yoast_head_json":{"title":"Bouquet d'Alella Pur Dol\u00e7 2021 - Bouquet d&#039;Alella","robots":{"index":"noindex","follow":"follow","max-snippet":"max-snippet:-1","max-image-preview":"max-image-preview:large","max-video-preview":"max-video-preview:-1"},"og_locale":"es_ES","og_type":"article","og_title":"Bouquet d'Alella Pur Dol\u00e7 2021 - Bouquet d&#039;Alella","og_description":"vino blanco dulce de Garnacha blanca con solera desde 2011. De acidez marcada, dulce pero no empalagoso, preside las sobremesas de fiestas y festivos, acompa\u00f1a las pastas dulces y chocolates y alarga las conversaciones. Producci\u00f3n limitada de 175 botellas.","og_url":"https:\/\/bk10426.bouquetdalella.com\/es\/producto\/bouquet-dalella-pur-dolc-2021\/","og_site_name":"Bouquet d&#039;Alella","article_modified_time":"2025-08-27T06:51:09+00:00","og_image":[{"width":768,"height":843,"url":"https:\/\/bk10426.bouquetdalella.com\/wp-content\/uploads\/2023\/04\/5pA-Bouquet-dAlella-Pur-DolC-1.jpg","type":"image\/jpeg"}],"twitter_card":"summary_large_image","twitter_misc":{"Tiempo de lectura":"2 minutos"},"schema":{"@context":"https:\/\/schema.org","@graph":[{"@type":"WebPage","@id":"https:\/\/bk10426.bouquetdalella.com\/es\/producto\/bouquet-dalella-pur-dolc-2021\/","url":"https:\/\/bk10426.bouquetdalella.com\/es\/producto\/bouquet-dalella-pur-dolc-2021\/","name":"Bouquet d'Alella Pur Dol\u00e7 2021 - Bouquet d&#039;Alella","isPartOf":{"@id":"https:\/\/bk10426.bouquetdalella.com\/es\/#website"},"primaryImageOfPage":{"@id":"https:\/\/bk10426.bouquetdalella.com\/es\/producto\/bouquet-dalella-pur-dolc-2021\/#primaryimage"},"image":{"@id":"https:\/\/bk10426.bouquetdalella.com\/es\/producto\/bouquet-dalella-pur-dolc-2021\/#primaryimage"},"thumbnailUrl":"https:\/\/bk10426.bouquetdalella.com\/wp-content\/uploads\/2023\/04\/5pA-Bouquet-dAlella-Pur-DolC-1.jpg","datePublished":"2020-09-23T15:48:29+00:00","dateModified":"2025-08-27T06:51:09+00:00","breadcrumb":{"@id":"https:\/\/bk10426.bouquetdalella.com\/es\/producto\/bouquet-dalella-pur-dolc-2021\/#breadcrumb"},"inLanguage":"es","potentialAction":[{"@type":"ReadAction","target":["https:\/\/bk10426.bouquetdalella.com\/es\/producto\/bouquet-dalella-pur-dolc-2021\/"]}]},{"@type":"ImageObject","inLanguage":"es","@id":"https:\/\/bk10426.bouquetdalella.com\/es\/producto\/bouquet-dalella-pur-dolc-2021\/#primaryimage","url":"https:\/\/bk10426.bouquetdalella.com\/wp-content\/uploads\/2023\/04\/5pA-Bouquet-dAlella-Pur-DolC-1.jpg","contentUrl":"https:\/\/bk10426.bouquetdalella.com\/wp-content\/uploads\/2023\/04\/5pA-Bouquet-dAlella-Pur-DolC-1.jpg","width":768,"height":843},{"@type":"BreadcrumbList","@id":"https:\/\/bk10426.bouquetdalella.com\/es\/producto\/bouquet-dalella-pur-dolc-2021\/#breadcrumb","itemListElement":[{"@type":"ListItem","position":1,"name":"Inici","item":"https:\/\/bk10426.bouquetdalella.com\/es\/"},{"@type":"ListItem","position":2,"name":"Tienda","item":"https:\/\/bk10426.bouquetdalella.com\/es\/tienda\/"},{"@type":"ListItem","position":3,"name":"Bouquet d&#8217;Alella Pur Dol\u00e7 2021"}]},{"@type":"WebSite","@id":"https:\/\/bk10426.bouquetdalella.com\/es\/#website","url":"https:\/\/bk10426.bouquetdalella.com\/es\/","name":"Bouquet d&#039;Alella","description":"El Celler Bouquet d\u2019Alella neix amb la clara intenci\u00f3 d\u2019explotar dues vessants diferents per\u00f2 complement\u00e0ries en el mon del vi. Per una banda, la producci\u00f3n i venda de vins ecol\u00f2gics de qualitat i per l\u2019altra la promoci\u00f3 de l\u2019enoturisme.","publisher":{"@id":"https:\/\/bk10426.bouquetdalella.com\/es\/#organization"},"potentialAction":[{"@type":"SearchAction","target":{"@type":"EntryPoint","urlTemplate":"https:\/\/bk10426.bouquetdalella.com\/es\/?s={search_term_string}"},"query-input":{"@type":"PropertyValueSpecification","valueRequired":true,"valueName":"search_term_string"}}],"inLanguage":"es"},{"@type":"Organization","@id":"https:\/\/bk10426.bouquetdalella.com\/es\/#organization","name":"Bouquet d&#039;Alella","url":"https:\/\/bk10426.bouquetdalella.com\/es\/","logo":{"@type":"ImageObject","inLanguage":"es","@id":"https:\/\/bk10426.bouquetdalella.com\/es\/#\/schema\/logo\/image\/","url":"https:\/\/bk10426.bouquetdalella.com\/wp-content\/uploads\/2023\/04\/cropped-cropped-cropped-logo_bouquet_d_alella-2-300x53-1.png","contentUrl":"https:\/\/bk10426.bouquetdalella.com\/wp-content\/uploads\/2023\/04\/cropped-cropped-cropped-logo_bouquet_d_alella-2-300x53-1.png","width":300,"height":52,"caption":"Bouquet d&#039;Alella"},"image":{"@id":"https:\/\/bk10426.bouquetdalella.com\/es\/#\/schema\/logo\/image\/"}}]}},"_links":{"self":[{"href":"https:\/\/bk10426.bouquetdalella.com\/es\/wp-json\/wp\/v2\/product\/7942","targetHints":{"allow":["GET"]}}],"collection":[{"href":"https:\/\/bk10426.bouquetdalella.com\/es\/wp-json\/wp\/v2\/product"}],"about":[{"href":"https:\/\/bk10426.bouquetdalella.com\/es\/wp-json\/wp\/v2\/types\/product"}],"version-history":[{"count":0,"href":"https:\/\/bk10426.bouquetdalella.com\/es\/wp-json\/wp\/v2\/product\/7942\/revisions"}],"wp:featuredmedia":[{"embeddable":true,"href":"https:\/\/bk10426.bouquetdalella.com\/es\/wp-json\/wp\/v2\/media\/1751"}],"wp:attachment":[{"href":"https:\/\/bk10426.bouquetdalella.com\/es\/wp-json\/wp\/v2\/media?parent=7942"}],"wp:term":[{"taxonomy":"product_brand","embeddable":true,"href":"https:\/\/bk10426.bouquetdalella.com\/es\/wp-json\/wp\/v2\/product_brand?post=7942"},{"taxonomy":"product_cat","embeddable":true,"href":"https:\/\/bk10426.bouquetdalella.com\/es\/wp-json\/wp\/v2\/product_cat?post=7942"},{"taxonomy":"product_tag","embeddable":true,"href":"https:\/\/bk10426.bouquetdalella.com\/es\/wp-json\/wp\/v2\/product_tag?post=7942"}],"curies":[{"name":"wp","href":"https:\/\/api.w.org\/{rel}","templated":true}]}}