{"id":7904,"date":"2020-09-23T17:40:18","date_gmt":"2020-09-23T15:40:18","guid":{"rendered":"https:\/\/bk10426.bouquetdalella.com\/producte\/bouquet-dalella-ancestral-mataro-2022\/"},"modified":"2025-08-25T14:09:15","modified_gmt":"2025-08-25T12:09:15","slug":"bouquet-dalella-ancestral-mataro-2024","status":"publish","type":"product","link":"https:\/\/bk10426.bouquetdalella.com\/es\/producto\/bouquet-dalella-ancestral-mataro-2024\/","title":{"rendered":"Bouquet d\u2019Alella Ancestral Matar\u00f3 2024"},"content":{"rendered":"\t\t<div data-elementor-type=\"product-post\" data-elementor-id=\"7904\" class=\"elementor elementor-7904 elementor-6333\" data-elementor-post-type=\"product\">\n\t\t\t\t\t\t<section class=\"elementor-section elementor-top-section elementor-element elementor-element-7163165a elementor-section-boxed elementor-section-height-default elementor-section-height-default\" data-id=\"7163165a\" data-element_type=\"section\" data-e-type=\"section\">\n\t\t\t\t\t\t<div class=\"elementor-container elementor-column-gap-default\">\n\t\t\t\t\t<div class=\"elementor-column elementor-col-100 elementor-top-column elementor-element elementor-element-6f681a9b\" data-id=\"6f681a9b\" data-element_type=\"column\" data-e-type=\"column\">\n\t\t\t<div class=\"elementor-widget-wrap elementor-element-populated\">\n\t\t\t\t\t\t<div class=\"elementor-element elementor-element-1dd67f63 tab_zone elementor-tabs-view-horizontal elementor-widget elementor-widget-tabs\" data-id=\"1dd67f63\" data-element_type=\"widget\" data-e-type=\"widget\" data-widget_type=\"tabs.default\">\n\t\t\t\t<div class=\"elementor-widget-container\">\n\t\t\t\t\t\t\t<div class=\"elementor-tabs\">\n\t\t\t<div class=\"elementor-tabs-wrapper\" role=\"tablist\" >\n\t\t\t\t\t\t\t\t\t<div id=\"elementor-tab-title-5001\" class=\"elementor-tab-title elementor-tab-desktop-title\" aria-selected=\"true\" data-tab=\"1\" role=\"tab\" tabindex=\"0\" aria-controls=\"elementor-tab-content-5001\" aria-expanded=\"false\">Elaboraci\u00f3n<\/div>\n\t\t\t\t\t\t\t\t\t<div id=\"elementor-tab-title-5002\" class=\"elementor-tab-title elementor-tab-desktop-title\" aria-selected=\"false\" data-tab=\"2\" role=\"tab\" tabindex=\"-1\" aria-controls=\"elementor-tab-content-5002\" aria-expanded=\"false\">Nota de cata<\/div>\n\t\t\t\t\t\t\t\t\t<div id=\"elementor-tab-title-5003\" class=\"elementor-tab-title elementor-tab-desktop-title\" aria-selected=\"false\" data-tab=\"3\" role=\"tab\" tabindex=\"-1\" aria-controls=\"elementor-tab-content-5003\" aria-expanded=\"false\">ENV\u00cdO GRATIS + 60\u20ac<\/div>\n\t\t\t\t\t\t\t<\/div>\n\t\t\t<div class=\"elementor-tabs-content-wrapper\" role=\"tablist\" aria-orientation=\"vertical\">\n\t\t\t\t\t\t\t\t\t<div class=\"elementor-tab-title elementor-tab-mobile-title\" aria-selected=\"true\" data-tab=\"1\" role=\"tab\" tabindex=\"0\" aria-controls=\"elementor-tab-content-5001\" aria-expanded=\"false\">Elaboraci\u00f3n<\/div>\n\t\t\t\t\t<div id=\"elementor-tab-content-5001\" class=\"elementor-tab-content elementor-clearfix\" data-tab=\"1\" role=\"tabpanel\" aria-labelledby=\"elementor-tab-title-5001\" tabindex=\"0\" hidden=\"false\"><p>Vino de agricultura ecol\u00f3gica. Vendimia manual en cajas de 15 kg y una estricta selecci\u00f3n de uva en el vi\u00f1edo. A continuaci\u00f3n se refrigeran las uvas en una c\u00e1mara de fr\u00edo unas horas para conseguir precursores arom\u00e1ticos, despu\u00e9s se derrapa y se realiza maceraci\u00f3n durante 10 horas para extraer el color \u00f3ptimo, a continuaci\u00f3n el mosto se sangra (el mosto escurrido por gravedad), es hace desfangado est\u00e1tico y se inicia la fermentaci\u00f3n alcoh\u00f3lica espont\u00e1nea con levaduras aut\u00f3ctonas en dep\u00f3sitos de acero inoxidable y antes de que acabe la fermentaci\u00f3n se embotella para que acabe la misma en la botella donde se genera el carb\u00f3nico y estar\u00e1 un m\u00ednimo de cinco meses con crianza con sus l\u00edas. Finalmente se deg\u00fcelle manualmente para quitar los sedimentos y se pone el tap\u00f3n definitivo para comercializar.<\/p><p>\u00a0<\/p><p>Vino rosado espumoso elaborado con 100% Monastrell. La producci\u00f3n es limitada, 1439 botellas. Y su grado alcoh\u00f3lico es de 10% vol.<\/p><\/div>\n\t\t\t\t\t\t\t\t\t<div class=\"elementor-tab-title elementor-tab-mobile-title\" aria-selected=\"false\" data-tab=\"2\" role=\"tab\" tabindex=\"-1\" aria-controls=\"elementor-tab-content-5002\" aria-expanded=\"false\">Nota de cata<\/div>\n\t\t\t\t\t<div id=\"elementor-tab-content-5002\" class=\"elementor-tab-content elementor-clearfix\" data-tab=\"2\" role=\"tabpanel\" aria-labelledby=\"elementor-tab-title-5002\" tabindex=\"0\" hidden=\"hidden\"><p style=\"texto-align: left;\"><em><b>A la vista<\/b><\/em> se presenta limpio, brillante y de color rojo vivo. Burbuja peque\u00f1a y r\u00e1pida.<\/p><p style=\"texto-align: left;\"><em><b>En nariz<\/b> <\/em> encontramos aromas de cereza \u00e1cida, fresa de bosque y rosas rojas.<\/p><p style=\"texto-align: left;\"><em><b>En boca<\/b><\/em> es fresco, directo y \u00e1cido, de burbuja agradable.<\/p><p style=\"texto-align: left;\"><em><b>Marida bien con<\/b><\/em> quesos suaves, aperitivos. Recomendamos servirlo a unos 7\u00baC<\/p><p>\u00a0<\/p><\/div>\n\t\t\t\t\t\t\t\t\t<div class=\"elementor-tab-title elementor-tab-mobile-title\" aria-selected=\"false\" data-tab=\"3\" role=\"tab\" tabindex=\"-1\" aria-controls=\"elementor-tab-content-5003\" aria-expanded=\"false\">ENV\u00cdO GRATIS + 60\u20ac<\/div>\n\t\t\t\t\t<div id=\"elementor-tab-content-5003\" class=\"elementor-tab-content elementor-clearfix\" data-tab=\"3\" role=\"tabpanel\" aria-labelledby=\"elementor-tab-title-5003\" tabindex=\"0\" hidden=\"hidden\"><p><strong>ENV\u00cdO GRATUITO<\/strong><\/p><ul><li aria-level=\"1\">Si tu pedido se realiza dentro del \u00e1mbito nacional y es superior a 60 euros (IVA incluido)\u00a0 tendr\u00e1s los gastos de env\u00edo gratuitos. No incluye fuera de la pen\u00ednsula.<br \/><b style=\"fuente-weight: 400; background-color: transparente; letter-spacing: 0.01px;\">\u00a0<\/b><\/li><\/ul><p><strong>PLAZ DE ENTREGA Y GASTOS DE ENV\u00cdO<\/strong><\/p><ul><li style=\"fuente-weight: 400;\" aria-level=\"1\"><span style=\"font-weight: 400;\">Una vez cursado y aceptado el pedido, el plazo de entrega ser\u00e1 de 2 a 4 d\u00edas laborables a contar en cuanto el pago de la compra se haya hecho efectivo.<\/span><\/li><li style=\"fuente-weight: 400;\" aria-level=\"1\"><span style=\"font-weight: 400;\">Los pedidos se env\u00edan mediante servicio de mensajer\u00eda.<\/span><\/li><li style=\"fuente-weight: 400;\" aria-level=\"1\"><span style=\"font-weight: 400;\">Se realizar\u00e1 la entrega en la direcci\u00f3n indicada durante el proceso de realizaci\u00f3n de pedidos.<\/span><\/li><\/ul><\/div>\n\t\t\t\t\t\t\t<\/div>\n\t\t<\/div>\n\t\t\t\t\t\t<\/div>\n\t\t\t\t<\/div>\n\t\t\t\t\t<\/div>\n\t\t<\/div>\n\t\t\t\t\t<\/div>\n\t\t<\/section>\n\t\t\t\t<\/div>\n\t\t","protected":false},"excerpt":{"rendered":"<p>Vino espumoso rosado de Matar\u00f3 ( o Monastrell) hecho con m\u00e9todo ancestral. De burbuja peque\u00f1a pero r\u00e1pida, anima al m\u00e1s amodorrado y atrae al m\u00e1s curioso. Ya sea solo o con tapetas, la botella siempre acaba demasiado pronto. Producci\u00f3n limitada de 1439 botellas.<\/p>\n","protected":false},"featured_media":1763,"template":"","meta":{"_acf_changed":false},"product_brand":[],"product_cat":[359],"product_tag":[384],"class_list":{"0":"post-7904","1":"product","2":"type-product","3":"status-publish","4":"has-post-thumbnail","6":"product_cat-vins-edicions-limitades-es","7":"product_tag-vins-es","9":"first","10":"instock","11":"taxable","12":"shipping-taxable","13":"purchasable","14":"product-type-simple"},"acf":[],"yoast_head":"<!-- This site is optimized with the Yoast SEO plugin v27.3 - https:\/\/yoast.com\/product\/yoast-seo-wordpress\/ -->\n<title>Bouquet d\u2019Alella Ancestral Matar\u00f3 2024 - Bouquet d&#039;Alella<\/title>\n<meta name=\"robots\" content=\"noindex, follow, max-snippet:-1, max-image-preview:large, max-video-preview:-1\" \/>\n<meta property=\"og:locale\" content=\"es_ES\" \/>\n<meta property=\"og:type\" content=\"article\" \/>\n<meta property=\"og:title\" content=\"Bouquet d\u2019Alella Ancestral Matar\u00f3 2024 - Bouquet d&#039;Alella\" \/>\n<meta property=\"og:description\" content=\"Vino espumoso rosado de Matar\u00f3 ( o Monastrell) hecho con m\u00e9todo ancestral. De burbuja peque\u00f1a pero r\u00e1pida, anima al m\u00e1s amodorrado y atrae al m\u00e1s curioso. Ya sea solo o con tapetas, la botella siempre acaba demasiado pronto. Producci\u00f3n limitada de 1439 botellas.\" \/>\n<meta property=\"og:url\" content=\"https:\/\/bk10426.bouquetdalella.com\/es\/producto\/bouquet-dalella-ancestral-mataro-2024\/\" \/>\n<meta property=\"og:site_name\" content=\"Bouquet d&#039;Alella\" \/>\n<meta property=\"article:modified_time\" content=\"2025-08-25T12:09:15+00:00\" \/>\n<meta property=\"og:image\" content=\"https:\/\/bk10426.bouquetdalella.com\/wp-content\/uploads\/2023\/04\/Mataro-Ancestral-1.png\" \/>\n\t<meta property=\"og:image:width\" content=\"1600\" \/>\n\t<meta property=\"og:image:height\" content=\"1600\" \/>\n\t<meta property=\"og:image:type\" content=\"image\/png\" \/>\n<meta name=\"twitter:card\" content=\"summary_large_image\" \/>\n<script type=\"application\/ld+json\" class=\"yoast-schema-graph\">{\"@context\":\"https:\\\/\\\/schema.org\",\"@graph\":[{\"@type\":\"WebPage\",\"@id\":\"https:\\\/\\\/bk10426.bouquetdalella.com\\\/es\\\/producto\\\/bouquet-dalella-ancestral-mataro-2024\\\/\",\"url\":\"https:\\\/\\\/bk10426.bouquetdalella.com\\\/es\\\/producto\\\/bouquet-dalella-ancestral-mataro-2024\\\/\",\"name\":\"Bouquet d\u2019Alella Ancestral Matar\u00f3 2024 - Bouquet d&#039;Alella\",\"isPartOf\":{\"@id\":\"https:\\\/\\\/bk10426.bouquetdalella.com\\\/es\\\/#website\"},\"primaryImageOfPage\":{\"@id\":\"https:\\\/\\\/bk10426.bouquetdalella.com\\\/es\\\/producto\\\/bouquet-dalella-ancestral-mataro-2024\\\/#primaryimage\"},\"image\":{\"@id\":\"https:\\\/\\\/bk10426.bouquetdalella.com\\\/es\\\/producto\\\/bouquet-dalella-ancestral-mataro-2024\\\/#primaryimage\"},\"thumbnailUrl\":\"https:\\\/\\\/bk10426.bouquetdalella.com\\\/wp-content\\\/uploads\\\/2023\\\/04\\\/Mataro-Ancestral-1.png\",\"datePublished\":\"2020-09-23T15:40:18+00:00\",\"dateModified\":\"2025-08-25T12:09:15+00:00\",\"breadcrumb\":{\"@id\":\"https:\\\/\\\/bk10426.bouquetdalella.com\\\/es\\\/producto\\\/bouquet-dalella-ancestral-mataro-2024\\\/#breadcrumb\"},\"inLanguage\":\"es\",\"potentialAction\":[{\"@type\":\"ReadAction\",\"target\":[\"https:\\\/\\\/bk10426.bouquetdalella.com\\\/es\\\/producto\\\/bouquet-dalella-ancestral-mataro-2024\\\/\"]}]},{\"@type\":\"ImageObject\",\"inLanguage\":\"es\",\"@id\":\"https:\\\/\\\/bk10426.bouquetdalella.com\\\/es\\\/producto\\\/bouquet-dalella-ancestral-mataro-2024\\\/#primaryimage\",\"url\":\"https:\\\/\\\/bk10426.bouquetdalella.com\\\/wp-content\\\/uploads\\\/2023\\\/04\\\/Mataro-Ancestral-1.png\",\"contentUrl\":\"https:\\\/\\\/bk10426.bouquetdalella.com\\\/wp-content\\\/uploads\\\/2023\\\/04\\\/Mataro-Ancestral-1.png\",\"width\":1600,\"height\":1600},{\"@type\":\"BreadcrumbList\",\"@id\":\"https:\\\/\\\/bk10426.bouquetdalella.com\\\/es\\\/producto\\\/bouquet-dalella-ancestral-mataro-2024\\\/#breadcrumb\",\"itemListElement\":[{\"@type\":\"ListItem\",\"position\":1,\"name\":\"Inici\",\"item\":\"https:\\\/\\\/bk10426.bouquetdalella.com\\\/es\\\/\"},{\"@type\":\"ListItem\",\"position\":2,\"name\":\"Tienda\",\"item\":\"https:\\\/\\\/bk10426.bouquetdalella.com\\\/es\\\/tienda\\\/\"},{\"@type\":\"ListItem\",\"position\":3,\"name\":\"Bouquet d\u2019Alella Ancestral Matar\u00f3 2024\"}]},{\"@type\":\"WebSite\",\"@id\":\"https:\\\/\\\/bk10426.bouquetdalella.com\\\/es\\\/#website\",\"url\":\"https:\\\/\\\/bk10426.bouquetdalella.com\\\/es\\\/\",\"name\":\"Bouquet d&#039;Alella\",\"description\":\"El Celler Bouquet d\u2019Alella neix amb la clara intenci\u00f3 d\u2019explotar dues vessants diferents per\u00f2 complement\u00e0ries en el mon del vi. Per una banda, la producci\u00f3n i venda de vins ecol\u00f2gics de qualitat i per l\u2019altra la promoci\u00f3 de l\u2019enoturisme.\",\"publisher\":{\"@id\":\"https:\\\/\\\/bk10426.bouquetdalella.com\\\/es\\\/#organization\"},\"potentialAction\":[{\"@type\":\"SearchAction\",\"target\":{\"@type\":\"EntryPoint\",\"urlTemplate\":\"https:\\\/\\\/bk10426.bouquetdalella.com\\\/es\\\/?s={search_term_string}\"},\"query-input\":{\"@type\":\"PropertyValueSpecification\",\"valueRequired\":true,\"valueName\":\"search_term_string\"}}],\"inLanguage\":\"es\"},{\"@type\":\"Organization\",\"@id\":\"https:\\\/\\\/bk10426.bouquetdalella.com\\\/es\\\/#organization\",\"name\":\"Bouquet d&#039;Alella\",\"url\":\"https:\\\/\\\/bk10426.bouquetdalella.com\\\/es\\\/\",\"logo\":{\"@type\":\"ImageObject\",\"inLanguage\":\"es\",\"@id\":\"https:\\\/\\\/bk10426.bouquetdalella.com\\\/es\\\/#\\\/schema\\\/logo\\\/image\\\/\",\"url\":\"https:\\\/\\\/bk10426.bouquetdalella.com\\\/wp-content\\\/uploads\\\/2023\\\/04\\\/cropped-cropped-cropped-logo_bouquet_d_alella-2-300x53-1.png\",\"contentUrl\":\"https:\\\/\\\/bk10426.bouquetdalella.com\\\/wp-content\\\/uploads\\\/2023\\\/04\\\/cropped-cropped-cropped-logo_bouquet_d_alella-2-300x53-1.png\",\"width\":300,\"height\":52,\"caption\":\"Bouquet d&#039;Alella\"},\"image\":{\"@id\":\"https:\\\/\\\/bk10426.bouquetdalella.com\\\/es\\\/#\\\/schema\\\/logo\\\/image\\\/\"}}]}<\/script>\n<!-- \/ Yoast SEO plugin. -->","yoast_head_json":{"title":"Bouquet d\u2019Alella Ancestral Matar\u00f3 2024 - Bouquet d&#039;Alella","robots":{"index":"noindex","follow":"follow","max-snippet":"max-snippet:-1","max-image-preview":"max-image-preview:large","max-video-preview":"max-video-preview:-1"},"og_locale":"es_ES","og_type":"article","og_title":"Bouquet d\u2019Alella Ancestral Matar\u00f3 2024 - Bouquet d&#039;Alella","og_description":"Vino espumoso rosado de Matar\u00f3 ( o Monastrell) hecho con m\u00e9todo ancestral. De burbuja peque\u00f1a pero r\u00e1pida, anima al m\u00e1s amodorrado y atrae al m\u00e1s curioso. Ya sea solo o con tapetas, la botella siempre acaba demasiado pronto. Producci\u00f3n limitada de 1439 botellas.","og_url":"https:\/\/bk10426.bouquetdalella.com\/es\/producto\/bouquet-dalella-ancestral-mataro-2024\/","og_site_name":"Bouquet d&#039;Alella","article_modified_time":"2025-08-25T12:09:15+00:00","og_image":[{"width":1600,"height":1600,"url":"https:\/\/bk10426.bouquetdalella.com\/wp-content\/uploads\/2023\/04\/Mataro-Ancestral-1.png","type":"image\/png"}],"twitter_card":"summary_large_image","schema":{"@context":"https:\/\/schema.org","@graph":[{"@type":"WebPage","@id":"https:\/\/bk10426.bouquetdalella.com\/es\/producto\/bouquet-dalella-ancestral-mataro-2024\/","url":"https:\/\/bk10426.bouquetdalella.com\/es\/producto\/bouquet-dalella-ancestral-mataro-2024\/","name":"Bouquet d\u2019Alella Ancestral Matar\u00f3 2024 - Bouquet d&#039;Alella","isPartOf":{"@id":"https:\/\/bk10426.bouquetdalella.com\/es\/#website"},"primaryImageOfPage":{"@id":"https:\/\/bk10426.bouquetdalella.com\/es\/producto\/bouquet-dalella-ancestral-mataro-2024\/#primaryimage"},"image":{"@id":"https:\/\/bk10426.bouquetdalella.com\/es\/producto\/bouquet-dalella-ancestral-mataro-2024\/#primaryimage"},"thumbnailUrl":"https:\/\/bk10426.bouquetdalella.com\/wp-content\/uploads\/2023\/04\/Mataro-Ancestral-1.png","datePublished":"2020-09-23T15:40:18+00:00","dateModified":"2025-08-25T12:09:15+00:00","breadcrumb":{"@id":"https:\/\/bk10426.bouquetdalella.com\/es\/producto\/bouquet-dalella-ancestral-mataro-2024\/#breadcrumb"},"inLanguage":"es","potentialAction":[{"@type":"ReadAction","target":["https:\/\/bk10426.bouquetdalella.com\/es\/producto\/bouquet-dalella-ancestral-mataro-2024\/"]}]},{"@type":"ImageObject","inLanguage":"es","@id":"https:\/\/bk10426.bouquetdalella.com\/es\/producto\/bouquet-dalella-ancestral-mataro-2024\/#primaryimage","url":"https:\/\/bk10426.bouquetdalella.com\/wp-content\/uploads\/2023\/04\/Mataro-Ancestral-1.png","contentUrl":"https:\/\/bk10426.bouquetdalella.com\/wp-content\/uploads\/2023\/04\/Mataro-Ancestral-1.png","width":1600,"height":1600},{"@type":"BreadcrumbList","@id":"https:\/\/bk10426.bouquetdalella.com\/es\/producto\/bouquet-dalella-ancestral-mataro-2024\/#breadcrumb","itemListElement":[{"@type":"ListItem","position":1,"name":"Inici","item":"https:\/\/bk10426.bouquetdalella.com\/es\/"},{"@type":"ListItem","position":2,"name":"Tienda","item":"https:\/\/bk10426.bouquetdalella.com\/es\/tienda\/"},{"@type":"ListItem","position":3,"name":"Bouquet d\u2019Alella Ancestral Matar\u00f3 2024"}]},{"@type":"WebSite","@id":"https:\/\/bk10426.bouquetdalella.com\/es\/#website","url":"https:\/\/bk10426.bouquetdalella.com\/es\/","name":"Bouquet d&#039;Alella","description":"El Celler Bouquet d\u2019Alella neix amb la clara intenci\u00f3 d\u2019explotar dues vessants diferents per\u00f2 complement\u00e0ries en el mon del vi. Per una banda, la producci\u00f3n i venda de vins ecol\u00f2gics de qualitat i per l\u2019altra la promoci\u00f3 de l\u2019enoturisme.","publisher":{"@id":"https:\/\/bk10426.bouquetdalella.com\/es\/#organization"},"potentialAction":[{"@type":"SearchAction","target":{"@type":"EntryPoint","urlTemplate":"https:\/\/bk10426.bouquetdalella.com\/es\/?s={search_term_string}"},"query-input":{"@type":"PropertyValueSpecification","valueRequired":true,"valueName":"search_term_string"}}],"inLanguage":"es"},{"@type":"Organization","@id":"https:\/\/bk10426.bouquetdalella.com\/es\/#organization","name":"Bouquet d&#039;Alella","url":"https:\/\/bk10426.bouquetdalella.com\/es\/","logo":{"@type":"ImageObject","inLanguage":"es","@id":"https:\/\/bk10426.bouquetdalella.com\/es\/#\/schema\/logo\/image\/","url":"https:\/\/bk10426.bouquetdalella.com\/wp-content\/uploads\/2023\/04\/cropped-cropped-cropped-logo_bouquet_d_alella-2-300x53-1.png","contentUrl":"https:\/\/bk10426.bouquetdalella.com\/wp-content\/uploads\/2023\/04\/cropped-cropped-cropped-logo_bouquet_d_alella-2-300x53-1.png","width":300,"height":52,"caption":"Bouquet d&#039;Alella"},"image":{"@id":"https:\/\/bk10426.bouquetdalella.com\/es\/#\/schema\/logo\/image\/"}}]}},"_links":{"self":[{"href":"https:\/\/bk10426.bouquetdalella.com\/es\/wp-json\/wp\/v2\/product\/7904","targetHints":{"allow":["GET"]}}],"collection":[{"href":"https:\/\/bk10426.bouquetdalella.com\/es\/wp-json\/wp\/v2\/product"}],"about":[{"href":"https:\/\/bk10426.bouquetdalella.com\/es\/wp-json\/wp\/v2\/types\/product"}],"version-history":[{"count":0,"href":"https:\/\/bk10426.bouquetdalella.com\/es\/wp-json\/wp\/v2\/product\/7904\/revisions"}],"wp:featuredmedia":[{"embeddable":true,"href":"https:\/\/bk10426.bouquetdalella.com\/es\/wp-json\/wp\/v2\/media\/1763"}],"wp:attachment":[{"href":"https:\/\/bk10426.bouquetdalella.com\/es\/wp-json\/wp\/v2\/media?parent=7904"}],"wp:term":[{"taxonomy":"product_brand","embeddable":true,"href":"https:\/\/bk10426.bouquetdalella.com\/es\/wp-json\/wp\/v2\/product_brand?post=7904"},{"taxonomy":"product_cat","embeddable":true,"href":"https:\/\/bk10426.bouquetdalella.com\/es\/wp-json\/wp\/v2\/product_cat?post=7904"},{"taxonomy":"product_tag","embeddable":true,"href":"https:\/\/bk10426.bouquetdalella.com\/es\/wp-json\/wp\/v2\/product_tag?post=7904"}],"curies":[{"name":"wp","href":"https:\/\/api.w.org\/{rel}","templated":true}]}}