{"id":7859,"date":"2020-10-26T19:45:06","date_gmt":"2020-10-26T17:45:06","guid":{"rendered":"https:\/\/bk10426.bouquetdalella.com\/producte\/maridatge-de-vins-i-formatges\/"},"modified":"2026-02-25T16:55:39","modified_gmt":"2026-02-25T15:55:39","slug":"cata-de-vinos-y-quesos","status":"publish","type":"product","link":"https:\/\/bk10426.bouquetdalella.com\/es\/producto\/cata-de-vinos-y-quesos\/","title":{"rendered":"Cata de Vinos y Quesos con Visita Guiada en Alella \u2013 Una Experiencia \u00danica de Maridaje"},"content":{"rendered":"\t\t<div data-elementor-type=\"product-post\" data-elementor-id=\"7859\" class=\"elementor elementor-7859 elementor-6542\" data-elementor-post-type=\"product\">\n\t\t\t\t\t\t<section class=\"elementor-section elementor-top-section elementor-element elementor-element-a00b13d elementor-section-boxed elementor-section-height-default elementor-section-height-default\" data-id=\"a00b13d\" data-element_type=\"section\" data-e-type=\"section\">\n\t\t\t\t\t\t<div class=\"elementor-container elementor-column-gap-default\">\n\t\t\t\t\t<div class=\"elementor-column elementor-col-50 elementor-top-column elementor-element elementor-element-439b887\" data-id=\"439b887\" data-element_type=\"column\" data-e-type=\"column\">\n\t\t\t<div class=\"elementor-widget-wrap elementor-element-populated\">\n\t\t\t\t\t\t<div class=\"elementor-element elementor-element-1b8933f elementor-widget elementor-widget-text-editor\" data-id=\"1b8933f\" data-element_type=\"widget\" data-e-type=\"widget\" data-widget_type=\"text-editor.default\">\n\t\t\t\t<div class=\"elementor-widget-container\">\n\t\t\t\t\t\t\t\t\t<p class=\"\" data-start=\"476\" data-end=\"962\"><strong data-start=\"476\" data-end=\"527\">\u00bfPor qu\u00e9 elegir nuestra cata de vinos y quesos?<\/strong><br data-start=\"527\" data-end=\"530\" \/>El maridaje de vinos y quesos es una combinaci\u00f3n cl\u00e1sica que nunca falla. Sin embargo, no todas las catas son iguales. En Bouquet d\u2019Alella apostamos por:<br data-start=\"683\" data-end=\"686\" \/>\u2022 Vinos ecol\u00f3gicos elaborados en nuestra propia bodega familiar.<br data-start=\"750\" data-end=\"753\" \/>\u2022 Quesos artesanos de proximidad, cuidadosamente seleccionados para realzar cada matiz del vino.<br data-start=\"849\" data-end=\"852\" \/>\u2022 Un entorno \u00fanico, rodeado de vi\u00f1edos con vistas espectaculares al mar Mediterr\u00e1neo y la Serralada Litoral.<\/p><p class=\"\" data-start=\"964\" data-end=\"1053\">Nuestra cata de vinos y quesos no es solo una degustaci\u00f3n: es un viaje al alma de Alella.<\/p>\t\t\t\t\t\t\t\t<\/div>\n\t\t\t\t<\/div>\n\t\t\t\t\t<\/div>\n\t\t<\/div>\n\t\t\t\t<div class=\"elementor-column elementor-col-50 elementor-top-column elementor-element elementor-element-d5b2491\" data-id=\"d5b2491\" data-element_type=\"column\" data-e-type=\"column\">\n\t\t\t<div class=\"elementor-widget-wrap elementor-element-populated\">\n\t\t\t\t\t\t<div class=\"elementor-element elementor-element-4762231 elementor-widget elementor-widget-image\" data-id=\"4762231\" data-element_type=\"widget\" data-e-type=\"widget\" data-widget_type=\"image.default\">\n\t\t\t\t<div class=\"elementor-widget-container\">\n\t\t\t\t\t\t\t\t\t\t\t\t\t\t\t<img fetchpriority=\"high\" decoding=\"async\" width=\"800\" height=\"534\" src=\"https:\/\/bk10426.bouquetdalella.com\/wp-content\/uploads\/2023\/04\/DSC00876-8-1024x683.jpg\" class=\"attachment-large size-large wp-image-10525\" alt=\"\" srcset=\"https:\/\/bk10426.bouquetdalella.com\/wp-content\/uploads\/2023\/04\/DSC00876-8-1024x683.jpg 1024w, https:\/\/bk10426.bouquetdalella.com\/wp-content\/uploads\/2023\/04\/DSC00876-8-300x200.jpg 300w, https:\/\/bk10426.bouquetdalella.com\/wp-content\/uploads\/2023\/04\/DSC00876-8-768x512.jpg 768w, https:\/\/bk10426.bouquetdalella.com\/wp-content\/uploads\/2023\/04\/DSC00876-8-600x400.jpg 600w, https:\/\/bk10426.bouquetdalella.com\/wp-content\/uploads\/2023\/04\/DSC00876-8.jpg 1500w\" sizes=\"(max-width: 800px) 100vw, 800px\" \/>\t\t\t\t\t\t\t\t\t\t\t\t\t\t\t<\/div>\n\t\t\t\t<\/div>\n\t\t\t\t\t<\/div>\n\t\t<\/div>\n\t\t\t\t\t<\/div>\n\t\t<\/section>\n\t\t\t\t<section class=\"elementor-section elementor-top-section elementor-element elementor-element-002ed69 elementor-section-boxed elementor-section-height-default elementor-section-height-default\" data-id=\"002ed69\" data-element_type=\"section\" data-e-type=\"section\">\n\t\t\t\t\t\t<div class=\"elementor-container elementor-column-gap-default\">\n\t\t\t\t\t<div class=\"elementor-column elementor-col-100 elementor-top-column elementor-element elementor-element-436e8be\" data-id=\"436e8be\" data-element_type=\"column\" data-e-type=\"column\">\n\t\t\t<div class=\"elementor-widget-wrap elementor-element-populated\">\n\t\t\t\t\t\t<div class=\"elementor-element elementor-element-1fe77cb elementor-widget elementor-widget-text-editor\" data-id=\"1fe77cb\" data-element_type=\"widget\" data-e-type=\"widget\" data-widget_type=\"text-editor.default\">\n\t\t\t\t<div class=\"elementor-widget-container\">\n\t\t\t\t\t\t\t\t\t<p class=\"\" data-start=\"2035\" data-end=\"2333\"><strong data-start=\"2035\" data-end=\"2070\">\u00bfA qui\u00e9n va dirigida esta cata?<\/strong><br data-start=\"2070\" data-end=\"2073\" \/>Nuestra propuesta est\u00e1 pensada para:<br data-start=\"2109\" data-end=\"2112\" \/>\u2022 Enoturistas y amantes del vino que buscan experiencias aut\u00e9nticas.<br data-start=\"2180\" data-end=\"2183\" \/>\u2022 Empresas que quieran organizar actividades de\u00a0<em data-start=\"2231\" data-end=\"2246\">team building<\/em>\u00a0originales.<br data-start=\"2258\" data-end=\"2261\" \/>\u2022 Parejas y grupos de amigos que quieran celebrar un momento especial.<\/p><p class=\"\" data-start=\"2335\" data-end=\"2430\">No es necesario ser un experto en vinos o quesos: solo necesitas ganas de aprender y disfrutar.<\/p><p class=\"\" data-start=\"2432\" data-end=\"2760\"><strong data-start=\"2432\" data-end=\"2468\">\u00bfPor qu\u00e9 maridar vinos y quesos?<\/strong><br data-start=\"2468\" data-end=\"2471\" \/>La combinaci\u00f3n de vinos y quesos ofrece una armon\u00eda perfecta porque:<br data-start=\"2539\" data-end=\"2542\" \/>\u2022 Ambos son productos vivos, con evoluci\u00f3n y car\u00e1cter.<br data-start=\"2596\" data-end=\"2599\" \/>\u2022 El queso realza la textura y los aromas del vino, y viceversa.<br data-start=\"2663\" data-end=\"2666\" \/>\u2022 Juntos crean un equilibrio entre grasas, acidez y taninos que conquista cualquier paladar.<\/p><p class=\"\" data-start=\"2762\" data-end=\"2954\">En nuestra cata, descubrir\u00e1s c\u00f3mo las caracter\u00edsticas de cada queso (frescura, curaci\u00f3n, tipo de leche) se complementan con las particularidades de cada vino (blanco, rosado, tinto, espumoso).<\/p><p class=\"\" data-start=\"2956\" data-end=\"3209\"><strong data-start=\"2956\" data-end=\"2993\">Reserva tu cata de vinos y quesos<\/strong><br data-start=\"2993\" data-end=\"2996\" \/>Vivir una cata de vinos y quesos en Bouquet d\u2019Alella es una oportunidad para conectar con la esencia del territorio y compartir un momento \u00fanico. Haz tu reserva online o contacta con nosotros para m\u00e1s informaci\u00f3n.<\/p>\t\t\t\t\t\t\t\t<\/div>\n\t\t\t\t<\/div>\n\t\t\t\t\t<\/div>\n\t\t<\/div>\n\t\t\t\t\t<\/div>\n\t\t<\/section>\n\t\t\t\t<\/div>\n\t\t","protected":false},"excerpt":{"rendered":"<p class=\"\" data-start=\"193\" data-end=\"474\">Si eres amante del vino y la gastronom\u00eda, la cata de vinos y quesos en Bouquet d\u2019Alella es una experiencia imprescindible. Situados en el coraz\u00f3n de la Denominaci\u00f3n de Origen Alella, a pocos minutos de Barcelona, ofrecemos un recorrido sensorial que une tradici\u00f3n, paisaje y sabor.<\/p>\n<p class=\"\" data-start=\"1055\" data-end=\"1494\"><strong data-start=\"1055\" data-end=\"1087\">\u00bfQu\u00e9 incluye la experiencia?<\/strong><br data-start=\"1087\" data-end=\"1090\" \/>La actividad est\u00e1 pensada para disfrutar con los cinco sentidos. El precio incluye:<br data-start=\"1173\" data-end=\"1176\" \/>\u2022 Visita guiada por los vi\u00f1edos y la bodega, donde conocer\u00e1s la historia, las variedades aut\u00f3ctonas y el proceso de elaboraci\u00f3n de nuestros vinos.<br data-start=\"1322\" data-end=\"1325\" \/>\u2022 Cata dirigida de 4 vinos emblem\u00e1ticos de Bouquet d\u2019Alella.<br data-start=\"1385\" data-end=\"1388\" \/>\u2022 Maridaje con 4 quesos artesanos, seleccionados para complementar y potenciar los sabores de cada vino.<\/p>\n<p><strong>Duraci\u00f3n:\u00a0<\/strong>2h<\/p>\n<p><strong>Pr\u00f3ximas sesiones:\u00a0<\/strong><\/p>\n<p>7 de febrero 2026; 7 de marzo 2026;<\/p>\n<p>4 de abril 2026; 9 de mayo 2026; 6 de junio 2026;<\/p>\n<p>4 de julio 2026; 5 de septiembre 2026;<\/p>\n<p>10 de octubre 2026; 7 de noviembre 2026; 5 de diciembre 2026.<\/p>\n<p class=\"\" data-start=\"1763\" data-end=\"1878\">\ud83d\udc49 Si sois un grupo de 8 personas o m\u00e1s, pod\u00e9is solicitar una fecha personalizada. \u00a1Nos adaptamos a vuestra agenda!<\/p>\n<p class=\"\" data-start=\"1880\" data-end=\"2033\"><strong data-start=\"1880\" data-end=\"1890\">Precio<\/strong><br data-start=\"1890\" data-end=\"1893\" \/>El precio de la cata de vinos y quesos es de 45 \u20ac por persona (IVA incluido), si se trata de p\u00fablico adulto, o 25 \u20ac para menores de 16 a\u00f1os.<\/p>\n<p>&nbsp;<\/p>\n<p>&nbsp;<\/p>\n[fareharbor shortname=\"bouquetdalella\" fallback=\"simple\" full_items=\"yes\" flow=\"1393186\" items=\"631227\" type=\"responsive\" language=\"es\"]\n","protected":false},"featured_media":6546,"template":"","meta":{"_acf_changed":false},"product_brand":[],"product_cat":[144],"product_tag":[388],"class_list":{"0":"post-7859","1":"product","2":"type-product","3":"status-publish","4":"has-post-thumbnail","6":"product_cat-enoturismo","7":"product_tag-fareharbor-es","9":"first","10":"outofstock","11":"taxable","12":"shipping-taxable","13":"purchasable","14":"product-type-variable"},"acf":[],"yoast_head":"<!-- This site is optimized with the Yoast SEO plugin v27.3 - https:\/\/yoast.com\/product\/yoast-seo-wordpress\/ -->\n<title>Cata de Vinos y Quesos | Maridaje de vino y queso<\/title>\n<meta name=\"description\" content=\"Cata de vinos y quesos cerca de Barcelona, a tan solo 15 minutos de la ciudad, en un entorno id\u00edlico. Te proponemos un d\u00eda de enoturismo \u00fanico.\" \/>\n<meta name=\"robots\" content=\"noindex, follow, max-snippet:-1, max-image-preview:large, max-video-preview:-1\" \/>\n<meta property=\"og:locale\" content=\"es_ES\" \/>\n<meta property=\"og:type\" content=\"article\" \/>\n<meta property=\"og:title\" content=\"Cata de Vinos y Quesos | Maridaje de vino y queso\" \/>\n<meta property=\"og:description\" content=\"Cata de vinos y quesos cerca de Barcelona, a tan solo 15 minutos de la ciudad, en un entorno id\u00edlico. Te proponemos un d\u00eda de enoturismo \u00fanico.\" \/>\n<meta property=\"og:url\" content=\"https:\/\/bk10426.bouquetdalella.com\/es\/producto\/cata-de-vinos-y-quesos\/\" \/>\n<meta property=\"og:site_name\" content=\"Bouquet d&#039;Alella\" \/>\n<meta property=\"article:modified_time\" content=\"2026-02-25T15:55:39+00:00\" \/>\n<meta property=\"og:image\" content=\"https:\/\/bk10426.bouquetdalella.com\/wp-content\/uploads\/2023\/04\/DSC00872-1.jpg\" \/>\n\t<meta property=\"og:image:width\" content=\"1187\" \/>\n\t<meta property=\"og:image:height\" content=\"668\" \/>\n\t<meta property=\"og:image:type\" content=\"image\/jpeg\" \/>\n<meta name=\"twitter:card\" content=\"summary_large_image\" \/>\n<meta name=\"twitter:label1\" content=\"Tiempo de lectura\" \/>\n\t<meta name=\"twitter:data1\" content=\"2 minutos\" \/>\n<script type=\"application\/ld+json\" class=\"yoast-schema-graph\">{\"@context\":\"https:\\\/\\\/schema.org\",\"@graph\":[{\"@type\":\"WebPage\",\"@id\":\"https:\\\/\\\/bk10426.bouquetdalella.com\\\/es\\\/producto\\\/cata-de-vinos-y-quesos\\\/\",\"url\":\"https:\\\/\\\/bk10426.bouquetdalella.com\\\/es\\\/producto\\\/cata-de-vinos-y-quesos\\\/\",\"name\":\"Cata de Vinos y Quesos | Maridaje de vino y queso\",\"isPartOf\":{\"@id\":\"https:\\\/\\\/bk10426.bouquetdalella.com\\\/es\\\/#website\"},\"primaryImageOfPage\":{\"@id\":\"https:\\\/\\\/bk10426.bouquetdalella.com\\\/es\\\/producto\\\/cata-de-vinos-y-quesos\\\/#primaryimage\"},\"image\":{\"@id\":\"https:\\\/\\\/bk10426.bouquetdalella.com\\\/es\\\/producto\\\/cata-de-vinos-y-quesos\\\/#primaryimage\"},\"thumbnailUrl\":\"https:\\\/\\\/bk10426.bouquetdalella.com\\\/wp-content\\\/uploads\\\/2023\\\/04\\\/DSC00872-1.jpg\",\"datePublished\":\"2020-10-26T17:45:06+00:00\",\"dateModified\":\"2026-02-25T15:55:39+00:00\",\"description\":\"Cata de vinos y quesos cerca de Barcelona, a tan solo 15 minutos de la ciudad, en un entorno id\u00edlico. Te proponemos un d\u00eda de enoturismo \u00fanico.\",\"breadcrumb\":{\"@id\":\"https:\\\/\\\/bk10426.bouquetdalella.com\\\/es\\\/producto\\\/cata-de-vinos-y-quesos\\\/#breadcrumb\"},\"inLanguage\":\"es\",\"potentialAction\":[{\"@type\":\"ReadAction\",\"target\":[\"https:\\\/\\\/bk10426.bouquetdalella.com\\\/es\\\/producto\\\/cata-de-vinos-y-quesos\\\/\"]}]},{\"@type\":\"ImageObject\",\"inLanguage\":\"es\",\"@id\":\"https:\\\/\\\/bk10426.bouquetdalella.com\\\/es\\\/producto\\\/cata-de-vinos-y-quesos\\\/#primaryimage\",\"url\":\"https:\\\/\\\/bk10426.bouquetdalella.com\\\/wp-content\\\/uploads\\\/2023\\\/04\\\/DSC00872-1.jpg\",\"contentUrl\":\"https:\\\/\\\/bk10426.bouquetdalella.com\\\/wp-content\\\/uploads\\\/2023\\\/04\\\/DSC00872-1.jpg\",\"width\":1187,\"height\":668},{\"@type\":\"BreadcrumbList\",\"@id\":\"https:\\\/\\\/bk10426.bouquetdalella.com\\\/es\\\/producto\\\/cata-de-vinos-y-quesos\\\/#breadcrumb\",\"itemListElement\":[{\"@type\":\"ListItem\",\"position\":1,\"name\":\"Inici\",\"item\":\"https:\\\/\\\/bk10426.bouquetdalella.com\\\/es\\\/\"},{\"@type\":\"ListItem\",\"position\":2,\"name\":\"Tienda\",\"item\":\"https:\\\/\\\/bk10426.bouquetdalella.com\\\/es\\\/tienda\\\/\"},{\"@type\":\"ListItem\",\"position\":3,\"name\":\"Cata de Vinos y Quesos con Visita Guiada en Alella \u2013 Una Experiencia \u00danica de Maridaje\"}]},{\"@type\":\"WebSite\",\"@id\":\"https:\\\/\\\/bk10426.bouquetdalella.com\\\/es\\\/#website\",\"url\":\"https:\\\/\\\/bk10426.bouquetdalella.com\\\/es\\\/\",\"name\":\"Bouquet d&#039;Alella\",\"description\":\"El Celler Bouquet d\u2019Alella neix amb la clara intenci\u00f3 d\u2019explotar dues vessants diferents per\u00f2 complement\u00e0ries en el mon del vi. Per una banda, la producci\u00f3n i venda de vins ecol\u00f2gics de qualitat i per l\u2019altra la promoci\u00f3 de l\u2019enoturisme.\",\"publisher\":{\"@id\":\"https:\\\/\\\/bk10426.bouquetdalella.com\\\/es\\\/#organization\"},\"potentialAction\":[{\"@type\":\"SearchAction\",\"target\":{\"@type\":\"EntryPoint\",\"urlTemplate\":\"https:\\\/\\\/bk10426.bouquetdalella.com\\\/es\\\/?s={search_term_string}\"},\"query-input\":{\"@type\":\"PropertyValueSpecification\",\"valueRequired\":true,\"valueName\":\"search_term_string\"}}],\"inLanguage\":\"es\"},{\"@type\":\"Organization\",\"@id\":\"https:\\\/\\\/bk10426.bouquetdalella.com\\\/es\\\/#organization\",\"name\":\"Bouquet d&#039;Alella\",\"url\":\"https:\\\/\\\/bk10426.bouquetdalella.com\\\/es\\\/\",\"logo\":{\"@type\":\"ImageObject\",\"inLanguage\":\"es\",\"@id\":\"https:\\\/\\\/bk10426.bouquetdalella.com\\\/es\\\/#\\\/schema\\\/logo\\\/image\\\/\",\"url\":\"https:\\\/\\\/bk10426.bouquetdalella.com\\\/wp-content\\\/uploads\\\/2023\\\/04\\\/cropped-cropped-cropped-logo_bouquet_d_alella-2-300x53-1.png\",\"contentUrl\":\"https:\\\/\\\/bk10426.bouquetdalella.com\\\/wp-content\\\/uploads\\\/2023\\\/04\\\/cropped-cropped-cropped-logo_bouquet_d_alella-2-300x53-1.png\",\"width\":300,\"height\":52,\"caption\":\"Bouquet d&#039;Alella\"},\"image\":{\"@id\":\"https:\\\/\\\/bk10426.bouquetdalella.com\\\/es\\\/#\\\/schema\\\/logo\\\/image\\\/\"}}]}<\/script>\n<!-- \/ Yoast SEO plugin. -->","yoast_head_json":{"title":"Cata de Vinos y Quesos | Maridaje de vino y queso","description":"Cata de vinos y quesos cerca de Barcelona, a tan solo 15 minutos de la ciudad, en un entorno id\u00edlico. Te proponemos un d\u00eda de enoturismo \u00fanico.","robots":{"index":"noindex","follow":"follow","max-snippet":"max-snippet:-1","max-image-preview":"max-image-preview:large","max-video-preview":"max-video-preview:-1"},"og_locale":"es_ES","og_type":"article","og_title":"Cata de Vinos y Quesos | Maridaje de vino y queso","og_description":"Cata de vinos y quesos cerca de Barcelona, a tan solo 15 minutos de la ciudad, en un entorno id\u00edlico. Te proponemos un d\u00eda de enoturismo \u00fanico.","og_url":"https:\/\/bk10426.bouquetdalella.com\/es\/producto\/cata-de-vinos-y-quesos\/","og_site_name":"Bouquet d&#039;Alella","article_modified_time":"2026-02-25T15:55:39+00:00","og_image":[{"width":1187,"height":668,"url":"https:\/\/bk10426.bouquetdalella.com\/wp-content\/uploads\/2023\/04\/DSC00872-1.jpg","type":"image\/jpeg"}],"twitter_card":"summary_large_image","twitter_misc":{"Tiempo de lectura":"2 minutos"},"schema":{"@context":"https:\/\/schema.org","@graph":[{"@type":"WebPage","@id":"https:\/\/bk10426.bouquetdalella.com\/es\/producto\/cata-de-vinos-y-quesos\/","url":"https:\/\/bk10426.bouquetdalella.com\/es\/producto\/cata-de-vinos-y-quesos\/","name":"Cata de Vinos y Quesos | Maridaje de vino y queso","isPartOf":{"@id":"https:\/\/bk10426.bouquetdalella.com\/es\/#website"},"primaryImageOfPage":{"@id":"https:\/\/bk10426.bouquetdalella.com\/es\/producto\/cata-de-vinos-y-quesos\/#primaryimage"},"image":{"@id":"https:\/\/bk10426.bouquetdalella.com\/es\/producto\/cata-de-vinos-y-quesos\/#primaryimage"},"thumbnailUrl":"https:\/\/bk10426.bouquetdalella.com\/wp-content\/uploads\/2023\/04\/DSC00872-1.jpg","datePublished":"2020-10-26T17:45:06+00:00","dateModified":"2026-02-25T15:55:39+00:00","description":"Cata de vinos y quesos cerca de Barcelona, a tan solo 15 minutos de la ciudad, en un entorno id\u00edlico. Te proponemos un d\u00eda de enoturismo \u00fanico.","breadcrumb":{"@id":"https:\/\/bk10426.bouquetdalella.com\/es\/producto\/cata-de-vinos-y-quesos\/#breadcrumb"},"inLanguage":"es","potentialAction":[{"@type":"ReadAction","target":["https:\/\/bk10426.bouquetdalella.com\/es\/producto\/cata-de-vinos-y-quesos\/"]}]},{"@type":"ImageObject","inLanguage":"es","@id":"https:\/\/bk10426.bouquetdalella.com\/es\/producto\/cata-de-vinos-y-quesos\/#primaryimage","url":"https:\/\/bk10426.bouquetdalella.com\/wp-content\/uploads\/2023\/04\/DSC00872-1.jpg","contentUrl":"https:\/\/bk10426.bouquetdalella.com\/wp-content\/uploads\/2023\/04\/DSC00872-1.jpg","width":1187,"height":668},{"@type":"BreadcrumbList","@id":"https:\/\/bk10426.bouquetdalella.com\/es\/producto\/cata-de-vinos-y-quesos\/#breadcrumb","itemListElement":[{"@type":"ListItem","position":1,"name":"Inici","item":"https:\/\/bk10426.bouquetdalella.com\/es\/"},{"@type":"ListItem","position":2,"name":"Tienda","item":"https:\/\/bk10426.bouquetdalella.com\/es\/tienda\/"},{"@type":"ListItem","position":3,"name":"Cata de Vinos y Quesos con Visita Guiada en Alella \u2013 Una Experiencia \u00danica de Maridaje"}]},{"@type":"WebSite","@id":"https:\/\/bk10426.bouquetdalella.com\/es\/#website","url":"https:\/\/bk10426.bouquetdalella.com\/es\/","name":"Bouquet d&#039;Alella","description":"El Celler Bouquet d\u2019Alella neix amb la clara intenci\u00f3 d\u2019explotar dues vessants diferents per\u00f2 complement\u00e0ries en el mon del vi. Per una banda, la producci\u00f3n i venda de vins ecol\u00f2gics de qualitat i per l\u2019altra la promoci\u00f3 de l\u2019enoturisme.","publisher":{"@id":"https:\/\/bk10426.bouquetdalella.com\/es\/#organization"},"potentialAction":[{"@type":"SearchAction","target":{"@type":"EntryPoint","urlTemplate":"https:\/\/bk10426.bouquetdalella.com\/es\/?s={search_term_string}"},"query-input":{"@type":"PropertyValueSpecification","valueRequired":true,"valueName":"search_term_string"}}],"inLanguage":"es"},{"@type":"Organization","@id":"https:\/\/bk10426.bouquetdalella.com\/es\/#organization","name":"Bouquet d&#039;Alella","url":"https:\/\/bk10426.bouquetdalella.com\/es\/","logo":{"@type":"ImageObject","inLanguage":"es","@id":"https:\/\/bk10426.bouquetdalella.com\/es\/#\/schema\/logo\/image\/","url":"https:\/\/bk10426.bouquetdalella.com\/wp-content\/uploads\/2023\/04\/cropped-cropped-cropped-logo_bouquet_d_alella-2-300x53-1.png","contentUrl":"https:\/\/bk10426.bouquetdalella.com\/wp-content\/uploads\/2023\/04\/cropped-cropped-cropped-logo_bouquet_d_alella-2-300x53-1.png","width":300,"height":52,"caption":"Bouquet d&#039;Alella"},"image":{"@id":"https:\/\/bk10426.bouquetdalella.com\/es\/#\/schema\/logo\/image\/"}}]}},"_links":{"self":[{"href":"https:\/\/bk10426.bouquetdalella.com\/es\/wp-json\/wp\/v2\/product\/7859","targetHints":{"allow":["GET"]}}],"collection":[{"href":"https:\/\/bk10426.bouquetdalella.com\/es\/wp-json\/wp\/v2\/product"}],"about":[{"href":"https:\/\/bk10426.bouquetdalella.com\/es\/wp-json\/wp\/v2\/types\/product"}],"version-history":[{"count":3,"href":"https:\/\/bk10426.bouquetdalella.com\/es\/wp-json\/wp\/v2\/product\/7859\/revisions"}],"predecessor-version":[{"id":36287,"href":"https:\/\/bk10426.bouquetdalella.com\/es\/wp-json\/wp\/v2\/product\/7859\/revisions\/36287"}],"wp:featuredmedia":[{"embeddable":true,"href":"https:\/\/bk10426.bouquetdalella.com\/es\/wp-json\/wp\/v2\/media\/6546"}],"wp:attachment":[{"href":"https:\/\/bk10426.bouquetdalella.com\/es\/wp-json\/wp\/v2\/media?parent=7859"}],"wp:term":[{"taxonomy":"product_brand","embeddable":true,"href":"https:\/\/bk10426.bouquetdalella.com\/es\/wp-json\/wp\/v2\/product_brand?post=7859"},{"taxonomy":"product_cat","embeddable":true,"href":"https:\/\/bk10426.bouquetdalella.com\/es\/wp-json\/wp\/v2\/product_cat?post=7859"},{"taxonomy":"product_tag","embeddable":true,"href":"https:\/\/bk10426.bouquetdalella.com\/es\/wp-json\/wp\/v2\/product_tag?post=7859"}],"curies":[{"name":"wp","href":"https:\/\/api.w.org\/{rel}","templated":true}]}}