{"id":36364,"date":"2026-02-27T09:48:28","date_gmt":"2026-02-27T08:48:28","guid":{"rendered":"https:\/\/bk10426.bouquetdalella.com\/?post_type=product&#038;p=36364"},"modified":"2026-02-27T09:59:13","modified_gmt":"2026-02-27T08:59:13","slug":"taller-de-cocina-de-primavera","status":"publish","type":"product","link":"https:\/\/bk10426.bouquetdalella.com\/es\/producto\/taller-de-cocina-de-primavera\/","title":{"rendered":"Taller de cocina de primavera"},"content":{"rendered":"","protected":false},"excerpt":{"rendered":"<p>Ven a renovar tu recetario con ideas nuevas y combinaciones sorprendentes para compartir con los tuyos esta primavera.<\/p>\n<p>Con ingredientes de temporada, platos originales y vinos ecol\u00f3gicos, nuestra chef Annette Schroeder nos explicar\u00e1 las diferentes recetas para cocinar y degustar juntos.<\/p>\n<p><strong>El taller consta de la elaboraci\u00f3n de 4 platos y 1 postres:<\/strong><\/p>\n<p>Gazpacho de fresa e hinojo<\/p>\n<p>Risotto de esp\u00e1rragos y pesto de semilla de calabaza<\/p>\n<p>Pescado a la mantequilla negra con alcaparras y mostaza Dijon<\/p>\n<p>Profiteroles con parmesano rellenos de pesto rojo, almendra y tomillo.<\/p>\n<p>Trufas de chocolate blanco<\/p>\n<p>&nbsp;<\/p>\n<p><strong>La actividad incluye\u00a0:<\/strong><\/p>\n<ul>\n<li>Degustaci\u00f3n de 3 vinos Bouquet d\u2019Alella (durante el taller y la comida).<\/li>\n<li>Taller 100 % interactivo.<\/li>\n<li>Elaboraci\u00f3n, degustaci\u00f3n y aprendizaje de t\u00e9cnicas y combinaciones de sabores.<\/li>\n<\/ul>\n<p>&nbsp;<\/p>\n<p><strong>Duraci\u00f3n: <\/strong>2,5 horas<br \/>\n<strong>Fecha: <\/strong>7 de mayo de 2026<br \/>\n<strong>Hora de inicio:<\/strong> 11:00 h<br \/>\n<strong>Precio:<\/strong>\u00a0 65\u20ac (IVA incluido)<\/p>\n<p>&nbsp;<\/p>\n[fareharbor shortname=\"bouquetdalella\" fallback=\"simple\" full_items=\"yes\" flow=\"1393186\" items=\"707978\" type=\"responsive\" language=\"es\"]\n","protected":false},"featured_media":36388,"template":"","meta":{"_acf_changed":false},"product_brand":[],"product_cat":[144],"product_tag":[388],"class_list":{"0":"post-36364","1":"product","2":"type-product","3":"status-publish","4":"has-post-thumbnail","6":"product_cat-enoturismo","7":"product_tag-fareharbor-es","9":"first","10":"outofstock","11":"featured","12":"virtual","13":"taxable","14":"purchasable","15":"product-type-simple"},"acf":[],"yoast_head":"<!-- This site is optimized with the Yoast SEO plugin v27.3 - https:\/\/yoast.com\/product\/yoast-seo-wordpress\/ -->\n<title>Taller de cocina de primavera - Bouquet d&#039;Alella<\/title>\n<meta name=\"description\" content=\"\u00bfTe gusta cocinar y aprender recetas nuevas? \u00a1Este taller es para ti!\" \/>\n<meta name=\"robots\" content=\"noindex, follow, max-snippet:-1, max-image-preview:large, max-video-preview:-1\" \/>\n<meta property=\"og:locale\" content=\"es_ES\" \/>\n<meta property=\"og:type\" content=\"article\" \/>\n<meta property=\"og:title\" content=\"Taller de cocina de primavera - Bouquet d&#039;Alella\" \/>\n<meta property=\"og:description\" content=\"\u00bfTe gusta cocinar y aprender recetas nuevas? \u00a1Este taller es para ti!\" \/>\n<meta property=\"og:url\" content=\"https:\/\/bk10426.bouquetdalella.com\/es\/producto\/taller-de-cocina-de-primavera\/\" \/>\n<meta property=\"og:site_name\" content=\"Bouquet d&#039;Alella\" \/>\n<meta property=\"article:modified_time\" content=\"2026-02-27T08:59:13+00:00\" \/>\n<meta property=\"og:image\" content=\"https:\/\/bk10426.bouquetdalella.com\/wp-content\/uploads\/2026\/02\/taller-de-cuina-Annette.webp\" \/>\n\t<meta property=\"og:image:width\" content=\"1200\" \/>\n\t<meta property=\"og:image:height\" content=\"1320\" \/>\n\t<meta property=\"og:image:type\" content=\"image\/webp\" \/>\n<meta name=\"twitter:card\" content=\"summary_large_image\" \/>\n<meta name=\"twitter:label1\" content=\"Tiempo de lectura\" \/>\n\t<meta name=\"twitter:data1\" content=\"1 minuto\" \/>\n<script type=\"application\/ld+json\" class=\"yoast-schema-graph\">{\"@context\":\"https:\\\/\\\/schema.org\",\"@graph\":[{\"@type\":\"WebPage\",\"@id\":\"https:\\\/\\\/bk10426.bouquetdalella.com\\\/es\\\/producto\\\/taller-de-cocina-de-primavera\\\/\",\"url\":\"https:\\\/\\\/bk10426.bouquetdalella.com\\\/es\\\/producto\\\/taller-de-cocina-de-primavera\\\/\",\"name\":\"Taller de cocina de primavera - Bouquet d&#039;Alella\",\"isPartOf\":{\"@id\":\"https:\\\/\\\/bk10426.bouquetdalella.com\\\/es\\\/#website\"},\"primaryImageOfPage\":{\"@id\":\"https:\\\/\\\/bk10426.bouquetdalella.com\\\/es\\\/producto\\\/taller-de-cocina-de-primavera\\\/#primaryimage\"},\"image\":{\"@id\":\"https:\\\/\\\/bk10426.bouquetdalella.com\\\/es\\\/producto\\\/taller-de-cocina-de-primavera\\\/#primaryimage\"},\"thumbnailUrl\":\"https:\\\/\\\/bk10426.bouquetdalella.com\\\/wp-content\\\/uploads\\\/2026\\\/02\\\/taller-de-cuina-Annette.webp\",\"datePublished\":\"2026-02-27T08:48:28+00:00\",\"dateModified\":\"2026-02-27T08:59:13+00:00\",\"description\":\"\u00bfTe gusta cocinar y aprender recetas nuevas? \u00a1Este taller es para ti!\",\"breadcrumb\":{\"@id\":\"https:\\\/\\\/bk10426.bouquetdalella.com\\\/es\\\/producto\\\/taller-de-cocina-de-primavera\\\/#breadcrumb\"},\"inLanguage\":\"es\",\"potentialAction\":[{\"@type\":\"ReadAction\",\"target\":[\"https:\\\/\\\/bk10426.bouquetdalella.com\\\/es\\\/producto\\\/taller-de-cocina-de-primavera\\\/\"]}]},{\"@type\":\"ImageObject\",\"inLanguage\":\"es\",\"@id\":\"https:\\\/\\\/bk10426.bouquetdalella.com\\\/es\\\/producto\\\/taller-de-cocina-de-primavera\\\/#primaryimage\",\"url\":\"https:\\\/\\\/bk10426.bouquetdalella.com\\\/wp-content\\\/uploads\\\/2026\\\/02\\\/taller-de-cuina-Annette.webp\",\"contentUrl\":\"https:\\\/\\\/bk10426.bouquetdalella.com\\\/wp-content\\\/uploads\\\/2026\\\/02\\\/taller-de-cuina-Annette.webp\",\"width\":1200,\"height\":1320},{\"@type\":\"BreadcrumbList\",\"@id\":\"https:\\\/\\\/bk10426.bouquetdalella.com\\\/es\\\/producto\\\/taller-de-cocina-de-primavera\\\/#breadcrumb\",\"itemListElement\":[{\"@type\":\"ListItem\",\"position\":1,\"name\":\"Inici\",\"item\":\"https:\\\/\\\/bk10426.bouquetdalella.com\\\/es\\\/\"},{\"@type\":\"ListItem\",\"position\":2,\"name\":\"Tienda\",\"item\":\"https:\\\/\\\/bk10426.bouquetdalella.com\\\/es\\\/tienda\\\/\"},{\"@type\":\"ListItem\",\"position\":3,\"name\":\"Taller de cocina de primavera\"}]},{\"@type\":\"WebSite\",\"@id\":\"https:\\\/\\\/bk10426.bouquetdalella.com\\\/es\\\/#website\",\"url\":\"https:\\\/\\\/bk10426.bouquetdalella.com\\\/es\\\/\",\"name\":\"Bouquet d&#039;Alella\",\"description\":\"El Celler Bouquet d\u2019Alella neix amb la clara intenci\u00f3 d\u2019explotar dues vessants diferents per\u00f2 complement\u00e0ries en el mon del vi. Per una banda, la producci\u00f3n i venda de vins ecol\u00f2gics de qualitat i per l\u2019altra la promoci\u00f3 de l\u2019enoturisme.\",\"publisher\":{\"@id\":\"https:\\\/\\\/bk10426.bouquetdalella.com\\\/es\\\/#organization\"},\"potentialAction\":[{\"@type\":\"SearchAction\",\"target\":{\"@type\":\"EntryPoint\",\"urlTemplate\":\"https:\\\/\\\/bk10426.bouquetdalella.com\\\/es\\\/?s={search_term_string}\"},\"query-input\":{\"@type\":\"PropertyValueSpecification\",\"valueRequired\":true,\"valueName\":\"search_term_string\"}}],\"inLanguage\":\"es\"},{\"@type\":\"Organization\",\"@id\":\"https:\\\/\\\/bk10426.bouquetdalella.com\\\/es\\\/#organization\",\"name\":\"Bouquet d&#039;Alella\",\"url\":\"https:\\\/\\\/bk10426.bouquetdalella.com\\\/es\\\/\",\"logo\":{\"@type\":\"ImageObject\",\"inLanguage\":\"es\",\"@id\":\"https:\\\/\\\/bk10426.bouquetdalella.com\\\/es\\\/#\\\/schema\\\/logo\\\/image\\\/\",\"url\":\"https:\\\/\\\/bk10426.bouquetdalella.com\\\/wp-content\\\/uploads\\\/2023\\\/04\\\/cropped-cropped-cropped-logo_bouquet_d_alella-2-300x53-1.png\",\"contentUrl\":\"https:\\\/\\\/bk10426.bouquetdalella.com\\\/wp-content\\\/uploads\\\/2023\\\/04\\\/cropped-cropped-cropped-logo_bouquet_d_alella-2-300x53-1.png\",\"width\":300,\"height\":52,\"caption\":\"Bouquet d&#039;Alella\"},\"image\":{\"@id\":\"https:\\\/\\\/bk10426.bouquetdalella.com\\\/es\\\/#\\\/schema\\\/logo\\\/image\\\/\"}}]}<\/script>\n<!-- \/ Yoast SEO plugin. -->","yoast_head_json":{"title":"Taller de cocina de primavera - Bouquet d&#039;Alella","description":"\u00bfTe gusta cocinar y aprender recetas nuevas? \u00a1Este taller es para ti!","robots":{"index":"noindex","follow":"follow","max-snippet":"max-snippet:-1","max-image-preview":"max-image-preview:large","max-video-preview":"max-video-preview:-1"},"og_locale":"es_ES","og_type":"article","og_title":"Taller de cocina de primavera - Bouquet d&#039;Alella","og_description":"\u00bfTe gusta cocinar y aprender recetas nuevas? \u00a1Este taller es para ti!","og_url":"https:\/\/bk10426.bouquetdalella.com\/es\/producto\/taller-de-cocina-de-primavera\/","og_site_name":"Bouquet d&#039;Alella","article_modified_time":"2026-02-27T08:59:13+00:00","og_image":[{"width":1200,"height":1320,"url":"https:\/\/bk10426.bouquetdalella.com\/wp-content\/uploads\/2026\/02\/taller-de-cuina-Annette.webp","type":"image\/webp"}],"twitter_card":"summary_large_image","twitter_misc":{"Tiempo de lectura":"1 minuto"},"schema":{"@context":"https:\/\/schema.org","@graph":[{"@type":"WebPage","@id":"https:\/\/bk10426.bouquetdalella.com\/es\/producto\/taller-de-cocina-de-primavera\/","url":"https:\/\/bk10426.bouquetdalella.com\/es\/producto\/taller-de-cocina-de-primavera\/","name":"Taller de cocina de primavera - Bouquet d&#039;Alella","isPartOf":{"@id":"https:\/\/bk10426.bouquetdalella.com\/es\/#website"},"primaryImageOfPage":{"@id":"https:\/\/bk10426.bouquetdalella.com\/es\/producto\/taller-de-cocina-de-primavera\/#primaryimage"},"image":{"@id":"https:\/\/bk10426.bouquetdalella.com\/es\/producto\/taller-de-cocina-de-primavera\/#primaryimage"},"thumbnailUrl":"https:\/\/bk10426.bouquetdalella.com\/wp-content\/uploads\/2026\/02\/taller-de-cuina-Annette.webp","datePublished":"2026-02-27T08:48:28+00:00","dateModified":"2026-02-27T08:59:13+00:00","description":"\u00bfTe gusta cocinar y aprender recetas nuevas? \u00a1Este taller es para ti!","breadcrumb":{"@id":"https:\/\/bk10426.bouquetdalella.com\/es\/producto\/taller-de-cocina-de-primavera\/#breadcrumb"},"inLanguage":"es","potentialAction":[{"@type":"ReadAction","target":["https:\/\/bk10426.bouquetdalella.com\/es\/producto\/taller-de-cocina-de-primavera\/"]}]},{"@type":"ImageObject","inLanguage":"es","@id":"https:\/\/bk10426.bouquetdalella.com\/es\/producto\/taller-de-cocina-de-primavera\/#primaryimage","url":"https:\/\/bk10426.bouquetdalella.com\/wp-content\/uploads\/2026\/02\/taller-de-cuina-Annette.webp","contentUrl":"https:\/\/bk10426.bouquetdalella.com\/wp-content\/uploads\/2026\/02\/taller-de-cuina-Annette.webp","width":1200,"height":1320},{"@type":"BreadcrumbList","@id":"https:\/\/bk10426.bouquetdalella.com\/es\/producto\/taller-de-cocina-de-primavera\/#breadcrumb","itemListElement":[{"@type":"ListItem","position":1,"name":"Inici","item":"https:\/\/bk10426.bouquetdalella.com\/es\/"},{"@type":"ListItem","position":2,"name":"Tienda","item":"https:\/\/bk10426.bouquetdalella.com\/es\/tienda\/"},{"@type":"ListItem","position":3,"name":"Taller de cocina de primavera"}]},{"@type":"WebSite","@id":"https:\/\/bk10426.bouquetdalella.com\/es\/#website","url":"https:\/\/bk10426.bouquetdalella.com\/es\/","name":"Bouquet d&#039;Alella","description":"El Celler Bouquet d\u2019Alella neix amb la clara intenci\u00f3 d\u2019explotar dues vessants diferents per\u00f2 complement\u00e0ries en el mon del vi. Per una banda, la producci\u00f3n i venda de vins ecol\u00f2gics de qualitat i per l\u2019altra la promoci\u00f3 de l\u2019enoturisme.","publisher":{"@id":"https:\/\/bk10426.bouquetdalella.com\/es\/#organization"},"potentialAction":[{"@type":"SearchAction","target":{"@type":"EntryPoint","urlTemplate":"https:\/\/bk10426.bouquetdalella.com\/es\/?s={search_term_string}"},"query-input":{"@type":"PropertyValueSpecification","valueRequired":true,"valueName":"search_term_string"}}],"inLanguage":"es"},{"@type":"Organization","@id":"https:\/\/bk10426.bouquetdalella.com\/es\/#organization","name":"Bouquet d&#039;Alella","url":"https:\/\/bk10426.bouquetdalella.com\/es\/","logo":{"@type":"ImageObject","inLanguage":"es","@id":"https:\/\/bk10426.bouquetdalella.com\/es\/#\/schema\/logo\/image\/","url":"https:\/\/bk10426.bouquetdalella.com\/wp-content\/uploads\/2023\/04\/cropped-cropped-cropped-logo_bouquet_d_alella-2-300x53-1.png","contentUrl":"https:\/\/bk10426.bouquetdalella.com\/wp-content\/uploads\/2023\/04\/cropped-cropped-cropped-logo_bouquet_d_alella-2-300x53-1.png","width":300,"height":52,"caption":"Bouquet d&#039;Alella"},"image":{"@id":"https:\/\/bk10426.bouquetdalella.com\/es\/#\/schema\/logo\/image\/"}}]}},"_links":{"self":[{"href":"https:\/\/bk10426.bouquetdalella.com\/es\/wp-json\/wp\/v2\/product\/36364","targetHints":{"allow":["GET"]}}],"collection":[{"href":"https:\/\/bk10426.bouquetdalella.com\/es\/wp-json\/wp\/v2\/product"}],"about":[{"href":"https:\/\/bk10426.bouquetdalella.com\/es\/wp-json\/wp\/v2\/types\/product"}],"version-history":[{"count":3,"href":"https:\/\/bk10426.bouquetdalella.com\/es\/wp-json\/wp\/v2\/product\/36364\/revisions"}],"predecessor-version":[{"id":36398,"href":"https:\/\/bk10426.bouquetdalella.com\/es\/wp-json\/wp\/v2\/product\/36364\/revisions\/36398"}],"wp:featuredmedia":[{"embeddable":true,"href":"https:\/\/bk10426.bouquetdalella.com\/es\/wp-json\/wp\/v2\/media\/36388"}],"wp:attachment":[{"href":"https:\/\/bk10426.bouquetdalella.com\/es\/wp-json\/wp\/v2\/media?parent=36364"}],"wp:term":[{"taxonomy":"product_brand","embeddable":true,"href":"https:\/\/bk10426.bouquetdalella.com\/es\/wp-json\/wp\/v2\/product_brand?post=36364"},{"taxonomy":"product_cat","embeddable":true,"href":"https:\/\/bk10426.bouquetdalella.com\/es\/wp-json\/wp\/v2\/product_cat?post=36364"},{"taxonomy":"product_tag","embeddable":true,"href":"https:\/\/bk10426.bouquetdalella.com\/es\/wp-json\/wp\/v2\/product_tag?post=36364"}],"curies":[{"name":"wp","href":"https:\/\/api.w.org\/{rel}","templated":true}]}}