{"id":35034,"date":"2025-12-18T09:28:48","date_gmt":"2025-12-18T08:28:48","guid":{"rendered":"https:\/\/bk10426.bouquetdalella.com\/?post_type=product&#038;p=35034"},"modified":"2025-12-18T09:38:16","modified_gmt":"2025-12-18T08:38:16","slug":"taller-de-cocina-de-sopas-y-panes","status":"publish","type":"product","link":"https:\/\/bk10426.bouquetdalella.com\/es\/producto\/taller-de-cocina-de-sopas-y-panes\/","title":{"rendered":"Taller de cocina de sopas y panes"},"content":{"rendered":"\t\t<div data-elementor-type=\"product-post\" data-elementor-id=\"35034\" class=\"elementor elementor-35034 elementor-35032\" data-elementor-post-type=\"product\">\n\t\t\t\t\t\t<section class=\"elementor-section elementor-top-section elementor-element elementor-element-70025297 elementor-section-boxed elementor-section-height-default elementor-section-height-default\" data-id=\"70025297\" data-element_type=\"section\" data-e-type=\"section\">\n\t\t\t\t\t\t<div class=\"elementor-container elementor-column-gap-default\">\n\t\t\t\t\t<div class=\"elementor-column elementor-col-100 elementor-top-column elementor-element elementor-element-1d956c3d\" data-id=\"1d956c3d\" data-element_type=\"column\" data-e-type=\"column\">\n\t\t\t<div class=\"elementor-widget-wrap elementor-element-populated\">\n\t\t\t\t\t\t\t<\/div>\n\t\t<\/div>\n\t\t\t\t\t<\/div>\n\t\t<\/section>\n\t\t\t\t<\/div>\n\t\t","protected":false},"excerpt":{"rendered":"<p>Las sopas y el pan son sin\u00f3nimo de calidez, de compartir y de una cocina con alma. En este taller queremos compartir contigo recetas reconfortantes, llenas de sabor y tradici\u00f3n, para que puedas llevarlas f\u00e1cilmente a tu mesa diaria o en ocasiones especiales.<\/p>\n<p>De la mano de nuestra chef, aprender\u00e1s a elaborar una selecci\u00f3n de sopas nutritivas y arom\u00e1ticas, as\u00ed como panes suaves y deliciosos, pensados para acompa\u00f1arlas y completarlas. Una experiencia culinaria para disfrutar, aprender y sorprender a familiares y amigos.<\/p>\n<p>Acomp\u00e1\u00f1anos en esta sesi\u00f3n especial dedicada a las sopas y los panes, con una suculenta variedad de recetas que reconfortan el cuerpo y el coraz\u00f3n.<\/p>\n<p>Estamos listos para recibirte en nuestra casa y ense\u00f1arte a cocinar platos llenos de sabor, texturas y contrastes, en un taller 100 % participativo.<\/p>\n<p><strong>Duraci\u00f3n:<\/strong> 2 h 30 min<\/p>\n<p><strong>El men\u00fa que trabajaremos en la sesi\u00f3n ser\u00e1 el siguiente:<\/strong><\/p>\n<p><strong>Sopa de lenteja roja al curry con tomate y leche de coco<\/strong><br \/>\nExplosi\u00f3n de color y sabores. Equilibrio entre agridulce y un toque picante, suavizado con la cremosidad de la leche de coco y todos los nutrientes de la lenteja roja.<\/p>\n<p><strong>Crema de calabaza con nuez pecana garrapi\u00f1ada<\/strong><br \/>\nSuave y dulce, con el contraste crujiente y arom\u00e1tico de la nuez pecana.<\/p>\n<p><strong>Sopa de rabo de buey<\/strong><br \/>\nMelosa, arom\u00e1tica, c\u00e1lida, consistente y profundamente nutritiva.<\/p>\n<p><strong>Scones de cebolla caramelizada y tomillo<\/strong><br \/>\nPerfectos para acompa\u00f1ar una sopa o disfrutarlos en cualquier momento.<\/p>\n<p><strong>Pan bao al vapor<\/strong><br \/>\nPanecillos extraesponjosos, elaborados en vaporera de bamb\u00fa y listos en solo unos minutos.<\/p>\n<p><strong>Qu\u00e9 incluye:<\/strong><\/p>\n<ul>\n<li>Degustaci\u00f3n de 3 vinos Bouquet d\u2019Alella (durante el taller y la comida).<\/li>\n<li>Taller 100 % interactivo de sopas y panes seg\u00fan el men\u00fa detallado.<\/li>\n<li>Elaboraci\u00f3n, degustaci\u00f3n y aprendizaje de t\u00e9cnicas y combinaciones de sabores.<\/li>\n<\/ul>\n<p>&nbsp;<\/p>\n<p><b class=\"\" data-path-to-node=\"3,1,0\" data-index-in-node=\"0\">Fecha:<\/b><span class=\"\"> 5 de febrero de 2026<br \/>\n<\/span><b class=\"\" data-path-to-node=\"3,2,0\" data-index-in-node=\"0\">Hora:<\/b><span class=\"\"> 11:<\/span><span class=\"\">00 h<br \/>\n<\/span><b class=\"\" data-path-to-node=\"3,3,0\" data-index-in-node=\"0\">Duraci\u00f3n:<\/b><span class=\"\"> 2,<\/span><span class=\"\">5 h<br \/>\n<\/span><b class=\"\" data-path-to-node=\"3,4,0\" data-index-in-node=\"0\">M\u00e1ximo de participantes:<\/b><span class=\"\"> 25 personas (pax)<\/span><\/p>\n<p>&nbsp;<\/p>\n<p>&nbsp;<\/p>\n<p><span class=\"fareharbor_btn_comprar\">[lightframe shortname=\"bouquetdalella\" fallback=\"simple\" full_items=\"yes\" flow=\"1393187\" view_item=\"689897\"]RESERVAR[\/lightframe]<\/span><\/p>\n","protected":false},"featured_media":35038,"template":"","meta":{"_acf_changed":false},"product_brand":[],"product_cat":[144],"product_tag":[388],"class_list":{"0":"post-35034","1":"product","2":"type-product","3":"status-publish","4":"has-post-thumbnail","6":"product_cat-enoturismo","7":"product_tag-fareharbor-es","9":"first","10":"outofstock","11":"featured","12":"virtual","13":"taxable","14":"purchasable","15":"product-type-simple"},"acf":[],"yoast_head":"<!-- This site is optimized with the Yoast SEO plugin v27.3 - https:\/\/yoast.com\/product\/yoast-seo-wordpress\/ -->\n<title>Taller de cocina de sopas y panes - Bouquet d&#039;Alella<\/title>\n<meta name=\"description\" content=\"Las sopas y el pan son sin\u00f3nimo de calidez, de compartir y de una cocina con alma. En este taller queremos compartir contigo recetas reconfortantes, llenas de sabor y tradici\u00f3n, para que puedas llevarlas f\u00e1cilmente a tu mesa diaria o en ocasiones especiales.\" \/>\n<meta name=\"robots\" content=\"noindex, follow, max-snippet:-1, max-image-preview:large, max-video-preview:-1\" \/>\n<meta property=\"og:locale\" content=\"es_ES\" \/>\n<meta property=\"og:type\" content=\"article\" \/>\n<meta property=\"og:title\" content=\"Taller de cocina de sopas y panes - Bouquet d&#039;Alella\" \/>\n<meta property=\"og:description\" content=\"Las sopas y el pan son sin\u00f3nimo de calidez, de compartir y de una cocina con alma. En este taller queremos compartir contigo recetas reconfortantes, llenas de sabor y tradici\u00f3n, para que puedas llevarlas f\u00e1cilmente a tu mesa diaria o en ocasiones especiales.\" \/>\n<meta property=\"og:url\" content=\"https:\/\/bk10426.bouquetdalella.com\/es\/producto\/taller-de-cocina-de-sopas-y-panes\/\" \/>\n<meta property=\"og:site_name\" content=\"Bouquet d&#039;Alella\" \/>\n<meta property=\"article:modified_time\" content=\"2025-12-18T08:38:16+00:00\" \/>\n<meta property=\"og:image\" content=\"https:\/\/bk10426.bouquetdalella.com\/wp-content\/uploads\/2025\/12\/foto-de-portada.webp\" \/>\n\t<meta property=\"og:image:width\" content=\"1920\" \/>\n\t<meta property=\"og:image:height\" content=\"1440\" \/>\n\t<meta property=\"og:image:type\" content=\"image\/webp\" \/>\n<meta name=\"twitter:card\" content=\"summary_large_image\" \/>\n<meta name=\"twitter:label1\" content=\"Tiempo de lectura\" \/>\n\t<meta name=\"twitter:data1\" content=\"1 minuto\" \/>\n<script type=\"application\/ld+json\" class=\"yoast-schema-graph\">{\"@context\":\"https:\\\/\\\/schema.org\",\"@graph\":[{\"@type\":\"WebPage\",\"@id\":\"https:\\\/\\\/bk10426.bouquetdalella.com\\\/es\\\/producto\\\/taller-de-cocina-de-sopas-y-panes\\\/\",\"url\":\"https:\\\/\\\/bk10426.bouquetdalella.com\\\/es\\\/producto\\\/taller-de-cocina-de-sopas-y-panes\\\/\",\"name\":\"Taller de cocina de sopas y panes - Bouquet d&#039;Alella\",\"isPartOf\":{\"@id\":\"https:\\\/\\\/bk10426.bouquetdalella.com\\\/es\\\/#website\"},\"primaryImageOfPage\":{\"@id\":\"https:\\\/\\\/bk10426.bouquetdalella.com\\\/es\\\/producto\\\/taller-de-cocina-de-sopas-y-panes\\\/#primaryimage\"},\"image\":{\"@id\":\"https:\\\/\\\/bk10426.bouquetdalella.com\\\/es\\\/producto\\\/taller-de-cocina-de-sopas-y-panes\\\/#primaryimage\"},\"thumbnailUrl\":\"https:\\\/\\\/bk10426.bouquetdalella.com\\\/wp-content\\\/uploads\\\/2025\\\/12\\\/foto-de-portada.webp\",\"datePublished\":\"2025-12-18T08:28:48+00:00\",\"dateModified\":\"2025-12-18T08:38:16+00:00\",\"description\":\"Las sopas y el pan son sin\u00f3nimo de calidez, de compartir y de una cocina con alma. En este taller queremos compartir contigo recetas reconfortantes, llenas de sabor y tradici\u00f3n, para que puedas llevarlas f\u00e1cilmente a tu mesa diaria o en ocasiones especiales.\",\"breadcrumb\":{\"@id\":\"https:\\\/\\\/bk10426.bouquetdalella.com\\\/es\\\/producto\\\/taller-de-cocina-de-sopas-y-panes\\\/#breadcrumb\"},\"inLanguage\":\"es\",\"potentialAction\":[{\"@type\":\"ReadAction\",\"target\":[\"https:\\\/\\\/bk10426.bouquetdalella.com\\\/es\\\/producto\\\/taller-de-cocina-de-sopas-y-panes\\\/\"]}]},{\"@type\":\"ImageObject\",\"inLanguage\":\"es\",\"@id\":\"https:\\\/\\\/bk10426.bouquetdalella.com\\\/es\\\/producto\\\/taller-de-cocina-de-sopas-y-panes\\\/#primaryimage\",\"url\":\"https:\\\/\\\/bk10426.bouquetdalella.com\\\/wp-content\\\/uploads\\\/2025\\\/12\\\/foto-de-portada.webp\",\"contentUrl\":\"https:\\\/\\\/bk10426.bouquetdalella.com\\\/wp-content\\\/uploads\\\/2025\\\/12\\\/foto-de-portada.webp\",\"width\":1920,\"height\":1440},{\"@type\":\"BreadcrumbList\",\"@id\":\"https:\\\/\\\/bk10426.bouquetdalella.com\\\/es\\\/producto\\\/taller-de-cocina-de-sopas-y-panes\\\/#breadcrumb\",\"itemListElement\":[{\"@type\":\"ListItem\",\"position\":1,\"name\":\"Inici\",\"item\":\"https:\\\/\\\/bk10426.bouquetdalella.com\\\/es\\\/\"},{\"@type\":\"ListItem\",\"position\":2,\"name\":\"Tienda\",\"item\":\"https:\\\/\\\/bk10426.bouquetdalella.com\\\/es\\\/tienda\\\/\"},{\"@type\":\"ListItem\",\"position\":3,\"name\":\"Taller de cocina de sopas y panes\"}]},{\"@type\":\"WebSite\",\"@id\":\"https:\\\/\\\/bk10426.bouquetdalella.com\\\/es\\\/#website\",\"url\":\"https:\\\/\\\/bk10426.bouquetdalella.com\\\/es\\\/\",\"name\":\"Bouquet d&#039;Alella\",\"description\":\"El Celler Bouquet d\u2019Alella neix amb la clara intenci\u00f3 d\u2019explotar dues vessants diferents per\u00f2 complement\u00e0ries en el mon del vi. Per una banda, la producci\u00f3n i venda de vins ecol\u00f2gics de qualitat i per l\u2019altra la promoci\u00f3 de l\u2019enoturisme.\",\"publisher\":{\"@id\":\"https:\\\/\\\/bk10426.bouquetdalella.com\\\/es\\\/#organization\"},\"potentialAction\":[{\"@type\":\"SearchAction\",\"target\":{\"@type\":\"EntryPoint\",\"urlTemplate\":\"https:\\\/\\\/bk10426.bouquetdalella.com\\\/es\\\/?s={search_term_string}\"},\"query-input\":{\"@type\":\"PropertyValueSpecification\",\"valueRequired\":true,\"valueName\":\"search_term_string\"}}],\"inLanguage\":\"es\"},{\"@type\":\"Organization\",\"@id\":\"https:\\\/\\\/bk10426.bouquetdalella.com\\\/es\\\/#organization\",\"name\":\"Bouquet d&#039;Alella\",\"url\":\"https:\\\/\\\/bk10426.bouquetdalella.com\\\/es\\\/\",\"logo\":{\"@type\":\"ImageObject\",\"inLanguage\":\"es\",\"@id\":\"https:\\\/\\\/bk10426.bouquetdalella.com\\\/es\\\/#\\\/schema\\\/logo\\\/image\\\/\",\"url\":\"https:\\\/\\\/bk10426.bouquetdalella.com\\\/wp-content\\\/uploads\\\/2023\\\/04\\\/cropped-cropped-cropped-logo_bouquet_d_alella-2-300x53-1.png\",\"contentUrl\":\"https:\\\/\\\/bk10426.bouquetdalella.com\\\/wp-content\\\/uploads\\\/2023\\\/04\\\/cropped-cropped-cropped-logo_bouquet_d_alella-2-300x53-1.png\",\"width\":300,\"height\":52,\"caption\":\"Bouquet d&#039;Alella\"},\"image\":{\"@id\":\"https:\\\/\\\/bk10426.bouquetdalella.com\\\/es\\\/#\\\/schema\\\/logo\\\/image\\\/\"}}]}<\/script>\n<!-- \/ Yoast SEO plugin. -->","yoast_head_json":{"title":"Taller de cocina de sopas y panes - Bouquet d&#039;Alella","description":"Las sopas y el pan son sin\u00f3nimo de calidez, de compartir y de una cocina con alma. En este taller queremos compartir contigo recetas reconfortantes, llenas de sabor y tradici\u00f3n, para que puedas llevarlas f\u00e1cilmente a tu mesa diaria o en ocasiones especiales.","robots":{"index":"noindex","follow":"follow","max-snippet":"max-snippet:-1","max-image-preview":"max-image-preview:large","max-video-preview":"max-video-preview:-1"},"og_locale":"es_ES","og_type":"article","og_title":"Taller de cocina de sopas y panes - Bouquet d&#039;Alella","og_description":"Las sopas y el pan son sin\u00f3nimo de calidez, de compartir y de una cocina con alma. En este taller queremos compartir contigo recetas reconfortantes, llenas de sabor y tradici\u00f3n, para que puedas llevarlas f\u00e1cilmente a tu mesa diaria o en ocasiones especiales.","og_url":"https:\/\/bk10426.bouquetdalella.com\/es\/producto\/taller-de-cocina-de-sopas-y-panes\/","og_site_name":"Bouquet d&#039;Alella","article_modified_time":"2025-12-18T08:38:16+00:00","og_image":[{"width":1920,"height":1440,"url":"https:\/\/bk10426.bouquetdalella.com\/wp-content\/uploads\/2025\/12\/foto-de-portada.webp","type":"image\/webp"}],"twitter_card":"summary_large_image","twitter_misc":{"Tiempo de lectura":"1 minuto"},"schema":{"@context":"https:\/\/schema.org","@graph":[{"@type":"WebPage","@id":"https:\/\/bk10426.bouquetdalella.com\/es\/producto\/taller-de-cocina-de-sopas-y-panes\/","url":"https:\/\/bk10426.bouquetdalella.com\/es\/producto\/taller-de-cocina-de-sopas-y-panes\/","name":"Taller de cocina de sopas y panes - Bouquet d&#039;Alella","isPartOf":{"@id":"https:\/\/bk10426.bouquetdalella.com\/es\/#website"},"primaryImageOfPage":{"@id":"https:\/\/bk10426.bouquetdalella.com\/es\/producto\/taller-de-cocina-de-sopas-y-panes\/#primaryimage"},"image":{"@id":"https:\/\/bk10426.bouquetdalella.com\/es\/producto\/taller-de-cocina-de-sopas-y-panes\/#primaryimage"},"thumbnailUrl":"https:\/\/bk10426.bouquetdalella.com\/wp-content\/uploads\/2025\/12\/foto-de-portada.webp","datePublished":"2025-12-18T08:28:48+00:00","dateModified":"2025-12-18T08:38:16+00:00","description":"Las sopas y el pan son sin\u00f3nimo de calidez, de compartir y de una cocina con alma. En este taller queremos compartir contigo recetas reconfortantes, llenas de sabor y tradici\u00f3n, para que puedas llevarlas f\u00e1cilmente a tu mesa diaria o en ocasiones especiales.","breadcrumb":{"@id":"https:\/\/bk10426.bouquetdalella.com\/es\/producto\/taller-de-cocina-de-sopas-y-panes\/#breadcrumb"},"inLanguage":"es","potentialAction":[{"@type":"ReadAction","target":["https:\/\/bk10426.bouquetdalella.com\/es\/producto\/taller-de-cocina-de-sopas-y-panes\/"]}]},{"@type":"ImageObject","inLanguage":"es","@id":"https:\/\/bk10426.bouquetdalella.com\/es\/producto\/taller-de-cocina-de-sopas-y-panes\/#primaryimage","url":"https:\/\/bk10426.bouquetdalella.com\/wp-content\/uploads\/2025\/12\/foto-de-portada.webp","contentUrl":"https:\/\/bk10426.bouquetdalella.com\/wp-content\/uploads\/2025\/12\/foto-de-portada.webp","width":1920,"height":1440},{"@type":"BreadcrumbList","@id":"https:\/\/bk10426.bouquetdalella.com\/es\/producto\/taller-de-cocina-de-sopas-y-panes\/#breadcrumb","itemListElement":[{"@type":"ListItem","position":1,"name":"Inici","item":"https:\/\/bk10426.bouquetdalella.com\/es\/"},{"@type":"ListItem","position":2,"name":"Tienda","item":"https:\/\/bk10426.bouquetdalella.com\/es\/tienda\/"},{"@type":"ListItem","position":3,"name":"Taller de cocina de sopas y panes"}]},{"@type":"WebSite","@id":"https:\/\/bk10426.bouquetdalella.com\/es\/#website","url":"https:\/\/bk10426.bouquetdalella.com\/es\/","name":"Bouquet d&#039;Alella","description":"El Celler Bouquet d\u2019Alella neix amb la clara intenci\u00f3 d\u2019explotar dues vessants diferents per\u00f2 complement\u00e0ries en el mon del vi. Per una banda, la producci\u00f3n i venda de vins ecol\u00f2gics de qualitat i per l\u2019altra la promoci\u00f3 de l\u2019enoturisme.","publisher":{"@id":"https:\/\/bk10426.bouquetdalella.com\/es\/#organization"},"potentialAction":[{"@type":"SearchAction","target":{"@type":"EntryPoint","urlTemplate":"https:\/\/bk10426.bouquetdalella.com\/es\/?s={search_term_string}"},"query-input":{"@type":"PropertyValueSpecification","valueRequired":true,"valueName":"search_term_string"}}],"inLanguage":"es"},{"@type":"Organization","@id":"https:\/\/bk10426.bouquetdalella.com\/es\/#organization","name":"Bouquet d&#039;Alella","url":"https:\/\/bk10426.bouquetdalella.com\/es\/","logo":{"@type":"ImageObject","inLanguage":"es","@id":"https:\/\/bk10426.bouquetdalella.com\/es\/#\/schema\/logo\/image\/","url":"https:\/\/bk10426.bouquetdalella.com\/wp-content\/uploads\/2023\/04\/cropped-cropped-cropped-logo_bouquet_d_alella-2-300x53-1.png","contentUrl":"https:\/\/bk10426.bouquetdalella.com\/wp-content\/uploads\/2023\/04\/cropped-cropped-cropped-logo_bouquet_d_alella-2-300x53-1.png","width":300,"height":52,"caption":"Bouquet d&#039;Alella"},"image":{"@id":"https:\/\/bk10426.bouquetdalella.com\/es\/#\/schema\/logo\/image\/"}}]}},"_links":{"self":[{"href":"https:\/\/bk10426.bouquetdalella.com\/es\/wp-json\/wp\/v2\/product\/35034","targetHints":{"allow":["GET"]}}],"collection":[{"href":"https:\/\/bk10426.bouquetdalella.com\/es\/wp-json\/wp\/v2\/product"}],"about":[{"href":"https:\/\/bk10426.bouquetdalella.com\/es\/wp-json\/wp\/v2\/types\/product"}],"version-history":[{"count":0,"href":"https:\/\/bk10426.bouquetdalella.com\/es\/wp-json\/wp\/v2\/product\/35034\/revisions"}],"wp:featuredmedia":[{"embeddable":true,"href":"https:\/\/bk10426.bouquetdalella.com\/es\/wp-json\/wp\/v2\/media\/35038"}],"wp:attachment":[{"href":"https:\/\/bk10426.bouquetdalella.com\/es\/wp-json\/wp\/v2\/media?parent=35034"}],"wp:term":[{"taxonomy":"product_brand","embeddable":true,"href":"https:\/\/bk10426.bouquetdalella.com\/es\/wp-json\/wp\/v2\/product_brand?post=35034"},{"taxonomy":"product_cat","embeddable":true,"href":"https:\/\/bk10426.bouquetdalella.com\/es\/wp-json\/wp\/v2\/product_cat?post=35034"},{"taxonomy":"product_tag","embeddable":true,"href":"https:\/\/bk10426.bouquetdalella.com\/es\/wp-json\/wp\/v2\/product_tag?post=35034"}],"curies":[{"name":"wp","href":"https:\/\/api.w.org\/{rel}","templated":true}]}}