{"id":34890,"date":"2025-12-09T09:05:45","date_gmt":"2025-12-09T08:05:45","guid":{"rendered":"https:\/\/bk10426.bouquetdalella.com\/?post_type=product&#038;p=34890"},"modified":"2026-02-06T08:24:27","modified_gmt":"2026-02-06T07:24:27","slug":"desayuno-de-tenedor-con-taller-de-poda","status":"publish","type":"product","link":"https:\/\/bk10426.bouquetdalella.com\/es\/producto\/desayuno-de-tenedor-con-taller-de-poda\/","title":{"rendered":"Desayuno de tenedor con taller de poda"},"content":{"rendered":"\t\t<div data-elementor-type=\"product-post\" data-elementor-id=\"34890\" class=\"elementor elementor-34890 elementor-34888\" data-elementor-post-type=\"product\">\n\t\t\t\t\t\t<section class=\"elementor-section elementor-top-section elementor-element elementor-element-70025297 elementor-section-boxed elementor-section-height-default elementor-section-height-default\" data-id=\"70025297\" data-element_type=\"section\" data-e-type=\"section\">\n\t\t\t\t\t\t<div class=\"elementor-container elementor-column-gap-default\">\n\t\t\t\t\t<div class=\"elementor-column elementor-col-100 elementor-top-column elementor-element elementor-element-1d956c3d\" data-id=\"1d956c3d\" data-element_type=\"column\" data-e-type=\"column\">\n\t\t\t<div class=\"elementor-widget-wrap elementor-element-populated\">\n\t\t\t\t\t\t\t<\/div>\n\t\t<\/div>\n\t\t\t\t\t<\/div>\n\t\t<\/section>\n\t\t\t\t<\/div>\n\t\t","protected":false},"excerpt":{"rendered":"<p><span style=\"font-weight: 400;\">\u00bfTe gustar\u00eda participar en un taller de poda respetuosa y descubrir de primera mano el trabajo en el vi\u00f1edo durante el invierno junto a nuestros viticultores?\u00a0<\/span><b>Bouquet d\u2019Alella<\/b><span style=\"font-weight: 400;\">\u00a0te ofrece una manera \u00fanica de empezar un domingo.<\/span><\/p>\n<p><span style=\"font-weight: 400;\">Comenzaremos el taller con una formaci\u00f3n te\u00f3rica para aprender m\u00e1s sobre una de las labores m\u00e1s importantes del a\u00f1o, realizada de forma manual y con gran dedicaci\u00f3n. Este momento es crucial para los viticultores, ya que permite controlar el crecimiento de la vid y la calidad de la uva.<\/span><\/p>\n<p><span style=\"font-weight: 400;\">A continuaci\u00f3n, tomar\u00e1s las tijeras para aprender, de la mano de nuestros viticultores, c\u00f3mo realizar la poda respetuosa en la pr\u00e1ctica. Pondr\u00e1s en pr\u00e1ctica la teor\u00eda directamente en el vi\u00f1edo, rodeado de las espectaculares vistas de Alella, el mar y Barcelona.<\/span><\/p>\n<p><span style=\"font-weight: 400;\">Para finalizar, la actividad se complementa con un delicioso desayuno de tenedor entre vi\u00f1edos, maridado con nuestros vinos ecol\u00f3gicos.<\/span><\/p>\n<p><strong>El men\u00fa consiste en:<\/strong><\/p>\n<p><b>Bouquet d\u2019Alella Pansa Blanca<\/b><\/p>\n<p><span style=\"font-weight: 400;\">Consom\u00e9 caliente cocinado a fuego lento para entrar en calor<\/span><\/p>\n<p><b>Bouquet d\u2019Alella Blanc\u00a0+<\/b><\/p>\n<p><span style=\"font-weight: 400;\">Salteado de setas de campo hecho con huevos frescos de granja<\/span><\/p>\n<p><b>Bouquet d\u2019Alella Garnatxa Negra<\/b><\/p>\n<p><span style=\"font-weight: 400;\">Guisantes tiernos reci\u00e9n recogidos con alb\u00f3ndigas de ternera<\/span><\/p>\n<p><b>Bouquet d\u2019Alella Syrah<\/b><\/p>\n<p><span style=\"font-weight: 400;\">Bizcocho de mandarina con semillas de amapola<\/span><\/p>\n<p><span style=\"font-weight: 400;\">Compota de calabaza y naranja con az\u00facar moreno, especias y cr\u00e8me fra\u00eeche<\/span><\/p>\n<p><b>Incluye:<\/b><\/p>\n<ul>\n<li style=\"font-weight: 400;\" aria-level=\"1\"><span style=\"font-weight: 400;\">Taller de poda respetuosa.<\/span><\/li>\n<li style=\"font-weight: 400;\" aria-level=\"1\"><span style=\"font-weight: 400;\">Desayuno de tenedor maridado con los vinos de Bouquet d\u2019Alella.<\/span><\/li>\n<li style=\"font-weight: 400;\" aria-level=\"1\"><span style=\"font-weight: 400;\">Agua, postre y caf\u00e9.<\/span><\/li>\n<li style=\"font-weight: 400;\" aria-level=\"1\"><span style=\"font-weight: 400;\">Visita guiada por los vi\u00f1edos y la bodega.<\/span><\/li>\n<\/ul>\n<p><b>Duraci\u00f3n:<\/b><span style=\"font-weight: 400;\">\u00a03 horas<\/span><span style=\"font-weight: 400;\"><br \/>\n<\/span><b>Fecha:<\/b><span style=\"font-weight: 400;\">\u00a01 de febrero de 2026<\/span><span style=\"font-weight: 400;\"><br \/>\n<\/span><b>Hora de inicio:<\/b><span style=\"font-weight: 400;\">\u00a010:00 h<\/span><\/p>\n<p><b>Precio:<\/b><span style=\"font-weight: 400;\"> 68,5 EUR (IVA incl.)<\/span><\/p>\n<p>&nbsp;<\/p>\n<p><span class=\"fareharbor_btn_comprar\">[lightframe shortname=\"bouquetdalella\" fallback=\"simple\" full_items=\"yes\" flow=\"1393187\" view_item=\"686542\"]RESERVAR[\/lightframe]<\/span><\/p>\n","protected":false},"featured_media":34918,"template":"","meta":{"_acf_changed":false},"product_brand":[],"product_cat":[144],"product_tag":[388],"class_list":{"0":"post-34890","1":"product","2":"type-product","3":"status-publish","4":"has-post-thumbnail","6":"product_cat-enoturismo","7":"product_tag-fareharbor-es","9":"first","10":"outofstock","11":"featured","12":"virtual","13":"taxable","14":"purchasable","15":"product-type-simple"},"acf":[],"yoast_head":"<!-- This site is optimized with the Yoast SEO plugin v27.4 - https:\/\/yoast.com\/product\/yoast-seo-wordpress\/ -->\n<title>Desayuno de tenedor con taller de poda - Bouquet d&#039;Alella<\/title>\n<meta name=\"description\" content=\"\u00bfTe gustar\u00eda participar en un taller de poda respetuosa y descubrir de primera mano el trabajo en el vi\u00f1edo durante el invierno junto a nuestros viticultores? Bouquet d\u2019Alella te ofrece una manera \u00fanica de empezar un domingo.\" \/>\n<meta name=\"robots\" content=\"noindex, follow, max-snippet:-1, max-image-preview:large, max-video-preview:-1\" \/>\n<meta property=\"og:locale\" content=\"es_ES\" \/>\n<meta property=\"og:type\" content=\"article\" \/>\n<meta property=\"og:title\" content=\"Desayuno de tenedor con taller de poda - Bouquet d&#039;Alella\" \/>\n<meta property=\"og:description\" content=\"\u00bfTe gustar\u00eda participar en un taller de poda respetuosa y descubrir de primera mano el trabajo en el vi\u00f1edo durante el invierno junto a nuestros viticultores? Bouquet d\u2019Alella te ofrece una manera \u00fanica de empezar un domingo.\" \/>\n<meta property=\"og:url\" content=\"https:\/\/bk10426.bouquetdalella.com\/es\/producto\/desayuno-de-tenedor-con-taller-de-poda\/\" \/>\n<meta property=\"og:site_name\" content=\"Bouquet d&#039;Alella\" \/>\n<meta property=\"article:modified_time\" content=\"2026-02-06T07:24:27+00:00\" \/>\n<meta property=\"og:image\" content=\"https:\/\/bk10426.bouquetdalella.com\/wp-content\/uploads\/2025\/12\/Poda-1.webp\" \/>\n\t<meta property=\"og:image:width\" content=\"1200\" \/>\n\t<meta property=\"og:image:height\" content=\"1600\" \/>\n\t<meta property=\"og:image:type\" content=\"image\/webp\" \/>\n<meta name=\"twitter:card\" content=\"summary_large_image\" \/>\n<meta name=\"twitter:label1\" content=\"Tiempo de lectura\" \/>\n\t<meta name=\"twitter:data1\" content=\"1 minuto\" \/>\n<script type=\"application\/ld+json\" class=\"yoast-schema-graph\">{\"@context\":\"https:\\\/\\\/schema.org\",\"@graph\":[{\"@type\":\"WebPage\",\"@id\":\"https:\\\/\\\/bk10426.bouquetdalella.com\\\/es\\\/producto\\\/desayuno-de-tenedor-con-taller-de-poda\\\/\",\"url\":\"https:\\\/\\\/bk10426.bouquetdalella.com\\\/es\\\/producto\\\/desayuno-de-tenedor-con-taller-de-poda\\\/\",\"name\":\"Desayuno de tenedor con taller de poda - Bouquet d&#039;Alella\",\"isPartOf\":{\"@id\":\"https:\\\/\\\/bk10426.bouquetdalella.com\\\/es\\\/#website\"},\"primaryImageOfPage\":{\"@id\":\"https:\\\/\\\/bk10426.bouquetdalella.com\\\/es\\\/producto\\\/desayuno-de-tenedor-con-taller-de-poda\\\/#primaryimage\"},\"image\":{\"@id\":\"https:\\\/\\\/bk10426.bouquetdalella.com\\\/es\\\/producto\\\/desayuno-de-tenedor-con-taller-de-poda\\\/#primaryimage\"},\"thumbnailUrl\":\"https:\\\/\\\/bk10426.bouquetdalella.com\\\/wp-content\\\/uploads\\\/2025\\\/12\\\/Poda-1.webp\",\"datePublished\":\"2025-12-09T08:05:45+00:00\",\"dateModified\":\"2026-02-06T07:24:27+00:00\",\"description\":\"\u00bfTe gustar\u00eda participar en un taller de poda respetuosa y descubrir de primera mano el trabajo en el vi\u00f1edo durante el invierno junto a nuestros viticultores? Bouquet d\u2019Alella te ofrece una manera \u00fanica de empezar un domingo.\",\"breadcrumb\":{\"@id\":\"https:\\\/\\\/bk10426.bouquetdalella.com\\\/es\\\/producto\\\/desayuno-de-tenedor-con-taller-de-poda\\\/#breadcrumb\"},\"inLanguage\":\"es\",\"potentialAction\":[{\"@type\":\"ReadAction\",\"target\":[\"https:\\\/\\\/bk10426.bouquetdalella.com\\\/es\\\/producto\\\/desayuno-de-tenedor-con-taller-de-poda\\\/\"]}]},{\"@type\":\"ImageObject\",\"inLanguage\":\"es\",\"@id\":\"https:\\\/\\\/bk10426.bouquetdalella.com\\\/es\\\/producto\\\/desayuno-de-tenedor-con-taller-de-poda\\\/#primaryimage\",\"url\":\"https:\\\/\\\/bk10426.bouquetdalella.com\\\/wp-content\\\/uploads\\\/2025\\\/12\\\/Poda-1.webp\",\"contentUrl\":\"https:\\\/\\\/bk10426.bouquetdalella.com\\\/wp-content\\\/uploads\\\/2025\\\/12\\\/Poda-1.webp\",\"width\":1200,\"height\":1600},{\"@type\":\"BreadcrumbList\",\"@id\":\"https:\\\/\\\/bk10426.bouquetdalella.com\\\/es\\\/producto\\\/desayuno-de-tenedor-con-taller-de-poda\\\/#breadcrumb\",\"itemListElement\":[{\"@type\":\"ListItem\",\"position\":1,\"name\":\"Inici\",\"item\":\"https:\\\/\\\/bk10426.bouquetdalella.com\\\/es\\\/\"},{\"@type\":\"ListItem\",\"position\":2,\"name\":\"Tienda\",\"item\":\"https:\\\/\\\/bk10426.bouquetdalella.com\\\/es\\\/tienda\\\/\"},{\"@type\":\"ListItem\",\"position\":3,\"name\":\"Desayuno de tenedor con taller de poda\"}]},{\"@type\":\"WebSite\",\"@id\":\"https:\\\/\\\/bk10426.bouquetdalella.com\\\/es\\\/#website\",\"url\":\"https:\\\/\\\/bk10426.bouquetdalella.com\\\/es\\\/\",\"name\":\"Bouquet d&#039;Alella\",\"description\":\"El Celler Bouquet d\u2019Alella neix amb la clara intenci\u00f3 d\u2019explotar dues vessants diferents per\u00f2 complement\u00e0ries en el mon del vi. Per una banda, la producci\u00f3n i venda de vins ecol\u00f2gics de qualitat i per l\u2019altra la promoci\u00f3 de l\u2019enoturisme.\",\"publisher\":{\"@id\":\"https:\\\/\\\/bk10426.bouquetdalella.com\\\/es\\\/#organization\"},\"potentialAction\":[{\"@type\":\"SearchAction\",\"target\":{\"@type\":\"EntryPoint\",\"urlTemplate\":\"https:\\\/\\\/bk10426.bouquetdalella.com\\\/es\\\/?s={search_term_string}\"},\"query-input\":{\"@type\":\"PropertyValueSpecification\",\"valueRequired\":true,\"valueName\":\"search_term_string\"}}],\"inLanguage\":\"es\"},{\"@type\":\"Organization\",\"@id\":\"https:\\\/\\\/bk10426.bouquetdalella.com\\\/es\\\/#organization\",\"name\":\"Bouquet d&#039;Alella\",\"url\":\"https:\\\/\\\/bk10426.bouquetdalella.com\\\/es\\\/\",\"logo\":{\"@type\":\"ImageObject\",\"inLanguage\":\"es\",\"@id\":\"https:\\\/\\\/bk10426.bouquetdalella.com\\\/es\\\/#\\\/schema\\\/logo\\\/image\\\/\",\"url\":\"https:\\\/\\\/bk10426.bouquetdalella.com\\\/wp-content\\\/uploads\\\/2023\\\/04\\\/cropped-cropped-cropped-logo_bouquet_d_alella-2-300x53-1.png\",\"contentUrl\":\"https:\\\/\\\/bk10426.bouquetdalella.com\\\/wp-content\\\/uploads\\\/2023\\\/04\\\/cropped-cropped-cropped-logo_bouquet_d_alella-2-300x53-1.png\",\"width\":300,\"height\":52,\"caption\":\"Bouquet d&#039;Alella\"},\"image\":{\"@id\":\"https:\\\/\\\/bk10426.bouquetdalella.com\\\/es\\\/#\\\/schema\\\/logo\\\/image\\\/\"}}]}<\/script>\n<!-- \/ Yoast SEO plugin. -->","yoast_head_json":{"title":"Desayuno de tenedor con taller de poda - Bouquet d&#039;Alella","description":"\u00bfTe gustar\u00eda participar en un taller de poda respetuosa y descubrir de primera mano el trabajo en el vi\u00f1edo durante el invierno junto a nuestros viticultores? Bouquet d\u2019Alella te ofrece una manera \u00fanica de empezar un domingo.","robots":{"index":"noindex","follow":"follow","max-snippet":"max-snippet:-1","max-image-preview":"max-image-preview:large","max-video-preview":"max-video-preview:-1"},"og_locale":"es_ES","og_type":"article","og_title":"Desayuno de tenedor con taller de poda - Bouquet d&#039;Alella","og_description":"\u00bfTe gustar\u00eda participar en un taller de poda respetuosa y descubrir de primera mano el trabajo en el vi\u00f1edo durante el invierno junto a nuestros viticultores? Bouquet d\u2019Alella te ofrece una manera \u00fanica de empezar un domingo.","og_url":"https:\/\/bk10426.bouquetdalella.com\/es\/producto\/desayuno-de-tenedor-con-taller-de-poda\/","og_site_name":"Bouquet d&#039;Alella","article_modified_time":"2026-02-06T07:24:27+00:00","og_image":[{"width":1200,"height":1600,"url":"https:\/\/bk10426.bouquetdalella.com\/wp-content\/uploads\/2025\/12\/Poda-1.webp","type":"image\/webp"}],"twitter_card":"summary_large_image","twitter_misc":{"Tiempo de lectura":"1 minuto"},"schema":{"@context":"https:\/\/schema.org","@graph":[{"@type":"WebPage","@id":"https:\/\/bk10426.bouquetdalella.com\/es\/producto\/desayuno-de-tenedor-con-taller-de-poda\/","url":"https:\/\/bk10426.bouquetdalella.com\/es\/producto\/desayuno-de-tenedor-con-taller-de-poda\/","name":"Desayuno de tenedor con taller de poda - Bouquet d&#039;Alella","isPartOf":{"@id":"https:\/\/bk10426.bouquetdalella.com\/es\/#website"},"primaryImageOfPage":{"@id":"https:\/\/bk10426.bouquetdalella.com\/es\/producto\/desayuno-de-tenedor-con-taller-de-poda\/#primaryimage"},"image":{"@id":"https:\/\/bk10426.bouquetdalella.com\/es\/producto\/desayuno-de-tenedor-con-taller-de-poda\/#primaryimage"},"thumbnailUrl":"https:\/\/bk10426.bouquetdalella.com\/wp-content\/uploads\/2025\/12\/Poda-1.webp","datePublished":"2025-12-09T08:05:45+00:00","dateModified":"2026-02-06T07:24:27+00:00","description":"\u00bfTe gustar\u00eda participar en un taller de poda respetuosa y descubrir de primera mano el trabajo en el vi\u00f1edo durante el invierno junto a nuestros viticultores? Bouquet d\u2019Alella te ofrece una manera \u00fanica de empezar un domingo.","breadcrumb":{"@id":"https:\/\/bk10426.bouquetdalella.com\/es\/producto\/desayuno-de-tenedor-con-taller-de-poda\/#breadcrumb"},"inLanguage":"es","potentialAction":[{"@type":"ReadAction","target":["https:\/\/bk10426.bouquetdalella.com\/es\/producto\/desayuno-de-tenedor-con-taller-de-poda\/"]}]},{"@type":"ImageObject","inLanguage":"es","@id":"https:\/\/bk10426.bouquetdalella.com\/es\/producto\/desayuno-de-tenedor-con-taller-de-poda\/#primaryimage","url":"https:\/\/bk10426.bouquetdalella.com\/wp-content\/uploads\/2025\/12\/Poda-1.webp","contentUrl":"https:\/\/bk10426.bouquetdalella.com\/wp-content\/uploads\/2025\/12\/Poda-1.webp","width":1200,"height":1600},{"@type":"BreadcrumbList","@id":"https:\/\/bk10426.bouquetdalella.com\/es\/producto\/desayuno-de-tenedor-con-taller-de-poda\/#breadcrumb","itemListElement":[{"@type":"ListItem","position":1,"name":"Inici","item":"https:\/\/bk10426.bouquetdalella.com\/es\/"},{"@type":"ListItem","position":2,"name":"Tienda","item":"https:\/\/bk10426.bouquetdalella.com\/es\/tienda\/"},{"@type":"ListItem","position":3,"name":"Desayuno de tenedor con taller de poda"}]},{"@type":"WebSite","@id":"https:\/\/bk10426.bouquetdalella.com\/es\/#website","url":"https:\/\/bk10426.bouquetdalella.com\/es\/","name":"Bouquet d&#039;Alella","description":"El Celler Bouquet d\u2019Alella neix amb la clara intenci\u00f3 d\u2019explotar dues vessants diferents per\u00f2 complement\u00e0ries en el mon del vi. Per una banda, la producci\u00f3n i venda de vins ecol\u00f2gics de qualitat i per l\u2019altra la promoci\u00f3 de l\u2019enoturisme.","publisher":{"@id":"https:\/\/bk10426.bouquetdalella.com\/es\/#organization"},"potentialAction":[{"@type":"SearchAction","target":{"@type":"EntryPoint","urlTemplate":"https:\/\/bk10426.bouquetdalella.com\/es\/?s={search_term_string}"},"query-input":{"@type":"PropertyValueSpecification","valueRequired":true,"valueName":"search_term_string"}}],"inLanguage":"es"},{"@type":"Organization","@id":"https:\/\/bk10426.bouquetdalella.com\/es\/#organization","name":"Bouquet d&#039;Alella","url":"https:\/\/bk10426.bouquetdalella.com\/es\/","logo":{"@type":"ImageObject","inLanguage":"es","@id":"https:\/\/bk10426.bouquetdalella.com\/es\/#\/schema\/logo\/image\/","url":"https:\/\/bk10426.bouquetdalella.com\/wp-content\/uploads\/2023\/04\/cropped-cropped-cropped-logo_bouquet_d_alella-2-300x53-1.png","contentUrl":"https:\/\/bk10426.bouquetdalella.com\/wp-content\/uploads\/2023\/04\/cropped-cropped-cropped-logo_bouquet_d_alella-2-300x53-1.png","width":300,"height":52,"caption":"Bouquet d&#039;Alella"},"image":{"@id":"https:\/\/bk10426.bouquetdalella.com\/es\/#\/schema\/logo\/image\/"}}]}},"_links":{"self":[{"href":"https:\/\/bk10426.bouquetdalella.com\/es\/wp-json\/wp\/v2\/product\/34890","targetHints":{"allow":["GET"]}}],"collection":[{"href":"https:\/\/bk10426.bouquetdalella.com\/es\/wp-json\/wp\/v2\/product"}],"about":[{"href":"https:\/\/bk10426.bouquetdalella.com\/es\/wp-json\/wp\/v2\/types\/product"}],"version-history":[{"count":0,"href":"https:\/\/bk10426.bouquetdalella.com\/es\/wp-json\/wp\/v2\/product\/34890\/revisions"}],"wp:featuredmedia":[{"embeddable":true,"href":"https:\/\/bk10426.bouquetdalella.com\/es\/wp-json\/wp\/v2\/media\/34918"}],"wp:attachment":[{"href":"https:\/\/bk10426.bouquetdalella.com\/es\/wp-json\/wp\/v2\/media?parent=34890"}],"wp:term":[{"taxonomy":"product_brand","embeddable":true,"href":"https:\/\/bk10426.bouquetdalella.com\/es\/wp-json\/wp\/v2\/product_brand?post=34890"},{"taxonomy":"product_cat","embeddable":true,"href":"https:\/\/bk10426.bouquetdalella.com\/es\/wp-json\/wp\/v2\/product_cat?post=34890"},{"taxonomy":"product_tag","embeddable":true,"href":"https:\/\/bk10426.bouquetdalella.com\/es\/wp-json\/wp\/v2\/product_tag?post=34890"}],"curies":[{"name":"wp","href":"https:\/\/api.w.org\/{rel}","templated":true}]}}