{"id":31910,"date":"2025-06-11T09:57:50","date_gmt":"2025-06-11T07:57:50","guid":{"rendered":"https:\/\/bk10426.bouquetdalella.com\/?post_type=product&#038;p=31910"},"modified":"2025-06-25T17:34:35","modified_gmt":"2025-06-25T15:34:35","slug":"taller-de-vendimia-con-desayuno-de-tenedor","status":"publish","type":"product","link":"https:\/\/bk10426.bouquetdalella.com\/es\/producto\/taller-de-vendimia-con-desayuno-de-tenedor\/","title":{"rendered":"Taller de vendimia con desayuno de tenedor"},"content":{"rendered":"\t\t<div data-elementor-type=\"product-post\" data-elementor-id=\"31910\" class=\"elementor elementor-31910 elementor-31909\" data-elementor-post-type=\"product\">\n\t\t\t\t\t\t<section class=\"elementor-section elementor-top-section elementor-element elementor-element-5a58c898 elementor-section-boxed elementor-section-height-default elementor-section-height-default\" data-id=\"5a58c898\" data-element_type=\"section\" data-e-type=\"section\">\n\t\t\t\t\t\t<div class=\"elementor-container elementor-column-gap-default\">\n\t\t\t\t\t<div class=\"elementor-column elementor-col-100 elementor-top-column elementor-element elementor-element-3ed3103c\" data-id=\"3ed3103c\" data-element_type=\"column\" data-e-type=\"column\">\n\t\t\t<div class=\"elementor-widget-wrap elementor-element-populated\">\n\t\t\t\t\t\t\t<\/div>\n\t\t<\/div>\n\t\t\t\t\t<\/div>\n\t\t<\/section>\n\t\t\t\t<\/div>\n\t\t","protected":false},"excerpt":{"rendered":"<p>\u00bfTe gustar\u00eda vivir un taller de vendimia y descubrir de primera mano c\u00f3mo se cosecha la uva junto a nuestros viticultores? \u00a1En Bouquet d\u2019Alella te proponemos una forma diferente y aut\u00e9ntica de empezar el domingo!<\/p>\n<p>Iniciaremos el taller con una introducci\u00f3n te\u00f3rica para conocer mejor una de las tareas m\u00e1s emblem\u00e1ticas del a\u00f1o: la vendimia. Aprenderemos c\u00f3mo y por qu\u00e9 se cosecha la uva manualmente, con mucho cuidado, en un momento clave para la calidad del vino. Es una \u00e9poca muy especial para los viticultores, llena de dedicaci\u00f3n y emoci\u00f3n.<\/p>\n<p>A continuaci\u00f3n, saldremos hacia el vi\u00f1edo para poner en pr\u00e1ctica todo lo aprendido. Guiados por nuestros viticultores, vendimiaremos entre cepas con unas vistas espectaculares de Alella, el mar y la ciudad de Barcelona.<\/p>\n<p>Para terminar, esta actividad se complementa con un desayuno de tenedor entre vi\u00f1edos acompa\u00f1ado de nuestros vinos ecol\u00f3gicos.<\/p>\n<p><strong>El men\u00fa, elaborado por nuestra chef privada, consta de:<\/strong><\/p>\n<ul>\n<li>Bouquet d\u2019Alella Pansa Blanca<\/li>\n<li>Gazpacho fresco hecho con tomates de mercado, cosecha de verano.<\/li>\n<li>Bouquet d\u2019Alella Blanc +<\/li>\n<li>Jud\u00edas del Ganxet con calamarcitos y cebolla caramelizada<\/li>\n<li>Bouquet d\u2019Alella Garnatxa Negra<\/li>\n<li>Salteado de setas silvestres con huevo fresco de nuestra granja y cebollino del jard\u00edn.<\/li>\n<li>Bouquet d\u2019Alella Plaer Escum\u00f3s<\/li>\n<li>Pastel suave de lim\u00f3n con moras de verano.<\/li>\n<li>Incluye: Agua y caf\u00e9s.<\/li>\n<\/ul>\n<p><strong>Precio: 65 \u20ac<\/strong><br \/>\nEl precio incluye:<\/p>\n<ul>\n<li>Actividad de temporada (vendimia)<\/li>\n<li>Desayuno de tenedor elaborado por nuestra chef con vinos de Bouquet d\u2019Alella<\/li>\n<li>Visita guiada por los vi\u00f1edos y la bodega<\/li>\n<\/ul>\n<p><strong>Duraci\u00f3n:<\/strong> 3 horas<br \/>\n<strong>Fecha:<\/strong> Domingo 7 de septiembre de 2025<br \/>\n<strong>Hora de inicio:<\/strong> 10:00 h<\/p>\n<p>&nbsp;<\/p>\n<p><span class=\"fareharbor_btn_comprar\">[lightframe shortname=\"bouquetdalella\" fallback=\"simple\" full_items=\"yes\" flow=\"1393187\" view_item=\"642526\"]RESERVAR[\/lightframe]<\/span><\/p>\n","protected":false},"featured_media":31887,"template":"","meta":{"_acf_changed":false},"product_brand":[],"product_cat":[144],"product_tag":[388],"class_list":{"0":"post-31910","1":"product","2":"type-product","3":"status-publish","4":"has-post-thumbnail","6":"product_cat-enoturismo","7":"product_tag-fareharbor-es","9":"first","10":"outofstock","11":"featured","12":"virtual","13":"taxable","14":"purchasable","15":"product-type-simple"},"acf":[],"yoast_head":"<!-- This site is optimized with the Yoast SEO plugin v27.4 - https:\/\/yoast.com\/product\/yoast-seo-wordpress\/ -->\n<title>Taller de vendimia con desayuno de tenedor - Bouquet d&#039;Alella<\/title>\n<meta name=\"description\" content=\"\u00bfTe gustar\u00eda vivir un taller de vendimia y descubrir de primera mano c\u00f3mo se cosecha la uva junto a nuestros viticultores? \u00a1En Bouquet d&#039;Alella te proponemos una manera diferente y aut\u00e9ntica de empezar el domingo!\" \/>\n<meta name=\"robots\" content=\"noindex, follow, max-snippet:-1, max-image-preview:large, max-video-preview:-1\" \/>\n<meta property=\"og:locale\" content=\"es_ES\" \/>\n<meta property=\"og:type\" content=\"article\" \/>\n<meta property=\"og:title\" content=\"Taller de vendimia con desayuno de tenedor - Bouquet d&#039;Alella\" \/>\n<meta property=\"og:description\" content=\"\u00bfTe gustar\u00eda vivir un taller de vendimia y descubrir de primera mano c\u00f3mo se cosecha la uva junto a nuestros viticultores? \u00a1En Bouquet d&#039;Alella te proponemos una manera diferente y aut\u00e9ntica de empezar el domingo!\" \/>\n<meta property=\"og:url\" content=\"https:\/\/bk10426.bouquetdalella.com\/es\/producto\/taller-de-vendimia-con-desayuno-de-tenedor\/\" \/>\n<meta property=\"og:site_name\" content=\"Bouquet d&#039;Alella\" \/>\n<meta property=\"article:modified_time\" content=\"2025-06-25T15:34:35+00:00\" \/>\n<meta property=\"og:image\" content=\"https:\/\/bk10426.bouquetdalella.com\/wp-content\/uploads\/2025\/06\/PHOTO-2024-02-05-05-31-40.jpg\" \/>\n\t<meta property=\"og:image:width\" content=\"1200\" \/>\n\t<meta property=\"og:image:height\" content=\"1596\" \/>\n\t<meta property=\"og:image:type\" content=\"image\/jpeg\" \/>\n<meta name=\"twitter:card\" content=\"summary_large_image\" \/>\n<meta name=\"twitter:label1\" content=\"Tiempo de lectura\" \/>\n\t<meta name=\"twitter:data1\" content=\"1 minuto\" \/>\n<script type=\"application\/ld+json\" class=\"yoast-schema-graph\">{\"@context\":\"https:\\\/\\\/schema.org\",\"@graph\":[{\"@type\":\"WebPage\",\"@id\":\"https:\\\/\\\/bk10426.bouquetdalella.com\\\/es\\\/producto\\\/taller-de-vendimia-con-desayuno-de-tenedor\\\/\",\"url\":\"https:\\\/\\\/bk10426.bouquetdalella.com\\\/es\\\/producto\\\/taller-de-vendimia-con-desayuno-de-tenedor\\\/\",\"name\":\"Taller de vendimia con desayuno de tenedor - Bouquet d&#039;Alella\",\"isPartOf\":{\"@id\":\"https:\\\/\\\/bk10426.bouquetdalella.com\\\/es\\\/#website\"},\"primaryImageOfPage\":{\"@id\":\"https:\\\/\\\/bk10426.bouquetdalella.com\\\/es\\\/producto\\\/taller-de-vendimia-con-desayuno-de-tenedor\\\/#primaryimage\"},\"image\":{\"@id\":\"https:\\\/\\\/bk10426.bouquetdalella.com\\\/es\\\/producto\\\/taller-de-vendimia-con-desayuno-de-tenedor\\\/#primaryimage\"},\"thumbnailUrl\":\"https:\\\/\\\/bk10426.bouquetdalella.com\\\/wp-content\\\/uploads\\\/2025\\\/06\\\/PHOTO-2024-02-05-05-31-40.jpg\",\"datePublished\":\"2025-06-11T07:57:50+00:00\",\"dateModified\":\"2025-06-25T15:34:35+00:00\",\"description\":\"\u00bfTe gustar\u00eda vivir un taller de vendimia y descubrir de primera mano c\u00f3mo se cosecha la uva junto a nuestros viticultores? \u00a1En Bouquet d'Alella te proponemos una manera diferente y aut\u00e9ntica de empezar el domingo!\",\"breadcrumb\":{\"@id\":\"https:\\\/\\\/bk10426.bouquetdalella.com\\\/es\\\/producto\\\/taller-de-vendimia-con-desayuno-de-tenedor\\\/#breadcrumb\"},\"inLanguage\":\"es\",\"potentialAction\":[{\"@type\":\"ReadAction\",\"target\":[\"https:\\\/\\\/bk10426.bouquetdalella.com\\\/es\\\/producto\\\/taller-de-vendimia-con-desayuno-de-tenedor\\\/\"]}]},{\"@type\":\"ImageObject\",\"inLanguage\":\"es\",\"@id\":\"https:\\\/\\\/bk10426.bouquetdalella.com\\\/es\\\/producto\\\/taller-de-vendimia-con-desayuno-de-tenedor\\\/#primaryimage\",\"url\":\"https:\\\/\\\/bk10426.bouquetdalella.com\\\/wp-content\\\/uploads\\\/2025\\\/06\\\/PHOTO-2024-02-05-05-31-40.jpg\",\"contentUrl\":\"https:\\\/\\\/bk10426.bouquetdalella.com\\\/wp-content\\\/uploads\\\/2025\\\/06\\\/PHOTO-2024-02-05-05-31-40.jpg\",\"width\":1200,\"height\":1596},{\"@type\":\"BreadcrumbList\",\"@id\":\"https:\\\/\\\/bk10426.bouquetdalella.com\\\/es\\\/producto\\\/taller-de-vendimia-con-desayuno-de-tenedor\\\/#breadcrumb\",\"itemListElement\":[{\"@type\":\"ListItem\",\"position\":1,\"name\":\"Inici\",\"item\":\"https:\\\/\\\/bk10426.bouquetdalella.com\\\/es\\\/\"},{\"@type\":\"ListItem\",\"position\":2,\"name\":\"Tienda\",\"item\":\"https:\\\/\\\/bk10426.bouquetdalella.com\\\/es\\\/tienda\\\/\"},{\"@type\":\"ListItem\",\"position\":3,\"name\":\"Taller de vendimia con desayuno de tenedor\"}]},{\"@type\":\"WebSite\",\"@id\":\"https:\\\/\\\/bk10426.bouquetdalella.com\\\/es\\\/#website\",\"url\":\"https:\\\/\\\/bk10426.bouquetdalella.com\\\/es\\\/\",\"name\":\"Bouquet d&#039;Alella\",\"description\":\"El Celler Bouquet d\u2019Alella neix amb la clara intenci\u00f3 d\u2019explotar dues vessants diferents per\u00f2 complement\u00e0ries en el mon del vi. Per una banda, la producci\u00f3n i venda de vins ecol\u00f2gics de qualitat i per l\u2019altra la promoci\u00f3 de l\u2019enoturisme.\",\"publisher\":{\"@id\":\"https:\\\/\\\/bk10426.bouquetdalella.com\\\/es\\\/#organization\"},\"potentialAction\":[{\"@type\":\"SearchAction\",\"target\":{\"@type\":\"EntryPoint\",\"urlTemplate\":\"https:\\\/\\\/bk10426.bouquetdalella.com\\\/es\\\/?s={search_term_string}\"},\"query-input\":{\"@type\":\"PropertyValueSpecification\",\"valueRequired\":true,\"valueName\":\"search_term_string\"}}],\"inLanguage\":\"es\"},{\"@type\":\"Organization\",\"@id\":\"https:\\\/\\\/bk10426.bouquetdalella.com\\\/es\\\/#organization\",\"name\":\"Bouquet d&#039;Alella\",\"url\":\"https:\\\/\\\/bk10426.bouquetdalella.com\\\/es\\\/\",\"logo\":{\"@type\":\"ImageObject\",\"inLanguage\":\"es\",\"@id\":\"https:\\\/\\\/bk10426.bouquetdalella.com\\\/es\\\/#\\\/schema\\\/logo\\\/image\\\/\",\"url\":\"https:\\\/\\\/bk10426.bouquetdalella.com\\\/wp-content\\\/uploads\\\/2023\\\/04\\\/cropped-cropped-cropped-logo_bouquet_d_alella-2-300x53-1.png\",\"contentUrl\":\"https:\\\/\\\/bk10426.bouquetdalella.com\\\/wp-content\\\/uploads\\\/2023\\\/04\\\/cropped-cropped-cropped-logo_bouquet_d_alella-2-300x53-1.png\",\"width\":300,\"height\":52,\"caption\":\"Bouquet d&#039;Alella\"},\"image\":{\"@id\":\"https:\\\/\\\/bk10426.bouquetdalella.com\\\/es\\\/#\\\/schema\\\/logo\\\/image\\\/\"}}]}<\/script>\n<!-- \/ Yoast SEO plugin. -->","yoast_head_json":{"title":"Taller de vendimia con desayuno de tenedor - Bouquet d&#039;Alella","description":"\u00bfTe gustar\u00eda vivir un taller de vendimia y descubrir de primera mano c\u00f3mo se cosecha la uva junto a nuestros viticultores? \u00a1En Bouquet d'Alella te proponemos una manera diferente y aut\u00e9ntica de empezar el domingo!","robots":{"index":"noindex","follow":"follow","max-snippet":"max-snippet:-1","max-image-preview":"max-image-preview:large","max-video-preview":"max-video-preview:-1"},"og_locale":"es_ES","og_type":"article","og_title":"Taller de vendimia con desayuno de tenedor - Bouquet d&#039;Alella","og_description":"\u00bfTe gustar\u00eda vivir un taller de vendimia y descubrir de primera mano c\u00f3mo se cosecha la uva junto a nuestros viticultores? \u00a1En Bouquet d'Alella te proponemos una manera diferente y aut\u00e9ntica de empezar el domingo!","og_url":"https:\/\/bk10426.bouquetdalella.com\/es\/producto\/taller-de-vendimia-con-desayuno-de-tenedor\/","og_site_name":"Bouquet d&#039;Alella","article_modified_time":"2025-06-25T15:34:35+00:00","og_image":[{"width":1200,"height":1596,"url":"https:\/\/bk10426.bouquetdalella.com\/wp-content\/uploads\/2025\/06\/PHOTO-2024-02-05-05-31-40.jpg","type":"image\/jpeg"}],"twitter_card":"summary_large_image","twitter_misc":{"Tiempo de lectura":"1 minuto"},"schema":{"@context":"https:\/\/schema.org","@graph":[{"@type":"WebPage","@id":"https:\/\/bk10426.bouquetdalella.com\/es\/producto\/taller-de-vendimia-con-desayuno-de-tenedor\/","url":"https:\/\/bk10426.bouquetdalella.com\/es\/producto\/taller-de-vendimia-con-desayuno-de-tenedor\/","name":"Taller de vendimia con desayuno de tenedor - Bouquet d&#039;Alella","isPartOf":{"@id":"https:\/\/bk10426.bouquetdalella.com\/es\/#website"},"primaryImageOfPage":{"@id":"https:\/\/bk10426.bouquetdalella.com\/es\/producto\/taller-de-vendimia-con-desayuno-de-tenedor\/#primaryimage"},"image":{"@id":"https:\/\/bk10426.bouquetdalella.com\/es\/producto\/taller-de-vendimia-con-desayuno-de-tenedor\/#primaryimage"},"thumbnailUrl":"https:\/\/bk10426.bouquetdalella.com\/wp-content\/uploads\/2025\/06\/PHOTO-2024-02-05-05-31-40.jpg","datePublished":"2025-06-11T07:57:50+00:00","dateModified":"2025-06-25T15:34:35+00:00","description":"\u00bfTe gustar\u00eda vivir un taller de vendimia y descubrir de primera mano c\u00f3mo se cosecha la uva junto a nuestros viticultores? \u00a1En Bouquet d'Alella te proponemos una manera diferente y aut\u00e9ntica de empezar el domingo!","breadcrumb":{"@id":"https:\/\/bk10426.bouquetdalella.com\/es\/producto\/taller-de-vendimia-con-desayuno-de-tenedor\/#breadcrumb"},"inLanguage":"es","potentialAction":[{"@type":"ReadAction","target":["https:\/\/bk10426.bouquetdalella.com\/es\/producto\/taller-de-vendimia-con-desayuno-de-tenedor\/"]}]},{"@type":"ImageObject","inLanguage":"es","@id":"https:\/\/bk10426.bouquetdalella.com\/es\/producto\/taller-de-vendimia-con-desayuno-de-tenedor\/#primaryimage","url":"https:\/\/bk10426.bouquetdalella.com\/wp-content\/uploads\/2025\/06\/PHOTO-2024-02-05-05-31-40.jpg","contentUrl":"https:\/\/bk10426.bouquetdalella.com\/wp-content\/uploads\/2025\/06\/PHOTO-2024-02-05-05-31-40.jpg","width":1200,"height":1596},{"@type":"BreadcrumbList","@id":"https:\/\/bk10426.bouquetdalella.com\/es\/producto\/taller-de-vendimia-con-desayuno-de-tenedor\/#breadcrumb","itemListElement":[{"@type":"ListItem","position":1,"name":"Inici","item":"https:\/\/bk10426.bouquetdalella.com\/es\/"},{"@type":"ListItem","position":2,"name":"Tienda","item":"https:\/\/bk10426.bouquetdalella.com\/es\/tienda\/"},{"@type":"ListItem","position":3,"name":"Taller de vendimia con desayuno de tenedor"}]},{"@type":"WebSite","@id":"https:\/\/bk10426.bouquetdalella.com\/es\/#website","url":"https:\/\/bk10426.bouquetdalella.com\/es\/","name":"Bouquet d&#039;Alella","description":"El Celler Bouquet d\u2019Alella neix amb la clara intenci\u00f3 d\u2019explotar dues vessants diferents per\u00f2 complement\u00e0ries en el mon del vi. Per una banda, la producci\u00f3n i venda de vins ecol\u00f2gics de qualitat i per l\u2019altra la promoci\u00f3 de l\u2019enoturisme.","publisher":{"@id":"https:\/\/bk10426.bouquetdalella.com\/es\/#organization"},"potentialAction":[{"@type":"SearchAction","target":{"@type":"EntryPoint","urlTemplate":"https:\/\/bk10426.bouquetdalella.com\/es\/?s={search_term_string}"},"query-input":{"@type":"PropertyValueSpecification","valueRequired":true,"valueName":"search_term_string"}}],"inLanguage":"es"},{"@type":"Organization","@id":"https:\/\/bk10426.bouquetdalella.com\/es\/#organization","name":"Bouquet d&#039;Alella","url":"https:\/\/bk10426.bouquetdalella.com\/es\/","logo":{"@type":"ImageObject","inLanguage":"es","@id":"https:\/\/bk10426.bouquetdalella.com\/es\/#\/schema\/logo\/image\/","url":"https:\/\/bk10426.bouquetdalella.com\/wp-content\/uploads\/2023\/04\/cropped-cropped-cropped-logo_bouquet_d_alella-2-300x53-1.png","contentUrl":"https:\/\/bk10426.bouquetdalella.com\/wp-content\/uploads\/2023\/04\/cropped-cropped-cropped-logo_bouquet_d_alella-2-300x53-1.png","width":300,"height":52,"caption":"Bouquet d&#039;Alella"},"image":{"@id":"https:\/\/bk10426.bouquetdalella.com\/es\/#\/schema\/logo\/image\/"}}]}},"_links":{"self":[{"href":"https:\/\/bk10426.bouquetdalella.com\/es\/wp-json\/wp\/v2\/product\/31910","targetHints":{"allow":["GET"]}}],"collection":[{"href":"https:\/\/bk10426.bouquetdalella.com\/es\/wp-json\/wp\/v2\/product"}],"about":[{"href":"https:\/\/bk10426.bouquetdalella.com\/es\/wp-json\/wp\/v2\/types\/product"}],"version-history":[{"count":0,"href":"https:\/\/bk10426.bouquetdalella.com\/es\/wp-json\/wp\/v2\/product\/31910\/revisions"}],"wp:featuredmedia":[{"embeddable":true,"href":"https:\/\/bk10426.bouquetdalella.com\/es\/wp-json\/wp\/v2\/media\/31887"}],"wp:attachment":[{"href":"https:\/\/bk10426.bouquetdalella.com\/es\/wp-json\/wp\/v2\/media?parent=31910"}],"wp:term":[{"taxonomy":"product_brand","embeddable":true,"href":"https:\/\/bk10426.bouquetdalella.com\/es\/wp-json\/wp\/v2\/product_brand?post=31910"},{"taxonomy":"product_cat","embeddable":true,"href":"https:\/\/bk10426.bouquetdalella.com\/es\/wp-json\/wp\/v2\/product_cat?post=31910"},{"taxonomy":"product_tag","embeddable":true,"href":"https:\/\/bk10426.bouquetdalella.com\/es\/wp-json\/wp\/v2\/product_tag?post=31910"}],"curies":[{"name":"wp","href":"https:\/\/api.w.org\/{rel}","templated":true}]}}