{"id":31850,"date":"2025-06-10T11:10:27","date_gmt":"2025-06-10T09:10:27","guid":{"rendered":"https:\/\/bk10426.bouquetdalella.com\/?post_type=product&#038;p=31850"},"modified":"2025-06-25T17:34:29","modified_gmt":"2025-06-25T15:34:29","slug":"evento-especial-fiesta-de-la-vendimia-2025-igbern-musica-vino-y-quesos","status":"publish","type":"product","link":"https:\/\/bk10426.bouquetdalella.com\/es\/producto\/evento-especial-fiesta-de-la-vendimia-2025-igbern-musica-vino-y-quesos\/","title":{"rendered":"Evento especial fiesta de la vendimia 2025: IGBERN (m\u00fasica, vino y quesos)"},"content":{"rendered":"\t\t<div data-elementor-type=\"product-post\" data-elementor-id=\"31850\" class=\"elementor elementor-31850 elementor-31844\" data-elementor-post-type=\"product\">\n\t\t\t\t\t\t<section class=\"elementor-section elementor-top-section elementor-element elementor-element-5a58c898 elementor-section-boxed elementor-section-height-default elementor-section-height-default\" data-id=\"5a58c898\" data-element_type=\"section\" data-e-type=\"section\">\n\t\t\t\t\t\t<div class=\"elementor-container elementor-column-gap-default\">\n\t\t\t\t\t<div class=\"elementor-column elementor-col-100 elementor-top-column elementor-element elementor-element-3ed3103c\" data-id=\"3ed3103c\" data-element_type=\"column\" data-e-type=\"column\">\n\t\t\t<div class=\"elementor-widget-wrap elementor-element-populated\">\n\t\t\t\t\t\t\t<\/div>\n\t\t<\/div>\n\t\t\t\t\t<\/div>\n\t\t<\/section>\n\t\t\t\t<\/div>\n\t\t","protected":false},"excerpt":{"rendered":"<p>Con motivo de la Fiesta de la Vendimia de Alella 2025, desde Bouquet d\u2019Alella hemos preparado un espect\u00e1culo muy especial. IGBERN es un proyecto que nace de la uni\u00f3n de dos pianistas de Vilassar con ganas de compartir su universo musical en un entorno \u00edntimo, todo maridado con queso y vino. En esta ocasi\u00f3n, Ignasi Caball\u00e9 y Bernat Casares presentar\u00e1n una funci\u00f3n en tres actos, cada uno maridado con un vino de Bouquet d\u2019Alella y un queso de proximidad.<\/p>\n<p><strong>El precio de la entrada incluye:<\/strong> Espect\u00e1culo Igbern, cata de 3 vinos de Bouquet d\u2019Alella y 3 quesos de proximidad.<\/p>\n<p><strong>Duraci\u00f3n:<\/strong> 1h30min<br \/>\n<strong>Fecha:<\/strong> 4 de septiembre de 2025<br \/>\n<strong>Horario:<\/strong> 19h<br \/>\n<strong>Precio:<\/strong> 30 euros (IVA incluido)<\/p>\n<p>&nbsp;<\/p>\n<p><span class=\"fareharbor_btn_comprar\">[lightframe shortname=\"bouquetdalella\" fallback=\"simple\" full_items=\"yes\" flow=\"1393187\" view_item=\"642524\"]RESERVAR[\/lightframe]<\/span><\/p>\n","protected":false},"featured_media":31879,"template":"","meta":{"_acf_changed":false},"product_brand":[],"product_cat":[144],"product_tag":[388],"class_list":{"0":"post-31850","1":"product","2":"type-product","3":"status-publish","4":"has-post-thumbnail","6":"product_cat-enoturismo","7":"product_tag-fareharbor-es","9":"first","10":"outofstock","11":"featured","12":"virtual","13":"taxable","14":"purchasable","15":"product-type-simple"},"acf":[],"yoast_head":"<!-- This site is optimized with the Yoast SEO plugin v27.3 - https:\/\/yoast.com\/product\/yoast-seo-wordpress\/ -->\n<title>Evento especial fiesta de la vendimia 2025: IGBERN (m\u00fasica, vino y quesos) - Bouquet d&#039;Alella<\/title>\n<meta name=\"description\" content=\"En ocasi\u00f3n de la Festa de la Verema d&#039;Alella 2025, el Bouquet d&#039;Alella prepar\u00f3 un espect\u00e1culo muy especial.\" \/>\n<meta name=\"robots\" content=\"noindex, follow, max-snippet:-1, max-image-preview:large, max-video-preview:-1\" \/>\n<meta property=\"og:locale\" content=\"es_ES\" \/>\n<meta property=\"og:type\" content=\"article\" \/>\n<meta property=\"og:title\" content=\"Evento especial fiesta de la vendimia 2025: IGBERN (m\u00fasica, vino y quesos) - Bouquet d&#039;Alella\" \/>\n<meta property=\"og:description\" content=\"En ocasi\u00f3n de la Festa de la Verema d&#039;Alella 2025, el Bouquet d&#039;Alella prepar\u00f3 un espect\u00e1culo muy especial.\" \/>\n<meta property=\"og:url\" content=\"https:\/\/bk10426.bouquetdalella.com\/es\/producto\/evento-especial-fiesta-de-la-vendimia-2025-igbern-musica-vino-y-quesos\/\" \/>\n<meta property=\"og:site_name\" content=\"Bouquet d&#039;Alella\" \/>\n<meta property=\"article:modified_time\" content=\"2025-06-25T15:34:29+00:00\" \/>\n<meta property=\"og:image\" content=\"https:\/\/bk10426.bouquetdalella.com\/wp-content\/uploads\/2025\/06\/IMG_8149.jpg\" \/>\n\t<meta property=\"og:image:width\" content=\"1200\" \/>\n\t<meta property=\"og:image:height\" content=\"1600\" \/>\n\t<meta property=\"og:image:type\" content=\"image\/jpeg\" \/>\n<meta name=\"twitter:card\" content=\"summary_large_image\" \/>\n<meta name=\"twitter:label1\" content=\"Tiempo de lectura\" \/>\n\t<meta name=\"twitter:data1\" content=\"1 minuto\" \/>\n<script type=\"application\/ld+json\" class=\"yoast-schema-graph\">{\"@context\":\"https:\\\/\\\/schema.org\",\"@graph\":[{\"@type\":\"WebPage\",\"@id\":\"https:\\\/\\\/bk10426.bouquetdalella.com\\\/es\\\/producto\\\/evento-especial-fiesta-de-la-vendimia-2025-igbern-musica-vino-y-quesos\\\/\",\"url\":\"https:\\\/\\\/bk10426.bouquetdalella.com\\\/es\\\/producto\\\/evento-especial-fiesta-de-la-vendimia-2025-igbern-musica-vino-y-quesos\\\/\",\"name\":\"Evento especial fiesta de la vendimia 2025: IGBERN (m\u00fasica, vino y quesos) - Bouquet d&#039;Alella\",\"isPartOf\":{\"@id\":\"https:\\\/\\\/bk10426.bouquetdalella.com\\\/es\\\/#website\"},\"primaryImageOfPage\":{\"@id\":\"https:\\\/\\\/bk10426.bouquetdalella.com\\\/es\\\/producto\\\/evento-especial-fiesta-de-la-vendimia-2025-igbern-musica-vino-y-quesos\\\/#primaryimage\"},\"image\":{\"@id\":\"https:\\\/\\\/bk10426.bouquetdalella.com\\\/es\\\/producto\\\/evento-especial-fiesta-de-la-vendimia-2025-igbern-musica-vino-y-quesos\\\/#primaryimage\"},\"thumbnailUrl\":\"https:\\\/\\\/bk10426.bouquetdalella.com\\\/wp-content\\\/uploads\\\/2025\\\/06\\\/IMG_8149.jpg\",\"datePublished\":\"2025-06-10T09:10:27+00:00\",\"dateModified\":\"2025-06-25T15:34:29+00:00\",\"description\":\"En ocasi\u00f3n de la Festa de la Verema d'Alella 2025, el Bouquet d'Alella prepar\u00f3 un espect\u00e1culo muy especial.\",\"breadcrumb\":{\"@id\":\"https:\\\/\\\/bk10426.bouquetdalella.com\\\/es\\\/producto\\\/evento-especial-fiesta-de-la-vendimia-2025-igbern-musica-vino-y-quesos\\\/#breadcrumb\"},\"inLanguage\":\"es\",\"potentialAction\":[{\"@type\":\"ReadAction\",\"target\":[\"https:\\\/\\\/bk10426.bouquetdalella.com\\\/es\\\/producto\\\/evento-especial-fiesta-de-la-vendimia-2025-igbern-musica-vino-y-quesos\\\/\"]}]},{\"@type\":\"ImageObject\",\"inLanguage\":\"es\",\"@id\":\"https:\\\/\\\/bk10426.bouquetdalella.com\\\/es\\\/producto\\\/evento-especial-fiesta-de-la-vendimia-2025-igbern-musica-vino-y-quesos\\\/#primaryimage\",\"url\":\"https:\\\/\\\/bk10426.bouquetdalella.com\\\/wp-content\\\/uploads\\\/2025\\\/06\\\/IMG_8149.jpg\",\"contentUrl\":\"https:\\\/\\\/bk10426.bouquetdalella.com\\\/wp-content\\\/uploads\\\/2025\\\/06\\\/IMG_8149.jpg\",\"width\":1200,\"height\":1600},{\"@type\":\"BreadcrumbList\",\"@id\":\"https:\\\/\\\/bk10426.bouquetdalella.com\\\/es\\\/producto\\\/evento-especial-fiesta-de-la-vendimia-2025-igbern-musica-vino-y-quesos\\\/#breadcrumb\",\"itemListElement\":[{\"@type\":\"ListItem\",\"position\":1,\"name\":\"Inici\",\"item\":\"https:\\\/\\\/bk10426.bouquetdalella.com\\\/es\\\/\"},{\"@type\":\"ListItem\",\"position\":2,\"name\":\"Tienda\",\"item\":\"https:\\\/\\\/bk10426.bouquetdalella.com\\\/es\\\/tienda\\\/\"},{\"@type\":\"ListItem\",\"position\":3,\"name\":\"Evento especial fiesta de la vendimia 2025: IGBERN (m\u00fasica, vino y quesos)\"}]},{\"@type\":\"WebSite\",\"@id\":\"https:\\\/\\\/bk10426.bouquetdalella.com\\\/es\\\/#website\",\"url\":\"https:\\\/\\\/bk10426.bouquetdalella.com\\\/es\\\/\",\"name\":\"Bouquet d&#039;Alella\",\"description\":\"El Celler Bouquet d\u2019Alella neix amb la clara intenci\u00f3 d\u2019explotar dues vessants diferents per\u00f2 complement\u00e0ries en el mon del vi. Per una banda, la producci\u00f3n i venda de vins ecol\u00f2gics de qualitat i per l\u2019altra la promoci\u00f3 de l\u2019enoturisme.\",\"publisher\":{\"@id\":\"https:\\\/\\\/bk10426.bouquetdalella.com\\\/es\\\/#organization\"},\"potentialAction\":[{\"@type\":\"SearchAction\",\"target\":{\"@type\":\"EntryPoint\",\"urlTemplate\":\"https:\\\/\\\/bk10426.bouquetdalella.com\\\/es\\\/?s={search_term_string}\"},\"query-input\":{\"@type\":\"PropertyValueSpecification\",\"valueRequired\":true,\"valueName\":\"search_term_string\"}}],\"inLanguage\":\"es\"},{\"@type\":\"Organization\",\"@id\":\"https:\\\/\\\/bk10426.bouquetdalella.com\\\/es\\\/#organization\",\"name\":\"Bouquet d&#039;Alella\",\"url\":\"https:\\\/\\\/bk10426.bouquetdalella.com\\\/es\\\/\",\"logo\":{\"@type\":\"ImageObject\",\"inLanguage\":\"es\",\"@id\":\"https:\\\/\\\/bk10426.bouquetdalella.com\\\/es\\\/#\\\/schema\\\/logo\\\/image\\\/\",\"url\":\"https:\\\/\\\/bk10426.bouquetdalella.com\\\/wp-content\\\/uploads\\\/2023\\\/04\\\/cropped-cropped-cropped-logo_bouquet_d_alella-2-300x53-1.png\",\"contentUrl\":\"https:\\\/\\\/bk10426.bouquetdalella.com\\\/wp-content\\\/uploads\\\/2023\\\/04\\\/cropped-cropped-cropped-logo_bouquet_d_alella-2-300x53-1.png\",\"width\":300,\"height\":52,\"caption\":\"Bouquet d&#039;Alella\"},\"image\":{\"@id\":\"https:\\\/\\\/bk10426.bouquetdalella.com\\\/es\\\/#\\\/schema\\\/logo\\\/image\\\/\"}}]}<\/script>\n<!-- \/ Yoast SEO plugin. -->","yoast_head_json":{"title":"Evento especial fiesta de la vendimia 2025: IGBERN (m\u00fasica, vino y quesos) - Bouquet d&#039;Alella","description":"En ocasi\u00f3n de la Festa de la Verema d'Alella 2025, el Bouquet d'Alella prepar\u00f3 un espect\u00e1culo muy especial.","robots":{"index":"noindex","follow":"follow","max-snippet":"max-snippet:-1","max-image-preview":"max-image-preview:large","max-video-preview":"max-video-preview:-1"},"og_locale":"es_ES","og_type":"article","og_title":"Evento especial fiesta de la vendimia 2025: IGBERN (m\u00fasica, vino y quesos) - Bouquet d&#039;Alella","og_description":"En ocasi\u00f3n de la Festa de la Verema d'Alella 2025, el Bouquet d'Alella prepar\u00f3 un espect\u00e1culo muy especial.","og_url":"https:\/\/bk10426.bouquetdalella.com\/es\/producto\/evento-especial-fiesta-de-la-vendimia-2025-igbern-musica-vino-y-quesos\/","og_site_name":"Bouquet d&#039;Alella","article_modified_time":"2025-06-25T15:34:29+00:00","og_image":[{"width":1200,"height":1600,"url":"https:\/\/bk10426.bouquetdalella.com\/wp-content\/uploads\/2025\/06\/IMG_8149.jpg","type":"image\/jpeg"}],"twitter_card":"summary_large_image","twitter_misc":{"Tiempo de lectura":"1 minuto"},"schema":{"@context":"https:\/\/schema.org","@graph":[{"@type":"WebPage","@id":"https:\/\/bk10426.bouquetdalella.com\/es\/producto\/evento-especial-fiesta-de-la-vendimia-2025-igbern-musica-vino-y-quesos\/","url":"https:\/\/bk10426.bouquetdalella.com\/es\/producto\/evento-especial-fiesta-de-la-vendimia-2025-igbern-musica-vino-y-quesos\/","name":"Evento especial fiesta de la vendimia 2025: IGBERN (m\u00fasica, vino y quesos) - Bouquet d&#039;Alella","isPartOf":{"@id":"https:\/\/bk10426.bouquetdalella.com\/es\/#website"},"primaryImageOfPage":{"@id":"https:\/\/bk10426.bouquetdalella.com\/es\/producto\/evento-especial-fiesta-de-la-vendimia-2025-igbern-musica-vino-y-quesos\/#primaryimage"},"image":{"@id":"https:\/\/bk10426.bouquetdalella.com\/es\/producto\/evento-especial-fiesta-de-la-vendimia-2025-igbern-musica-vino-y-quesos\/#primaryimage"},"thumbnailUrl":"https:\/\/bk10426.bouquetdalella.com\/wp-content\/uploads\/2025\/06\/IMG_8149.jpg","datePublished":"2025-06-10T09:10:27+00:00","dateModified":"2025-06-25T15:34:29+00:00","description":"En ocasi\u00f3n de la Festa de la Verema d'Alella 2025, el Bouquet d'Alella prepar\u00f3 un espect\u00e1culo muy especial.","breadcrumb":{"@id":"https:\/\/bk10426.bouquetdalella.com\/es\/producto\/evento-especial-fiesta-de-la-vendimia-2025-igbern-musica-vino-y-quesos\/#breadcrumb"},"inLanguage":"es","potentialAction":[{"@type":"ReadAction","target":["https:\/\/bk10426.bouquetdalella.com\/es\/producto\/evento-especial-fiesta-de-la-vendimia-2025-igbern-musica-vino-y-quesos\/"]}]},{"@type":"ImageObject","inLanguage":"es","@id":"https:\/\/bk10426.bouquetdalella.com\/es\/producto\/evento-especial-fiesta-de-la-vendimia-2025-igbern-musica-vino-y-quesos\/#primaryimage","url":"https:\/\/bk10426.bouquetdalella.com\/wp-content\/uploads\/2025\/06\/IMG_8149.jpg","contentUrl":"https:\/\/bk10426.bouquetdalella.com\/wp-content\/uploads\/2025\/06\/IMG_8149.jpg","width":1200,"height":1600},{"@type":"BreadcrumbList","@id":"https:\/\/bk10426.bouquetdalella.com\/es\/producto\/evento-especial-fiesta-de-la-vendimia-2025-igbern-musica-vino-y-quesos\/#breadcrumb","itemListElement":[{"@type":"ListItem","position":1,"name":"Inici","item":"https:\/\/bk10426.bouquetdalella.com\/es\/"},{"@type":"ListItem","position":2,"name":"Tienda","item":"https:\/\/bk10426.bouquetdalella.com\/es\/tienda\/"},{"@type":"ListItem","position":3,"name":"Evento especial fiesta de la vendimia 2025: IGBERN (m\u00fasica, vino y quesos)"}]},{"@type":"WebSite","@id":"https:\/\/bk10426.bouquetdalella.com\/es\/#website","url":"https:\/\/bk10426.bouquetdalella.com\/es\/","name":"Bouquet d&#039;Alella","description":"El Celler Bouquet d\u2019Alella neix amb la clara intenci\u00f3 d\u2019explotar dues vessants diferents per\u00f2 complement\u00e0ries en el mon del vi. Per una banda, la producci\u00f3n i venda de vins ecol\u00f2gics de qualitat i per l\u2019altra la promoci\u00f3 de l\u2019enoturisme.","publisher":{"@id":"https:\/\/bk10426.bouquetdalella.com\/es\/#organization"},"potentialAction":[{"@type":"SearchAction","target":{"@type":"EntryPoint","urlTemplate":"https:\/\/bk10426.bouquetdalella.com\/es\/?s={search_term_string}"},"query-input":{"@type":"PropertyValueSpecification","valueRequired":true,"valueName":"search_term_string"}}],"inLanguage":"es"},{"@type":"Organization","@id":"https:\/\/bk10426.bouquetdalella.com\/es\/#organization","name":"Bouquet d&#039;Alella","url":"https:\/\/bk10426.bouquetdalella.com\/es\/","logo":{"@type":"ImageObject","inLanguage":"es","@id":"https:\/\/bk10426.bouquetdalella.com\/es\/#\/schema\/logo\/image\/","url":"https:\/\/bk10426.bouquetdalella.com\/wp-content\/uploads\/2023\/04\/cropped-cropped-cropped-logo_bouquet_d_alella-2-300x53-1.png","contentUrl":"https:\/\/bk10426.bouquetdalella.com\/wp-content\/uploads\/2023\/04\/cropped-cropped-cropped-logo_bouquet_d_alella-2-300x53-1.png","width":300,"height":52,"caption":"Bouquet d&#039;Alella"},"image":{"@id":"https:\/\/bk10426.bouquetdalella.com\/es\/#\/schema\/logo\/image\/"}}]}},"_links":{"self":[{"href":"https:\/\/bk10426.bouquetdalella.com\/es\/wp-json\/wp\/v2\/product\/31850","targetHints":{"allow":["GET"]}}],"collection":[{"href":"https:\/\/bk10426.bouquetdalella.com\/es\/wp-json\/wp\/v2\/product"}],"about":[{"href":"https:\/\/bk10426.bouquetdalella.com\/es\/wp-json\/wp\/v2\/types\/product"}],"version-history":[{"count":0,"href":"https:\/\/bk10426.bouquetdalella.com\/es\/wp-json\/wp\/v2\/product\/31850\/revisions"}],"wp:featuredmedia":[{"embeddable":true,"href":"https:\/\/bk10426.bouquetdalella.com\/es\/wp-json\/wp\/v2\/media\/31879"}],"wp:attachment":[{"href":"https:\/\/bk10426.bouquetdalella.com\/es\/wp-json\/wp\/v2\/media?parent=31850"}],"wp:term":[{"taxonomy":"product_brand","embeddable":true,"href":"https:\/\/bk10426.bouquetdalella.com\/es\/wp-json\/wp\/v2\/product_brand?post=31850"},{"taxonomy":"product_cat","embeddable":true,"href":"https:\/\/bk10426.bouquetdalella.com\/es\/wp-json\/wp\/v2\/product_cat?post=31850"},{"taxonomy":"product_tag","embeddable":true,"href":"https:\/\/bk10426.bouquetdalella.com\/es\/wp-json\/wp\/v2\/product_tag?post=31850"}],"curies":[{"name":"wp","href":"https:\/\/api.w.org\/{rel}","templated":true}]}}