{"id":30629,"date":"2025-03-24T12:42:23","date_gmt":"2025-03-24T11:42:23","guid":{"rendered":"https:\/\/bk10426.bouquetdalella.com\/?post_type=product&#038;p=30629"},"modified":"2025-04-08T09:29:33","modified_gmt":"2025-04-08T07:29:33","slug":"musica-y-vino","status":"publish","type":"product","link":"https:\/\/bk10426.bouquetdalella.com\/es\/producto\/musica-y-vino\/","title":{"rendered":"M\u00fasica y vino"},"content":{"rendered":"\t\t<div data-elementor-type=\"product-post\" data-elementor-id=\"30629\" class=\"elementor elementor-30629 elementor-30626\" data-elementor-post-type=\"product\">\n\t\t\t\t\t\t<section class=\"elementor-section elementor-top-section elementor-element elementor-element-7c59e0c3 elementor-section-boxed elementor-section-height-default elementor-section-height-default\" data-id=\"7c59e0c3\" data-element_type=\"section\" data-e-type=\"section\">\n\t\t\t\t\t\t<div class=\"elementor-container elementor-column-gap-default\">\n\t\t\t\t\t<div class=\"elementor-column elementor-col-100 elementor-top-column elementor-element elementor-element-52a4b3e4\" data-id=\"52a4b3e4\" data-element_type=\"column\" data-e-type=\"column\">\n\t\t\t<div class=\"elementor-widget-wrap elementor-element-populated\">\n\t\t\t\t\t\t\t<\/div>\n\t\t<\/div>\n\t\t\t\t\t<\/div>\n\t\t<\/section>\n\t\t\t\t<\/div>\n\t\t","protected":false},"excerpt":{"rendered":"<p>El martes 22 de abril en <strong>BOUQUET D&#8217;ALELLA<\/strong> realizaremos una degustaci\u00f3n de Sant Jordi.<\/p>\n<p>A\u00f1adiremos sabor a mar, viento y sal a nuestros vinos con el concierto <strong>MEDITERR\u00c1NEAMENTE<\/strong>.<\/p>\n<p>El d\u00fao de voz y guitarra de Arenys de Munt, <strong>CARME VERA<\/strong> y <strong>MANU CORBAL\u00c1N<\/strong>, nos ofrecer\u00e1 un paseo de la mano de poetas y cantautores como Espriu, Lorca, Salvat-Papasseit, Segarra, Serrat, Llach y Ovidi Montllor.<\/p>\n<p>Celebremos Sant Jordi escuchando las letras musicadas que han escrito autores inolvidables.<\/p>\n<p>Un concierto que abre un nuevo espacio de encuentros: <strong>M\u00daSICA y VINO<\/strong>, creado para disfrutar del maridaje de nuestros vinos con los diferentes artistas locales que nos visitar\u00e1n.<\/p>\n<p>Aprovechemos las oportunidades que nos brinda lo que tenemos al alcance de la mano.<\/p>\n<p>Os esperamos a las 19:30 h.<\/p>\n<p><strong>Precio<\/strong>: 22\u20ac<\/p>\n<p>Incluye:<\/p>\n<ul>\n<li>Concierto<\/li>\n<li>Copa de vino Bouquet d\u2019Alella<\/li>\n<\/ul>\n<p>Duraci\u00f3n: 60\/75 minutos<\/p>\n","protected":false},"featured_media":30657,"template":"","meta":{"_acf_changed":false},"product_brand":[],"product_cat":[144],"product_tag":[364],"class_list":{"0":"post-30629","1":"product","2":"type-product","3":"status-publish","4":"has-post-thumbnail","6":"product_cat-enoturismo","7":"product_tag-comprar-es","9":"first","10":"outofstock","11":"virtual","12":"taxable","13":"purchasable","14":"product-type-simple"},"acf":[],"yoast_head":"<!-- This site is optimized with the Yoast SEO plugin v27.4 - https:\/\/yoast.com\/product\/yoast-seo-wordpress\/ -->\n<title>M\u00fasica y vino - Bouquet d&#039;Alella<\/title>\n<meta name=\"description\" content=\"Descubre el placer de un maridaje perfecto en Bouquet d&#039;Alella. Disfruta de una visita guiada entre vi\u00f1edos y del\u00e9itate con una cata exclusiva de cuatro vinos y tres jamones ib\u00e9ricos seleccionados.\" \/>\n<meta name=\"robots\" content=\"noindex, follow, max-snippet:-1, max-image-preview:large, max-video-preview:-1\" \/>\n<meta property=\"og:locale\" content=\"es_ES\" \/>\n<meta property=\"og:type\" content=\"article\" \/>\n<meta property=\"og:title\" content=\"M\u00fasica y vino - Bouquet d&#039;Alella\" \/>\n<meta property=\"og:description\" content=\"Descubre el placer de un maridaje perfecto en Bouquet d&#039;Alella. Disfruta de una visita guiada entre vi\u00f1edos y del\u00e9itate con una cata exclusiva de cuatro vinos y tres jamones ib\u00e9ricos seleccionados.\" \/>\n<meta property=\"og:url\" content=\"https:\/\/bk10426.bouquetdalella.com\/es\/producto\/musica-y-vino\/\" \/>\n<meta property=\"og:site_name\" content=\"Bouquet d&#039;Alella\" \/>\n<meta property=\"article:modified_time\" content=\"2025-04-08T07:29:33+00:00\" \/>\n<meta property=\"og:image\" content=\"https:\/\/bk10426.bouquetdalella.com\/wp-content\/uploads\/2025\/03\/bouquet_musica_vi-1.jpg\" \/>\n\t<meta property=\"og:image:width\" content=\"701\" \/>\n\t<meta property=\"og:image:height\" content=\"521\" \/>\n\t<meta property=\"og:image:type\" content=\"image\/jpeg\" \/>\n<meta name=\"twitter:card\" content=\"summary_large_image\" \/>\n<script type=\"application\/ld+json\" class=\"yoast-schema-graph\">{\"@context\":\"https:\\\/\\\/schema.org\",\"@graph\":[{\"@type\":\"WebPage\",\"@id\":\"https:\\\/\\\/bk10426.bouquetdalella.com\\\/es\\\/producto\\\/musica-y-vino\\\/\",\"url\":\"https:\\\/\\\/bk10426.bouquetdalella.com\\\/es\\\/producto\\\/musica-y-vino\\\/\",\"name\":\"M\u00fasica y vino - Bouquet d&#039;Alella\",\"isPartOf\":{\"@id\":\"https:\\\/\\\/bk10426.bouquetdalella.com\\\/es\\\/#website\"},\"primaryImageOfPage\":{\"@id\":\"https:\\\/\\\/bk10426.bouquetdalella.com\\\/es\\\/producto\\\/musica-y-vino\\\/#primaryimage\"},\"image\":{\"@id\":\"https:\\\/\\\/bk10426.bouquetdalella.com\\\/es\\\/producto\\\/musica-y-vino\\\/#primaryimage\"},\"thumbnailUrl\":\"https:\\\/\\\/bk10426.bouquetdalella.com\\\/wp-content\\\/uploads\\\/2025\\\/03\\\/bouquet_musica_vi-1.jpg\",\"datePublished\":\"2025-03-24T11:42:23+00:00\",\"dateModified\":\"2025-04-08T07:29:33+00:00\",\"description\":\"Descubre el placer de un maridaje perfecto en Bouquet d'Alella. Disfruta de una visita guiada entre vi\u00f1edos y del\u00e9itate con una cata exclusiva de cuatro vinos y tres jamones ib\u00e9ricos seleccionados.\",\"breadcrumb\":{\"@id\":\"https:\\\/\\\/bk10426.bouquetdalella.com\\\/es\\\/producto\\\/musica-y-vino\\\/#breadcrumb\"},\"inLanguage\":\"es\",\"potentialAction\":[{\"@type\":\"ReadAction\",\"target\":[\"https:\\\/\\\/bk10426.bouquetdalella.com\\\/es\\\/producto\\\/musica-y-vino\\\/\"]}]},{\"@type\":\"ImageObject\",\"inLanguage\":\"es\",\"@id\":\"https:\\\/\\\/bk10426.bouquetdalella.com\\\/es\\\/producto\\\/musica-y-vino\\\/#primaryimage\",\"url\":\"https:\\\/\\\/bk10426.bouquetdalella.com\\\/wp-content\\\/uploads\\\/2025\\\/03\\\/bouquet_musica_vi-1.jpg\",\"contentUrl\":\"https:\\\/\\\/bk10426.bouquetdalella.com\\\/wp-content\\\/uploads\\\/2025\\\/03\\\/bouquet_musica_vi-1.jpg\",\"width\":701,\"height\":521},{\"@type\":\"BreadcrumbList\",\"@id\":\"https:\\\/\\\/bk10426.bouquetdalella.com\\\/es\\\/producto\\\/musica-y-vino\\\/#breadcrumb\",\"itemListElement\":[{\"@type\":\"ListItem\",\"position\":1,\"name\":\"Inici\",\"item\":\"https:\\\/\\\/bk10426.bouquetdalella.com\\\/es\\\/\"},{\"@type\":\"ListItem\",\"position\":2,\"name\":\"Tienda\",\"item\":\"https:\\\/\\\/bk10426.bouquetdalella.com\\\/es\\\/tienda\\\/\"},{\"@type\":\"ListItem\",\"position\":3,\"name\":\"M\u00fasica y vino\"}]},{\"@type\":\"WebSite\",\"@id\":\"https:\\\/\\\/bk10426.bouquetdalella.com\\\/es\\\/#website\",\"url\":\"https:\\\/\\\/bk10426.bouquetdalella.com\\\/es\\\/\",\"name\":\"Bouquet d&#039;Alella\",\"description\":\"El Celler Bouquet d\u2019Alella neix amb la clara intenci\u00f3 d\u2019explotar dues vessants diferents per\u00f2 complement\u00e0ries en el mon del vi. Per una banda, la producci\u00f3n i venda de vins ecol\u00f2gics de qualitat i per l\u2019altra la promoci\u00f3 de l\u2019enoturisme.\",\"publisher\":{\"@id\":\"https:\\\/\\\/bk10426.bouquetdalella.com\\\/es\\\/#organization\"},\"potentialAction\":[{\"@type\":\"SearchAction\",\"target\":{\"@type\":\"EntryPoint\",\"urlTemplate\":\"https:\\\/\\\/bk10426.bouquetdalella.com\\\/es\\\/?s={search_term_string}\"},\"query-input\":{\"@type\":\"PropertyValueSpecification\",\"valueRequired\":true,\"valueName\":\"search_term_string\"}}],\"inLanguage\":\"es\"},{\"@type\":\"Organization\",\"@id\":\"https:\\\/\\\/bk10426.bouquetdalella.com\\\/es\\\/#organization\",\"name\":\"Bouquet d&#039;Alella\",\"url\":\"https:\\\/\\\/bk10426.bouquetdalella.com\\\/es\\\/\",\"logo\":{\"@type\":\"ImageObject\",\"inLanguage\":\"es\",\"@id\":\"https:\\\/\\\/bk10426.bouquetdalella.com\\\/es\\\/#\\\/schema\\\/logo\\\/image\\\/\",\"url\":\"https:\\\/\\\/bk10426.bouquetdalella.com\\\/wp-content\\\/uploads\\\/2023\\\/04\\\/cropped-cropped-cropped-logo_bouquet_d_alella-2-300x53-1.png\",\"contentUrl\":\"https:\\\/\\\/bk10426.bouquetdalella.com\\\/wp-content\\\/uploads\\\/2023\\\/04\\\/cropped-cropped-cropped-logo_bouquet_d_alella-2-300x53-1.png\",\"width\":300,\"height\":52,\"caption\":\"Bouquet d&#039;Alella\"},\"image\":{\"@id\":\"https:\\\/\\\/bk10426.bouquetdalella.com\\\/es\\\/#\\\/schema\\\/logo\\\/image\\\/\"}}]}<\/script>\n<!-- \/ Yoast SEO plugin. -->","yoast_head_json":{"title":"M\u00fasica y vino - Bouquet d&#039;Alella","description":"Descubre el placer de un maridaje perfecto en Bouquet d'Alella. Disfruta de una visita guiada entre vi\u00f1edos y del\u00e9itate con una cata exclusiva de cuatro vinos y tres jamones ib\u00e9ricos seleccionados.","robots":{"index":"noindex","follow":"follow","max-snippet":"max-snippet:-1","max-image-preview":"max-image-preview:large","max-video-preview":"max-video-preview:-1"},"og_locale":"es_ES","og_type":"article","og_title":"M\u00fasica y vino - Bouquet d&#039;Alella","og_description":"Descubre el placer de un maridaje perfecto en Bouquet d'Alella. Disfruta de una visita guiada entre vi\u00f1edos y del\u00e9itate con una cata exclusiva de cuatro vinos y tres jamones ib\u00e9ricos seleccionados.","og_url":"https:\/\/bk10426.bouquetdalella.com\/es\/producto\/musica-y-vino\/","og_site_name":"Bouquet d&#039;Alella","article_modified_time":"2025-04-08T07:29:33+00:00","og_image":[{"width":701,"height":521,"url":"https:\/\/bk10426.bouquetdalella.com\/wp-content\/uploads\/2025\/03\/bouquet_musica_vi-1.jpg","type":"image\/jpeg"}],"twitter_card":"summary_large_image","schema":{"@context":"https:\/\/schema.org","@graph":[{"@type":"WebPage","@id":"https:\/\/bk10426.bouquetdalella.com\/es\/producto\/musica-y-vino\/","url":"https:\/\/bk10426.bouquetdalella.com\/es\/producto\/musica-y-vino\/","name":"M\u00fasica y vino - Bouquet d&#039;Alella","isPartOf":{"@id":"https:\/\/bk10426.bouquetdalella.com\/es\/#website"},"primaryImageOfPage":{"@id":"https:\/\/bk10426.bouquetdalella.com\/es\/producto\/musica-y-vino\/#primaryimage"},"image":{"@id":"https:\/\/bk10426.bouquetdalella.com\/es\/producto\/musica-y-vino\/#primaryimage"},"thumbnailUrl":"https:\/\/bk10426.bouquetdalella.com\/wp-content\/uploads\/2025\/03\/bouquet_musica_vi-1.jpg","datePublished":"2025-03-24T11:42:23+00:00","dateModified":"2025-04-08T07:29:33+00:00","description":"Descubre el placer de un maridaje perfecto en Bouquet d'Alella. Disfruta de una visita guiada entre vi\u00f1edos y del\u00e9itate con una cata exclusiva de cuatro vinos y tres jamones ib\u00e9ricos seleccionados.","breadcrumb":{"@id":"https:\/\/bk10426.bouquetdalella.com\/es\/producto\/musica-y-vino\/#breadcrumb"},"inLanguage":"es","potentialAction":[{"@type":"ReadAction","target":["https:\/\/bk10426.bouquetdalella.com\/es\/producto\/musica-y-vino\/"]}]},{"@type":"ImageObject","inLanguage":"es","@id":"https:\/\/bk10426.bouquetdalella.com\/es\/producto\/musica-y-vino\/#primaryimage","url":"https:\/\/bk10426.bouquetdalella.com\/wp-content\/uploads\/2025\/03\/bouquet_musica_vi-1.jpg","contentUrl":"https:\/\/bk10426.bouquetdalella.com\/wp-content\/uploads\/2025\/03\/bouquet_musica_vi-1.jpg","width":701,"height":521},{"@type":"BreadcrumbList","@id":"https:\/\/bk10426.bouquetdalella.com\/es\/producto\/musica-y-vino\/#breadcrumb","itemListElement":[{"@type":"ListItem","position":1,"name":"Inici","item":"https:\/\/bk10426.bouquetdalella.com\/es\/"},{"@type":"ListItem","position":2,"name":"Tienda","item":"https:\/\/bk10426.bouquetdalella.com\/es\/tienda\/"},{"@type":"ListItem","position":3,"name":"M\u00fasica y vino"}]},{"@type":"WebSite","@id":"https:\/\/bk10426.bouquetdalella.com\/es\/#website","url":"https:\/\/bk10426.bouquetdalella.com\/es\/","name":"Bouquet d&#039;Alella","description":"El Celler Bouquet d\u2019Alella neix amb la clara intenci\u00f3 d\u2019explotar dues vessants diferents per\u00f2 complement\u00e0ries en el mon del vi. Per una banda, la producci\u00f3n i venda de vins ecol\u00f2gics de qualitat i per l\u2019altra la promoci\u00f3 de l\u2019enoturisme.","publisher":{"@id":"https:\/\/bk10426.bouquetdalella.com\/es\/#organization"},"potentialAction":[{"@type":"SearchAction","target":{"@type":"EntryPoint","urlTemplate":"https:\/\/bk10426.bouquetdalella.com\/es\/?s={search_term_string}"},"query-input":{"@type":"PropertyValueSpecification","valueRequired":true,"valueName":"search_term_string"}}],"inLanguage":"es"},{"@type":"Organization","@id":"https:\/\/bk10426.bouquetdalella.com\/es\/#organization","name":"Bouquet d&#039;Alella","url":"https:\/\/bk10426.bouquetdalella.com\/es\/","logo":{"@type":"ImageObject","inLanguage":"es","@id":"https:\/\/bk10426.bouquetdalella.com\/es\/#\/schema\/logo\/image\/","url":"https:\/\/bk10426.bouquetdalella.com\/wp-content\/uploads\/2023\/04\/cropped-cropped-cropped-logo_bouquet_d_alella-2-300x53-1.png","contentUrl":"https:\/\/bk10426.bouquetdalella.com\/wp-content\/uploads\/2023\/04\/cropped-cropped-cropped-logo_bouquet_d_alella-2-300x53-1.png","width":300,"height":52,"caption":"Bouquet d&#039;Alella"},"image":{"@id":"https:\/\/bk10426.bouquetdalella.com\/es\/#\/schema\/logo\/image\/"}}]}},"_links":{"self":[{"href":"https:\/\/bk10426.bouquetdalella.com\/es\/wp-json\/wp\/v2\/product\/30629","targetHints":{"allow":["GET"]}}],"collection":[{"href":"https:\/\/bk10426.bouquetdalella.com\/es\/wp-json\/wp\/v2\/product"}],"about":[{"href":"https:\/\/bk10426.bouquetdalella.com\/es\/wp-json\/wp\/v2\/types\/product"}],"version-history":[{"count":0,"href":"https:\/\/bk10426.bouquetdalella.com\/es\/wp-json\/wp\/v2\/product\/30629\/revisions"}],"wp:featuredmedia":[{"embeddable":true,"href":"https:\/\/bk10426.bouquetdalella.com\/es\/wp-json\/wp\/v2\/media\/30657"}],"wp:attachment":[{"href":"https:\/\/bk10426.bouquetdalella.com\/es\/wp-json\/wp\/v2\/media?parent=30629"}],"wp:term":[{"taxonomy":"product_brand","embeddable":true,"href":"https:\/\/bk10426.bouquetdalella.com\/es\/wp-json\/wp\/v2\/product_brand?post=30629"},{"taxonomy":"product_cat","embeddable":true,"href":"https:\/\/bk10426.bouquetdalella.com\/es\/wp-json\/wp\/v2\/product_cat?post=30629"},{"taxonomy":"product_tag","embeddable":true,"href":"https:\/\/bk10426.bouquetdalella.com\/es\/wp-json\/wp\/v2\/product_tag?post=30629"}],"curies":[{"name":"wp","href":"https:\/\/api.w.org\/{rel}","templated":true}]}}