{"id":30521,"date":"2025-03-17T11:29:21","date_gmt":"2025-03-17T10:29:21","guid":{"rendered":"https:\/\/bk10426.bouquetdalella.com\/?post_type=product&#038;p=30521"},"modified":"2026-02-25T16:55:51","modified_gmt":"2026-02-25T15:55:51","slug":"cata-de-vinos-y-jamones-ibericos","status":"publish","type":"product","link":"https:\/\/bk10426.bouquetdalella.com\/es\/producto\/cata-de-vinos-y-jamones-ibericos\/","title":{"rendered":"Cata de Vinos y Jamones Ib\u00e9ricos con Visita Guiada"},"content":{"rendered":"\t\t<div data-elementor-type=\"product-post\" data-elementor-id=\"30521\" class=\"elementor elementor-30521 elementor-30518\" data-elementor-post-type=\"product\">\n\t\t\t\t\t\t<section class=\"elementor-section elementor-top-section elementor-element elementor-element-23eaf40e elementor-section-boxed elementor-section-height-default elementor-section-height-default\" data-id=\"23eaf40e\" data-element_type=\"section\" data-e-type=\"section\">\n\t\t\t\t\t\t<div class=\"elementor-container elementor-column-gap-default\">\n\t\t\t\t\t<div class=\"elementor-column elementor-col-100 elementor-top-column elementor-element elementor-element-472427fe\" data-id=\"472427fe\" data-element_type=\"column\" data-e-type=\"column\">\n\t\t\t<div class=\"elementor-widget-wrap elementor-element-populated\">\n\t\t\t\t\t\t\t<\/div>\n\t\t<\/div>\n\t\t\t\t\t<\/div>\n\t\t<\/section>\n\t\t\t\t<\/div>\n\t\t","protected":false},"excerpt":{"rendered":"<p>Descubre el placer de un maridaje perfecto en Bouquet d&#8217;Alella. Disfruta de una visita guiada entre vi\u00f1edos y del\u00e9itate con una cata exclusiva de cuatro vinos y tres jamones ib\u00e9ricos seleccionados.<\/p>\n<p>\u00a1Una experiencia sensorial \u00fanica para los paladares m\u00e1s curiosos!<\/p>\n<p><strong>El precio incluye:<\/strong><\/p>\n<p>\u2013 Cata de 3 tipos de jamones ib\u00e9ricos.<\/p>\n<p>\u2013 Cata de 4 Vinos Bouquet d&#8217;Alella.<\/p>\n<p>\u2013 Visita guiada por el vi\u00f1edo y la bodega.<\/p>\n<p><strong>Duraci\u00f3n:<\/strong> 2h<\/p>\n<p><strong>Pr\u00f3ximas sesiones:<\/strong><\/p>\n<p>14 febrero 2026; 14 marzo 2026;<\/p>\n<p>11 abril 2026; 16 de mayo 2026; 13 de junio 2026;<\/p>\n<p>11 de julio 2026; 12 de septiembre 2026;<\/p>\n<p>17 de octubre 2026; 14 de noviembre 2026; 12 de diciembre 2026.<\/p>\n<p>&nbsp;<br \/>\n[fareharbor shortname=\"bouquetdalella\" fallback=\"simple\" full_items=\"yes\" flow=\"1393186\" items=\"631248\" type=\"responsive\" language=\"es\"]<\/p>\n","protected":false},"featured_media":30511,"template":"","meta":{"_acf_changed":false},"product_brand":[],"product_cat":[144],"product_tag":[388],"class_list":{"0":"post-30521","1":"product","2":"type-product","3":"status-publish","4":"has-post-thumbnail","6":"product_cat-enoturismo","7":"product_tag-fareharbor-es","9":"first","10":"outofstock","11":"taxable","12":"shipping-taxable","13":"purchasable","14":"product-type-variable"},"acf":[],"yoast_head":"<!-- This site is optimized with the Yoast SEO plugin v27.3 - https:\/\/yoast.com\/product\/yoast-seo-wordpress\/ -->\n<title>Cata de Vinos y Jamones Ib\u00e9ricos con Visita Guiada - Bouquet d&#039;Alella<\/title>\n<meta name=\"description\" content=\"Descubre el placer de un maridaje perfecto en Bouquet d&#039;Alella. Disfruta de una visita guiada entre vi\u00f1edos y del\u00e9itate con una cata exclusiva de cuatro vinos y tres jamones ib\u00e9ricos seleccionados.\" \/>\n<meta name=\"robots\" content=\"noindex, follow, max-snippet:-1, max-image-preview:large, max-video-preview:-1\" \/>\n<meta property=\"og:locale\" content=\"es_ES\" \/>\n<meta property=\"og:type\" content=\"article\" \/>\n<meta property=\"og:title\" content=\"Cata de Vinos y Jamones Ib\u00e9ricos con Visita Guiada - Bouquet d&#039;Alella\" \/>\n<meta property=\"og:description\" content=\"Descubre el placer de un maridaje perfecto en Bouquet d&#039;Alella. Disfruta de una visita guiada entre vi\u00f1edos y del\u00e9itate con una cata exclusiva de cuatro vinos y tres jamones ib\u00e9ricos seleccionados.\" \/>\n<meta property=\"og:url\" content=\"https:\/\/bk10426.bouquetdalella.com\/es\/producto\/cata-de-vinos-y-jamones-ibericos\/\" \/>\n<meta property=\"og:site_name\" content=\"Bouquet d&#039;Alella\" \/>\n<meta property=\"article:modified_time\" content=\"2026-02-25T15:55:51+00:00\" \/>\n<meta property=\"og:image\" content=\"https:\/\/bk10426.bouquetdalella.com\/wp-content\/uploads\/2025\/03\/Maridatge-Penil-i-Vi-Ok.jpeg\" \/>\n\t<meta property=\"og:image:width\" content=\"1200\" \/>\n\t<meta property=\"og:image:height\" content=\"1600\" \/>\n\t<meta property=\"og:image:type\" content=\"image\/jpeg\" \/>\n<meta name=\"twitter:card\" content=\"summary_large_image\" \/>\n<meta name=\"twitter:label1\" content=\"Tiempo de lectura\" \/>\n\t<meta name=\"twitter:data1\" content=\"1 minuto\" \/>\n<script type=\"application\/ld+json\" class=\"yoast-schema-graph\">{\"@context\":\"https:\\\/\\\/schema.org\",\"@graph\":[{\"@type\":\"WebPage\",\"@id\":\"https:\\\/\\\/bk10426.bouquetdalella.com\\\/es\\\/producto\\\/cata-de-vinos-y-jamones-ibericos\\\/\",\"url\":\"https:\\\/\\\/bk10426.bouquetdalella.com\\\/es\\\/producto\\\/cata-de-vinos-y-jamones-ibericos\\\/\",\"name\":\"Cata de Vinos y Jamones Ib\u00e9ricos con Visita Guiada - Bouquet d&#039;Alella\",\"isPartOf\":{\"@id\":\"https:\\\/\\\/bk10426.bouquetdalella.com\\\/es\\\/#website\"},\"primaryImageOfPage\":{\"@id\":\"https:\\\/\\\/bk10426.bouquetdalella.com\\\/es\\\/producto\\\/cata-de-vinos-y-jamones-ibericos\\\/#primaryimage\"},\"image\":{\"@id\":\"https:\\\/\\\/bk10426.bouquetdalella.com\\\/es\\\/producto\\\/cata-de-vinos-y-jamones-ibericos\\\/#primaryimage\"},\"thumbnailUrl\":\"https:\\\/\\\/bk10426.bouquetdalella.com\\\/wp-content\\\/uploads\\\/2025\\\/03\\\/Maridatge-Penil-i-Vi-Ok.jpeg\",\"datePublished\":\"2025-03-17T10:29:21+00:00\",\"dateModified\":\"2026-02-25T15:55:51+00:00\",\"description\":\"Descubre el placer de un maridaje perfecto en Bouquet d'Alella. Disfruta de una visita guiada entre vi\u00f1edos y del\u00e9itate con una cata exclusiva de cuatro vinos y tres jamones ib\u00e9ricos seleccionados.\",\"breadcrumb\":{\"@id\":\"https:\\\/\\\/bk10426.bouquetdalella.com\\\/es\\\/producto\\\/cata-de-vinos-y-jamones-ibericos\\\/#breadcrumb\"},\"inLanguage\":\"es\",\"potentialAction\":[{\"@type\":\"ReadAction\",\"target\":[\"https:\\\/\\\/bk10426.bouquetdalella.com\\\/es\\\/producto\\\/cata-de-vinos-y-jamones-ibericos\\\/\"]}]},{\"@type\":\"ImageObject\",\"inLanguage\":\"es\",\"@id\":\"https:\\\/\\\/bk10426.bouquetdalella.com\\\/es\\\/producto\\\/cata-de-vinos-y-jamones-ibericos\\\/#primaryimage\",\"url\":\"https:\\\/\\\/bk10426.bouquetdalella.com\\\/wp-content\\\/uploads\\\/2025\\\/03\\\/Maridatge-Penil-i-Vi-Ok.jpeg\",\"contentUrl\":\"https:\\\/\\\/bk10426.bouquetdalella.com\\\/wp-content\\\/uploads\\\/2025\\\/03\\\/Maridatge-Penil-i-Vi-Ok.jpeg\",\"width\":1200,\"height\":1600},{\"@type\":\"BreadcrumbList\",\"@id\":\"https:\\\/\\\/bk10426.bouquetdalella.com\\\/es\\\/producto\\\/cata-de-vinos-y-jamones-ibericos\\\/#breadcrumb\",\"itemListElement\":[{\"@type\":\"ListItem\",\"position\":1,\"name\":\"Inici\",\"item\":\"https:\\\/\\\/bk10426.bouquetdalella.com\\\/es\\\/\"},{\"@type\":\"ListItem\",\"position\":2,\"name\":\"Tienda\",\"item\":\"https:\\\/\\\/bk10426.bouquetdalella.com\\\/es\\\/tienda\\\/\"},{\"@type\":\"ListItem\",\"position\":3,\"name\":\"Cata de Vinos y Jamones Ib\u00e9ricos con Visita Guiada\"}]},{\"@type\":\"WebSite\",\"@id\":\"https:\\\/\\\/bk10426.bouquetdalella.com\\\/es\\\/#website\",\"url\":\"https:\\\/\\\/bk10426.bouquetdalella.com\\\/es\\\/\",\"name\":\"Bouquet d&#039;Alella\",\"description\":\"El Celler Bouquet d\u2019Alella neix amb la clara intenci\u00f3 d\u2019explotar dues vessants diferents per\u00f2 complement\u00e0ries en el mon del vi. Per una banda, la producci\u00f3n i venda de vins ecol\u00f2gics de qualitat i per l\u2019altra la promoci\u00f3 de l\u2019enoturisme.\",\"publisher\":{\"@id\":\"https:\\\/\\\/bk10426.bouquetdalella.com\\\/es\\\/#organization\"},\"potentialAction\":[{\"@type\":\"SearchAction\",\"target\":{\"@type\":\"EntryPoint\",\"urlTemplate\":\"https:\\\/\\\/bk10426.bouquetdalella.com\\\/es\\\/?s={search_term_string}\"},\"query-input\":{\"@type\":\"PropertyValueSpecification\",\"valueRequired\":true,\"valueName\":\"search_term_string\"}}],\"inLanguage\":\"es\"},{\"@type\":\"Organization\",\"@id\":\"https:\\\/\\\/bk10426.bouquetdalella.com\\\/es\\\/#organization\",\"name\":\"Bouquet d&#039;Alella\",\"url\":\"https:\\\/\\\/bk10426.bouquetdalella.com\\\/es\\\/\",\"logo\":{\"@type\":\"ImageObject\",\"inLanguage\":\"es\",\"@id\":\"https:\\\/\\\/bk10426.bouquetdalella.com\\\/es\\\/#\\\/schema\\\/logo\\\/image\\\/\",\"url\":\"https:\\\/\\\/bk10426.bouquetdalella.com\\\/wp-content\\\/uploads\\\/2023\\\/04\\\/cropped-cropped-cropped-logo_bouquet_d_alella-2-300x53-1.png\",\"contentUrl\":\"https:\\\/\\\/bk10426.bouquetdalella.com\\\/wp-content\\\/uploads\\\/2023\\\/04\\\/cropped-cropped-cropped-logo_bouquet_d_alella-2-300x53-1.png\",\"width\":300,\"height\":52,\"caption\":\"Bouquet d&#039;Alella\"},\"image\":{\"@id\":\"https:\\\/\\\/bk10426.bouquetdalella.com\\\/es\\\/#\\\/schema\\\/logo\\\/image\\\/\"}}]}<\/script>\n<!-- \/ Yoast SEO plugin. -->","yoast_head_json":{"title":"Cata de Vinos y Jamones Ib\u00e9ricos con Visita Guiada - Bouquet d&#039;Alella","description":"Descubre el placer de un maridaje perfecto en Bouquet d'Alella. Disfruta de una visita guiada entre vi\u00f1edos y del\u00e9itate con una cata exclusiva de cuatro vinos y tres jamones ib\u00e9ricos seleccionados.","robots":{"index":"noindex","follow":"follow","max-snippet":"max-snippet:-1","max-image-preview":"max-image-preview:large","max-video-preview":"max-video-preview:-1"},"og_locale":"es_ES","og_type":"article","og_title":"Cata de Vinos y Jamones Ib\u00e9ricos con Visita Guiada - Bouquet d&#039;Alella","og_description":"Descubre el placer de un maridaje perfecto en Bouquet d'Alella. Disfruta de una visita guiada entre vi\u00f1edos y del\u00e9itate con una cata exclusiva de cuatro vinos y tres jamones ib\u00e9ricos seleccionados.","og_url":"https:\/\/bk10426.bouquetdalella.com\/es\/producto\/cata-de-vinos-y-jamones-ibericos\/","og_site_name":"Bouquet d&#039;Alella","article_modified_time":"2026-02-25T15:55:51+00:00","og_image":[{"width":1200,"height":1600,"url":"https:\/\/bk10426.bouquetdalella.com\/wp-content\/uploads\/2025\/03\/Maridatge-Penil-i-Vi-Ok.jpeg","type":"image\/jpeg"}],"twitter_card":"summary_large_image","twitter_misc":{"Tiempo de lectura":"1 minuto"},"schema":{"@context":"https:\/\/schema.org","@graph":[{"@type":"WebPage","@id":"https:\/\/bk10426.bouquetdalella.com\/es\/producto\/cata-de-vinos-y-jamones-ibericos\/","url":"https:\/\/bk10426.bouquetdalella.com\/es\/producto\/cata-de-vinos-y-jamones-ibericos\/","name":"Cata de Vinos y Jamones Ib\u00e9ricos con Visita Guiada - Bouquet d&#039;Alella","isPartOf":{"@id":"https:\/\/bk10426.bouquetdalella.com\/es\/#website"},"primaryImageOfPage":{"@id":"https:\/\/bk10426.bouquetdalella.com\/es\/producto\/cata-de-vinos-y-jamones-ibericos\/#primaryimage"},"image":{"@id":"https:\/\/bk10426.bouquetdalella.com\/es\/producto\/cata-de-vinos-y-jamones-ibericos\/#primaryimage"},"thumbnailUrl":"https:\/\/bk10426.bouquetdalella.com\/wp-content\/uploads\/2025\/03\/Maridatge-Penil-i-Vi-Ok.jpeg","datePublished":"2025-03-17T10:29:21+00:00","dateModified":"2026-02-25T15:55:51+00:00","description":"Descubre el placer de un maridaje perfecto en Bouquet d'Alella. Disfruta de una visita guiada entre vi\u00f1edos y del\u00e9itate con una cata exclusiva de cuatro vinos y tres jamones ib\u00e9ricos seleccionados.","breadcrumb":{"@id":"https:\/\/bk10426.bouquetdalella.com\/es\/producto\/cata-de-vinos-y-jamones-ibericos\/#breadcrumb"},"inLanguage":"es","potentialAction":[{"@type":"ReadAction","target":["https:\/\/bk10426.bouquetdalella.com\/es\/producto\/cata-de-vinos-y-jamones-ibericos\/"]}]},{"@type":"ImageObject","inLanguage":"es","@id":"https:\/\/bk10426.bouquetdalella.com\/es\/producto\/cata-de-vinos-y-jamones-ibericos\/#primaryimage","url":"https:\/\/bk10426.bouquetdalella.com\/wp-content\/uploads\/2025\/03\/Maridatge-Penil-i-Vi-Ok.jpeg","contentUrl":"https:\/\/bk10426.bouquetdalella.com\/wp-content\/uploads\/2025\/03\/Maridatge-Penil-i-Vi-Ok.jpeg","width":1200,"height":1600},{"@type":"BreadcrumbList","@id":"https:\/\/bk10426.bouquetdalella.com\/es\/producto\/cata-de-vinos-y-jamones-ibericos\/#breadcrumb","itemListElement":[{"@type":"ListItem","position":1,"name":"Inici","item":"https:\/\/bk10426.bouquetdalella.com\/es\/"},{"@type":"ListItem","position":2,"name":"Tienda","item":"https:\/\/bk10426.bouquetdalella.com\/es\/tienda\/"},{"@type":"ListItem","position":3,"name":"Cata de Vinos y Jamones Ib\u00e9ricos con Visita Guiada"}]},{"@type":"WebSite","@id":"https:\/\/bk10426.bouquetdalella.com\/es\/#website","url":"https:\/\/bk10426.bouquetdalella.com\/es\/","name":"Bouquet d&#039;Alella","description":"El Celler Bouquet d\u2019Alella neix amb la clara intenci\u00f3 d\u2019explotar dues vessants diferents per\u00f2 complement\u00e0ries en el mon del vi. Per una banda, la producci\u00f3n i venda de vins ecol\u00f2gics de qualitat i per l\u2019altra la promoci\u00f3 de l\u2019enoturisme.","publisher":{"@id":"https:\/\/bk10426.bouquetdalella.com\/es\/#organization"},"potentialAction":[{"@type":"SearchAction","target":{"@type":"EntryPoint","urlTemplate":"https:\/\/bk10426.bouquetdalella.com\/es\/?s={search_term_string}"},"query-input":{"@type":"PropertyValueSpecification","valueRequired":true,"valueName":"search_term_string"}}],"inLanguage":"es"},{"@type":"Organization","@id":"https:\/\/bk10426.bouquetdalella.com\/es\/#organization","name":"Bouquet d&#039;Alella","url":"https:\/\/bk10426.bouquetdalella.com\/es\/","logo":{"@type":"ImageObject","inLanguage":"es","@id":"https:\/\/bk10426.bouquetdalella.com\/es\/#\/schema\/logo\/image\/","url":"https:\/\/bk10426.bouquetdalella.com\/wp-content\/uploads\/2023\/04\/cropped-cropped-cropped-logo_bouquet_d_alella-2-300x53-1.png","contentUrl":"https:\/\/bk10426.bouquetdalella.com\/wp-content\/uploads\/2023\/04\/cropped-cropped-cropped-logo_bouquet_d_alella-2-300x53-1.png","width":300,"height":52,"caption":"Bouquet d&#039;Alella"},"image":{"@id":"https:\/\/bk10426.bouquetdalella.com\/es\/#\/schema\/logo\/image\/"}}]}},"_links":{"self":[{"href":"https:\/\/bk10426.bouquetdalella.com\/es\/wp-json\/wp\/v2\/product\/30521","targetHints":{"allow":["GET"]}}],"collection":[{"href":"https:\/\/bk10426.bouquetdalella.com\/es\/wp-json\/wp\/v2\/product"}],"about":[{"href":"https:\/\/bk10426.bouquetdalella.com\/es\/wp-json\/wp\/v2\/types\/product"}],"version-history":[{"count":3,"href":"https:\/\/bk10426.bouquetdalella.com\/es\/wp-json\/wp\/v2\/product\/30521\/revisions"}],"predecessor-version":[{"id":36289,"href":"https:\/\/bk10426.bouquetdalella.com\/es\/wp-json\/wp\/v2\/product\/30521\/revisions\/36289"}],"wp:featuredmedia":[{"embeddable":true,"href":"https:\/\/bk10426.bouquetdalella.com\/es\/wp-json\/wp\/v2\/media\/30511"}],"wp:attachment":[{"href":"https:\/\/bk10426.bouquetdalella.com\/es\/wp-json\/wp\/v2\/media?parent=30521"}],"wp:term":[{"taxonomy":"product_brand","embeddable":true,"href":"https:\/\/bk10426.bouquetdalella.com\/es\/wp-json\/wp\/v2\/product_brand?post=30521"},{"taxonomy":"product_cat","embeddable":true,"href":"https:\/\/bk10426.bouquetdalella.com\/es\/wp-json\/wp\/v2\/product_cat?post=30521"},{"taxonomy":"product_tag","embeddable":true,"href":"https:\/\/bk10426.bouquetdalella.com\/es\/wp-json\/wp\/v2\/product_tag?post=30521"}],"curies":[{"name":"wp","href":"https:\/\/api.w.org\/{rel}","templated":true}]}}