{"id":27530,"date":"2026-03-11T08:14:08","date_gmt":"2026-03-11T07:14:08","guid":{"rendered":"https:\/\/bk10426.bouquetdalella.com\/?post_type=product&#038;p=27530"},"modified":"2026-03-11T09:00:44","modified_gmt":"2026-03-11T08:00:44","slug":"bocaditos-de-otono","status":"publish","type":"product","link":"https:\/\/bk10426.bouquetdalella.com\/es\/producto\/bocaditos-de-otono\/","title":{"rendered":"Bocaditos de oto\u00f1o"},"content":{"rendered":"","protected":false},"excerpt":{"rendered":"<p>Ven a disfrutar de los colores del oto\u00f1o y sus sabores \u00fanicos con estos bocaditos de temporada. Como siempre, maridados con nuestros vinos.<\/p>\n<p>Nuestra propuesta incluye:<\/p>\n<p><strong>Gnocchi de patata y casta\u00f1a en consom\u00e9 de carne<\/strong><\/p>\n<p><em>Bouquet d\u2019Alella Pansa Blanca 2024<\/em><\/p>\n<p><strong>Pasta rellena de espinaca con salsa de 3 quesos al vino blanco Bouquet d&#8217;Alella.<\/strong><br \/>\n<em>Bouquet d\u2019Alella Blanc+ 2024<\/em><\/p>\n<p><strong>Costilla de cerdo con salsa de mantequilla al vino tinto Bouquet d\u2019Alella<\/strong><br \/>\n<em>Bouquet d\u2019Alella Syrah<\/em> 2023<\/p>\n<p><strong>Fondue de chocolate con bizcocho tierno y merengues crujientes.<\/strong><br \/>\n<em>Bouquet de Alella Plaer Escum\u00f3s 2022<\/em><\/p>\n<p>&nbsp;<\/p>\n<p><strong>Fechas: <\/strong>11 de octubre \/ 8 y 22 de noviembre<br \/>\n<strong>Hora:<\/strong> 12 h<br \/>\n<strong>Duraci\u00f3n:<\/strong> 1 h<br \/>\n<strong>Precio:<\/strong> 37\u20ac<\/p>\n<p>&nbsp;<\/p>\n[fareharbor shortname=\"bouquetdalella\" fallback=\"simple\" full_items=\"yes\" flow=\"1393187\" items=\"661477\" type=\"responsive\" language=\"es\"]\n","protected":false},"featured_media":36811,"template":"","meta":{"_acf_changed":false},"product_brand":[],"product_cat":[144],"product_tag":[388],"class_list":{"0":"post-27530","1":"product","2":"type-product","3":"status-publish","4":"has-post-thumbnail","6":"product_cat-enoturismo","7":"product_tag-fareharbor-es","9":"first","10":"outofstock","11":"featured","12":"virtual","13":"taxable","14":"purchasable","15":"product-type-simple"},"acf":[],"yoast_head":"<!-- This site is optimized with the Yoast SEO plugin v27.3 - https:\/\/yoast.com\/product\/yoast-seo-wordpress\/ -->\n<title>Bocaditos de oto\u00f1o - Bouquet d&#039;Alella<\/title>\n<meta name=\"description\" content=\"\u00a1Ven a descubrir nuestras propuestas especiales de bocaditos de oto\u00f1o!\" \/>\n<meta name=\"robots\" content=\"noindex, follow, max-snippet:-1, max-image-preview:large, max-video-preview:-1\" \/>\n<meta property=\"og:locale\" content=\"es_ES\" \/>\n<meta property=\"og:type\" content=\"article\" \/>\n<meta property=\"og:title\" content=\"Bocaditos de oto\u00f1o - Bouquet d&#039;Alella\" \/>\n<meta property=\"og:description\" content=\"\u00a1Ven a descubrir nuestras propuestas especiales de bocaditos de oto\u00f1o!\" \/>\n<meta property=\"og:url\" content=\"https:\/\/bk10426.bouquetdalella.com\/es\/producto\/bocaditos-de-otono\/\" \/>\n<meta property=\"og:site_name\" content=\"Bouquet d&#039;Alella\" \/>\n<meta property=\"article:modified_time\" content=\"2026-03-11T08:00:44+00:00\" \/>\n<meta property=\"og:image\" content=\"https:\/\/bk10426.bouquetdalella.com\/wp-content\/uploads\/2026\/03\/tast-de-vins-1.jpg\" \/>\n\t<meta property=\"og:image:width\" content=\"1200\" \/>\n\t<meta property=\"og:image:height\" content=\"802\" \/>\n\t<meta property=\"og:image:type\" content=\"image\/jpeg\" \/>\n<meta name=\"twitter:card\" content=\"summary_large_image\" \/>\n<meta name=\"twitter:label1\" content=\"Tiempo de lectura\" \/>\n\t<meta name=\"twitter:data1\" content=\"1 minuto\" \/>\n<script type=\"application\/ld+json\" class=\"yoast-schema-graph\">{\"@context\":\"https:\\\/\\\/schema.org\",\"@graph\":[{\"@type\":\"WebPage\",\"@id\":\"https:\\\/\\\/bk10426.bouquetdalella.com\\\/es\\\/producto\\\/bocaditos-de-otono\\\/\",\"url\":\"https:\\\/\\\/bk10426.bouquetdalella.com\\\/es\\\/producto\\\/bocaditos-de-otono\\\/\",\"name\":\"Bocaditos de oto\u00f1o - Bouquet d&#039;Alella\",\"isPartOf\":{\"@id\":\"https:\\\/\\\/bk10426.bouquetdalella.com\\\/es\\\/#website\"},\"primaryImageOfPage\":{\"@id\":\"https:\\\/\\\/bk10426.bouquetdalella.com\\\/es\\\/producto\\\/bocaditos-de-otono\\\/#primaryimage\"},\"image\":{\"@id\":\"https:\\\/\\\/bk10426.bouquetdalella.com\\\/es\\\/producto\\\/bocaditos-de-otono\\\/#primaryimage\"},\"thumbnailUrl\":\"https:\\\/\\\/bk10426.bouquetdalella.com\\\/wp-content\\\/uploads\\\/2026\\\/03\\\/torrar-castanyes-2.jpg\",\"datePublished\":\"2026-03-11T07:14:08+00:00\",\"dateModified\":\"2026-03-11T08:00:44+00:00\",\"description\":\"\u00a1Ven a descubrir nuestras propuestas especiales de bocaditos de oto\u00f1o!\",\"breadcrumb\":{\"@id\":\"https:\\\/\\\/bk10426.bouquetdalella.com\\\/es\\\/producto\\\/bocaditos-de-otono\\\/#breadcrumb\"},\"inLanguage\":\"es\",\"potentialAction\":[{\"@type\":\"ReadAction\",\"target\":[\"https:\\\/\\\/bk10426.bouquetdalella.com\\\/es\\\/producto\\\/bocaditos-de-otono\\\/\"]}]},{\"@type\":\"ImageObject\",\"inLanguage\":\"es\",\"@id\":\"https:\\\/\\\/bk10426.bouquetdalella.com\\\/es\\\/producto\\\/bocaditos-de-otono\\\/#primaryimage\",\"url\":\"https:\\\/\\\/bk10426.bouquetdalella.com\\\/wp-content\\\/uploads\\\/2026\\\/03\\\/torrar-castanyes-2.jpg\",\"contentUrl\":\"https:\\\/\\\/bk10426.bouquetdalella.com\\\/wp-content\\\/uploads\\\/2026\\\/03\\\/torrar-castanyes-2.jpg\",\"width\":645,\"height\":400},{\"@type\":\"BreadcrumbList\",\"@id\":\"https:\\\/\\\/bk10426.bouquetdalella.com\\\/es\\\/producto\\\/bocaditos-de-otono\\\/#breadcrumb\",\"itemListElement\":[{\"@type\":\"ListItem\",\"position\":1,\"name\":\"Inici\",\"item\":\"https:\\\/\\\/bk10426.bouquetdalella.com\\\/es\\\/\"},{\"@type\":\"ListItem\",\"position\":2,\"name\":\"Tienda\",\"item\":\"https:\\\/\\\/bk10426.bouquetdalella.com\\\/es\\\/tienda\\\/\"},{\"@type\":\"ListItem\",\"position\":3,\"name\":\"Bocaditos de oto\u00f1o\"}]},{\"@type\":\"WebSite\",\"@id\":\"https:\\\/\\\/bk10426.bouquetdalella.com\\\/es\\\/#website\",\"url\":\"https:\\\/\\\/bk10426.bouquetdalella.com\\\/es\\\/\",\"name\":\"Bouquet d&#039;Alella\",\"description\":\"El Celler Bouquet d\u2019Alella neix amb la clara intenci\u00f3 d\u2019explotar dues vessants diferents per\u00f2 complement\u00e0ries en el mon del vi. Per una banda, la producci\u00f3n i venda de vins ecol\u00f2gics de qualitat i per l\u2019altra la promoci\u00f3 de l\u2019enoturisme.\",\"publisher\":{\"@id\":\"https:\\\/\\\/bk10426.bouquetdalella.com\\\/es\\\/#organization\"},\"potentialAction\":[{\"@type\":\"SearchAction\",\"target\":{\"@type\":\"EntryPoint\",\"urlTemplate\":\"https:\\\/\\\/bk10426.bouquetdalella.com\\\/es\\\/?s={search_term_string}\"},\"query-input\":{\"@type\":\"PropertyValueSpecification\",\"valueRequired\":true,\"valueName\":\"search_term_string\"}}],\"inLanguage\":\"es\"},{\"@type\":\"Organization\",\"@id\":\"https:\\\/\\\/bk10426.bouquetdalella.com\\\/es\\\/#organization\",\"name\":\"Bouquet d&#039;Alella\",\"url\":\"https:\\\/\\\/bk10426.bouquetdalella.com\\\/es\\\/\",\"logo\":{\"@type\":\"ImageObject\",\"inLanguage\":\"es\",\"@id\":\"https:\\\/\\\/bk10426.bouquetdalella.com\\\/es\\\/#\\\/schema\\\/logo\\\/image\\\/\",\"url\":\"https:\\\/\\\/bk10426.bouquetdalella.com\\\/wp-content\\\/uploads\\\/2023\\\/04\\\/cropped-cropped-cropped-logo_bouquet_d_alella-2-300x53-1.png\",\"contentUrl\":\"https:\\\/\\\/bk10426.bouquetdalella.com\\\/wp-content\\\/uploads\\\/2023\\\/04\\\/cropped-cropped-cropped-logo_bouquet_d_alella-2-300x53-1.png\",\"width\":300,\"height\":52,\"caption\":\"Bouquet d&#039;Alella\"},\"image\":{\"@id\":\"https:\\\/\\\/bk10426.bouquetdalella.com\\\/es\\\/#\\\/schema\\\/logo\\\/image\\\/\"}}]}<\/script>\n<!-- \/ Yoast SEO plugin. -->","yoast_head_json":{"title":"Bocaditos de oto\u00f1o - Bouquet d&#039;Alella","description":"\u00a1Ven a descubrir nuestras propuestas especiales de bocaditos de oto\u00f1o!","robots":{"index":"noindex","follow":"follow","max-snippet":"max-snippet:-1","max-image-preview":"max-image-preview:large","max-video-preview":"max-video-preview:-1"},"og_locale":"es_ES","og_type":"article","og_title":"Bocaditos de oto\u00f1o - Bouquet d&#039;Alella","og_description":"\u00a1Ven a descubrir nuestras propuestas especiales de bocaditos de oto\u00f1o!","og_url":"https:\/\/bk10426.bouquetdalella.com\/es\/producto\/bocaditos-de-otono\/","og_site_name":"Bouquet d&#039;Alella","article_modified_time":"2026-03-11T08:00:44+00:00","og_image":[{"width":1200,"height":802,"url":"https:\/\/bk10426.bouquetdalella.com\/wp-content\/uploads\/2026\/03\/tast-de-vins-1.jpg","type":"image\/jpeg"}],"twitter_card":"summary_large_image","twitter_misc":{"Tiempo de lectura":"1 minuto"},"schema":{"@context":"https:\/\/schema.org","@graph":[{"@type":"WebPage","@id":"https:\/\/bk10426.bouquetdalella.com\/es\/producto\/bocaditos-de-otono\/","url":"https:\/\/bk10426.bouquetdalella.com\/es\/producto\/bocaditos-de-otono\/","name":"Bocaditos de oto\u00f1o - Bouquet d&#039;Alella","isPartOf":{"@id":"https:\/\/bk10426.bouquetdalella.com\/es\/#website"},"primaryImageOfPage":{"@id":"https:\/\/bk10426.bouquetdalella.com\/es\/producto\/bocaditos-de-otono\/#primaryimage"},"image":{"@id":"https:\/\/bk10426.bouquetdalella.com\/es\/producto\/bocaditos-de-otono\/#primaryimage"},"thumbnailUrl":"https:\/\/bk10426.bouquetdalella.com\/wp-content\/uploads\/2026\/03\/torrar-castanyes-2.jpg","datePublished":"2026-03-11T07:14:08+00:00","dateModified":"2026-03-11T08:00:44+00:00","description":"\u00a1Ven a descubrir nuestras propuestas especiales de bocaditos de oto\u00f1o!","breadcrumb":{"@id":"https:\/\/bk10426.bouquetdalella.com\/es\/producto\/bocaditos-de-otono\/#breadcrumb"},"inLanguage":"es","potentialAction":[{"@type":"ReadAction","target":["https:\/\/bk10426.bouquetdalella.com\/es\/producto\/bocaditos-de-otono\/"]}]},{"@type":"ImageObject","inLanguage":"es","@id":"https:\/\/bk10426.bouquetdalella.com\/es\/producto\/bocaditos-de-otono\/#primaryimage","url":"https:\/\/bk10426.bouquetdalella.com\/wp-content\/uploads\/2026\/03\/torrar-castanyes-2.jpg","contentUrl":"https:\/\/bk10426.bouquetdalella.com\/wp-content\/uploads\/2026\/03\/torrar-castanyes-2.jpg","width":645,"height":400},{"@type":"BreadcrumbList","@id":"https:\/\/bk10426.bouquetdalella.com\/es\/producto\/bocaditos-de-otono\/#breadcrumb","itemListElement":[{"@type":"ListItem","position":1,"name":"Inici","item":"https:\/\/bk10426.bouquetdalella.com\/es\/"},{"@type":"ListItem","position":2,"name":"Tienda","item":"https:\/\/bk10426.bouquetdalella.com\/es\/tienda\/"},{"@type":"ListItem","position":3,"name":"Bocaditos de oto\u00f1o"}]},{"@type":"WebSite","@id":"https:\/\/bk10426.bouquetdalella.com\/es\/#website","url":"https:\/\/bk10426.bouquetdalella.com\/es\/","name":"Bouquet d&#039;Alella","description":"El Celler Bouquet d\u2019Alella neix amb la clara intenci\u00f3 d\u2019explotar dues vessants diferents per\u00f2 complement\u00e0ries en el mon del vi. Per una banda, la producci\u00f3n i venda de vins ecol\u00f2gics de qualitat i per l\u2019altra la promoci\u00f3 de l\u2019enoturisme.","publisher":{"@id":"https:\/\/bk10426.bouquetdalella.com\/es\/#organization"},"potentialAction":[{"@type":"SearchAction","target":{"@type":"EntryPoint","urlTemplate":"https:\/\/bk10426.bouquetdalella.com\/es\/?s={search_term_string}"},"query-input":{"@type":"PropertyValueSpecification","valueRequired":true,"valueName":"search_term_string"}}],"inLanguage":"es"},{"@type":"Organization","@id":"https:\/\/bk10426.bouquetdalella.com\/es\/#organization","name":"Bouquet d&#039;Alella","url":"https:\/\/bk10426.bouquetdalella.com\/es\/","logo":{"@type":"ImageObject","inLanguage":"es","@id":"https:\/\/bk10426.bouquetdalella.com\/es\/#\/schema\/logo\/image\/","url":"https:\/\/bk10426.bouquetdalella.com\/wp-content\/uploads\/2023\/04\/cropped-cropped-cropped-logo_bouquet_d_alella-2-300x53-1.png","contentUrl":"https:\/\/bk10426.bouquetdalella.com\/wp-content\/uploads\/2023\/04\/cropped-cropped-cropped-logo_bouquet_d_alella-2-300x53-1.png","width":300,"height":52,"caption":"Bouquet d&#039;Alella"},"image":{"@id":"https:\/\/bk10426.bouquetdalella.com\/es\/#\/schema\/logo\/image\/"}}]}},"_links":{"self":[{"href":"https:\/\/bk10426.bouquetdalella.com\/es\/wp-json\/wp\/v2\/product\/27530","targetHints":{"allow":["GET"]}}],"collection":[{"href":"https:\/\/bk10426.bouquetdalella.com\/es\/wp-json\/wp\/v2\/product"}],"about":[{"href":"https:\/\/bk10426.bouquetdalella.com\/es\/wp-json\/wp\/v2\/types\/product"}],"version-history":[{"count":1,"href":"https:\/\/bk10426.bouquetdalella.com\/es\/wp-json\/wp\/v2\/product\/27530\/revisions"}],"predecessor-version":[{"id":36807,"href":"https:\/\/bk10426.bouquetdalella.com\/es\/wp-json\/wp\/v2\/product\/27530\/revisions\/36807"}],"wp:featuredmedia":[{"embeddable":true,"href":"https:\/\/bk10426.bouquetdalella.com\/es\/wp-json\/wp\/v2\/media\/36811"}],"wp:attachment":[{"href":"https:\/\/bk10426.bouquetdalella.com\/es\/wp-json\/wp\/v2\/media?parent=27530"}],"wp:term":[{"taxonomy":"product_brand","embeddable":true,"href":"https:\/\/bk10426.bouquetdalella.com\/es\/wp-json\/wp\/v2\/product_brand?post=27530"},{"taxonomy":"product_cat","embeddable":true,"href":"https:\/\/bk10426.bouquetdalella.com\/es\/wp-json\/wp\/v2\/product_cat?post=27530"},{"taxonomy":"product_tag","embeddable":true,"href":"https:\/\/bk10426.bouquetdalella.com\/es\/wp-json\/wp\/v2\/product_tag?post=27530"}],"curies":[{"name":"wp","href":"https:\/\/api.w.org\/{rel}","templated":true}]}}