{"id":24179,"date":"2023-12-18T14:14:59","date_gmt":"2023-12-18T13:14:59","guid":{"rendered":"https:\/\/bk10426.bouquetdalella.com\/?post_type=product&#038;p=24179"},"modified":"2023-12-18T15:08:41","modified_gmt":"2023-12-18T14:08:41","slug":"maridaje-de-temporada-sopas-de-invierno","status":"publish","type":"product","link":"https:\/\/bk10426.bouquetdalella.com\/es\/producto\/maridaje-de-temporada-sopas-de-invierno\/","title":{"rendered":"Maridaje de temporada: Sopas de invierno"},"content":{"rendered":"","protected":false},"excerpt":{"rendered":"<p><span style=\"font-weight: 400;\">Acomp\u00e1\u00f1anos nuevamente a cocinar y degustar suculentos platos acompa\u00f1ados del mejor vino. Tenemos sopas para todos los gustos y en todas sus variedades. Nuestra chef Annette Schroeder nos explicar\u00e1 4 recetas que cocinaremos juntos y que, seguidamente, maridaremos con nuestros vinos.\u00a0<\/span><\/p>\n<p>&nbsp;<\/p>\n<p><b>La actividad incluye: <\/b><span style=\"font-weight: 400;\">Taller de cocina\/maridaje: 4 platillos + 4 vinos.<\/span><\/p>\n<p><b>Duraci\u00f3n: <\/b><span style=\"font-weight: 400;\">2 horas y media.<\/span><\/p>\n<p><b>Fecha:<\/b><span style=\"font-weight: 400;\"> 25 de enero 2024.<\/span><\/p>\n<p>&nbsp;<\/p>\n<p><span style=\"font-weight: 400;\">Elige horario:<\/span><\/p>\n<ul>\n<li style=\"font-weight: 400;\" aria-level=\"1\"><span style=\"font-weight: 400;\">Ma\u00f1ana a las 10,30h.<\/span><\/li>\n<li style=\"font-weight: 400;\" aria-level=\"1\"><span style=\"font-weight: 400;\">Tarde a las 18,30h.<\/span><\/li>\n<\/ul>\n<p>&nbsp;<\/p>\n<p><b>El men\u00fa a cocinar ser\u00e1 el siguiente:<\/b><b><\/b><\/p>\n<ul>\n<li aria-level=\"1\"><b>Sopa de lenteja roja en curry con tomate y leche de coco. <\/b>C\u00e1lidas especias con el toque picante del curry, la riqueza de la prote\u00edna de la lenteja y sedosa terminaci\u00f3n con leche de coco.\u00a0 Una sopa vegana llena de sabor.<br \/>\n<b>Bouquet d\u2019Alella Blanc 2022<\/p>\n<p><\/b><\/li>\n<li aria-level=\"1\"><b>Crema de kale y espinaca con avellanas. <\/b>Hierro, minerales y todas las vitaminas que necesitas esta temporada en una crema con un crujiente de avellanas garapi\u00f1adas<br \/>\n<b>Entre Amics blanc 2022<\/p>\n<p><\/b><\/li>\n<li aria-level=\"1\"><b>Sopa de Calabaza y sirope de arce. <\/b>Deliciosa combinaci\u00f3n de sabores dulces y salados. Las remembranzas del sol en cada bocado.<br \/>\n<b>Bouquet d\u2019Alella Blanc+ 2022<\/p>\n<p><\/b><\/li>\n<li aria-level=\"1\"><b>Sopa noruega de pescado. <\/b>El mar del norte nos otorga este regalo. Lo prepararemos siguiendo los secretos de los pescadores n\u00f3rdicos. Biscuits de cebolla caramelizada para remojar.<br \/>\n<b>Bouquet d\u2019Alella Garnatxa rosada 2022<\/b><\/li>\n<\/ul>\n<p>&nbsp;<\/p>\n<p><b>Imparte la sesi\u00f3n la chef Annette Schroeder:<\/b><\/p>\n<p><span style=\"font-weight: 400;\">Annette cuenta con diplomas en food &amp; wine y en cr\u00edtica gastron\u00f3mica. Dedicada<\/span> <span style=\"font-weight: 400;\">a dise\u00f1ar e impartir cursos desde hace 12 a\u00f1os en diferentes sitios como Singapur, Suecia EE.UU, Irlanda, M\u00e9xico,\u00a0 Madrid y desde hace tres a\u00f1os tambi\u00e9n en Barcelona.<\/span><\/p>\n<p><span style=\"font-weight: 400;\">Ha trabajado con chefs como Emanuel Stroobant con 7 estrellas Michelin y Darina Allen con 40 a\u00f1os de experiencia en ense\u00f1anza. Entrenamiento en Vinos del Mundo, Catas y Armon\u00edas Culinarias con Federico Oldenburg y Jos\u00e9 Carlos Capel.<\/span><\/p>\n<p><span style=\"font-weight: 400;\">Con un historial cursos, talleres y recetas desarrolladas, Annette est\u00e1 lista para recibiros y llevaros de la mano en una experiencia de maridaje Food &amp; Wine en nuestra bodega<\/span><\/p>\n","protected":false},"featured_media":23969,"template":"","meta":{"_acf_changed":false},"product_brand":[],"product_cat":[144],"product_tag":[364],"class_list":{"0":"post-24179","1":"product","2":"type-product","3":"status-publish","4":"has-post-thumbnail","6":"product_cat-enoturismo","7":"product_tag-comprar-es","9":"first","10":"outofstock","11":"taxable","12":"shipping-taxable","13":"purchasable","14":"product-type-variable"},"acf":[],"yoast_head":"<!-- This site is optimized with the Yoast SEO plugin v27.3 - https:\/\/yoast.com\/product\/yoast-seo-wordpress\/ -->\n<title>Maridaje de temporada: Sopas de invierno - Bouquet d&#039;Alella<\/title>\n<meta name=\"description\" content=\"Una buena sopa es siempre bienvenida en esta temporada. Hemos preparado este taller maridaje especialmente para ti. Te esperamos el d\u00eda 25 de Enero.\" \/>\n<meta name=\"robots\" content=\"noindex, follow, max-snippet:-1, max-image-preview:large, max-video-preview:-1\" \/>\n<meta property=\"og:locale\" content=\"es_ES\" \/>\n<meta property=\"og:type\" content=\"article\" \/>\n<meta property=\"og:title\" content=\"Maridaje de temporada: Sopas de invierno - Bouquet d&#039;Alella\" \/>\n<meta property=\"og:description\" content=\"Una buena sopa es siempre bienvenida en esta temporada. Hemos preparado este taller maridaje especialmente para ti. Te esperamos el d\u00eda 25 de Enero.\" \/>\n<meta property=\"og:url\" content=\"https:\/\/bk10426.bouquetdalella.com\/es\/producto\/maridaje-de-temporada-sopas-de-invierno\/\" \/>\n<meta property=\"og:site_name\" content=\"Bouquet d&#039;Alella\" \/>\n<meta property=\"article:modified_time\" content=\"2023-12-18T14:08:41+00:00\" \/>\n<meta property=\"og:image\" content=\"https:\/\/bk10426.bouquetdalella.com\/wp-content\/uploads\/2023\/12\/foto-de-portada.jpg\" \/>\n\t<meta property=\"og:image:width\" content=\"1200\" \/>\n\t<meta property=\"og:image:height\" content=\"900\" \/>\n\t<meta property=\"og:image:type\" content=\"image\/jpeg\" \/>\n<meta name=\"twitter:card\" content=\"summary_large_image\" \/>\n<meta name=\"twitter:label1\" content=\"Tiempo de lectura\" \/>\n\t<meta name=\"twitter:data1\" content=\"1 minuto\" \/>\n<script type=\"application\/ld+json\" class=\"yoast-schema-graph\">{\"@context\":\"https:\\\/\\\/schema.org\",\"@graph\":[{\"@type\":\"WebPage\",\"@id\":\"https:\\\/\\\/bk10426.bouquetdalella.com\\\/es\\\/producto\\\/maridaje-de-temporada-sopas-de-invierno\\\/\",\"url\":\"https:\\\/\\\/bk10426.bouquetdalella.com\\\/es\\\/producto\\\/maridaje-de-temporada-sopas-de-invierno\\\/\",\"name\":\"Maridaje de temporada: Sopas de invierno - Bouquet d&#039;Alella\",\"isPartOf\":{\"@id\":\"https:\\\/\\\/bk10426.bouquetdalella.com\\\/es\\\/#website\"},\"primaryImageOfPage\":{\"@id\":\"https:\\\/\\\/bk10426.bouquetdalella.com\\\/es\\\/producto\\\/maridaje-de-temporada-sopas-de-invierno\\\/#primaryimage\"},\"image\":{\"@id\":\"https:\\\/\\\/bk10426.bouquetdalella.com\\\/es\\\/producto\\\/maridaje-de-temporada-sopas-de-invierno\\\/#primaryimage\"},\"thumbnailUrl\":\"https:\\\/\\\/bk10426.bouquetdalella.com\\\/wp-content\\\/uploads\\\/2023\\\/12\\\/foto-de-portada.jpg\",\"datePublished\":\"2023-12-18T13:14:59+00:00\",\"dateModified\":\"2023-12-18T14:08:41+00:00\",\"description\":\"Una buena sopa es siempre bienvenida en esta temporada. Hemos preparado este taller maridaje especialmente para ti. Te esperamos el d\u00eda 25 de Enero.\",\"breadcrumb\":{\"@id\":\"https:\\\/\\\/bk10426.bouquetdalella.com\\\/es\\\/producto\\\/maridaje-de-temporada-sopas-de-invierno\\\/#breadcrumb\"},\"inLanguage\":\"es\",\"potentialAction\":[{\"@type\":\"ReadAction\",\"target\":[\"https:\\\/\\\/bk10426.bouquetdalella.com\\\/es\\\/producto\\\/maridaje-de-temporada-sopas-de-invierno\\\/\"]}]},{\"@type\":\"ImageObject\",\"inLanguage\":\"es\",\"@id\":\"https:\\\/\\\/bk10426.bouquetdalella.com\\\/es\\\/producto\\\/maridaje-de-temporada-sopas-de-invierno\\\/#primaryimage\",\"url\":\"https:\\\/\\\/bk10426.bouquetdalella.com\\\/wp-content\\\/uploads\\\/2023\\\/12\\\/foto-de-portada.jpg\",\"contentUrl\":\"https:\\\/\\\/bk10426.bouquetdalella.com\\\/wp-content\\\/uploads\\\/2023\\\/12\\\/foto-de-portada.jpg\",\"width\":1200,\"height\":900},{\"@type\":\"BreadcrumbList\",\"@id\":\"https:\\\/\\\/bk10426.bouquetdalella.com\\\/es\\\/producto\\\/maridaje-de-temporada-sopas-de-invierno\\\/#breadcrumb\",\"itemListElement\":[{\"@type\":\"ListItem\",\"position\":1,\"name\":\"Inici\",\"item\":\"https:\\\/\\\/bk10426.bouquetdalella.com\\\/es\\\/\"},{\"@type\":\"ListItem\",\"position\":2,\"name\":\"Tienda\",\"item\":\"https:\\\/\\\/bk10426.bouquetdalella.com\\\/es\\\/tienda\\\/\"},{\"@type\":\"ListItem\",\"position\":3,\"name\":\"Maridaje de temporada: Sopas de invierno\"}]},{\"@type\":\"WebSite\",\"@id\":\"https:\\\/\\\/bk10426.bouquetdalella.com\\\/es\\\/#website\",\"url\":\"https:\\\/\\\/bk10426.bouquetdalella.com\\\/es\\\/\",\"name\":\"Bouquet d&#039;Alella\",\"description\":\"El Celler Bouquet d\u2019Alella neix amb la clara intenci\u00f3 d\u2019explotar dues vessants diferents per\u00f2 complement\u00e0ries en el mon del vi. Per una banda, la producci\u00f3n i venda de vins ecol\u00f2gics de qualitat i per l\u2019altra la promoci\u00f3 de l\u2019enoturisme.\",\"publisher\":{\"@id\":\"https:\\\/\\\/bk10426.bouquetdalella.com\\\/es\\\/#organization\"},\"potentialAction\":[{\"@type\":\"SearchAction\",\"target\":{\"@type\":\"EntryPoint\",\"urlTemplate\":\"https:\\\/\\\/bk10426.bouquetdalella.com\\\/es\\\/?s={search_term_string}\"},\"query-input\":{\"@type\":\"PropertyValueSpecification\",\"valueRequired\":true,\"valueName\":\"search_term_string\"}}],\"inLanguage\":\"es\"},{\"@type\":\"Organization\",\"@id\":\"https:\\\/\\\/bk10426.bouquetdalella.com\\\/es\\\/#organization\",\"name\":\"Bouquet d&#039;Alella\",\"url\":\"https:\\\/\\\/bk10426.bouquetdalella.com\\\/es\\\/\",\"logo\":{\"@type\":\"ImageObject\",\"inLanguage\":\"es\",\"@id\":\"https:\\\/\\\/bk10426.bouquetdalella.com\\\/es\\\/#\\\/schema\\\/logo\\\/image\\\/\",\"url\":\"https:\\\/\\\/bk10426.bouquetdalella.com\\\/wp-content\\\/uploads\\\/2023\\\/04\\\/cropped-cropped-cropped-logo_bouquet_d_alella-2-300x53-1.png\",\"contentUrl\":\"https:\\\/\\\/bk10426.bouquetdalella.com\\\/wp-content\\\/uploads\\\/2023\\\/04\\\/cropped-cropped-cropped-logo_bouquet_d_alella-2-300x53-1.png\",\"width\":300,\"height\":52,\"caption\":\"Bouquet d&#039;Alella\"},\"image\":{\"@id\":\"https:\\\/\\\/bk10426.bouquetdalella.com\\\/es\\\/#\\\/schema\\\/logo\\\/image\\\/\"}}]}<\/script>\n<!-- \/ Yoast SEO plugin. -->","yoast_head_json":{"title":"Maridaje de temporada: Sopas de invierno - Bouquet d&#039;Alella","description":"Una buena sopa es siempre bienvenida en esta temporada. Hemos preparado este taller maridaje especialmente para ti. Te esperamos el d\u00eda 25 de Enero.","robots":{"index":"noindex","follow":"follow","max-snippet":"max-snippet:-1","max-image-preview":"max-image-preview:large","max-video-preview":"max-video-preview:-1"},"og_locale":"es_ES","og_type":"article","og_title":"Maridaje de temporada: Sopas de invierno - Bouquet d&#039;Alella","og_description":"Una buena sopa es siempre bienvenida en esta temporada. Hemos preparado este taller maridaje especialmente para ti. Te esperamos el d\u00eda 25 de Enero.","og_url":"https:\/\/bk10426.bouquetdalella.com\/es\/producto\/maridaje-de-temporada-sopas-de-invierno\/","og_site_name":"Bouquet d&#039;Alella","article_modified_time":"2023-12-18T14:08:41+00:00","og_image":[{"width":1200,"height":900,"url":"https:\/\/bk10426.bouquetdalella.com\/wp-content\/uploads\/2023\/12\/foto-de-portada.jpg","type":"image\/jpeg"}],"twitter_card":"summary_large_image","twitter_misc":{"Tiempo de lectura":"1 minuto"},"schema":{"@context":"https:\/\/schema.org","@graph":[{"@type":"WebPage","@id":"https:\/\/bk10426.bouquetdalella.com\/es\/producto\/maridaje-de-temporada-sopas-de-invierno\/","url":"https:\/\/bk10426.bouquetdalella.com\/es\/producto\/maridaje-de-temporada-sopas-de-invierno\/","name":"Maridaje de temporada: Sopas de invierno - Bouquet d&#039;Alella","isPartOf":{"@id":"https:\/\/bk10426.bouquetdalella.com\/es\/#website"},"primaryImageOfPage":{"@id":"https:\/\/bk10426.bouquetdalella.com\/es\/producto\/maridaje-de-temporada-sopas-de-invierno\/#primaryimage"},"image":{"@id":"https:\/\/bk10426.bouquetdalella.com\/es\/producto\/maridaje-de-temporada-sopas-de-invierno\/#primaryimage"},"thumbnailUrl":"https:\/\/bk10426.bouquetdalella.com\/wp-content\/uploads\/2023\/12\/foto-de-portada.jpg","datePublished":"2023-12-18T13:14:59+00:00","dateModified":"2023-12-18T14:08:41+00:00","description":"Una buena sopa es siempre bienvenida en esta temporada. Hemos preparado este taller maridaje especialmente para ti. Te esperamos el d\u00eda 25 de Enero.","breadcrumb":{"@id":"https:\/\/bk10426.bouquetdalella.com\/es\/producto\/maridaje-de-temporada-sopas-de-invierno\/#breadcrumb"},"inLanguage":"es","potentialAction":[{"@type":"ReadAction","target":["https:\/\/bk10426.bouquetdalella.com\/es\/producto\/maridaje-de-temporada-sopas-de-invierno\/"]}]},{"@type":"ImageObject","inLanguage":"es","@id":"https:\/\/bk10426.bouquetdalella.com\/es\/producto\/maridaje-de-temporada-sopas-de-invierno\/#primaryimage","url":"https:\/\/bk10426.bouquetdalella.com\/wp-content\/uploads\/2023\/12\/foto-de-portada.jpg","contentUrl":"https:\/\/bk10426.bouquetdalella.com\/wp-content\/uploads\/2023\/12\/foto-de-portada.jpg","width":1200,"height":900},{"@type":"BreadcrumbList","@id":"https:\/\/bk10426.bouquetdalella.com\/es\/producto\/maridaje-de-temporada-sopas-de-invierno\/#breadcrumb","itemListElement":[{"@type":"ListItem","position":1,"name":"Inici","item":"https:\/\/bk10426.bouquetdalella.com\/es\/"},{"@type":"ListItem","position":2,"name":"Tienda","item":"https:\/\/bk10426.bouquetdalella.com\/es\/tienda\/"},{"@type":"ListItem","position":3,"name":"Maridaje de temporada: Sopas de invierno"}]},{"@type":"WebSite","@id":"https:\/\/bk10426.bouquetdalella.com\/es\/#website","url":"https:\/\/bk10426.bouquetdalella.com\/es\/","name":"Bouquet d&#039;Alella","description":"El Celler Bouquet d\u2019Alella neix amb la clara intenci\u00f3 d\u2019explotar dues vessants diferents per\u00f2 complement\u00e0ries en el mon del vi. Per una banda, la producci\u00f3n i venda de vins ecol\u00f2gics de qualitat i per l\u2019altra la promoci\u00f3 de l\u2019enoturisme.","publisher":{"@id":"https:\/\/bk10426.bouquetdalella.com\/es\/#organization"},"potentialAction":[{"@type":"SearchAction","target":{"@type":"EntryPoint","urlTemplate":"https:\/\/bk10426.bouquetdalella.com\/es\/?s={search_term_string}"},"query-input":{"@type":"PropertyValueSpecification","valueRequired":true,"valueName":"search_term_string"}}],"inLanguage":"es"},{"@type":"Organization","@id":"https:\/\/bk10426.bouquetdalella.com\/es\/#organization","name":"Bouquet d&#039;Alella","url":"https:\/\/bk10426.bouquetdalella.com\/es\/","logo":{"@type":"ImageObject","inLanguage":"es","@id":"https:\/\/bk10426.bouquetdalella.com\/es\/#\/schema\/logo\/image\/","url":"https:\/\/bk10426.bouquetdalella.com\/wp-content\/uploads\/2023\/04\/cropped-cropped-cropped-logo_bouquet_d_alella-2-300x53-1.png","contentUrl":"https:\/\/bk10426.bouquetdalella.com\/wp-content\/uploads\/2023\/04\/cropped-cropped-cropped-logo_bouquet_d_alella-2-300x53-1.png","width":300,"height":52,"caption":"Bouquet d&#039;Alella"},"image":{"@id":"https:\/\/bk10426.bouquetdalella.com\/es\/#\/schema\/logo\/image\/"}}]}},"_links":{"self":[{"href":"https:\/\/bk10426.bouquetdalella.com\/es\/wp-json\/wp\/v2\/product\/24179","targetHints":{"allow":["GET"]}}],"collection":[{"href":"https:\/\/bk10426.bouquetdalella.com\/es\/wp-json\/wp\/v2\/product"}],"about":[{"href":"https:\/\/bk10426.bouquetdalella.com\/es\/wp-json\/wp\/v2\/types\/product"}],"version-history":[{"count":0,"href":"https:\/\/bk10426.bouquetdalella.com\/es\/wp-json\/wp\/v2\/product\/24179\/revisions"}],"wp:featuredmedia":[{"embeddable":true,"href":"https:\/\/bk10426.bouquetdalella.com\/es\/wp-json\/wp\/v2\/media\/23969"}],"wp:attachment":[{"href":"https:\/\/bk10426.bouquetdalella.com\/es\/wp-json\/wp\/v2\/media?parent=24179"}],"wp:term":[{"taxonomy":"product_brand","embeddable":true,"href":"https:\/\/bk10426.bouquetdalella.com\/es\/wp-json\/wp\/v2\/product_brand?post=24179"},{"taxonomy":"product_cat","embeddable":true,"href":"https:\/\/bk10426.bouquetdalella.com\/es\/wp-json\/wp\/v2\/product_cat?post=24179"},{"taxonomy":"product_tag","embeddable":true,"href":"https:\/\/bk10426.bouquetdalella.com\/es\/wp-json\/wp\/v2\/product_tag?post=24179"}],"curies":[{"name":"wp","href":"https:\/\/api.w.org\/{rel}","templated":true}]}}