{"id":21223,"date":"2026-03-11T08:13:40","date_gmt":"2026-03-11T07:13:40","guid":{"rendered":"https:\/\/bk10426.bouquetdalella.com\/?post_type=product&#038;p=21223"},"modified":"2026-03-11T11:15:29","modified_gmt":"2026-03-11T10:15:29","slug":"degustaciones-de-castanada","status":"publish","type":"product","link":"https:\/\/bk10426.bouquetdalella.com\/es\/producto\/degustaciones-de-castanada\/","title":{"rendered":"Degustaciones de casta\u00f1ada"},"content":{"rendered":"","protected":false},"excerpt":{"rendered":"<p>Ven a celebrar la casta\u00f1ada y disfruta de los colores del oto\u00f1o con estos bocaditos especiales. Como siempre, maridados con nuestros vinos.<\/p>\n<p>Nuestra propuesta incluye:<\/p>\n<p><strong>Gnocchi de patata y casta\u00f1a en consom\u00e9 de carne<\/strong><\/p>\n<p><em>Bouquet d\u2019Alella Pansa Blanca 2024<\/em><\/p>\n<p><strong>Pasta rellena de espinaca con salsa de 3 quesos al vino blanco Bouquet d&#8217;Alella.<\/strong><br \/>\n<em>Bouquet d\u2019Alella Blanc+ 2024<\/em><\/p>\n<p><strong>Costilla de cerdo con salsa de mantequilla al vino tinto Bouquet d\u2019Alella y casta\u00f1as salteadas.<\/strong><br \/>\n<em>Bouquet d\u2019Alella Syrah<\/em> 2023<\/p>\n<p><strong>Panellets tradicionales y compota de casta\u00f1a asada.<\/strong><br \/>\n<em>Bouquet de Alella Plaer Escum\u00f3s 2022<\/em><\/p>\n<p>&nbsp;<\/p>\n<p><strong>Fechas: <\/strong>25 de octubre<br \/>\n<strong>Hora:<\/strong> 12 h<br \/>\n<strong>Duraci\u00f3n:<\/strong> 1 h<br \/>\n<strong>Precio:<\/strong> 37\u20ac<\/p>\n<p><strong>\u00a0<\/strong><\/p>\n[fareharbor shortname=\"bouquetdalella\" fallback=\"simple\" full_items=\"yes\" flow=\"1393187\" items=\"711134\" type=\"responsive\" language=\"es\"]\n","protected":false},"featured_media":36816,"template":"","meta":{"_acf_changed":false},"product_brand":[],"product_cat":[144],"product_tag":[388],"class_list":{"0":"post-21223","1":"product","2":"type-product","3":"status-publish","4":"has-post-thumbnail","6":"product_cat-enoturismo","7":"product_tag-fareharbor-es","9":"first","10":"outofstock","11":"virtual","12":"taxable","13":"purchasable","14":"product-type-simple"},"acf":[],"yoast_head":"<!-- This site is optimized with the Yoast SEO plugin v27.3 - https:\/\/yoast.com\/product\/yoast-seo-wordpress\/ -->\n<title>Degustaciones de casta\u00f1ada - Bouquet d&#039;Alella<\/title>\n<meta name=\"description\" content=\"\u00a1Ven a descubrir nuestras propuestas especiales de catas de casta\u00f1ada!\" \/>\n<meta name=\"robots\" content=\"noindex, follow, max-snippet:-1, max-image-preview:large, max-video-preview:-1\" \/>\n<meta property=\"og:locale\" content=\"es_ES\" \/>\n<meta property=\"og:type\" content=\"article\" \/>\n<meta property=\"og:title\" content=\"Degustaciones de casta\u00f1ada - Bouquet d&#039;Alella\" \/>\n<meta property=\"og:description\" content=\"\u00a1Ven a descubrir nuestras propuestas especiales de catas de casta\u00f1ada!\" \/>\n<meta property=\"og:url\" content=\"https:\/\/bk10426.bouquetdalella.com\/es\/producto\/degustaciones-de-castanada\/\" \/>\n<meta property=\"og:site_name\" content=\"Bouquet d&#039;Alella\" \/>\n<meta property=\"article:modified_time\" content=\"2026-03-11T10:15:29+00:00\" \/>\n<meta property=\"og:image\" content=\"https:\/\/bk10426.bouquetdalella.com\/wp-content\/uploads\/2026\/03\/panellets.jpg\" \/>\n\t<meta property=\"og:image:width\" content=\"576\" \/>\n\t<meta property=\"og:image:height\" content=\"720\" \/>\n\t<meta property=\"og:image:type\" content=\"image\/jpeg\" \/>\n<meta name=\"twitter:card\" content=\"summary_large_image\" \/>\n<meta name=\"twitter:label1\" content=\"Tiempo de lectura\" \/>\n\t<meta name=\"twitter:data1\" content=\"1 minuto\" \/>\n<script type=\"application\/ld+json\" class=\"yoast-schema-graph\">{\"@context\":\"https:\\\/\\\/schema.org\",\"@graph\":[{\"@type\":\"WebPage\",\"@id\":\"https:\\\/\\\/bk10426.bouquetdalella.com\\\/es\\\/producto\\\/degustaciones-de-castanada\\\/\",\"url\":\"https:\\\/\\\/bk10426.bouquetdalella.com\\\/es\\\/producto\\\/degustaciones-de-castanada\\\/\",\"name\":\"Degustaciones de casta\u00f1ada - Bouquet d&#039;Alella\",\"isPartOf\":{\"@id\":\"https:\\\/\\\/bk10426.bouquetdalella.com\\\/es\\\/#website\"},\"primaryImageOfPage\":{\"@id\":\"https:\\\/\\\/bk10426.bouquetdalella.com\\\/es\\\/producto\\\/degustaciones-de-castanada\\\/#primaryimage\"},\"image\":{\"@id\":\"https:\\\/\\\/bk10426.bouquetdalella.com\\\/es\\\/producto\\\/degustaciones-de-castanada\\\/#primaryimage\"},\"thumbnailUrl\":\"https:\\\/\\\/bk10426.bouquetdalella.com\\\/wp-content\\\/uploads\\\/2026\\\/03\\\/panellets.jpg\",\"datePublished\":\"2026-03-11T07:13:40+00:00\",\"dateModified\":\"2026-03-11T10:15:29+00:00\",\"description\":\"\u00a1Ven a descubrir nuestras propuestas especiales de catas de casta\u00f1ada!\",\"breadcrumb\":{\"@id\":\"https:\\\/\\\/bk10426.bouquetdalella.com\\\/es\\\/producto\\\/degustaciones-de-castanada\\\/#breadcrumb\"},\"inLanguage\":\"es\",\"potentialAction\":[{\"@type\":\"ReadAction\",\"target\":[\"https:\\\/\\\/bk10426.bouquetdalella.com\\\/es\\\/producto\\\/degustaciones-de-castanada\\\/\"]}]},{\"@type\":\"ImageObject\",\"inLanguage\":\"es\",\"@id\":\"https:\\\/\\\/bk10426.bouquetdalella.com\\\/es\\\/producto\\\/degustaciones-de-castanada\\\/#primaryimage\",\"url\":\"https:\\\/\\\/bk10426.bouquetdalella.com\\\/wp-content\\\/uploads\\\/2026\\\/03\\\/panellets.jpg\",\"contentUrl\":\"https:\\\/\\\/bk10426.bouquetdalella.com\\\/wp-content\\\/uploads\\\/2026\\\/03\\\/panellets.jpg\",\"width\":576,\"height\":720,\"caption\":\"CREATOR: gd-jpeg v1.0 (using IJG JPEG v62), quality = 85\"},{\"@type\":\"BreadcrumbList\",\"@id\":\"https:\\\/\\\/bk10426.bouquetdalella.com\\\/es\\\/producto\\\/degustaciones-de-castanada\\\/#breadcrumb\",\"itemListElement\":[{\"@type\":\"ListItem\",\"position\":1,\"name\":\"Inici\",\"item\":\"https:\\\/\\\/bk10426.bouquetdalella.com\\\/es\\\/\"},{\"@type\":\"ListItem\",\"position\":2,\"name\":\"Tienda\",\"item\":\"https:\\\/\\\/bk10426.bouquetdalella.com\\\/es\\\/tienda\\\/\"},{\"@type\":\"ListItem\",\"position\":3,\"name\":\"Degustaciones de casta\u00f1ada\"}]},{\"@type\":\"WebSite\",\"@id\":\"https:\\\/\\\/bk10426.bouquetdalella.com\\\/es\\\/#website\",\"url\":\"https:\\\/\\\/bk10426.bouquetdalella.com\\\/es\\\/\",\"name\":\"Bouquet d&#039;Alella\",\"description\":\"El Celler Bouquet d\u2019Alella neix amb la clara intenci\u00f3 d\u2019explotar dues vessants diferents per\u00f2 complement\u00e0ries en el mon del vi. Per una banda, la producci\u00f3n i venda de vins ecol\u00f2gics de qualitat i per l\u2019altra la promoci\u00f3 de l\u2019enoturisme.\",\"publisher\":{\"@id\":\"https:\\\/\\\/bk10426.bouquetdalella.com\\\/es\\\/#organization\"},\"potentialAction\":[{\"@type\":\"SearchAction\",\"target\":{\"@type\":\"EntryPoint\",\"urlTemplate\":\"https:\\\/\\\/bk10426.bouquetdalella.com\\\/es\\\/?s={search_term_string}\"},\"query-input\":{\"@type\":\"PropertyValueSpecification\",\"valueRequired\":true,\"valueName\":\"search_term_string\"}}],\"inLanguage\":\"es\"},{\"@type\":\"Organization\",\"@id\":\"https:\\\/\\\/bk10426.bouquetdalella.com\\\/es\\\/#organization\",\"name\":\"Bouquet d&#039;Alella\",\"url\":\"https:\\\/\\\/bk10426.bouquetdalella.com\\\/es\\\/\",\"logo\":{\"@type\":\"ImageObject\",\"inLanguage\":\"es\",\"@id\":\"https:\\\/\\\/bk10426.bouquetdalella.com\\\/es\\\/#\\\/schema\\\/logo\\\/image\\\/\",\"url\":\"https:\\\/\\\/bk10426.bouquetdalella.com\\\/wp-content\\\/uploads\\\/2023\\\/04\\\/cropped-cropped-cropped-logo_bouquet_d_alella-2-300x53-1.png\",\"contentUrl\":\"https:\\\/\\\/bk10426.bouquetdalella.com\\\/wp-content\\\/uploads\\\/2023\\\/04\\\/cropped-cropped-cropped-logo_bouquet_d_alella-2-300x53-1.png\",\"width\":300,\"height\":52,\"caption\":\"Bouquet d&#039;Alella\"},\"image\":{\"@id\":\"https:\\\/\\\/bk10426.bouquetdalella.com\\\/es\\\/#\\\/schema\\\/logo\\\/image\\\/\"}}]}<\/script>\n<!-- \/ Yoast SEO plugin. -->","yoast_head_json":{"title":"Degustaciones de casta\u00f1ada - Bouquet d&#039;Alella","description":"\u00a1Ven a descubrir nuestras propuestas especiales de catas de casta\u00f1ada!","robots":{"index":"noindex","follow":"follow","max-snippet":"max-snippet:-1","max-image-preview":"max-image-preview:large","max-video-preview":"max-video-preview:-1"},"og_locale":"es_ES","og_type":"article","og_title":"Degustaciones de casta\u00f1ada - Bouquet d&#039;Alella","og_description":"\u00a1Ven a descubrir nuestras propuestas especiales de catas de casta\u00f1ada!","og_url":"https:\/\/bk10426.bouquetdalella.com\/es\/producto\/degustaciones-de-castanada\/","og_site_name":"Bouquet d&#039;Alella","article_modified_time":"2026-03-11T10:15:29+00:00","og_image":[{"width":576,"height":720,"url":"https:\/\/bk10426.bouquetdalella.com\/wp-content\/uploads\/2026\/03\/panellets.jpg","type":"image\/jpeg"}],"twitter_card":"summary_large_image","twitter_misc":{"Tiempo de lectura":"1 minuto"},"schema":{"@context":"https:\/\/schema.org","@graph":[{"@type":"WebPage","@id":"https:\/\/bk10426.bouquetdalella.com\/es\/producto\/degustaciones-de-castanada\/","url":"https:\/\/bk10426.bouquetdalella.com\/es\/producto\/degustaciones-de-castanada\/","name":"Degustaciones de casta\u00f1ada - Bouquet d&#039;Alella","isPartOf":{"@id":"https:\/\/bk10426.bouquetdalella.com\/es\/#website"},"primaryImageOfPage":{"@id":"https:\/\/bk10426.bouquetdalella.com\/es\/producto\/degustaciones-de-castanada\/#primaryimage"},"image":{"@id":"https:\/\/bk10426.bouquetdalella.com\/es\/producto\/degustaciones-de-castanada\/#primaryimage"},"thumbnailUrl":"https:\/\/bk10426.bouquetdalella.com\/wp-content\/uploads\/2026\/03\/panellets.jpg","datePublished":"2026-03-11T07:13:40+00:00","dateModified":"2026-03-11T10:15:29+00:00","description":"\u00a1Ven a descubrir nuestras propuestas especiales de catas de casta\u00f1ada!","breadcrumb":{"@id":"https:\/\/bk10426.bouquetdalella.com\/es\/producto\/degustaciones-de-castanada\/#breadcrumb"},"inLanguage":"es","potentialAction":[{"@type":"ReadAction","target":["https:\/\/bk10426.bouquetdalella.com\/es\/producto\/degustaciones-de-castanada\/"]}]},{"@type":"ImageObject","inLanguage":"es","@id":"https:\/\/bk10426.bouquetdalella.com\/es\/producto\/degustaciones-de-castanada\/#primaryimage","url":"https:\/\/bk10426.bouquetdalella.com\/wp-content\/uploads\/2026\/03\/panellets.jpg","contentUrl":"https:\/\/bk10426.bouquetdalella.com\/wp-content\/uploads\/2026\/03\/panellets.jpg","width":576,"height":720,"caption":"CREATOR: gd-jpeg v1.0 (using IJG JPEG v62), quality = 85"},{"@type":"BreadcrumbList","@id":"https:\/\/bk10426.bouquetdalella.com\/es\/producto\/degustaciones-de-castanada\/#breadcrumb","itemListElement":[{"@type":"ListItem","position":1,"name":"Inici","item":"https:\/\/bk10426.bouquetdalella.com\/es\/"},{"@type":"ListItem","position":2,"name":"Tienda","item":"https:\/\/bk10426.bouquetdalella.com\/es\/tienda\/"},{"@type":"ListItem","position":3,"name":"Degustaciones de casta\u00f1ada"}]},{"@type":"WebSite","@id":"https:\/\/bk10426.bouquetdalella.com\/es\/#website","url":"https:\/\/bk10426.bouquetdalella.com\/es\/","name":"Bouquet d&#039;Alella","description":"El Celler Bouquet d\u2019Alella neix amb la clara intenci\u00f3 d\u2019explotar dues vessants diferents per\u00f2 complement\u00e0ries en el mon del vi. Per una banda, la producci\u00f3n i venda de vins ecol\u00f2gics de qualitat i per l\u2019altra la promoci\u00f3 de l\u2019enoturisme.","publisher":{"@id":"https:\/\/bk10426.bouquetdalella.com\/es\/#organization"},"potentialAction":[{"@type":"SearchAction","target":{"@type":"EntryPoint","urlTemplate":"https:\/\/bk10426.bouquetdalella.com\/es\/?s={search_term_string}"},"query-input":{"@type":"PropertyValueSpecification","valueRequired":true,"valueName":"search_term_string"}}],"inLanguage":"es"},{"@type":"Organization","@id":"https:\/\/bk10426.bouquetdalella.com\/es\/#organization","name":"Bouquet d&#039;Alella","url":"https:\/\/bk10426.bouquetdalella.com\/es\/","logo":{"@type":"ImageObject","inLanguage":"es","@id":"https:\/\/bk10426.bouquetdalella.com\/es\/#\/schema\/logo\/image\/","url":"https:\/\/bk10426.bouquetdalella.com\/wp-content\/uploads\/2023\/04\/cropped-cropped-cropped-logo_bouquet_d_alella-2-300x53-1.png","contentUrl":"https:\/\/bk10426.bouquetdalella.com\/wp-content\/uploads\/2023\/04\/cropped-cropped-cropped-logo_bouquet_d_alella-2-300x53-1.png","width":300,"height":52,"caption":"Bouquet d&#039;Alella"},"image":{"@id":"https:\/\/bk10426.bouquetdalella.com\/es\/#\/schema\/logo\/image\/"}}]}},"_links":{"self":[{"href":"https:\/\/bk10426.bouquetdalella.com\/es\/wp-json\/wp\/v2\/product\/21223","targetHints":{"allow":["GET"]}}],"collection":[{"href":"https:\/\/bk10426.bouquetdalella.com\/es\/wp-json\/wp\/v2\/product"}],"about":[{"href":"https:\/\/bk10426.bouquetdalella.com\/es\/wp-json\/wp\/v2\/types\/product"}],"version-history":[{"count":2,"href":"https:\/\/bk10426.bouquetdalella.com\/es\/wp-json\/wp\/v2\/product\/21223\/revisions"}],"predecessor-version":[{"id":36823,"href":"https:\/\/bk10426.bouquetdalella.com\/es\/wp-json\/wp\/v2\/product\/21223\/revisions\/36823"}],"wp:featuredmedia":[{"embeddable":true,"href":"https:\/\/bk10426.bouquetdalella.com\/es\/wp-json\/wp\/v2\/media\/36816"}],"wp:attachment":[{"href":"https:\/\/bk10426.bouquetdalella.com\/es\/wp-json\/wp\/v2\/media?parent=21223"}],"wp:term":[{"taxonomy":"product_brand","embeddable":true,"href":"https:\/\/bk10426.bouquetdalella.com\/es\/wp-json\/wp\/v2\/product_brand?post=21223"},{"taxonomy":"product_cat","embeddable":true,"href":"https:\/\/bk10426.bouquetdalella.com\/es\/wp-json\/wp\/v2\/product_cat?post=21223"},{"taxonomy":"product_tag","embeddable":true,"href":"https:\/\/bk10426.bouquetdalella.com\/es\/wp-json\/wp\/v2\/product_tag?post=21223"}],"curies":[{"name":"wp","href":"https:\/\/api.w.org\/{rel}","templated":true}]}}