{"id":9925,"date":"2020-10-26T19:44:26","date_gmt":"2020-10-26T17:44:26","guid":{"rendered":"https:\/\/bk10426.bouquetdalella.com\/producte\/visita-entre-vinyes\/"},"modified":"2026-02-27T08:33:28","modified_gmt":"2026-02-27T07:33:28","slug":"visita-entre-vinyes","status":"publish","type":"product","link":"https:\/\/bk10426.bouquetdalella.com\/en\/producte\/visita-entre-vinyes\/","title":{"rendered":"Tour and Wine Tasting in the Vineyards"},"content":{"rendered":"\t\t<div data-elementor-type=\"product-post\" data-elementor-id=\"9925\" class=\"elementor elementor-9925 elementor-6345\" data-elementor-post-type=\"product\">\n\t\t\t\t\t\t<section class=\"elementor-section elementor-top-section elementor-element elementor-element-3c00355d elementor-section-boxed elementor-section-height-default elementor-section-height-default\" data-id=\"3c00355d\" data-element_type=\"section\" data-e-type=\"section\">\n\t\t\t\t\t\t<div class=\"elementor-container elementor-column-gap-default\">\n\t\t\t\t\t<div class=\"elementor-column elementor-col-100 elementor-top-column elementor-element elementor-element-6fe42d36\" data-id=\"6fe42d36\" data-element_type=\"column\" data-e-type=\"column\">\n\t\t\t<div class=\"elementor-widget-wrap elementor-element-populated\">\n\t\t\t\t\t\t\t<\/div>\n\t\t<\/div>\n\t\t\t\t\t<\/div>\n\t\t<\/section>\n\t\t\t\t<\/div>\n\t\t","protected":false},"excerpt":{"rendered":"<p>Would you like to visit the youngest winery in the DO Alella? Then come and explore this small family bodega just outside Alella, located in a beautiful 14th-century masia (country house) surrounded by vineyards. Bouquet d\u2019Alella offers you a tour of the vineyards and winery, culminating in a wine-tasting.<\/p>\n<p><strong>Price includes:<\/strong><\/p>\n<p>\u2013 Guided tour of the vineyards and winery.<\/p>\n<p>\u2013 Tasting of 4 wines Bouquet d&#8217;Alella.<\/p>\n<p>\u2013 Bread Sticks.<\/p>\n<p><strong>Duration:<\/strong> 1 h 30 min<\/p>\n<p><strong>Available hours<\/strong><\/p>\n<p><strong>Catalan\/Spanish: <\/strong>11am \/ 5pm<\/p>\n<p><strong>English: <\/strong>10.30am \/ 12pm \/ 3pm.<\/p>\n<p>&nbsp;<br \/>\n[fareharbor shortname=\"bouquetdalella\" fallback=\"simple\" full_items=\"yes\" flow=\"1393186\" items=\"631216\" type=\"responsive\" language=\"en\"]<\/p>\n","protected":false},"featured_media":6375,"template":"","meta":{"_acf_changed":false},"product_brand":[],"product_cat":[142],"product_tag":[389],"class_list":{"0":"post-9925","1":"product","2":"type-product","3":"status-publish","4":"has-post-thumbnail","6":"product_cat-wine-tourism","7":"product_tag-fareharbor-en","9":"first","10":"outofstock","11":"taxable","12":"shipping-taxable","13":"purchasable","14":"product-type-variable"},"acf":[],"yoast_head":"<!-- This site is optimized with the Yoast SEO plugin v27.3 - https:\/\/yoast.com\/product\/yoast-seo-wordpress\/ -->\n<title>Tour and Wine Tasting in the Vineyards - Bouquet d&#039;Alella<\/title>\n<meta name=\"robots\" content=\"noindex, follow, max-snippet:-1, max-image-preview:large, max-video-preview:-1\" \/>\n<meta property=\"og:locale\" content=\"en_US\" \/>\n<meta property=\"og:type\" content=\"article\" \/>\n<meta property=\"og:title\" content=\"Tour and Wine Tasting in the Vineyards - Bouquet d&#039;Alella\" \/>\n<meta property=\"og:description\" content=\"Would you like to visit the youngest winery in the DO Alella? Then come and explore this small family bodega just outside Alella, located in a beautiful 14th-century masia (country house) surrounded by vineyards. Bouquet d\u2019Alella offers you a tour of the vineyards and winery, culminating in a wine-tasting.  Price includes:  \u2013 Guided tour of the vineyards and winery.  \u2013 Tasting of 4 wines Bouquet d&#039;Alella.  \u2013 Bread Sticks.  Duration: 1 h 30 min  Available hours  Catalan\/Spanish: 11am \/ 5pm  English: 10.30am \/ 12pm \/ 3pm.  &nbsp;\" \/>\n<meta property=\"og:url\" content=\"https:\/\/bk10426.bouquetdalella.com\/en\/producte\/visita-entre-vinyes\/\" \/>\n<meta property=\"og:site_name\" content=\"Bouquet d&#039;Alella\" \/>\n<meta property=\"article:modified_time\" content=\"2026-02-27T07:33:28+00:00\" \/>\n<meta property=\"og:image\" content=\"https:\/\/bk10426.bouquetdalella.com\/wp-content\/uploads\/2023\/04\/BOUQUET-ALELLA-25-1.jpg\" \/>\n\t<meta property=\"og:image:width\" content=\"1474\" \/>\n\t<meta property=\"og:image:height\" content=\"921\" \/>\n\t<meta property=\"og:image:type\" content=\"image\/jpeg\" \/>\n<meta name=\"twitter:card\" content=\"summary_large_image\" \/>\n<meta name=\"twitter:label1\" content=\"Est. reading time\" \/>\n\t<meta name=\"twitter:data1\" content=\"1 minute\" \/>\n<script type=\"application\/ld+json\" class=\"yoast-schema-graph\">{\"@context\":\"https:\\\/\\\/schema.org\",\"@graph\":[{\"@type\":\"WebPage\",\"@id\":\"https:\\\/\\\/bk10426.bouquetdalella.com\\\/en\\\/producte\\\/visita-entre-vinyes\\\/\",\"url\":\"https:\\\/\\\/bk10426.bouquetdalella.com\\\/en\\\/producte\\\/visita-entre-vinyes\\\/\",\"name\":\"Tour and Wine Tasting in the Vineyards - Bouquet d&#039;Alella\",\"isPartOf\":{\"@id\":\"https:\\\/\\\/bk10426.bouquetdalella.com\\\/en\\\/#website\"},\"primaryImageOfPage\":{\"@id\":\"https:\\\/\\\/bk10426.bouquetdalella.com\\\/en\\\/producte\\\/visita-entre-vinyes\\\/#primaryimage\"},\"image\":{\"@id\":\"https:\\\/\\\/bk10426.bouquetdalella.com\\\/en\\\/producte\\\/visita-entre-vinyes\\\/#primaryimage\"},\"thumbnailUrl\":\"https:\\\/\\\/bk10426.bouquetdalella.com\\\/wp-content\\\/uploads\\\/2023\\\/04\\\/BOUQUET-ALELLA-25-1.jpg\",\"datePublished\":\"2020-10-26T17:44:26+00:00\",\"dateModified\":\"2026-02-27T07:33:28+00:00\",\"breadcrumb\":{\"@id\":\"https:\\\/\\\/bk10426.bouquetdalella.com\\\/en\\\/producte\\\/visita-entre-vinyes\\\/#breadcrumb\"},\"inLanguage\":\"en-US\",\"potentialAction\":[{\"@type\":\"ReadAction\",\"target\":[\"https:\\\/\\\/bk10426.bouquetdalella.com\\\/en\\\/producte\\\/visita-entre-vinyes\\\/\"]}]},{\"@type\":\"ImageObject\",\"inLanguage\":\"en-US\",\"@id\":\"https:\\\/\\\/bk10426.bouquetdalella.com\\\/en\\\/producte\\\/visita-entre-vinyes\\\/#primaryimage\",\"url\":\"https:\\\/\\\/bk10426.bouquetdalella.com\\\/wp-content\\\/uploads\\\/2023\\\/04\\\/BOUQUET-ALELLA-25-1.jpg\",\"contentUrl\":\"https:\\\/\\\/bk10426.bouquetdalella.com\\\/wp-content\\\/uploads\\\/2023\\\/04\\\/BOUQUET-ALELLA-25-1.jpg\",\"width\":1474,\"height\":921},{\"@type\":\"BreadcrumbList\",\"@id\":\"https:\\\/\\\/bk10426.bouquetdalella.com\\\/en\\\/producte\\\/visita-entre-vinyes\\\/#breadcrumb\",\"itemListElement\":[{\"@type\":\"ListItem\",\"position\":1,\"name\":\"Inici\",\"item\":\"https:\\\/\\\/bk10426.bouquetdalella.com\\\/en\\\/\"},{\"@type\":\"ListItem\",\"position\":2,\"name\":\"Shop\",\"item\":\"https:\\\/\\\/bk10426.bouquetdalella.com\\\/en\\\/shop\\\/\"},{\"@type\":\"ListItem\",\"position\":3,\"name\":\"Tour and Wine Tasting in the Vineyards\"}]},{\"@type\":\"WebSite\",\"@id\":\"https:\\\/\\\/bk10426.bouquetdalella.com\\\/en\\\/#website\",\"url\":\"https:\\\/\\\/bk10426.bouquetdalella.com\\\/en\\\/\",\"name\":\"Bouquet d&#039;Alella\",\"description\":\"El Celler Bouquet d\u2019Alella neix amb la clara intenci\u00f3 d\u2019explotar dues vessants diferents per\u00f2 complement\u00e0ries en el mon del vi. Per una banda, la producci\u00f3n i venda de vins ecol\u00f2gics de qualitat i per l\u2019altra la promoci\u00f3 de l\u2019enoturisme.\",\"publisher\":{\"@id\":\"https:\\\/\\\/bk10426.bouquetdalella.com\\\/en\\\/#organization\"},\"potentialAction\":[{\"@type\":\"SearchAction\",\"target\":{\"@type\":\"EntryPoint\",\"urlTemplate\":\"https:\\\/\\\/bk10426.bouquetdalella.com\\\/en\\\/?s={search_term_string}\"},\"query-input\":{\"@type\":\"PropertyValueSpecification\",\"valueRequired\":true,\"valueName\":\"search_term_string\"}}],\"inLanguage\":\"en-US\"},{\"@type\":\"Organization\",\"@id\":\"https:\\\/\\\/bk10426.bouquetdalella.com\\\/en\\\/#organization\",\"name\":\"Bouquet d&#039;Alella\",\"url\":\"https:\\\/\\\/bk10426.bouquetdalella.com\\\/en\\\/\",\"logo\":{\"@type\":\"ImageObject\",\"inLanguage\":\"en-US\",\"@id\":\"https:\\\/\\\/bk10426.bouquetdalella.com\\\/en\\\/#\\\/schema\\\/logo\\\/image\\\/\",\"url\":\"https:\\\/\\\/bk10426.bouquetdalella.com\\\/wp-content\\\/uploads\\\/2023\\\/04\\\/cropped-cropped-cropped-logo_bouquet_d_alella-2-300x53-1.png\",\"contentUrl\":\"https:\\\/\\\/bk10426.bouquetdalella.com\\\/wp-content\\\/uploads\\\/2023\\\/04\\\/cropped-cropped-cropped-logo_bouquet_d_alella-2-300x53-1.png\",\"width\":300,\"height\":52,\"caption\":\"Bouquet d&#039;Alella\"},\"image\":{\"@id\":\"https:\\\/\\\/bk10426.bouquetdalella.com\\\/en\\\/#\\\/schema\\\/logo\\\/image\\\/\"}}]}<\/script>\n<!-- \/ Yoast SEO plugin. -->","yoast_head_json":{"title":"Tour and Wine Tasting in the Vineyards - Bouquet d&#039;Alella","robots":{"index":"noindex","follow":"follow","max-snippet":"max-snippet:-1","max-image-preview":"max-image-preview:large","max-video-preview":"max-video-preview:-1"},"og_locale":"en_US","og_type":"article","og_title":"Tour and Wine Tasting in the Vineyards - Bouquet d&#039;Alella","og_description":"Would you like to visit the youngest winery in the DO Alella? Then come and explore this small family bodega just outside Alella, located in a beautiful 14th-century masia (country house) surrounded by vineyards. Bouquet d\u2019Alella offers you a tour of the vineyards and winery, culminating in a wine-tasting.  Price includes:  \u2013 Guided tour of the vineyards and winery.  \u2013 Tasting of 4 wines Bouquet d'Alella.  \u2013 Bread Sticks.  Duration: 1 h 30 min  Available hours  Catalan\/Spanish: 11am \/ 5pm  English: 10.30am \/ 12pm \/ 3pm.  &nbsp;","og_url":"https:\/\/bk10426.bouquetdalella.com\/en\/producte\/visita-entre-vinyes\/","og_site_name":"Bouquet d&#039;Alella","article_modified_time":"2026-02-27T07:33:28+00:00","og_image":[{"width":1474,"height":921,"url":"https:\/\/bk10426.bouquetdalella.com\/wp-content\/uploads\/2023\/04\/BOUQUET-ALELLA-25-1.jpg","type":"image\/jpeg"}],"twitter_card":"summary_large_image","twitter_misc":{"Est. reading time":"1 minute"},"schema":{"@context":"https:\/\/schema.org","@graph":[{"@type":"WebPage","@id":"https:\/\/bk10426.bouquetdalella.com\/en\/producte\/visita-entre-vinyes\/","url":"https:\/\/bk10426.bouquetdalella.com\/en\/producte\/visita-entre-vinyes\/","name":"Tour and Wine Tasting in the Vineyards - Bouquet d&#039;Alella","isPartOf":{"@id":"https:\/\/bk10426.bouquetdalella.com\/en\/#website"},"primaryImageOfPage":{"@id":"https:\/\/bk10426.bouquetdalella.com\/en\/producte\/visita-entre-vinyes\/#primaryimage"},"image":{"@id":"https:\/\/bk10426.bouquetdalella.com\/en\/producte\/visita-entre-vinyes\/#primaryimage"},"thumbnailUrl":"https:\/\/bk10426.bouquetdalella.com\/wp-content\/uploads\/2023\/04\/BOUQUET-ALELLA-25-1.jpg","datePublished":"2020-10-26T17:44:26+00:00","dateModified":"2026-02-27T07:33:28+00:00","breadcrumb":{"@id":"https:\/\/bk10426.bouquetdalella.com\/en\/producte\/visita-entre-vinyes\/#breadcrumb"},"inLanguage":"en-US","potentialAction":[{"@type":"ReadAction","target":["https:\/\/bk10426.bouquetdalella.com\/en\/producte\/visita-entre-vinyes\/"]}]},{"@type":"ImageObject","inLanguage":"en-US","@id":"https:\/\/bk10426.bouquetdalella.com\/en\/producte\/visita-entre-vinyes\/#primaryimage","url":"https:\/\/bk10426.bouquetdalella.com\/wp-content\/uploads\/2023\/04\/BOUQUET-ALELLA-25-1.jpg","contentUrl":"https:\/\/bk10426.bouquetdalella.com\/wp-content\/uploads\/2023\/04\/BOUQUET-ALELLA-25-1.jpg","width":1474,"height":921},{"@type":"BreadcrumbList","@id":"https:\/\/bk10426.bouquetdalella.com\/en\/producte\/visita-entre-vinyes\/#breadcrumb","itemListElement":[{"@type":"ListItem","position":1,"name":"Inici","item":"https:\/\/bk10426.bouquetdalella.com\/en\/"},{"@type":"ListItem","position":2,"name":"Shop","item":"https:\/\/bk10426.bouquetdalella.com\/en\/shop\/"},{"@type":"ListItem","position":3,"name":"Tour and Wine Tasting in the Vineyards"}]},{"@type":"WebSite","@id":"https:\/\/bk10426.bouquetdalella.com\/en\/#website","url":"https:\/\/bk10426.bouquetdalella.com\/en\/","name":"Bouquet d&#039;Alella","description":"El Celler Bouquet d\u2019Alella neix amb la clara intenci\u00f3 d\u2019explotar dues vessants diferents per\u00f2 complement\u00e0ries en el mon del vi. Per una banda, la producci\u00f3n i venda de vins ecol\u00f2gics de qualitat i per l\u2019altra la promoci\u00f3 de l\u2019enoturisme.","publisher":{"@id":"https:\/\/bk10426.bouquetdalella.com\/en\/#organization"},"potentialAction":[{"@type":"SearchAction","target":{"@type":"EntryPoint","urlTemplate":"https:\/\/bk10426.bouquetdalella.com\/en\/?s={search_term_string}"},"query-input":{"@type":"PropertyValueSpecification","valueRequired":true,"valueName":"search_term_string"}}],"inLanguage":"en-US"},{"@type":"Organization","@id":"https:\/\/bk10426.bouquetdalella.com\/en\/#organization","name":"Bouquet d&#039;Alella","url":"https:\/\/bk10426.bouquetdalella.com\/en\/","logo":{"@type":"ImageObject","inLanguage":"en-US","@id":"https:\/\/bk10426.bouquetdalella.com\/en\/#\/schema\/logo\/image\/","url":"https:\/\/bk10426.bouquetdalella.com\/wp-content\/uploads\/2023\/04\/cropped-cropped-cropped-logo_bouquet_d_alella-2-300x53-1.png","contentUrl":"https:\/\/bk10426.bouquetdalella.com\/wp-content\/uploads\/2023\/04\/cropped-cropped-cropped-logo_bouquet_d_alella-2-300x53-1.png","width":300,"height":52,"caption":"Bouquet d&#039;Alella"},"image":{"@id":"https:\/\/bk10426.bouquetdalella.com\/en\/#\/schema\/logo\/image\/"}}]}},"_links":{"self":[{"href":"https:\/\/bk10426.bouquetdalella.com\/en\/wp-json\/wp\/v2\/product\/9925","targetHints":{"allow":["GET"]}}],"collection":[{"href":"https:\/\/bk10426.bouquetdalella.com\/en\/wp-json\/wp\/v2\/product"}],"about":[{"href":"https:\/\/bk10426.bouquetdalella.com\/en\/wp-json\/wp\/v2\/types\/product"}],"version-history":[{"count":2,"href":"https:\/\/bk10426.bouquetdalella.com\/en\/wp-json\/wp\/v2\/product\/9925\/revisions"}],"predecessor-version":[{"id":36323,"href":"https:\/\/bk10426.bouquetdalella.com\/en\/wp-json\/wp\/v2\/product\/9925\/revisions\/36323"}],"wp:featuredmedia":[{"embeddable":true,"href":"https:\/\/bk10426.bouquetdalella.com\/en\/wp-json\/wp\/v2\/media\/6375"}],"wp:attachment":[{"href":"https:\/\/bk10426.bouquetdalella.com\/en\/wp-json\/wp\/v2\/media?parent=9925"}],"wp:term":[{"taxonomy":"product_brand","embeddable":true,"href":"https:\/\/bk10426.bouquetdalella.com\/en\/wp-json\/wp\/v2\/product_brand?post=9925"},{"taxonomy":"product_cat","embeddable":true,"href":"https:\/\/bk10426.bouquetdalella.com\/en\/wp-json\/wp\/v2\/product_cat?post=9925"},{"taxonomy":"product_tag","embeddable":true,"href":"https:\/\/bk10426.bouquetdalella.com\/en\/wp-json\/wp\/v2\/product_tag?post=9925"}],"curies":[{"name":"wp","href":"https:\/\/api.w.org\/{rel}","templated":true}]}}