{"id":34889,"date":"2025-12-09T09:05:45","date_gmt":"2025-12-09T08:05:45","guid":{"rendered":"https:\/\/bk10426.bouquetdalella.com\/?post_type=product&#038;p=34889"},"modified":"2026-02-06T08:24:13","modified_gmt":"2026-02-06T07:24:13","slug":"fork-breakfast-with-pruning-workshop","status":"publish","type":"product","link":"https:\/\/bk10426.bouquetdalella.com\/en\/producte\/fork-breakfast-with-pruning-workshop\/","title":{"rendered":"Fork Breakfast with Pruning Workshop"},"content":{"rendered":"\t\t<div data-elementor-type=\"product-post\" data-elementor-id=\"34889\" class=\"elementor elementor-34889 elementor-34888\" data-elementor-post-type=\"product\">\n\t\t\t\t\t\t<section class=\"elementor-section elementor-top-section elementor-element elementor-element-70025297 elementor-section-boxed elementor-section-height-default elementor-section-height-default\" data-id=\"70025297\" data-element_type=\"section\" data-e-type=\"section\">\n\t\t\t\t\t\t<div class=\"elementor-container elementor-column-gap-default\">\n\t\t\t\t\t<div class=\"elementor-column elementor-col-100 elementor-top-column elementor-element elementor-element-1d956c3d\" data-id=\"1d956c3d\" data-element_type=\"column\" data-e-type=\"column\">\n\t\t\t<div class=\"elementor-widget-wrap elementor-element-populated\">\n\t\t\t\t\t\t\t<\/div>\n\t\t<\/div>\n\t\t\t\t\t<\/div>\n\t\t<\/section>\n\t\t\t\t<\/div>\n\t\t","protected":false},"excerpt":{"rendered":"<p><span style=\"font-weight: 400;\">Would you like to participate in a respectful pruning workshop and discover firsthand the winter work in the vineyard alongside our winemakers? Bouquet d\u2019Alella offers you a unique way to start a Sunday.<\/span><\/p>\n<p><span style=\"font-weight: 400;\">We will begin the workshop with a theoretical session to learn more about one of the most important tasks of the year, carried out manually with great dedication. This moment is crucial for winemakers, as it allows them to control the growth of the vine and the quality of the grapes.<\/span><\/p>\n<p><span style=\"font-weight: 400;\">Next, you will take the scissors and, guided by our winemakers, learn how to carry out respectful pruning in practice. You will put theory into practice directly in the vineyard, surrounded by the spectacular views of Alella, the sea, and Barcelona.<\/span><\/p>\n<p><span style=\"font-weight: 400;\">Finally, the activity is complemented with a delicious fork breakfast among the vineyards, paired with our organic wines.<\/span><\/p>\n<p><b>The menu includes:<\/b><\/p>\n<p><b>Bouquet d\u2019Alella Pansa Blanca<\/b><\/p>\n<p><span style=\"font-weight: 400;\">Slow-cooked hot consomm\u00e9 to warm you up<\/span><\/p>\n<p><b>Bouquet d\u2019Alella Blanc +<\/b><\/p>\n<p><span style=\"font-weight: 400;\">Saut\u00e9ed wild mushrooms made with fresh farm eggs<\/span><\/p>\n<p><b>Bouquet d\u2019Alella Garnatxa Negra<\/b><\/p>\n<p><span style=\"font-weight: 400;\">Freshly picked tender peas with beef meatballs<\/span><\/p>\n<p><b>Bouquet d\u2019Alella Syrah<\/b><\/p>\n<p><span style=\"font-weight: 400;\">Mandarin sponge cake with poppy seeds<\/span><\/p>\n<p><span style=\"font-weight: 400;\">Pumpkin and orange compote with brown sugar, spices, and cr\u00e8me fra\u00eeche<\/span><\/p>\n<p><b>Includes:<\/b><span style=\"font-weight: 400;\"><br \/>\n<\/span><span style=\"font-weight: 400;\">\u2022 Respectful pruning workshop<\/span><span style=\"font-weight: 400;\"><br \/>\n<\/span><span style=\"font-weight: 400;\">\u2022 Fork breakfast paired with Bouquet d\u2019Alella wines<\/span><span style=\"font-weight: 400;\"><br \/>\n<\/span><span style=\"font-weight: 400;\">\u2022 Water, dessert, and coffee<\/span><span style=\"font-weight: 400;\"><br \/>\n<\/span><span style=\"font-weight: 400;\">\u2022 Guided tour of the vineyards and winery<\/span><\/p>\n<p><b>Duration:<\/b><span style=\"font-weight: 400;\"> 3 hours<\/span><span style=\"font-weight: 400;\"><br \/>\n<\/span><b>Date:<\/b><span style=\"font-weight: 400;\"> February 1, 2026<\/span><span style=\"font-weight: 400;\"><br \/>\n<\/span><b>Start time:<\/b><span style=\"font-weight: 400;\"> 10:00 a.m.<\/span><span style=\"font-weight: 400;\"><br \/>\n<\/span><b>Price:<\/b><span style=\"font-weight: 400;\"> \u20ac68,5 (VAT included)<\/span><\/p>\n<p>&nbsp;<\/p>\n<p><span class=\"fareharbor_btn_comprar\">[lightframe shortname=\"bouquetdalella\" fallback=\"simple\" full_items=\"yes\" flow=\"1393187\" view_item=\"686542\"]BOOK[\/lightframe]<\/span><\/p>\n","protected":false},"featured_media":34917,"template":"","meta":{"_acf_changed":false},"product_brand":[],"product_cat":[142],"product_tag":[389],"class_list":{"0":"post-34889","1":"product","2":"type-product","3":"status-publish","4":"has-post-thumbnail","6":"product_cat-wine-tourism","7":"product_tag-fareharbor-en","9":"first","10":"outofstock","11":"featured","12":"virtual","13":"taxable","14":"purchasable","15":"product-type-simple"},"acf":[],"yoast_head":"<!-- This site is optimized with the Yoast SEO plugin v27.3 - https:\/\/yoast.com\/product\/yoast-seo-wordpress\/ -->\n<title>Fork Breakfast with Pruning Workshop - Bouquet d&#039;Alella<\/title>\n<meta name=\"description\" content=\"Would you like to participate in a respectful pruning workshop and discover firsthand the winter work in the vineyard alongside our winemakers? Bouquet d\u2019Alella offers you a unique way to start a Sunday.\" \/>\n<meta name=\"robots\" content=\"noindex, follow, max-snippet:-1, max-image-preview:large, max-video-preview:-1\" \/>\n<meta property=\"og:locale\" content=\"en_US\" \/>\n<meta property=\"og:type\" content=\"article\" \/>\n<meta property=\"og:title\" content=\"Fork Breakfast with Pruning Workshop - Bouquet d&#039;Alella\" \/>\n<meta property=\"og:description\" content=\"Would you like to participate in a respectful pruning workshop and discover firsthand the winter work in the vineyard alongside our winemakers? Bouquet d\u2019Alella offers you a unique way to start a Sunday.\" \/>\n<meta property=\"og:url\" content=\"https:\/\/bk10426.bouquetdalella.com\/en\/producte\/fork-breakfast-with-pruning-workshop\/\" \/>\n<meta property=\"og:site_name\" content=\"Bouquet d&#039;Alella\" \/>\n<meta property=\"article:modified_time\" content=\"2026-02-06T07:24:13+00:00\" \/>\n<meta property=\"og:image\" content=\"https:\/\/bk10426.bouquetdalella.com\/wp-content\/uploads\/2025\/12\/Poda-1.webp\" \/>\n\t<meta property=\"og:image:width\" content=\"1200\" \/>\n\t<meta property=\"og:image:height\" content=\"1600\" \/>\n\t<meta property=\"og:image:type\" content=\"image\/webp\" \/>\n<meta name=\"twitter:card\" content=\"summary_large_image\" \/>\n<meta name=\"twitter:label1\" content=\"Est. reading time\" \/>\n\t<meta name=\"twitter:data1\" content=\"1 minute\" \/>\n<script type=\"application\/ld+json\" class=\"yoast-schema-graph\">{\"@context\":\"https:\\\/\\\/schema.org\",\"@graph\":[{\"@type\":\"WebPage\",\"@id\":\"https:\\\/\\\/bk10426.bouquetdalella.com\\\/en\\\/producte\\\/fork-breakfast-with-pruning-workshop\\\/\",\"url\":\"https:\\\/\\\/bk10426.bouquetdalella.com\\\/en\\\/producte\\\/fork-breakfast-with-pruning-workshop\\\/\",\"name\":\"Fork Breakfast with Pruning Workshop - Bouquet d&#039;Alella\",\"isPartOf\":{\"@id\":\"https:\\\/\\\/bk10426.bouquetdalella.com\\\/en\\\/#website\"},\"primaryImageOfPage\":{\"@id\":\"https:\\\/\\\/bk10426.bouquetdalella.com\\\/en\\\/producte\\\/fork-breakfast-with-pruning-workshop\\\/#primaryimage\"},\"image\":{\"@id\":\"https:\\\/\\\/bk10426.bouquetdalella.com\\\/en\\\/producte\\\/fork-breakfast-with-pruning-workshop\\\/#primaryimage\"},\"thumbnailUrl\":\"https:\\\/\\\/bk10426.bouquetdalella.com\\\/wp-content\\\/uploads\\\/2025\\\/12\\\/Poda-1.webp\",\"datePublished\":\"2025-12-09T08:05:45+00:00\",\"dateModified\":\"2026-02-06T07:24:13+00:00\",\"description\":\"Would you like to participate in a respectful pruning workshop and discover firsthand the winter work in the vineyard alongside our winemakers? Bouquet d\u2019Alella offers you a unique way to start a Sunday.\",\"breadcrumb\":{\"@id\":\"https:\\\/\\\/bk10426.bouquetdalella.com\\\/en\\\/producte\\\/fork-breakfast-with-pruning-workshop\\\/#breadcrumb\"},\"inLanguage\":\"en-US\",\"potentialAction\":[{\"@type\":\"ReadAction\",\"target\":[\"https:\\\/\\\/bk10426.bouquetdalella.com\\\/en\\\/producte\\\/fork-breakfast-with-pruning-workshop\\\/\"]}]},{\"@type\":\"ImageObject\",\"inLanguage\":\"en-US\",\"@id\":\"https:\\\/\\\/bk10426.bouquetdalella.com\\\/en\\\/producte\\\/fork-breakfast-with-pruning-workshop\\\/#primaryimage\",\"url\":\"https:\\\/\\\/bk10426.bouquetdalella.com\\\/wp-content\\\/uploads\\\/2025\\\/12\\\/Poda-1.webp\",\"contentUrl\":\"https:\\\/\\\/bk10426.bouquetdalella.com\\\/wp-content\\\/uploads\\\/2025\\\/12\\\/Poda-1.webp\",\"width\":1200,\"height\":1600},{\"@type\":\"BreadcrumbList\",\"@id\":\"https:\\\/\\\/bk10426.bouquetdalella.com\\\/en\\\/producte\\\/fork-breakfast-with-pruning-workshop\\\/#breadcrumb\",\"itemListElement\":[{\"@type\":\"ListItem\",\"position\":1,\"name\":\"Inici\",\"item\":\"https:\\\/\\\/bk10426.bouquetdalella.com\\\/en\\\/\"},{\"@type\":\"ListItem\",\"position\":2,\"name\":\"Shop\",\"item\":\"https:\\\/\\\/bk10426.bouquetdalella.com\\\/en\\\/shop\\\/\"},{\"@type\":\"ListItem\",\"position\":3,\"name\":\"Fork Breakfast with Pruning Workshop\"}]},{\"@type\":\"WebSite\",\"@id\":\"https:\\\/\\\/bk10426.bouquetdalella.com\\\/en\\\/#website\",\"url\":\"https:\\\/\\\/bk10426.bouquetdalella.com\\\/en\\\/\",\"name\":\"Bouquet d&#039;Alella\",\"description\":\"El Celler Bouquet d\u2019Alella neix amb la clara intenci\u00f3 d\u2019explotar dues vessants diferents per\u00f2 complement\u00e0ries en el mon del vi. Per una banda, la producci\u00f3n i venda de vins ecol\u00f2gics de qualitat i per l\u2019altra la promoci\u00f3 de l\u2019enoturisme.\",\"publisher\":{\"@id\":\"https:\\\/\\\/bk10426.bouquetdalella.com\\\/en\\\/#organization\"},\"potentialAction\":[{\"@type\":\"SearchAction\",\"target\":{\"@type\":\"EntryPoint\",\"urlTemplate\":\"https:\\\/\\\/bk10426.bouquetdalella.com\\\/en\\\/?s={search_term_string}\"},\"query-input\":{\"@type\":\"PropertyValueSpecification\",\"valueRequired\":true,\"valueName\":\"search_term_string\"}}],\"inLanguage\":\"en-US\"},{\"@type\":\"Organization\",\"@id\":\"https:\\\/\\\/bk10426.bouquetdalella.com\\\/en\\\/#organization\",\"name\":\"Bouquet d&#039;Alella\",\"url\":\"https:\\\/\\\/bk10426.bouquetdalella.com\\\/en\\\/\",\"logo\":{\"@type\":\"ImageObject\",\"inLanguage\":\"en-US\",\"@id\":\"https:\\\/\\\/bk10426.bouquetdalella.com\\\/en\\\/#\\\/schema\\\/logo\\\/image\\\/\",\"url\":\"https:\\\/\\\/bk10426.bouquetdalella.com\\\/wp-content\\\/uploads\\\/2023\\\/04\\\/cropped-cropped-cropped-logo_bouquet_d_alella-2-300x53-1.png\",\"contentUrl\":\"https:\\\/\\\/bk10426.bouquetdalella.com\\\/wp-content\\\/uploads\\\/2023\\\/04\\\/cropped-cropped-cropped-logo_bouquet_d_alella-2-300x53-1.png\",\"width\":300,\"height\":52,\"caption\":\"Bouquet d&#039;Alella\"},\"image\":{\"@id\":\"https:\\\/\\\/bk10426.bouquetdalella.com\\\/en\\\/#\\\/schema\\\/logo\\\/image\\\/\"}}]}<\/script>\n<!-- \/ Yoast SEO plugin. -->","yoast_head_json":{"title":"Fork Breakfast with Pruning Workshop - Bouquet d&#039;Alella","description":"Would you like to participate in a respectful pruning workshop and discover firsthand the winter work in the vineyard alongside our winemakers? Bouquet d\u2019Alella offers you a unique way to start a Sunday.","robots":{"index":"noindex","follow":"follow","max-snippet":"max-snippet:-1","max-image-preview":"max-image-preview:large","max-video-preview":"max-video-preview:-1"},"og_locale":"en_US","og_type":"article","og_title":"Fork Breakfast with Pruning Workshop - Bouquet d&#039;Alella","og_description":"Would you like to participate in a respectful pruning workshop and discover firsthand the winter work in the vineyard alongside our winemakers? Bouquet d\u2019Alella offers you a unique way to start a Sunday.","og_url":"https:\/\/bk10426.bouquetdalella.com\/en\/producte\/fork-breakfast-with-pruning-workshop\/","og_site_name":"Bouquet d&#039;Alella","article_modified_time":"2026-02-06T07:24:13+00:00","og_image":[{"width":1200,"height":1600,"url":"https:\/\/bk10426.bouquetdalella.com\/wp-content\/uploads\/2025\/12\/Poda-1.webp","type":"image\/webp"}],"twitter_card":"summary_large_image","twitter_misc":{"Est. reading time":"1 minute"},"schema":{"@context":"https:\/\/schema.org","@graph":[{"@type":"WebPage","@id":"https:\/\/bk10426.bouquetdalella.com\/en\/producte\/fork-breakfast-with-pruning-workshop\/","url":"https:\/\/bk10426.bouquetdalella.com\/en\/producte\/fork-breakfast-with-pruning-workshop\/","name":"Fork Breakfast with Pruning Workshop - Bouquet d&#039;Alella","isPartOf":{"@id":"https:\/\/bk10426.bouquetdalella.com\/en\/#website"},"primaryImageOfPage":{"@id":"https:\/\/bk10426.bouquetdalella.com\/en\/producte\/fork-breakfast-with-pruning-workshop\/#primaryimage"},"image":{"@id":"https:\/\/bk10426.bouquetdalella.com\/en\/producte\/fork-breakfast-with-pruning-workshop\/#primaryimage"},"thumbnailUrl":"https:\/\/bk10426.bouquetdalella.com\/wp-content\/uploads\/2025\/12\/Poda-1.webp","datePublished":"2025-12-09T08:05:45+00:00","dateModified":"2026-02-06T07:24:13+00:00","description":"Would you like to participate in a respectful pruning workshop and discover firsthand the winter work in the vineyard alongside our winemakers? Bouquet d\u2019Alella offers you a unique way to start a Sunday.","breadcrumb":{"@id":"https:\/\/bk10426.bouquetdalella.com\/en\/producte\/fork-breakfast-with-pruning-workshop\/#breadcrumb"},"inLanguage":"en-US","potentialAction":[{"@type":"ReadAction","target":["https:\/\/bk10426.bouquetdalella.com\/en\/producte\/fork-breakfast-with-pruning-workshop\/"]}]},{"@type":"ImageObject","inLanguage":"en-US","@id":"https:\/\/bk10426.bouquetdalella.com\/en\/producte\/fork-breakfast-with-pruning-workshop\/#primaryimage","url":"https:\/\/bk10426.bouquetdalella.com\/wp-content\/uploads\/2025\/12\/Poda-1.webp","contentUrl":"https:\/\/bk10426.bouquetdalella.com\/wp-content\/uploads\/2025\/12\/Poda-1.webp","width":1200,"height":1600},{"@type":"BreadcrumbList","@id":"https:\/\/bk10426.bouquetdalella.com\/en\/producte\/fork-breakfast-with-pruning-workshop\/#breadcrumb","itemListElement":[{"@type":"ListItem","position":1,"name":"Inici","item":"https:\/\/bk10426.bouquetdalella.com\/en\/"},{"@type":"ListItem","position":2,"name":"Shop","item":"https:\/\/bk10426.bouquetdalella.com\/en\/shop\/"},{"@type":"ListItem","position":3,"name":"Fork Breakfast with Pruning Workshop"}]},{"@type":"WebSite","@id":"https:\/\/bk10426.bouquetdalella.com\/en\/#website","url":"https:\/\/bk10426.bouquetdalella.com\/en\/","name":"Bouquet d&#039;Alella","description":"El Celler Bouquet d\u2019Alella neix amb la clara intenci\u00f3 d\u2019explotar dues vessants diferents per\u00f2 complement\u00e0ries en el mon del vi. Per una banda, la producci\u00f3n i venda de vins ecol\u00f2gics de qualitat i per l\u2019altra la promoci\u00f3 de l\u2019enoturisme.","publisher":{"@id":"https:\/\/bk10426.bouquetdalella.com\/en\/#organization"},"potentialAction":[{"@type":"SearchAction","target":{"@type":"EntryPoint","urlTemplate":"https:\/\/bk10426.bouquetdalella.com\/en\/?s={search_term_string}"},"query-input":{"@type":"PropertyValueSpecification","valueRequired":true,"valueName":"search_term_string"}}],"inLanguage":"en-US"},{"@type":"Organization","@id":"https:\/\/bk10426.bouquetdalella.com\/en\/#organization","name":"Bouquet d&#039;Alella","url":"https:\/\/bk10426.bouquetdalella.com\/en\/","logo":{"@type":"ImageObject","inLanguage":"en-US","@id":"https:\/\/bk10426.bouquetdalella.com\/en\/#\/schema\/logo\/image\/","url":"https:\/\/bk10426.bouquetdalella.com\/wp-content\/uploads\/2023\/04\/cropped-cropped-cropped-logo_bouquet_d_alella-2-300x53-1.png","contentUrl":"https:\/\/bk10426.bouquetdalella.com\/wp-content\/uploads\/2023\/04\/cropped-cropped-cropped-logo_bouquet_d_alella-2-300x53-1.png","width":300,"height":52,"caption":"Bouquet d&#039;Alella"},"image":{"@id":"https:\/\/bk10426.bouquetdalella.com\/en\/#\/schema\/logo\/image\/"}}]}},"_links":{"self":[{"href":"https:\/\/bk10426.bouquetdalella.com\/en\/wp-json\/wp\/v2\/product\/34889","targetHints":{"allow":["GET"]}}],"collection":[{"href":"https:\/\/bk10426.bouquetdalella.com\/en\/wp-json\/wp\/v2\/product"}],"about":[{"href":"https:\/\/bk10426.bouquetdalella.com\/en\/wp-json\/wp\/v2\/types\/product"}],"version-history":[{"count":0,"href":"https:\/\/bk10426.bouquetdalella.com\/en\/wp-json\/wp\/v2\/product\/34889\/revisions"}],"wp:featuredmedia":[{"embeddable":true,"href":"https:\/\/bk10426.bouquetdalella.com\/en\/wp-json\/wp\/v2\/media\/34917"}],"wp:attachment":[{"href":"https:\/\/bk10426.bouquetdalella.com\/en\/wp-json\/wp\/v2\/media?parent=34889"}],"wp:term":[{"taxonomy":"product_brand","embeddable":true,"href":"https:\/\/bk10426.bouquetdalella.com\/en\/wp-json\/wp\/v2\/product_brand?post=34889"},{"taxonomy":"product_cat","embeddable":true,"href":"https:\/\/bk10426.bouquetdalella.com\/en\/wp-json\/wp\/v2\/product_cat?post=34889"},{"taxonomy":"product_tag","embeddable":true,"href":"https:\/\/bk10426.bouquetdalella.com\/en\/wp-json\/wp\/v2\/product_tag?post=34889"}],"curies":[{"name":"wp","href":"https:\/\/api.w.org\/{rel}","templated":true}]}}