{"id":34436,"date":"2025-11-03T08:37:18","date_gmt":"2025-11-03T07:37:18","guid":{"rendered":"https:\/\/bk10426.bouquetdalella.com\/?post_type=product&#038;p=34436"},"modified":"2026-02-27T08:35:14","modified_gmt":"2026-02-27T07:35:14","slug":"seasonal-cooking-workshops-with-private-chef","status":"publish","type":"product","link":"https:\/\/bk10426.bouquetdalella.com\/en\/producte\/seasonal-cooking-workshops-with-private-chef\/","title":{"rendered":"Seasonal Cooking Workshops with Private Chef"},"content":{"rendered":"\t\t<div data-elementor-type=\"product-post\" data-elementor-id=\"34436\" class=\"elementor elementor-34436 elementor-34435\" data-elementor-post-type=\"product\">\n\t\t\t\t\t\t<section class=\"elementor-section elementor-top-section elementor-element elementor-element-70025297 elementor-section-boxed elementor-section-height-default elementor-section-height-default\" data-id=\"70025297\" data-element_type=\"section\" data-e-type=\"section\">\n\t\t\t\t\t\t<div class=\"elementor-container elementor-column-gap-default\">\n\t\t\t\t\t<div class=\"elementor-column elementor-col-100 elementor-top-column elementor-element elementor-element-1d956c3d\" data-id=\"1d956c3d\" data-element_type=\"column\" data-e-type=\"column\">\n\t\t\t<div class=\"elementor-widget-wrap elementor-element-populated\">\n\t\t\t\t\t\t\t<\/div>\n\t\t<\/div>\n\t\t\t\t\t<\/div>\n\t\t<\/section>\n\t\t\t\t<\/div>\n\t\t","protected":false},"excerpt":{"rendered":"<p>Come and enjoy our wines and a delightful plan among friends. Together with our chef, take part in a seasonal cooking workshop (various options and menus available*), and then taste the dishes you\u2019ve prepared paired with our wines.<\/p>\n<p>&nbsp;<\/p>\n<p>The activity is completely interactive. At the beginning, participants will be welcomed with a glass of wine and some appetizers, while receiving an explanation about the ingredients and their characteristics, as well as details on the preparation of each dish. All ingredients will be ready for the <em>mise en place<\/em> and to start cooking under our chef\u2019s guidance.<\/p>\n<p>Once the cooking is finished, we\u2019ll enjoy lunch together while savoring Bouquet d\u2019Alella wines.<\/p>\n<p>&nbsp;<\/p>\n<p><strong>*Available workshop options:<\/strong><\/p>\n<ul>\n<li>Christmas Cooking Workshop<\/li>\n<li>Appetizer Workshop<\/li>\n<li>Vegetarian Cooking Workshop<\/li>\n<li>Mushroom Cooking Workshop<\/li>\n<li>Legume Cooking Workshop<\/li>\n<li>Bread Baking Workshop<\/li>\n<\/ul>\n<p>We can also design a custom-made workshop for you!<\/p>\n<p><strong>Includes:<\/strong><br \/>\n\u2022 Tasting of 2 wines (during the workshop and lunch).<br \/>\n\u2022 100% interactive seasonal cooking workshop according to the selected menu.<\/p>\n<p>&nbsp;<\/p>\n<p><strong>Duration:<\/strong> 2h30min<\/p>\n<p><strong>Price:<\/strong> 97 EUR (VAT Included) + Booking Fees<\/p>\n<p><strong>Minimum group:<\/strong> 10 people<\/p>\n<p>Bookings available only by phone or email.<\/p>\n<p>&nbsp;<br \/>\n[fareharbor shortname=\"bouquetdalella\" fallback=\"simple\" full_items=\"yes\" flow=\"1393187\" items=\"669914\" type=\"responsive\" language=\"en\"]<\/p>\n","protected":false},"featured_media":34443,"template":"","meta":{"_acf_changed":false},"product_brand":[],"product_cat":[142],"product_tag":[389],"class_list":{"0":"post-34436","1":"product","2":"type-product","3":"status-publish","4":"has-post-thumbnail","6":"product_cat-wine-tourism","7":"product_tag-fareharbor-en","9":"first","10":"outofstock","11":"featured","12":"virtual","13":"taxable","14":"purchasable","15":"product-type-simple"},"acf":[],"yoast_head":"<!-- This site is optimized with the Yoast SEO plugin v27.4 - https:\/\/yoast.com\/product\/yoast-seo-wordpress\/ -->\n<title>Seasonal Cooking Workshops with Private Chef - Bouquet d&#039;Alella<\/title>\n<meta name=\"description\" content=\"Vine a descobrir com preparar c\u00f2ctels \u00fanics amb els vins de la DO Alella en un taller pr\u00e0ctic i molt gust\u00f3s. Aprendr\u00e0s a combinar els sabors naturals dels nostres vins per crear begudes originals que t\u2019encantaran.\" \/>\n<meta name=\"robots\" content=\"noindex, follow, max-snippet:-1, max-image-preview:large, max-video-preview:-1\" \/>\n<meta property=\"og:locale\" content=\"en_US\" \/>\n<meta property=\"og:type\" content=\"article\" \/>\n<meta property=\"og:title\" content=\"Seasonal Cooking Workshops with Private Chef - Bouquet d&#039;Alella\" \/>\n<meta property=\"og:description\" content=\"Vine a descobrir com preparar c\u00f2ctels \u00fanics amb els vins de la DO Alella en un taller pr\u00e0ctic i molt gust\u00f3s. Aprendr\u00e0s a combinar els sabors naturals dels nostres vins per crear begudes originals que t\u2019encantaran.\" \/>\n<meta property=\"og:url\" content=\"https:\/\/bk10426.bouquetdalella.com\/en\/producte\/seasonal-cooking-workshops-with-private-chef\/\" \/>\n<meta property=\"og:site_name\" content=\"Bouquet d&#039;Alella\" \/>\n<meta property=\"article:modified_time\" content=\"2026-02-27T07:35:14+00:00\" \/>\n<meta property=\"og:image\" content=\"https:\/\/bk10426.bouquetdalella.com\/wp-content\/uploads\/2025\/11\/foto-trabajando.webp\" \/>\n\t<meta property=\"og:image:width\" content=\"1000\" \/>\n\t<meta property=\"og:image:height\" content=\"667\" \/>\n\t<meta property=\"og:image:type\" content=\"image\/webp\" \/>\n<meta name=\"twitter:card\" content=\"summary_large_image\" \/>\n<meta name=\"twitter:label1\" content=\"Est. reading time\" \/>\n\t<meta name=\"twitter:data1\" content=\"1 minute\" \/>\n<script type=\"application\/ld+json\" class=\"yoast-schema-graph\">{\"@context\":\"https:\\\/\\\/schema.org\",\"@graph\":[{\"@type\":\"WebPage\",\"@id\":\"https:\\\/\\\/bk10426.bouquetdalella.com\\\/en\\\/producte\\\/seasonal-cooking-workshops-with-private-chef\\\/\",\"url\":\"https:\\\/\\\/bk10426.bouquetdalella.com\\\/en\\\/producte\\\/seasonal-cooking-workshops-with-private-chef\\\/\",\"name\":\"Seasonal Cooking Workshops with Private Chef - Bouquet d&#039;Alella\",\"isPartOf\":{\"@id\":\"https:\\\/\\\/bk10426.bouquetdalella.com\\\/en\\\/#website\"},\"primaryImageOfPage\":{\"@id\":\"https:\\\/\\\/bk10426.bouquetdalella.com\\\/en\\\/producte\\\/seasonal-cooking-workshops-with-private-chef\\\/#primaryimage\"},\"image\":{\"@id\":\"https:\\\/\\\/bk10426.bouquetdalella.com\\\/en\\\/producte\\\/seasonal-cooking-workshops-with-private-chef\\\/#primaryimage\"},\"thumbnailUrl\":\"https:\\\/\\\/bk10426.bouquetdalella.com\\\/wp-content\\\/uploads\\\/2025\\\/11\\\/foto-trabajando.webp\",\"datePublished\":\"2025-11-03T07:37:18+00:00\",\"dateModified\":\"2026-02-27T07:35:14+00:00\",\"description\":\"Vine a descobrir com preparar c\u00f2ctels \u00fanics amb els vins de la DO Alella en un taller pr\u00e0ctic i molt gust\u00f3s. Aprendr\u00e0s a combinar els sabors naturals dels nostres vins per crear begudes originals que t\u2019encantaran.\",\"breadcrumb\":{\"@id\":\"https:\\\/\\\/bk10426.bouquetdalella.com\\\/en\\\/producte\\\/seasonal-cooking-workshops-with-private-chef\\\/#breadcrumb\"},\"inLanguage\":\"en-US\",\"potentialAction\":[{\"@type\":\"ReadAction\",\"target\":[\"https:\\\/\\\/bk10426.bouquetdalella.com\\\/en\\\/producte\\\/seasonal-cooking-workshops-with-private-chef\\\/\"]}]},{\"@type\":\"ImageObject\",\"inLanguage\":\"en-US\",\"@id\":\"https:\\\/\\\/bk10426.bouquetdalella.com\\\/en\\\/producte\\\/seasonal-cooking-workshops-with-private-chef\\\/#primaryimage\",\"url\":\"https:\\\/\\\/bk10426.bouquetdalella.com\\\/wp-content\\\/uploads\\\/2025\\\/11\\\/foto-trabajando.webp\",\"contentUrl\":\"https:\\\/\\\/bk10426.bouquetdalella.com\\\/wp-content\\\/uploads\\\/2025\\\/11\\\/foto-trabajando.webp\",\"width\":1000,\"height\":667},{\"@type\":\"BreadcrumbList\",\"@id\":\"https:\\\/\\\/bk10426.bouquetdalella.com\\\/en\\\/producte\\\/seasonal-cooking-workshops-with-private-chef\\\/#breadcrumb\",\"itemListElement\":[{\"@type\":\"ListItem\",\"position\":1,\"name\":\"Inici\",\"item\":\"https:\\\/\\\/bk10426.bouquetdalella.com\\\/en\\\/\"},{\"@type\":\"ListItem\",\"position\":2,\"name\":\"Shop\",\"item\":\"https:\\\/\\\/bk10426.bouquetdalella.com\\\/en\\\/shop\\\/\"},{\"@type\":\"ListItem\",\"position\":3,\"name\":\"Seasonal Cooking Workshops with Private Chef\"}]},{\"@type\":\"WebSite\",\"@id\":\"https:\\\/\\\/bk10426.bouquetdalella.com\\\/en\\\/#website\",\"url\":\"https:\\\/\\\/bk10426.bouquetdalella.com\\\/en\\\/\",\"name\":\"Bouquet d&#039;Alella\",\"description\":\"El Celler Bouquet d\u2019Alella neix amb la clara intenci\u00f3 d\u2019explotar dues vessants diferents per\u00f2 complement\u00e0ries en el mon del vi. Per una banda, la producci\u00f3n i venda de vins ecol\u00f2gics de qualitat i per l\u2019altra la promoci\u00f3 de l\u2019enoturisme.\",\"publisher\":{\"@id\":\"https:\\\/\\\/bk10426.bouquetdalella.com\\\/en\\\/#organization\"},\"potentialAction\":[{\"@type\":\"SearchAction\",\"target\":{\"@type\":\"EntryPoint\",\"urlTemplate\":\"https:\\\/\\\/bk10426.bouquetdalella.com\\\/en\\\/?s={search_term_string}\"},\"query-input\":{\"@type\":\"PropertyValueSpecification\",\"valueRequired\":true,\"valueName\":\"search_term_string\"}}],\"inLanguage\":\"en-US\"},{\"@type\":\"Organization\",\"@id\":\"https:\\\/\\\/bk10426.bouquetdalella.com\\\/en\\\/#organization\",\"name\":\"Bouquet d&#039;Alella\",\"url\":\"https:\\\/\\\/bk10426.bouquetdalella.com\\\/en\\\/\",\"logo\":{\"@type\":\"ImageObject\",\"inLanguage\":\"en-US\",\"@id\":\"https:\\\/\\\/bk10426.bouquetdalella.com\\\/en\\\/#\\\/schema\\\/logo\\\/image\\\/\",\"url\":\"https:\\\/\\\/bk10426.bouquetdalella.com\\\/wp-content\\\/uploads\\\/2023\\\/04\\\/cropped-cropped-cropped-logo_bouquet_d_alella-2-300x53-1.png\",\"contentUrl\":\"https:\\\/\\\/bk10426.bouquetdalella.com\\\/wp-content\\\/uploads\\\/2023\\\/04\\\/cropped-cropped-cropped-logo_bouquet_d_alella-2-300x53-1.png\",\"width\":300,\"height\":52,\"caption\":\"Bouquet d&#039;Alella\"},\"image\":{\"@id\":\"https:\\\/\\\/bk10426.bouquetdalella.com\\\/en\\\/#\\\/schema\\\/logo\\\/image\\\/\"}}]}<\/script>\n<!-- \/ Yoast SEO plugin. -->","yoast_head_json":{"title":"Seasonal Cooking Workshops with Private Chef - Bouquet d&#039;Alella","description":"Vine a descobrir com preparar c\u00f2ctels \u00fanics amb els vins de la DO Alella en un taller pr\u00e0ctic i molt gust\u00f3s. Aprendr\u00e0s a combinar els sabors naturals dels nostres vins per crear begudes originals que t\u2019encantaran.","robots":{"index":"noindex","follow":"follow","max-snippet":"max-snippet:-1","max-image-preview":"max-image-preview:large","max-video-preview":"max-video-preview:-1"},"og_locale":"en_US","og_type":"article","og_title":"Seasonal Cooking Workshops with Private Chef - Bouquet d&#039;Alella","og_description":"Vine a descobrir com preparar c\u00f2ctels \u00fanics amb els vins de la DO Alella en un taller pr\u00e0ctic i molt gust\u00f3s. Aprendr\u00e0s a combinar els sabors naturals dels nostres vins per crear begudes originals que t\u2019encantaran.","og_url":"https:\/\/bk10426.bouquetdalella.com\/en\/producte\/seasonal-cooking-workshops-with-private-chef\/","og_site_name":"Bouquet d&#039;Alella","article_modified_time":"2026-02-27T07:35:14+00:00","og_image":[{"width":1000,"height":667,"url":"https:\/\/bk10426.bouquetdalella.com\/wp-content\/uploads\/2025\/11\/foto-trabajando.webp","type":"image\/webp"}],"twitter_card":"summary_large_image","twitter_misc":{"Est. reading time":"1 minute"},"schema":{"@context":"https:\/\/schema.org","@graph":[{"@type":"WebPage","@id":"https:\/\/bk10426.bouquetdalella.com\/en\/producte\/seasonal-cooking-workshops-with-private-chef\/","url":"https:\/\/bk10426.bouquetdalella.com\/en\/producte\/seasonal-cooking-workshops-with-private-chef\/","name":"Seasonal Cooking Workshops with Private Chef - Bouquet d&#039;Alella","isPartOf":{"@id":"https:\/\/bk10426.bouquetdalella.com\/en\/#website"},"primaryImageOfPage":{"@id":"https:\/\/bk10426.bouquetdalella.com\/en\/producte\/seasonal-cooking-workshops-with-private-chef\/#primaryimage"},"image":{"@id":"https:\/\/bk10426.bouquetdalella.com\/en\/producte\/seasonal-cooking-workshops-with-private-chef\/#primaryimage"},"thumbnailUrl":"https:\/\/bk10426.bouquetdalella.com\/wp-content\/uploads\/2025\/11\/foto-trabajando.webp","datePublished":"2025-11-03T07:37:18+00:00","dateModified":"2026-02-27T07:35:14+00:00","description":"Vine a descobrir com preparar c\u00f2ctels \u00fanics amb els vins de la DO Alella en un taller pr\u00e0ctic i molt gust\u00f3s. Aprendr\u00e0s a combinar els sabors naturals dels nostres vins per crear begudes originals que t\u2019encantaran.","breadcrumb":{"@id":"https:\/\/bk10426.bouquetdalella.com\/en\/producte\/seasonal-cooking-workshops-with-private-chef\/#breadcrumb"},"inLanguage":"en-US","potentialAction":[{"@type":"ReadAction","target":["https:\/\/bk10426.bouquetdalella.com\/en\/producte\/seasonal-cooking-workshops-with-private-chef\/"]}]},{"@type":"ImageObject","inLanguage":"en-US","@id":"https:\/\/bk10426.bouquetdalella.com\/en\/producte\/seasonal-cooking-workshops-with-private-chef\/#primaryimage","url":"https:\/\/bk10426.bouquetdalella.com\/wp-content\/uploads\/2025\/11\/foto-trabajando.webp","contentUrl":"https:\/\/bk10426.bouquetdalella.com\/wp-content\/uploads\/2025\/11\/foto-trabajando.webp","width":1000,"height":667},{"@type":"BreadcrumbList","@id":"https:\/\/bk10426.bouquetdalella.com\/en\/producte\/seasonal-cooking-workshops-with-private-chef\/#breadcrumb","itemListElement":[{"@type":"ListItem","position":1,"name":"Inici","item":"https:\/\/bk10426.bouquetdalella.com\/en\/"},{"@type":"ListItem","position":2,"name":"Shop","item":"https:\/\/bk10426.bouquetdalella.com\/en\/shop\/"},{"@type":"ListItem","position":3,"name":"Seasonal Cooking Workshops with Private Chef"}]},{"@type":"WebSite","@id":"https:\/\/bk10426.bouquetdalella.com\/en\/#website","url":"https:\/\/bk10426.bouquetdalella.com\/en\/","name":"Bouquet d&#039;Alella","description":"El Celler Bouquet d\u2019Alella neix amb la clara intenci\u00f3 d\u2019explotar dues vessants diferents per\u00f2 complement\u00e0ries en el mon del vi. Per una banda, la producci\u00f3n i venda de vins ecol\u00f2gics de qualitat i per l\u2019altra la promoci\u00f3 de l\u2019enoturisme.","publisher":{"@id":"https:\/\/bk10426.bouquetdalella.com\/en\/#organization"},"potentialAction":[{"@type":"SearchAction","target":{"@type":"EntryPoint","urlTemplate":"https:\/\/bk10426.bouquetdalella.com\/en\/?s={search_term_string}"},"query-input":{"@type":"PropertyValueSpecification","valueRequired":true,"valueName":"search_term_string"}}],"inLanguage":"en-US"},{"@type":"Organization","@id":"https:\/\/bk10426.bouquetdalella.com\/en\/#organization","name":"Bouquet d&#039;Alella","url":"https:\/\/bk10426.bouquetdalella.com\/en\/","logo":{"@type":"ImageObject","inLanguage":"en-US","@id":"https:\/\/bk10426.bouquetdalella.com\/en\/#\/schema\/logo\/image\/","url":"https:\/\/bk10426.bouquetdalella.com\/wp-content\/uploads\/2023\/04\/cropped-cropped-cropped-logo_bouquet_d_alella-2-300x53-1.png","contentUrl":"https:\/\/bk10426.bouquetdalella.com\/wp-content\/uploads\/2023\/04\/cropped-cropped-cropped-logo_bouquet_d_alella-2-300x53-1.png","width":300,"height":52,"caption":"Bouquet d&#039;Alella"},"image":{"@id":"https:\/\/bk10426.bouquetdalella.com\/en\/#\/schema\/logo\/image\/"}}]}},"_links":{"self":[{"href":"https:\/\/bk10426.bouquetdalella.com\/en\/wp-json\/wp\/v2\/product\/34436","targetHints":{"allow":["GET"]}}],"collection":[{"href":"https:\/\/bk10426.bouquetdalella.com\/en\/wp-json\/wp\/v2\/product"}],"about":[{"href":"https:\/\/bk10426.bouquetdalella.com\/en\/wp-json\/wp\/v2\/types\/product"}],"version-history":[{"count":2,"href":"https:\/\/bk10426.bouquetdalella.com\/en\/wp-json\/wp\/v2\/product\/34436\/revisions"}],"predecessor-version":[{"id":36332,"href":"https:\/\/bk10426.bouquetdalella.com\/en\/wp-json\/wp\/v2\/product\/34436\/revisions\/36332"}],"wp:featuredmedia":[{"embeddable":true,"href":"https:\/\/bk10426.bouquetdalella.com\/en\/wp-json\/wp\/v2\/media\/34443"}],"wp:attachment":[{"href":"https:\/\/bk10426.bouquetdalella.com\/en\/wp-json\/wp\/v2\/media?parent=34436"}],"wp:term":[{"taxonomy":"product_brand","embeddable":true,"href":"https:\/\/bk10426.bouquetdalella.com\/en\/wp-json\/wp\/v2\/product_brand?post=34436"},{"taxonomy":"product_cat","embeddable":true,"href":"https:\/\/bk10426.bouquetdalella.com\/en\/wp-json\/wp\/v2\/product_cat?post=34436"},{"taxonomy":"product_tag","embeddable":true,"href":"https:\/\/bk10426.bouquetdalella.com\/en\/wp-json\/wp\/v2\/product_tag?post=34436"}],"curies":[{"name":"wp","href":"https:\/\/api.w.org\/{rel}","templated":true}]}}