{"id":34099,"date":"2025-10-24T12:22:55","date_gmt":"2025-10-24T10:22:55","guid":{"rendered":"https:\/\/bk10426.bouquetdalella.com\/?post_type=product&#038;p=34099"},"modified":"2025-10-29T14:13:08","modified_gmt":"2025-10-29T13:13:08","slug":"lot-el-jove","status":"publish","type":"product","link":"https:\/\/bk10426.bouquetdalella.com\/en\/producte\/lot-el-jove\/","title":{"rendered":"YOUNG LOT"},"content":{"rendered":"\t\t<div data-elementor-type=\"product-post\" data-elementor-id=\"34099\" class=\"elementor elementor-34099 elementor-34098\" data-elementor-post-type=\"product\">\n\t\t\t\t\t\t<section class=\"elementor-section elementor-top-section elementor-element elementor-element-36638d02 elementor-section-boxed elementor-section-height-default elementor-section-height-default\" data-id=\"36638d02\" data-element_type=\"section\" data-e-type=\"section\">\n\t\t\t\t\t\t<div class=\"elementor-container elementor-column-gap-default\">\n\t\t\t\t\t<div class=\"elementor-column elementor-col-100 elementor-top-column elementor-element elementor-element-5e7cf71d\" data-id=\"5e7cf71d\" data-element_type=\"column\" data-e-type=\"column\">\n\t\t\t<div class=\"elementor-widget-wrap elementor-element-populated\">\n\t\t\t\t\t\t<div class=\"elementor-element elementor-element-1614203b tab_zone elementor-tabs-view-horizontal elementor-widget elementor-widget-tabs\" data-id=\"1614203b\" data-element_type=\"widget\" data-e-type=\"widget\" data-widget_type=\"tabs.default\">\n\t\t\t\t<div class=\"elementor-widget-container\">\n\t\t\t\t\t\t\t<div class=\"elementor-tabs\">\n\t\t\t<div class=\"elementor-tabs-wrapper\" role=\"tablist\" >\n\t\t\t\t\t\t\t\t\t<div id=\"elementor-tab-title-3701\" class=\"elementor-tab-title elementor-tab-desktop-title\" aria-selected=\"true\" data-tab=\"1\" role=\"tab\" tabindex=\"0\" aria-controls=\"elementor-tab-content-3701\" aria-expanded=\"false\">CONTINGUT<\/div>\n\t\t\t\t\t\t\t\t\t<div id=\"elementor-tab-title-3702\" class=\"elementor-tab-title elementor-tab-desktop-title\" aria-selected=\"false\" data-tab=\"2\" role=\"tab\" tabindex=\"-1\" aria-controls=\"elementor-tab-content-3702\" aria-expanded=\"false\">ENVIAMENT GRATU\u00cfT + 60\u20ac<\/div>\n\t\t\t\t\t\t\t<\/div>\n\t\t\t<div class=\"elementor-tabs-content-wrapper\" role=\"tablist\" aria-orientation=\"vertical\">\n\t\t\t\t\t\t\t\t\t<div class=\"elementor-tab-title elementor-tab-mobile-title\" aria-selected=\"true\" data-tab=\"1\" role=\"tab\" tabindex=\"0\" aria-controls=\"elementor-tab-content-3701\" aria-expanded=\"false\">CONTINGUT<\/div>\n\t\t\t\t\t<div id=\"elementor-tab-content-3701\" class=\"elementor-tab-content elementor-clearfix\" data-tab=\"1\" role=\"tabpanel\" aria-labelledby=\"elementor-tab-title-3701\" tabindex=\"0\" hidden=\"false\"><ul><li style=\"font-weight: 400;\" aria-level=\"1\"><span style=\"font-weight: 400;\">1 bottle Bouquet d&#8217;Alella Blanc: white wine with Pansa Blanca and white Grenache, young\u00a0<\/span><\/li><li style=\"font-weight: 400;\" aria-level=\"1\"><span style=\"font-weight: 400;\">1 bottle Bouquet d&#8217;Alella Grenache Negra: red wine of red Grenache, young<\/span><\/li><li style=\"font-weight: 400;\" aria-level=\"1\"><span style=\"font-weight: 400;\">Bouquet d&#8217;Alella wooden box 2 bottles\u00a0<\/span><\/li><\/ul><\/div>\n\t\t\t\t\t\t\t\t\t<div class=\"elementor-tab-title elementor-tab-mobile-title\" aria-selected=\"false\" data-tab=\"2\" role=\"tab\" tabindex=\"-1\" aria-controls=\"elementor-tab-content-3702\" aria-expanded=\"false\">ENVIAMENT GRATU\u00cfT + 60\u20ac<\/div>\n\t\t\t\t\t<div id=\"elementor-tab-content-3702\" class=\"elementor-tab-content elementor-clearfix\" data-tab=\"2\" role=\"tabpanel\" aria-labelledby=\"elementor-tab-title-3702\" tabindex=\"0\" hidden=\"hidden\"><p><strong>ENVIAMENT GRATU\u00cfT<\/strong><\/p><ul><li aria-level=\"1\">Si la teva comanda es fa dins de l\u2019\u00e0mbit nacional i es superior a 60 euros (IVA incl\u00f2s)\u00a0 tindr\u00e0s les despeses d\u2019enviament gratu\u00eftes. No inclou fora de la pen\u00ednsula.<\/li><\/ul><div><b>\u00a0<\/b><\/div><div><strong>PLA\u00c7 D\u2019ENTREGA I DESPESES D\u2019ENVIAMENT<\/strong><\/div><ul><li aria-level=\"1\">Una vegada cursat i acceptada la comanda, el pla\u00e7 d\u2019entrega ser\u00e0 de 2 a 4 dies laborables a contar des de que el pagament de la compra s\u2019hagi fet efectiu.<\/li><li aria-level=\"1\">Les comandes s\u2019envien mitjan\u00e7ant servei de missatgeria.<\/li><li aria-level=\"1\">Es realitzar\u00e0 l\u2019entrega a l\u2019adre\u00e7a indicada durant el proc\u00e9s de realitzaci\u00f3 de comandes.<\/li><\/ul><\/div>\n\t\t\t\t\t\t\t<\/div>\n\t\t<\/div>\n\t\t\t\t\t\t<\/div>\n\t\t\t\t<\/div>\n\t\t\t\t<div class=\"elementor-element elementor-element-444c069e elementor-widget elementor-widget-spacer\" data-id=\"444c069e\" data-element_type=\"widget\" data-e-type=\"widget\" data-widget_type=\"spacer.default\">\n\t\t\t\t<div class=\"elementor-widget-container\">\n\t\t\t\t\t\t\t<div class=\"elementor-spacer\">\n\t\t\t<div class=\"elementor-spacer-inner\"><\/div>\n\t\t<\/div>\n\t\t\t\t\t\t<\/div>\n\t\t\t\t<\/div>\n\t\t\t\t\t<\/div>\n\t\t<\/div>\n\t\t\t\t\t<\/div>\n\t\t<\/section>\n\t\t\t\t<\/div>\n\t\t","protected":false},"excerpt":{"rendered":"<p><span style=\"font-weight: 400;\">The freshest wines from Bouquet d&#8217;Alella, a white and a red, designed to go with starters, appetizers and mild dishes.\u00a0<\/span><\/p>\n<div id=\"gtx-trans\" style=\"position: absolute; left: 687px; top: 38.3333px;\">\n<div class=\"gtx-trans-icon\"><\/div>\n<\/div>\n","protected":false},"featured_media":34464,"template":"","meta":{"_acf_changed":false},"product_brand":[],"product_cat":[353],"product_tag":[365],"class_list":{"0":"post-34099","1":"product","2":"type-product","3":"status-publish","4":"has-post-thumbnail","6":"product_cat-lots-eng","7":"product_tag-lot","9":"first","10":"instock","11":"taxable","12":"shipping-taxable","13":"purchasable","14":"product-type-simple"},"acf":[],"yoast_head":"<!-- This site is optimized with the Yoast SEO plugin v27.3 - https:\/\/yoast.com\/product\/yoast-seo-wordpress\/ -->\n<title>YOUNG LOT - Bouquet d&#039;Alella<\/title>\n<meta name=\"robots\" content=\"noindex, follow, max-snippet:-1, max-image-preview:large, max-video-preview:-1\" \/>\n<meta property=\"og:locale\" content=\"en_US\" \/>\n<meta property=\"og:type\" content=\"article\" \/>\n<meta property=\"og:title\" content=\"YOUNG LOT - Bouquet d&#039;Alella\" \/>\n<meta property=\"og:description\" content=\"The freshest wines from Bouquet d&#039;Alella, a white and a red, designed to go with starters, appetizers and mild dishes.\u00a0\" \/>\n<meta property=\"og:url\" content=\"https:\/\/bk10426.bouquetdalella.com\/en\/producte\/lot-el-jove\/\" \/>\n<meta property=\"og:site_name\" content=\"Bouquet d&#039;Alella\" \/>\n<meta property=\"article:modified_time\" content=\"2025-10-29T13:13:08+00:00\" \/>\n<meta property=\"og:image\" content=\"https:\/\/bk10426.bouquetdalella.com\/wp-content\/uploads\/2025\/10\/LOT-EL-JOVE-2.png\" \/>\n\t<meta property=\"og:image:width\" content=\"1200\" \/>\n\t<meta property=\"og:image:height\" content=\"1163\" \/>\n\t<meta property=\"og:image:type\" content=\"image\/png\" \/>\n<meta name=\"twitter:card\" content=\"summary_large_image\" \/>\n<script type=\"application\/ld+json\" class=\"yoast-schema-graph\">{\"@context\":\"https:\\\/\\\/schema.org\",\"@graph\":[{\"@type\":\"WebPage\",\"@id\":\"https:\\\/\\\/bk10426.bouquetdalella.com\\\/en\\\/producte\\\/lot-el-jove\\\/\",\"url\":\"https:\\\/\\\/bk10426.bouquetdalella.com\\\/en\\\/producte\\\/lot-el-jove\\\/\",\"name\":\"YOUNG LOT - Bouquet d&#039;Alella\",\"isPartOf\":{\"@id\":\"https:\\\/\\\/bk10426.bouquetdalella.com\\\/en\\\/#website\"},\"primaryImageOfPage\":{\"@id\":\"https:\\\/\\\/bk10426.bouquetdalella.com\\\/en\\\/producte\\\/lot-el-jove\\\/#primaryimage\"},\"image\":{\"@id\":\"https:\\\/\\\/bk10426.bouquetdalella.com\\\/en\\\/producte\\\/lot-el-jove\\\/#primaryimage\"},\"thumbnailUrl\":\"https:\\\/\\\/bk10426.bouquetdalella.com\\\/wp-content\\\/uploads\\\/2025\\\/11\\\/2.png\",\"datePublished\":\"2025-10-24T10:22:55+00:00\",\"dateModified\":\"2025-10-29T13:13:08+00:00\",\"breadcrumb\":{\"@id\":\"https:\\\/\\\/bk10426.bouquetdalella.com\\\/en\\\/producte\\\/lot-el-jove\\\/#breadcrumb\"},\"inLanguage\":\"en-US\",\"potentialAction\":[{\"@type\":\"ReadAction\",\"target\":[\"https:\\\/\\\/bk10426.bouquetdalella.com\\\/en\\\/producte\\\/lot-el-jove\\\/\"]}]},{\"@type\":\"ImageObject\",\"inLanguage\":\"en-US\",\"@id\":\"https:\\\/\\\/bk10426.bouquetdalella.com\\\/en\\\/producte\\\/lot-el-jove\\\/#primaryimage\",\"url\":\"https:\\\/\\\/bk10426.bouquetdalella.com\\\/wp-content\\\/uploads\\\/2025\\\/11\\\/2.png\",\"contentUrl\":\"https:\\\/\\\/bk10426.bouquetdalella.com\\\/wp-content\\\/uploads\\\/2025\\\/11\\\/2.png\",\"width\":2250,\"height\":1500},{\"@type\":\"BreadcrumbList\",\"@id\":\"https:\\\/\\\/bk10426.bouquetdalella.com\\\/en\\\/producte\\\/lot-el-jove\\\/#breadcrumb\",\"itemListElement\":[{\"@type\":\"ListItem\",\"position\":1,\"name\":\"Inici\",\"item\":\"https:\\\/\\\/bk10426.bouquetdalella.com\\\/en\\\/\"},{\"@type\":\"ListItem\",\"position\":2,\"name\":\"Shop\",\"item\":\"https:\\\/\\\/bk10426.bouquetdalella.com\\\/en\\\/shop\\\/\"},{\"@type\":\"ListItem\",\"position\":3,\"name\":\"YOUNG LOT\"}]},{\"@type\":\"WebSite\",\"@id\":\"https:\\\/\\\/bk10426.bouquetdalella.com\\\/en\\\/#website\",\"url\":\"https:\\\/\\\/bk10426.bouquetdalella.com\\\/en\\\/\",\"name\":\"Bouquet d&#039;Alella\",\"description\":\"El Celler Bouquet d\u2019Alella neix amb la clara intenci\u00f3 d\u2019explotar dues vessants diferents per\u00f2 complement\u00e0ries en el mon del vi. Per una banda, la producci\u00f3n i venda de vins ecol\u00f2gics de qualitat i per l\u2019altra la promoci\u00f3 de l\u2019enoturisme.\",\"publisher\":{\"@id\":\"https:\\\/\\\/bk10426.bouquetdalella.com\\\/en\\\/#organization\"},\"potentialAction\":[{\"@type\":\"SearchAction\",\"target\":{\"@type\":\"EntryPoint\",\"urlTemplate\":\"https:\\\/\\\/bk10426.bouquetdalella.com\\\/en\\\/?s={search_term_string}\"},\"query-input\":{\"@type\":\"PropertyValueSpecification\",\"valueRequired\":true,\"valueName\":\"search_term_string\"}}],\"inLanguage\":\"en-US\"},{\"@type\":\"Organization\",\"@id\":\"https:\\\/\\\/bk10426.bouquetdalella.com\\\/en\\\/#organization\",\"name\":\"Bouquet d&#039;Alella\",\"url\":\"https:\\\/\\\/bk10426.bouquetdalella.com\\\/en\\\/\",\"logo\":{\"@type\":\"ImageObject\",\"inLanguage\":\"en-US\",\"@id\":\"https:\\\/\\\/bk10426.bouquetdalella.com\\\/en\\\/#\\\/schema\\\/logo\\\/image\\\/\",\"url\":\"https:\\\/\\\/bk10426.bouquetdalella.com\\\/wp-content\\\/uploads\\\/2023\\\/04\\\/cropped-cropped-cropped-logo_bouquet_d_alella-2-300x53-1.png\",\"contentUrl\":\"https:\\\/\\\/bk10426.bouquetdalella.com\\\/wp-content\\\/uploads\\\/2023\\\/04\\\/cropped-cropped-cropped-logo_bouquet_d_alella-2-300x53-1.png\",\"width\":300,\"height\":52,\"caption\":\"Bouquet d&#039;Alella\"},\"image\":{\"@id\":\"https:\\\/\\\/bk10426.bouquetdalella.com\\\/en\\\/#\\\/schema\\\/logo\\\/image\\\/\"}}]}<\/script>\n<!-- \/ Yoast SEO plugin. -->","yoast_head_json":{"title":"YOUNG LOT - Bouquet d&#039;Alella","robots":{"index":"noindex","follow":"follow","max-snippet":"max-snippet:-1","max-image-preview":"max-image-preview:large","max-video-preview":"max-video-preview:-1"},"og_locale":"en_US","og_type":"article","og_title":"YOUNG LOT - Bouquet d&#039;Alella","og_description":"The freshest wines from Bouquet d'Alella, a white and a red, designed to go with starters, appetizers and mild dishes.\u00a0","og_url":"https:\/\/bk10426.bouquetdalella.com\/en\/producte\/lot-el-jove\/","og_site_name":"Bouquet d&#039;Alella","article_modified_time":"2025-10-29T13:13:08+00:00","og_image":[{"width":1200,"height":1163,"url":"https:\/\/bk10426.bouquetdalella.com\/wp-content\/uploads\/2025\/10\/LOT-EL-JOVE-2.png","type":"image\/png"}],"twitter_card":"summary_large_image","schema":{"@context":"https:\/\/schema.org","@graph":[{"@type":"WebPage","@id":"https:\/\/bk10426.bouquetdalella.com\/en\/producte\/lot-el-jove\/","url":"https:\/\/bk10426.bouquetdalella.com\/en\/producte\/lot-el-jove\/","name":"YOUNG LOT - Bouquet d&#039;Alella","isPartOf":{"@id":"https:\/\/bk10426.bouquetdalella.com\/en\/#website"},"primaryImageOfPage":{"@id":"https:\/\/bk10426.bouquetdalella.com\/en\/producte\/lot-el-jove\/#primaryimage"},"image":{"@id":"https:\/\/bk10426.bouquetdalella.com\/en\/producte\/lot-el-jove\/#primaryimage"},"thumbnailUrl":"https:\/\/bk10426.bouquetdalella.com\/wp-content\/uploads\/2025\/11\/2.png","datePublished":"2025-10-24T10:22:55+00:00","dateModified":"2025-10-29T13:13:08+00:00","breadcrumb":{"@id":"https:\/\/bk10426.bouquetdalella.com\/en\/producte\/lot-el-jove\/#breadcrumb"},"inLanguage":"en-US","potentialAction":[{"@type":"ReadAction","target":["https:\/\/bk10426.bouquetdalella.com\/en\/producte\/lot-el-jove\/"]}]},{"@type":"ImageObject","inLanguage":"en-US","@id":"https:\/\/bk10426.bouquetdalella.com\/en\/producte\/lot-el-jove\/#primaryimage","url":"https:\/\/bk10426.bouquetdalella.com\/wp-content\/uploads\/2025\/11\/2.png","contentUrl":"https:\/\/bk10426.bouquetdalella.com\/wp-content\/uploads\/2025\/11\/2.png","width":2250,"height":1500},{"@type":"BreadcrumbList","@id":"https:\/\/bk10426.bouquetdalella.com\/en\/producte\/lot-el-jove\/#breadcrumb","itemListElement":[{"@type":"ListItem","position":1,"name":"Inici","item":"https:\/\/bk10426.bouquetdalella.com\/en\/"},{"@type":"ListItem","position":2,"name":"Shop","item":"https:\/\/bk10426.bouquetdalella.com\/en\/shop\/"},{"@type":"ListItem","position":3,"name":"YOUNG LOT"}]},{"@type":"WebSite","@id":"https:\/\/bk10426.bouquetdalella.com\/en\/#website","url":"https:\/\/bk10426.bouquetdalella.com\/en\/","name":"Bouquet d&#039;Alella","description":"El Celler Bouquet d\u2019Alella neix amb la clara intenci\u00f3 d\u2019explotar dues vessants diferents per\u00f2 complement\u00e0ries en el mon del vi. Per una banda, la producci\u00f3n i venda de vins ecol\u00f2gics de qualitat i per l\u2019altra la promoci\u00f3 de l\u2019enoturisme.","publisher":{"@id":"https:\/\/bk10426.bouquetdalella.com\/en\/#organization"},"potentialAction":[{"@type":"SearchAction","target":{"@type":"EntryPoint","urlTemplate":"https:\/\/bk10426.bouquetdalella.com\/en\/?s={search_term_string}"},"query-input":{"@type":"PropertyValueSpecification","valueRequired":true,"valueName":"search_term_string"}}],"inLanguage":"en-US"},{"@type":"Organization","@id":"https:\/\/bk10426.bouquetdalella.com\/en\/#organization","name":"Bouquet d&#039;Alella","url":"https:\/\/bk10426.bouquetdalella.com\/en\/","logo":{"@type":"ImageObject","inLanguage":"en-US","@id":"https:\/\/bk10426.bouquetdalella.com\/en\/#\/schema\/logo\/image\/","url":"https:\/\/bk10426.bouquetdalella.com\/wp-content\/uploads\/2023\/04\/cropped-cropped-cropped-logo_bouquet_d_alella-2-300x53-1.png","contentUrl":"https:\/\/bk10426.bouquetdalella.com\/wp-content\/uploads\/2023\/04\/cropped-cropped-cropped-logo_bouquet_d_alella-2-300x53-1.png","width":300,"height":52,"caption":"Bouquet d&#039;Alella"},"image":{"@id":"https:\/\/bk10426.bouquetdalella.com\/en\/#\/schema\/logo\/image\/"}}]}},"_links":{"self":[{"href":"https:\/\/bk10426.bouquetdalella.com\/en\/wp-json\/wp\/v2\/product\/34099","targetHints":{"allow":["GET"]}}],"collection":[{"href":"https:\/\/bk10426.bouquetdalella.com\/en\/wp-json\/wp\/v2\/product"}],"about":[{"href":"https:\/\/bk10426.bouquetdalella.com\/en\/wp-json\/wp\/v2\/types\/product"}],"version-history":[{"count":0,"href":"https:\/\/bk10426.bouquetdalella.com\/en\/wp-json\/wp\/v2\/product\/34099\/revisions"}],"wp:featuredmedia":[{"embeddable":true,"href":"https:\/\/bk10426.bouquetdalella.com\/en\/wp-json\/wp\/v2\/media\/34464"}],"wp:attachment":[{"href":"https:\/\/bk10426.bouquetdalella.com\/en\/wp-json\/wp\/v2\/media?parent=34099"}],"wp:term":[{"taxonomy":"product_brand","embeddable":true,"href":"https:\/\/bk10426.bouquetdalella.com\/en\/wp-json\/wp\/v2\/product_brand?post=34099"},{"taxonomy":"product_cat","embeddable":true,"href":"https:\/\/bk10426.bouquetdalella.com\/en\/wp-json\/wp\/v2\/product_cat?post=34099"},{"taxonomy":"product_tag","embeddable":true,"href":"https:\/\/bk10426.bouquetdalella.com\/en\/wp-json\/wp\/v2\/product_tag?post=34099"}],"curies":[{"name":"wp","href":"https:\/\/api.w.org\/{rel}","templated":true}]}}