{"id":31988,"date":"2025-06-21T11:19:56","date_gmt":"2025-06-21T09:19:56","guid":{"rendered":"https:\/\/bk10426.bouquetdalella.com\/?post_type=product&#038;p=31988"},"modified":"2025-06-25T17:21:57","modified_gmt":"2025-06-25T15:21:57","slug":"yogaandwine","status":"publish","type":"product","link":"https:\/\/bk10426.bouquetdalella.com\/en\/producte\/yogaandwine\/","title":{"rendered":"Special Event: Yoga and Wine in the Vineyards 2025 with Move Om"},"content":{"rendered":"\t\t<div data-elementor-type=\"product-post\" data-elementor-id=\"31988\" class=\"elementor elementor-31988 elementor-31986\" data-elementor-post-type=\"product\">\n\t\t\t\t\t\t<section class=\"elementor-section elementor-top-section elementor-element elementor-element-53668264 elementor-section-boxed elementor-section-height-default elementor-section-height-default\" data-id=\"53668264\" data-element_type=\"section\" data-e-type=\"section\">\n\t\t\t\t\t\t<div class=\"elementor-container elementor-column-gap-default\">\n\t\t\t\t\t<div class=\"elementor-column elementor-col-100 elementor-top-column elementor-element elementor-element-78385cb0\" data-id=\"78385cb0\" data-element_type=\"column\" data-e-type=\"column\">\n\t\t\t<div class=\"elementor-widget-wrap elementor-element-populated\">\n\t\t\t\t\t\t\t<\/div>\n\t\t<\/div>\n\t\t\t\t\t<\/div>\n\t\t<\/section>\n\t\t\t\t<\/div>\n\t\t","protected":false},"excerpt":{"rendered":"<p data-start=\"0\" data-end=\"98\">Come and enjoy a unique <strong data-start=\"24\" data-end=\"42\">Jivamukti Yoga<\/strong> experience among the vineyards of <strong data-start=\"77\" data-end=\"97\">Bouquet d\u2019Alella<\/strong>.<\/p>\n<p data-start=\"100\" data-end=\"587\"><strong data-start=\"100\" data-end=\"113\">Jivamukti<\/strong> is a transformative practice that combines spiritual teachings, <em data-start=\"178\" data-end=\"189\">pranayama<\/em>, meditation, <em data-start=\"203\" data-end=\"210\">asana<\/em>, and deep relaxation. It offers an opportunity to purify body, mind, and soul, calm the thoughts, and reconnect with what truly matters to our hearts.<br data-start=\"361\" data-end=\"364\" \/>Our friends from <strong data-start=\"381\" data-end=\"392\">Move Om<\/strong> will support you with magical hands-on assists throughout the session, helping you deepen each posture and fully immerse yourself in the present moment \u2014 the only place where life truly unfolds.<\/p>\n<p data-start=\"589\" data-end=\"602\"><strong data-start=\"589\" data-end=\"602\">Includes:<\/strong><\/p>\n<ul data-start=\"604\" data-end=\"728\">\n<li data-start=\"604\" data-end=\"657\">\n<p data-start=\"606\" data-end=\"657\">Full Jivamukti Yoga session guided by <strong data-start=\"644\" data-end=\"655\">Move Om<\/strong><\/p>\n<\/li>\n<li data-start=\"658\" data-end=\"696\">\n<p data-start=\"660\" data-end=\"696\">Glass of <strong data-start=\"669\" data-end=\"689\">Bouquet d\u2019Alella<\/strong> wine<\/p>\n<\/li>\n<li data-start=\"697\" data-end=\"728\">\n<p data-start=\"699\" data-end=\"728\">Bag of gourmet potato chips<\/p>\n<\/li>\n<\/ul>\n<p data-start=\"730\" data-end=\"816\"><strong data-start=\"730\" data-end=\"739\">Date:<\/strong> July 11, 2025<br data-start=\"753\" data-end=\"756\" \/><strong data-start=\"756\" data-end=\"765\">Time:<\/strong> 7:15 PM<br data-start=\"773\" data-end=\"776\" \/><strong data-start=\"776\" data-end=\"789\">Duration:<\/strong> 2 hours<br data-start=\"797\" data-end=\"800\" data-is-only-node=\"\" \/><strong data-start=\"800\" data-end=\"810\">Price:<\/strong> \u20ac25<\/p>\n<p data-start=\"818\" data-end=\"957\" data-is-last-node=\"\" data-is-only-node=\"\">Reconnect with nature, your body, and your essence\u2026 and celebrate it with a glass of wine!<br data-start=\"908\" data-end=\"911\" \/>Limited spots available. Reserve your mat now.<\/p>\n<p>&nbsp;<\/p>\n<p><span class=\"fareharbor_btn_comprar\">[lightframe shortname=\"bouquetdalella\" fallback=\"simple\" full_items=\"yes\" flow=\"1393187\" view_item=\"646798\"]BOOK[\/lightframe]<\/span><\/p>\n","protected":false},"featured_media":32009,"template":"","meta":{"_acf_changed":false},"product_brand":[],"product_cat":[142],"product_tag":[389],"class_list":{"0":"post-31988","1":"product","2":"type-product","3":"status-publish","4":"has-post-thumbnail","6":"product_cat-wine-tourism","7":"product_tag-fareharbor-en","9":"first","10":"outofstock","11":"featured","12":"virtual","13":"taxable","14":"purchasable","15":"product-type-simple"},"acf":[],"yoast_head":"<!-- This site is optimized with the Yoast SEO plugin v27.4 - https:\/\/yoast.com\/product\/yoast-seo-wordpress\/ -->\n<title>Special Event: Yoga and Wine in the Vineyards 2025 with Move Om - Bouquet d&#039;Alella<\/title>\n<meta name=\"description\" content=\"Come and enjoy a unique Jivamukti Yoga experience in the vineyards of Bouquet d\u2019Alella.\" \/>\n<meta name=\"robots\" content=\"noindex, follow, max-snippet:-1, max-image-preview:large, max-video-preview:-1\" \/>\n<meta property=\"og:locale\" content=\"en_US\" \/>\n<meta property=\"og:type\" content=\"article\" \/>\n<meta property=\"og:title\" content=\"Special Event: Yoga and Wine in the Vineyards 2025 with Move Om - Bouquet d&#039;Alella\" \/>\n<meta property=\"og:description\" content=\"Come and enjoy a unique Jivamukti Yoga experience in the vineyards of Bouquet d\u2019Alella.\" \/>\n<meta property=\"og:url\" content=\"https:\/\/bk10426.bouquetdalella.com\/en\/producte\/yogaandwine\/\" \/>\n<meta property=\"og:site_name\" content=\"Bouquet d&#039;Alella\" \/>\n<meta property=\"article:modified_time\" content=\"2025-06-25T15:21:57+00:00\" \/>\n<meta property=\"og:image\" content=\"https:\/\/bk10426.bouquetdalella.com\/wp-content\/uploads\/2025\/06\/IMG_0525-scaled.jpg\" \/>\n\t<meta property=\"og:image:width\" content=\"1709\" \/>\n\t<meta property=\"og:image:height\" content=\"2560\" \/>\n\t<meta property=\"og:image:type\" content=\"image\/jpeg\" \/>\n<meta name=\"twitter:card\" content=\"summary_large_image\" \/>\n<meta name=\"twitter:label1\" content=\"Est. reading time\" \/>\n\t<meta name=\"twitter:data1\" content=\"1 minute\" \/>\n<script type=\"application\/ld+json\" class=\"yoast-schema-graph\">{\"@context\":\"https:\\\/\\\/schema.org\",\"@graph\":[{\"@type\":\"WebPage\",\"@id\":\"https:\\\/\\\/bk10426.bouquetdalella.com\\\/en\\\/producte\\\/yogaandwine\\\/\",\"url\":\"https:\\\/\\\/bk10426.bouquetdalella.com\\\/en\\\/producte\\\/yogaandwine\\\/\",\"name\":\"Special Event: Yoga and Wine in the Vineyards 2025 with Move Om - Bouquet d&#039;Alella\",\"isPartOf\":{\"@id\":\"https:\\\/\\\/bk10426.bouquetdalella.com\\\/en\\\/#website\"},\"primaryImageOfPage\":{\"@id\":\"https:\\\/\\\/bk10426.bouquetdalella.com\\\/en\\\/producte\\\/yogaandwine\\\/#primaryimage\"},\"image\":{\"@id\":\"https:\\\/\\\/bk10426.bouquetdalella.com\\\/en\\\/producte\\\/yogaandwine\\\/#primaryimage\"},\"thumbnailUrl\":\"https:\\\/\\\/bk10426.bouquetdalella.com\\\/wp-content\\\/uploads\\\/2025\\\/06\\\/IMG_0525-scaled.jpg\",\"datePublished\":\"2025-06-21T09:19:56+00:00\",\"dateModified\":\"2025-06-25T15:21:57+00:00\",\"description\":\"Come and enjoy a unique Jivamukti Yoga experience in the vineyards of Bouquet d\u2019Alella.\",\"breadcrumb\":{\"@id\":\"https:\\\/\\\/bk10426.bouquetdalella.com\\\/en\\\/producte\\\/yogaandwine\\\/#breadcrumb\"},\"inLanguage\":\"en-US\",\"potentialAction\":[{\"@type\":\"ReadAction\",\"target\":[\"https:\\\/\\\/bk10426.bouquetdalella.com\\\/en\\\/producte\\\/yogaandwine\\\/\"]}]},{\"@type\":\"ImageObject\",\"inLanguage\":\"en-US\",\"@id\":\"https:\\\/\\\/bk10426.bouquetdalella.com\\\/en\\\/producte\\\/yogaandwine\\\/#primaryimage\",\"url\":\"https:\\\/\\\/bk10426.bouquetdalella.com\\\/wp-content\\\/uploads\\\/2025\\\/06\\\/IMG_0525-scaled.jpg\",\"contentUrl\":\"https:\\\/\\\/bk10426.bouquetdalella.com\\\/wp-content\\\/uploads\\\/2025\\\/06\\\/IMG_0525-scaled.jpg\",\"width\":1709,\"height\":2560},{\"@type\":\"BreadcrumbList\",\"@id\":\"https:\\\/\\\/bk10426.bouquetdalella.com\\\/en\\\/producte\\\/yogaandwine\\\/#breadcrumb\",\"itemListElement\":[{\"@type\":\"ListItem\",\"position\":1,\"name\":\"Inici\",\"item\":\"https:\\\/\\\/bk10426.bouquetdalella.com\\\/en\\\/\"},{\"@type\":\"ListItem\",\"position\":2,\"name\":\"Shop\",\"item\":\"https:\\\/\\\/bk10426.bouquetdalella.com\\\/en\\\/shop\\\/\"},{\"@type\":\"ListItem\",\"position\":3,\"name\":\"Special Event: Yoga and Wine in the Vineyards 2025 with Move Om\"}]},{\"@type\":\"WebSite\",\"@id\":\"https:\\\/\\\/bk10426.bouquetdalella.com\\\/en\\\/#website\",\"url\":\"https:\\\/\\\/bk10426.bouquetdalella.com\\\/en\\\/\",\"name\":\"Bouquet d&#039;Alella\",\"description\":\"El Celler Bouquet d\u2019Alella neix amb la clara intenci\u00f3 d\u2019explotar dues vessants diferents per\u00f2 complement\u00e0ries en el mon del vi. Per una banda, la producci\u00f3n i venda de vins ecol\u00f2gics de qualitat i per l\u2019altra la promoci\u00f3 de l\u2019enoturisme.\",\"publisher\":{\"@id\":\"https:\\\/\\\/bk10426.bouquetdalella.com\\\/en\\\/#organization\"},\"potentialAction\":[{\"@type\":\"SearchAction\",\"target\":{\"@type\":\"EntryPoint\",\"urlTemplate\":\"https:\\\/\\\/bk10426.bouquetdalella.com\\\/en\\\/?s={search_term_string}\"},\"query-input\":{\"@type\":\"PropertyValueSpecification\",\"valueRequired\":true,\"valueName\":\"search_term_string\"}}],\"inLanguage\":\"en-US\"},{\"@type\":\"Organization\",\"@id\":\"https:\\\/\\\/bk10426.bouquetdalella.com\\\/en\\\/#organization\",\"name\":\"Bouquet d&#039;Alella\",\"url\":\"https:\\\/\\\/bk10426.bouquetdalella.com\\\/en\\\/\",\"logo\":{\"@type\":\"ImageObject\",\"inLanguage\":\"en-US\",\"@id\":\"https:\\\/\\\/bk10426.bouquetdalella.com\\\/en\\\/#\\\/schema\\\/logo\\\/image\\\/\",\"url\":\"https:\\\/\\\/bk10426.bouquetdalella.com\\\/wp-content\\\/uploads\\\/2023\\\/04\\\/cropped-cropped-cropped-logo_bouquet_d_alella-2-300x53-1.png\",\"contentUrl\":\"https:\\\/\\\/bk10426.bouquetdalella.com\\\/wp-content\\\/uploads\\\/2023\\\/04\\\/cropped-cropped-cropped-logo_bouquet_d_alella-2-300x53-1.png\",\"width\":300,\"height\":52,\"caption\":\"Bouquet d&#039;Alella\"},\"image\":{\"@id\":\"https:\\\/\\\/bk10426.bouquetdalella.com\\\/en\\\/#\\\/schema\\\/logo\\\/image\\\/\"}}]}<\/script>\n<!-- \/ Yoast SEO plugin. -->","yoast_head_json":{"title":"Special Event: Yoga and Wine in the Vineyards 2025 with Move Om - Bouquet d&#039;Alella","description":"Come and enjoy a unique Jivamukti Yoga experience in the vineyards of Bouquet d\u2019Alella.","robots":{"index":"noindex","follow":"follow","max-snippet":"max-snippet:-1","max-image-preview":"max-image-preview:large","max-video-preview":"max-video-preview:-1"},"og_locale":"en_US","og_type":"article","og_title":"Special Event: Yoga and Wine in the Vineyards 2025 with Move Om - Bouquet d&#039;Alella","og_description":"Come and enjoy a unique Jivamukti Yoga experience in the vineyards of Bouquet d\u2019Alella.","og_url":"https:\/\/bk10426.bouquetdalella.com\/en\/producte\/yogaandwine\/","og_site_name":"Bouquet d&#039;Alella","article_modified_time":"2025-06-25T15:21:57+00:00","og_image":[{"width":1709,"height":2560,"url":"https:\/\/bk10426.bouquetdalella.com\/wp-content\/uploads\/2025\/06\/IMG_0525-scaled.jpg","type":"image\/jpeg"}],"twitter_card":"summary_large_image","twitter_misc":{"Est. reading time":"1 minute"},"schema":{"@context":"https:\/\/schema.org","@graph":[{"@type":"WebPage","@id":"https:\/\/bk10426.bouquetdalella.com\/en\/producte\/yogaandwine\/","url":"https:\/\/bk10426.bouquetdalella.com\/en\/producte\/yogaandwine\/","name":"Special Event: Yoga and Wine in the Vineyards 2025 with Move Om - Bouquet d&#039;Alella","isPartOf":{"@id":"https:\/\/bk10426.bouquetdalella.com\/en\/#website"},"primaryImageOfPage":{"@id":"https:\/\/bk10426.bouquetdalella.com\/en\/producte\/yogaandwine\/#primaryimage"},"image":{"@id":"https:\/\/bk10426.bouquetdalella.com\/en\/producte\/yogaandwine\/#primaryimage"},"thumbnailUrl":"https:\/\/bk10426.bouquetdalella.com\/wp-content\/uploads\/2025\/06\/IMG_0525-scaled.jpg","datePublished":"2025-06-21T09:19:56+00:00","dateModified":"2025-06-25T15:21:57+00:00","description":"Come and enjoy a unique Jivamukti Yoga experience in the vineyards of Bouquet d\u2019Alella.","breadcrumb":{"@id":"https:\/\/bk10426.bouquetdalella.com\/en\/producte\/yogaandwine\/#breadcrumb"},"inLanguage":"en-US","potentialAction":[{"@type":"ReadAction","target":["https:\/\/bk10426.bouquetdalella.com\/en\/producte\/yogaandwine\/"]}]},{"@type":"ImageObject","inLanguage":"en-US","@id":"https:\/\/bk10426.bouquetdalella.com\/en\/producte\/yogaandwine\/#primaryimage","url":"https:\/\/bk10426.bouquetdalella.com\/wp-content\/uploads\/2025\/06\/IMG_0525-scaled.jpg","contentUrl":"https:\/\/bk10426.bouquetdalella.com\/wp-content\/uploads\/2025\/06\/IMG_0525-scaled.jpg","width":1709,"height":2560},{"@type":"BreadcrumbList","@id":"https:\/\/bk10426.bouquetdalella.com\/en\/producte\/yogaandwine\/#breadcrumb","itemListElement":[{"@type":"ListItem","position":1,"name":"Inici","item":"https:\/\/bk10426.bouquetdalella.com\/en\/"},{"@type":"ListItem","position":2,"name":"Shop","item":"https:\/\/bk10426.bouquetdalella.com\/en\/shop\/"},{"@type":"ListItem","position":3,"name":"Special Event: Yoga and Wine in the Vineyards 2025 with Move Om"}]},{"@type":"WebSite","@id":"https:\/\/bk10426.bouquetdalella.com\/en\/#website","url":"https:\/\/bk10426.bouquetdalella.com\/en\/","name":"Bouquet d&#039;Alella","description":"El Celler Bouquet d\u2019Alella neix amb la clara intenci\u00f3 d\u2019explotar dues vessants diferents per\u00f2 complement\u00e0ries en el mon del vi. Per una banda, la producci\u00f3n i venda de vins ecol\u00f2gics de qualitat i per l\u2019altra la promoci\u00f3 de l\u2019enoturisme.","publisher":{"@id":"https:\/\/bk10426.bouquetdalella.com\/en\/#organization"},"potentialAction":[{"@type":"SearchAction","target":{"@type":"EntryPoint","urlTemplate":"https:\/\/bk10426.bouquetdalella.com\/en\/?s={search_term_string}"},"query-input":{"@type":"PropertyValueSpecification","valueRequired":true,"valueName":"search_term_string"}}],"inLanguage":"en-US"},{"@type":"Organization","@id":"https:\/\/bk10426.bouquetdalella.com\/en\/#organization","name":"Bouquet d&#039;Alella","url":"https:\/\/bk10426.bouquetdalella.com\/en\/","logo":{"@type":"ImageObject","inLanguage":"en-US","@id":"https:\/\/bk10426.bouquetdalella.com\/en\/#\/schema\/logo\/image\/","url":"https:\/\/bk10426.bouquetdalella.com\/wp-content\/uploads\/2023\/04\/cropped-cropped-cropped-logo_bouquet_d_alella-2-300x53-1.png","contentUrl":"https:\/\/bk10426.bouquetdalella.com\/wp-content\/uploads\/2023\/04\/cropped-cropped-cropped-logo_bouquet_d_alella-2-300x53-1.png","width":300,"height":52,"caption":"Bouquet d&#039;Alella"},"image":{"@id":"https:\/\/bk10426.bouquetdalella.com\/en\/#\/schema\/logo\/image\/"}}]}},"_links":{"self":[{"href":"https:\/\/bk10426.bouquetdalella.com\/en\/wp-json\/wp\/v2\/product\/31988","targetHints":{"allow":["GET"]}}],"collection":[{"href":"https:\/\/bk10426.bouquetdalella.com\/en\/wp-json\/wp\/v2\/product"}],"about":[{"href":"https:\/\/bk10426.bouquetdalella.com\/en\/wp-json\/wp\/v2\/types\/product"}],"version-history":[{"count":0,"href":"https:\/\/bk10426.bouquetdalella.com\/en\/wp-json\/wp\/v2\/product\/31988\/revisions"}],"wp:featuredmedia":[{"embeddable":true,"href":"https:\/\/bk10426.bouquetdalella.com\/en\/wp-json\/wp\/v2\/media\/32009"}],"wp:attachment":[{"href":"https:\/\/bk10426.bouquetdalella.com\/en\/wp-json\/wp\/v2\/media?parent=31988"}],"wp:term":[{"taxonomy":"product_brand","embeddable":true,"href":"https:\/\/bk10426.bouquetdalella.com\/en\/wp-json\/wp\/v2\/product_brand?post=31988"},{"taxonomy":"product_cat","embeddable":true,"href":"https:\/\/bk10426.bouquetdalella.com\/en\/wp-json\/wp\/v2\/product_cat?post=31988"},{"taxonomy":"product_tag","embeddable":true,"href":"https:\/\/bk10426.bouquetdalella.com\/en\/wp-json\/wp\/v2\/product_tag?post=31988"}],"curies":[{"name":"wp","href":"https:\/\/api.w.org\/{rel}","templated":true}]}}