{"id":31911,"date":"2025-06-11T09:57:50","date_gmt":"2025-06-11T07:57:50","guid":{"rendered":"https:\/\/bk10426.bouquetdalella.com\/?post_type=product&#038;p=31911"},"modified":"2025-06-25T17:18:17","modified_gmt":"2025-06-25T15:18:17","slug":"harvest-workshop-with-fork-breakfast","status":"publish","type":"product","link":"https:\/\/bk10426.bouquetdalella.com\/en\/producte\/harvest-workshop-with-fork-breakfast\/","title":{"rendered":"Harvest Workshop with Fork Breakfast"},"content":{"rendered":"\t\t<div data-elementor-type=\"product-post\" data-elementor-id=\"31911\" class=\"elementor elementor-31911 elementor-31909\" data-elementor-post-type=\"product\">\n\t\t\t\t\t\t<section class=\"elementor-section elementor-top-section elementor-element elementor-element-53668264 elementor-section-boxed elementor-section-height-default elementor-section-height-default\" data-id=\"53668264\" data-element_type=\"section\" data-e-type=\"section\">\n\t\t\t\t\t\t<div class=\"elementor-container elementor-column-gap-default\">\n\t\t\t\t\t<div class=\"elementor-column elementor-col-100 elementor-top-column elementor-element elementor-element-78385cb0\" data-id=\"78385cb0\" data-element_type=\"column\" data-e-type=\"column\">\n\t\t\t<div class=\"elementor-widget-wrap elementor-element-populated\">\n\t\t\t\t\t\t\t<\/div>\n\t\t<\/div>\n\t\t\t\t\t<\/div>\n\t\t<\/section>\n\t\t\t\t<\/div>\n\t\t","protected":false},"excerpt":{"rendered":"<p>Would you like to experience a harvest workshop and discover firsthand how grapes are picked alongside our winemakers? At Bouquet d\u2019Alella, we offer you a unique and authentic way to start your Sunday!<\/p>\n<p>We\u2019ll begin the workshop with a theoretical introduction to learn more about one of the year\u2019s most emblematic tasks: the grape harvest. We\u2019ll discover how and why the grapes are carefully hand-picked at a key moment for wine quality. It\u2019s a very special time for winemakers, full of dedication and excitement.<\/p>\n<p>Next, we\u2019ll head to the vineyard to put into practice what we&#8217;ve learned. Guided by our winemakers, we&#8217;ll harvest grapes among the vines with spectacular views of Alella, the sea, and the city of Barcelona.<\/p>\n<p>To finish, this activity includes a fork breakfast among the vines, paired with our organic wines.<\/p>\n<p><strong>The menu, prepared by our private chef, includes:<\/strong><\/p>\n<ul>\n<li>Bouquet d\u2019Alella Pansa Blanca<\/li>\n<li>Fresh gazpacho made with market tomatoes, summer harvest.<\/li>\n<li>Bouquet d\u2019Alella Blanc +<\/li>\n<li>Ganxet beans with baby squid and caramelized onion<\/li>\n<li>Bouquet d\u2019Alella Garnatxa Negra<\/li>\n<li>Saut\u00e9ed wild mushrooms with a fresh egg from our farm and garden chives<\/li>\n<li>Bouquet d\u2019Alella Plaer Escum\u00f3s<\/li>\n<li>Soft lemon cake with summer blackberries<\/li>\n<li>Includes: Water and coffee.<\/li>\n<\/ul>\n<p><strong>Price: \u20ac65<\/strong><br \/>\nThe price includes:<\/p>\n<ul>\n<li>Seasonal activity (harvest)<\/li>\n<li>Fork breakfast prepared by our chef with Bouquet d\u2019Alella wines<\/li>\n<li>Guided tour of the vineyards and winery<\/li>\n<\/ul>\n<p><strong>Duration:<\/strong> 3 hours<br \/>\n<strong>Date:<\/strong> Sunday, September 7, 2025<br \/>\n<strong>Start time:<\/strong> 10:00 a.m.<\/p>\n<p>&nbsp;<\/p>\n<p><span class=\"fareharbor_btn_comprar\">[lightframe shortname=\"bouquetdalella\" fallback=\"simple\" full_items=\"yes\" flow=\"1393187\" view_item=\"642526\"]BOOK[\/lightframe]<\/span><\/p>\n","protected":false},"featured_media":31885,"template":"","meta":{"_acf_changed":false},"product_brand":[],"product_cat":[142],"product_tag":[389],"class_list":{"0":"post-31911","1":"product","2":"type-product","3":"status-publish","4":"has-post-thumbnail","6":"product_cat-wine-tourism","7":"product_tag-fareharbor-en","9":"first","10":"outofstock","11":"featured","12":"virtual","13":"taxable","14":"purchasable","15":"product-type-simple"},"acf":[],"yoast_head":"<!-- This site is optimized with the Yoast SEO plugin v27.3 - https:\/\/yoast.com\/product\/yoast-seo-wordpress\/ -->\n<title>Harvest Workshop with Fork Breakfast - Bouquet d&#039;Alella<\/title>\n<meta name=\"description\" content=\"Would you like to experience a grape harvest workshop and discover first-hand how grapes are harvested alongside our winegrowers? At Bouquet d\u2019Alella we offer you a different and authentic way to start your Sunday!\" \/>\n<meta name=\"robots\" content=\"noindex, follow, max-snippet:-1, max-image-preview:large, max-video-preview:-1\" \/>\n<meta property=\"og:locale\" content=\"en_US\" \/>\n<meta property=\"og:type\" content=\"article\" \/>\n<meta property=\"og:title\" content=\"Harvest Workshop with Fork Breakfast - Bouquet d&#039;Alella\" \/>\n<meta property=\"og:description\" content=\"Would you like to experience a grape harvest workshop and discover first-hand how grapes are harvested alongside our winegrowers? At Bouquet d\u2019Alella we offer you a different and authentic way to start your Sunday!\" \/>\n<meta property=\"og:url\" content=\"https:\/\/bk10426.bouquetdalella.com\/en\/producte\/harvest-workshop-with-fork-breakfast\/\" \/>\n<meta property=\"og:site_name\" content=\"Bouquet d&#039;Alella\" \/>\n<meta property=\"article:modified_time\" content=\"2025-06-25T15:18:17+00:00\" \/>\n<meta property=\"og:image\" content=\"https:\/\/bk10426.bouquetdalella.com\/wp-content\/uploads\/2025\/06\/PHOTO-2024-02-05-05-31-40.jpg\" \/>\n\t<meta property=\"og:image:width\" content=\"1200\" \/>\n\t<meta property=\"og:image:height\" content=\"1596\" \/>\n\t<meta property=\"og:image:type\" content=\"image\/jpeg\" \/>\n<meta name=\"twitter:card\" content=\"summary_large_image\" \/>\n<meta name=\"twitter:label1\" content=\"Est. reading time\" \/>\n\t<meta name=\"twitter:data1\" content=\"1 minute\" \/>\n<script type=\"application\/ld+json\" class=\"yoast-schema-graph\">{\"@context\":\"https:\\\/\\\/schema.org\",\"@graph\":[{\"@type\":\"WebPage\",\"@id\":\"https:\\\/\\\/bk10426.bouquetdalella.com\\\/en\\\/producte\\\/harvest-workshop-with-fork-breakfast\\\/\",\"url\":\"https:\\\/\\\/bk10426.bouquetdalella.com\\\/en\\\/producte\\\/harvest-workshop-with-fork-breakfast\\\/\",\"name\":\"Harvest Workshop with Fork Breakfast - Bouquet d&#039;Alella\",\"isPartOf\":{\"@id\":\"https:\\\/\\\/bk10426.bouquetdalella.com\\\/en\\\/#website\"},\"primaryImageOfPage\":{\"@id\":\"https:\\\/\\\/bk10426.bouquetdalella.com\\\/en\\\/producte\\\/harvest-workshop-with-fork-breakfast\\\/#primaryimage\"},\"image\":{\"@id\":\"https:\\\/\\\/bk10426.bouquetdalella.com\\\/en\\\/producte\\\/harvest-workshop-with-fork-breakfast\\\/#primaryimage\"},\"thumbnailUrl\":\"https:\\\/\\\/bk10426.bouquetdalella.com\\\/wp-content\\\/uploads\\\/2025\\\/06\\\/PHOTO-2024-02-05-05-31-40.jpg\",\"datePublished\":\"2025-06-11T07:57:50+00:00\",\"dateModified\":\"2025-06-25T15:18:17+00:00\",\"description\":\"Would you like to experience a grape harvest workshop and discover first-hand how grapes are harvested alongside our winegrowers? At Bouquet d\u2019Alella we offer you a different and authentic way to start your Sunday!\",\"breadcrumb\":{\"@id\":\"https:\\\/\\\/bk10426.bouquetdalella.com\\\/en\\\/producte\\\/harvest-workshop-with-fork-breakfast\\\/#breadcrumb\"},\"inLanguage\":\"en-US\",\"potentialAction\":[{\"@type\":\"ReadAction\",\"target\":[\"https:\\\/\\\/bk10426.bouquetdalella.com\\\/en\\\/producte\\\/harvest-workshop-with-fork-breakfast\\\/\"]}]},{\"@type\":\"ImageObject\",\"inLanguage\":\"en-US\",\"@id\":\"https:\\\/\\\/bk10426.bouquetdalella.com\\\/en\\\/producte\\\/harvest-workshop-with-fork-breakfast\\\/#primaryimage\",\"url\":\"https:\\\/\\\/bk10426.bouquetdalella.com\\\/wp-content\\\/uploads\\\/2025\\\/06\\\/PHOTO-2024-02-05-05-31-40.jpg\",\"contentUrl\":\"https:\\\/\\\/bk10426.bouquetdalella.com\\\/wp-content\\\/uploads\\\/2025\\\/06\\\/PHOTO-2024-02-05-05-31-40.jpg\",\"width\":1200,\"height\":1596},{\"@type\":\"BreadcrumbList\",\"@id\":\"https:\\\/\\\/bk10426.bouquetdalella.com\\\/en\\\/producte\\\/harvest-workshop-with-fork-breakfast\\\/#breadcrumb\",\"itemListElement\":[{\"@type\":\"ListItem\",\"position\":1,\"name\":\"Inici\",\"item\":\"https:\\\/\\\/bk10426.bouquetdalella.com\\\/en\\\/\"},{\"@type\":\"ListItem\",\"position\":2,\"name\":\"Shop\",\"item\":\"https:\\\/\\\/bk10426.bouquetdalella.com\\\/en\\\/shop\\\/\"},{\"@type\":\"ListItem\",\"position\":3,\"name\":\"Harvest Workshop with Fork Breakfast\"}]},{\"@type\":\"WebSite\",\"@id\":\"https:\\\/\\\/bk10426.bouquetdalella.com\\\/en\\\/#website\",\"url\":\"https:\\\/\\\/bk10426.bouquetdalella.com\\\/en\\\/\",\"name\":\"Bouquet d&#039;Alella\",\"description\":\"El Celler Bouquet d\u2019Alella neix amb la clara intenci\u00f3 d\u2019explotar dues vessants diferents per\u00f2 complement\u00e0ries en el mon del vi. Per una banda, la producci\u00f3n i venda de vins ecol\u00f2gics de qualitat i per l\u2019altra la promoci\u00f3 de l\u2019enoturisme.\",\"publisher\":{\"@id\":\"https:\\\/\\\/bk10426.bouquetdalella.com\\\/en\\\/#organization\"},\"potentialAction\":[{\"@type\":\"SearchAction\",\"target\":{\"@type\":\"EntryPoint\",\"urlTemplate\":\"https:\\\/\\\/bk10426.bouquetdalella.com\\\/en\\\/?s={search_term_string}\"},\"query-input\":{\"@type\":\"PropertyValueSpecification\",\"valueRequired\":true,\"valueName\":\"search_term_string\"}}],\"inLanguage\":\"en-US\"},{\"@type\":\"Organization\",\"@id\":\"https:\\\/\\\/bk10426.bouquetdalella.com\\\/en\\\/#organization\",\"name\":\"Bouquet d&#039;Alella\",\"url\":\"https:\\\/\\\/bk10426.bouquetdalella.com\\\/en\\\/\",\"logo\":{\"@type\":\"ImageObject\",\"inLanguage\":\"en-US\",\"@id\":\"https:\\\/\\\/bk10426.bouquetdalella.com\\\/en\\\/#\\\/schema\\\/logo\\\/image\\\/\",\"url\":\"https:\\\/\\\/bk10426.bouquetdalella.com\\\/wp-content\\\/uploads\\\/2023\\\/04\\\/cropped-cropped-cropped-logo_bouquet_d_alella-2-300x53-1.png\",\"contentUrl\":\"https:\\\/\\\/bk10426.bouquetdalella.com\\\/wp-content\\\/uploads\\\/2023\\\/04\\\/cropped-cropped-cropped-logo_bouquet_d_alella-2-300x53-1.png\",\"width\":300,\"height\":52,\"caption\":\"Bouquet d&#039;Alella\"},\"image\":{\"@id\":\"https:\\\/\\\/bk10426.bouquetdalella.com\\\/en\\\/#\\\/schema\\\/logo\\\/image\\\/\"}}]}<\/script>\n<!-- \/ Yoast SEO plugin. -->","yoast_head_json":{"title":"Harvest Workshop with Fork Breakfast - Bouquet d&#039;Alella","description":"Would you like to experience a grape harvest workshop and discover first-hand how grapes are harvested alongside our winegrowers? At Bouquet d\u2019Alella we offer you a different and authentic way to start your Sunday!","robots":{"index":"noindex","follow":"follow","max-snippet":"max-snippet:-1","max-image-preview":"max-image-preview:large","max-video-preview":"max-video-preview:-1"},"og_locale":"en_US","og_type":"article","og_title":"Harvest Workshop with Fork Breakfast - Bouquet d&#039;Alella","og_description":"Would you like to experience a grape harvest workshop and discover first-hand how grapes are harvested alongside our winegrowers? At Bouquet d\u2019Alella we offer you a different and authentic way to start your Sunday!","og_url":"https:\/\/bk10426.bouquetdalella.com\/en\/producte\/harvest-workshop-with-fork-breakfast\/","og_site_name":"Bouquet d&#039;Alella","article_modified_time":"2025-06-25T15:18:17+00:00","og_image":[{"width":1200,"height":1596,"url":"https:\/\/bk10426.bouquetdalella.com\/wp-content\/uploads\/2025\/06\/PHOTO-2024-02-05-05-31-40.jpg","type":"image\/jpeg"}],"twitter_card":"summary_large_image","twitter_misc":{"Est. reading time":"1 minute"},"schema":{"@context":"https:\/\/schema.org","@graph":[{"@type":"WebPage","@id":"https:\/\/bk10426.bouquetdalella.com\/en\/producte\/harvest-workshop-with-fork-breakfast\/","url":"https:\/\/bk10426.bouquetdalella.com\/en\/producte\/harvest-workshop-with-fork-breakfast\/","name":"Harvest Workshop with Fork Breakfast - Bouquet d&#039;Alella","isPartOf":{"@id":"https:\/\/bk10426.bouquetdalella.com\/en\/#website"},"primaryImageOfPage":{"@id":"https:\/\/bk10426.bouquetdalella.com\/en\/producte\/harvest-workshop-with-fork-breakfast\/#primaryimage"},"image":{"@id":"https:\/\/bk10426.bouquetdalella.com\/en\/producte\/harvest-workshop-with-fork-breakfast\/#primaryimage"},"thumbnailUrl":"https:\/\/bk10426.bouquetdalella.com\/wp-content\/uploads\/2025\/06\/PHOTO-2024-02-05-05-31-40.jpg","datePublished":"2025-06-11T07:57:50+00:00","dateModified":"2025-06-25T15:18:17+00:00","description":"Would you like to experience a grape harvest workshop and discover first-hand how grapes are harvested alongside our winegrowers? At Bouquet d\u2019Alella we offer you a different and authentic way to start your Sunday!","breadcrumb":{"@id":"https:\/\/bk10426.bouquetdalella.com\/en\/producte\/harvest-workshop-with-fork-breakfast\/#breadcrumb"},"inLanguage":"en-US","potentialAction":[{"@type":"ReadAction","target":["https:\/\/bk10426.bouquetdalella.com\/en\/producte\/harvest-workshop-with-fork-breakfast\/"]}]},{"@type":"ImageObject","inLanguage":"en-US","@id":"https:\/\/bk10426.bouquetdalella.com\/en\/producte\/harvest-workshop-with-fork-breakfast\/#primaryimage","url":"https:\/\/bk10426.bouquetdalella.com\/wp-content\/uploads\/2025\/06\/PHOTO-2024-02-05-05-31-40.jpg","contentUrl":"https:\/\/bk10426.bouquetdalella.com\/wp-content\/uploads\/2025\/06\/PHOTO-2024-02-05-05-31-40.jpg","width":1200,"height":1596},{"@type":"BreadcrumbList","@id":"https:\/\/bk10426.bouquetdalella.com\/en\/producte\/harvest-workshop-with-fork-breakfast\/#breadcrumb","itemListElement":[{"@type":"ListItem","position":1,"name":"Inici","item":"https:\/\/bk10426.bouquetdalella.com\/en\/"},{"@type":"ListItem","position":2,"name":"Shop","item":"https:\/\/bk10426.bouquetdalella.com\/en\/shop\/"},{"@type":"ListItem","position":3,"name":"Harvest Workshop with Fork Breakfast"}]},{"@type":"WebSite","@id":"https:\/\/bk10426.bouquetdalella.com\/en\/#website","url":"https:\/\/bk10426.bouquetdalella.com\/en\/","name":"Bouquet d&#039;Alella","description":"El Celler Bouquet d\u2019Alella neix amb la clara intenci\u00f3 d\u2019explotar dues vessants diferents per\u00f2 complement\u00e0ries en el mon del vi. Per una banda, la producci\u00f3n i venda de vins ecol\u00f2gics de qualitat i per l\u2019altra la promoci\u00f3 de l\u2019enoturisme.","publisher":{"@id":"https:\/\/bk10426.bouquetdalella.com\/en\/#organization"},"potentialAction":[{"@type":"SearchAction","target":{"@type":"EntryPoint","urlTemplate":"https:\/\/bk10426.bouquetdalella.com\/en\/?s={search_term_string}"},"query-input":{"@type":"PropertyValueSpecification","valueRequired":true,"valueName":"search_term_string"}}],"inLanguage":"en-US"},{"@type":"Organization","@id":"https:\/\/bk10426.bouquetdalella.com\/en\/#organization","name":"Bouquet d&#039;Alella","url":"https:\/\/bk10426.bouquetdalella.com\/en\/","logo":{"@type":"ImageObject","inLanguage":"en-US","@id":"https:\/\/bk10426.bouquetdalella.com\/en\/#\/schema\/logo\/image\/","url":"https:\/\/bk10426.bouquetdalella.com\/wp-content\/uploads\/2023\/04\/cropped-cropped-cropped-logo_bouquet_d_alella-2-300x53-1.png","contentUrl":"https:\/\/bk10426.bouquetdalella.com\/wp-content\/uploads\/2023\/04\/cropped-cropped-cropped-logo_bouquet_d_alella-2-300x53-1.png","width":300,"height":52,"caption":"Bouquet d&#039;Alella"},"image":{"@id":"https:\/\/bk10426.bouquetdalella.com\/en\/#\/schema\/logo\/image\/"}}]}},"_links":{"self":[{"href":"https:\/\/bk10426.bouquetdalella.com\/en\/wp-json\/wp\/v2\/product\/31911","targetHints":{"allow":["GET"]}}],"collection":[{"href":"https:\/\/bk10426.bouquetdalella.com\/en\/wp-json\/wp\/v2\/product"}],"about":[{"href":"https:\/\/bk10426.bouquetdalella.com\/en\/wp-json\/wp\/v2\/types\/product"}],"version-history":[{"count":0,"href":"https:\/\/bk10426.bouquetdalella.com\/en\/wp-json\/wp\/v2\/product\/31911\/revisions"}],"wp:featuredmedia":[{"embeddable":true,"href":"https:\/\/bk10426.bouquetdalella.com\/en\/wp-json\/wp\/v2\/media\/31885"}],"wp:attachment":[{"href":"https:\/\/bk10426.bouquetdalella.com\/en\/wp-json\/wp\/v2\/media?parent=31911"}],"wp:term":[{"taxonomy":"product_brand","embeddable":true,"href":"https:\/\/bk10426.bouquetdalella.com\/en\/wp-json\/wp\/v2\/product_brand?post=31911"},{"taxonomy":"product_cat","embeddable":true,"href":"https:\/\/bk10426.bouquetdalella.com\/en\/wp-json\/wp\/v2\/product_cat?post=31911"},{"taxonomy":"product_tag","embeddable":true,"href":"https:\/\/bk10426.bouquetdalella.com\/en\/wp-json\/wp\/v2\/product_tag?post=31911"}],"curies":[{"name":"wp","href":"https:\/\/api.w.org\/{rel}","templated":true}]}}