{"id":30635,"date":"2025-03-24T12:42:23","date_gmt":"2025-03-24T11:42:23","guid":{"rendered":"https:\/\/bk10426.bouquetdalella.com\/?post_type=product&#038;p=30635"},"modified":"2025-04-08T09:33:24","modified_gmt":"2025-04-08T07:33:24","slug":"music-and-wine","status":"publish","type":"product","link":"https:\/\/bk10426.bouquetdalella.com\/en\/producte\/music-and-wine\/","title":{"rendered":"Music and wine"},"content":{"rendered":"\t\t<div data-elementor-type=\"product-post\" data-elementor-id=\"30635\" class=\"elementor elementor-30635 elementor-30626\" data-elementor-post-type=\"product\">\n\t\t\t\t\t\t<section class=\"elementor-section elementor-top-section elementor-element elementor-element-1807f68e elementor-section-boxed elementor-section-height-default elementor-section-height-default\" data-id=\"1807f68e\" data-element_type=\"section\" data-e-type=\"section\">\n\t\t\t\t\t\t<div class=\"elementor-container elementor-column-gap-default\">\n\t\t\t\t\t<div class=\"elementor-column elementor-col-100 elementor-top-column elementor-element elementor-element-5598168e\" data-id=\"5598168e\" data-element_type=\"column\" data-e-type=\"column\">\n\t\t\t<div class=\"elementor-widget-wrap elementor-element-populated\">\n\t\t\t\t\t\t\t<\/div>\n\t\t<\/div>\n\t\t\t\t\t<\/div>\n\t\t<\/section>\n\t\t\t\t<\/div>\n\t\t","protected":false},"excerpt":{"rendered":"<p>On Tuesday, April 22nd, at <strong>BOUQUET D&#8217;ALELLA<\/strong>, we will have a Sant Jordi tasting!<\/p>\n<p>We will add the taste of the sea, wind, and salt to our wines with the concert <strong>MEDITERR\u00c0NEAMENT.<\/strong><\/p>\n<p>The voice and guitar duo from Arenys de Munt, <strong>CARME VERA<\/strong> and <strong>MANU CORBAL\u00c1N<\/strong>, will take us on a journey through the works of poets and singer-songwriters like Espriu, Lorca, Salvat-Papasseit, Segarra, Serrat, Llach, and Ovidi Montllor.<\/p>\n<p>Let&#8217;s celebrate Sant Jordi by listening to the musicalized lyrics written by unforgettable authors.<\/p>\n<p>A concert that opens a new space for encounters: <strong>MUSIC and WINE<\/strong>, created to enjoy pairing our wines with different local artists who will visit us.<\/p>\n<p>Let\u2019s take advantage of the opportunities that what we have close to us offers.<\/p>\n<p>We look forward to seeing you at 7:30 pm.<\/p>\n<p><strong><br \/>\nPrice<\/strong>: 22\u20ac<\/p>\n<p>Includes:<\/p>\n<ul>\n<li>Concert<\/li>\n<li>Glass of Bouquet d\u2019Alella wine<\/li>\n<\/ul>\n<p>Duration: 60\/75 minutes<\/p>\n","protected":false},"featured_media":30655,"template":"","meta":{"_acf_changed":false},"product_brand":[],"product_cat":[142],"product_tag":[143],"class_list":{"0":"post-30635","1":"product","2":"type-product","3":"status-publish","4":"has-post-thumbnail","6":"product_cat-wine-tourism","7":"product_tag-buy","9":"first","10":"outofstock","11":"virtual","12":"taxable","13":"purchasable","14":"product-type-simple"},"acf":[],"yoast_head":"<!-- This site is optimized with the Yoast SEO plugin v27.3 - https:\/\/yoast.com\/product\/yoast-seo-wordpress\/ -->\n<title>Music and wine - Bouquet d&#039;Alella<\/title>\n<meta name=\"robots\" content=\"noindex, follow, max-snippet:-1, max-image-preview:large, max-video-preview:-1\" \/>\n<meta property=\"og:locale\" content=\"en_US\" \/>\n<meta property=\"og:type\" content=\"article\" \/>\n<meta property=\"og:title\" content=\"Music and wine - Bouquet d&#039;Alella\" \/>\n<meta property=\"og:description\" content=\"On Tuesday, April 22nd, at BOUQUET D&#039;ALELLA, we will have a Sant Jordi tasting!  We will add the taste of the sea, wind, and salt to our wines with the concert MEDITERR\u00c0NEAMENT.  The voice and guitar duo from Arenys de Munt, CARME VERA and MANU CORBAL\u00c1N, will take us on a journey through the works of poets and singer-songwriters like Espriu, Lorca, Salvat-Papasseit, Segarra, Serrat, Llach, and Ovidi Montllor.  Let&#039;s celebrate Sant Jordi by listening to the musicalized lyrics written by unforgettable authors.  A concert that opens a new space for encounters: MUSIC and WINE, created to enjoy pairing our wines with different local artists who will visit us.  Let\u2019s take advantage of the opportunities that what we have close to us offers.  We look forward to seeing you at 7:30 pm.   Price: 22\u20ac  Includes:   Concert  Glass of Bouquet d\u2019Alella wine  Duration: 60\/75 minutes\" \/>\n<meta property=\"og:url\" content=\"https:\/\/bk10426.bouquetdalella.com\/en\/producte\/music-and-wine\/\" \/>\n<meta property=\"og:site_name\" content=\"Bouquet d&#039;Alella\" \/>\n<meta property=\"article:modified_time\" content=\"2025-04-08T07:33:24+00:00\" \/>\n<meta property=\"og:image\" content=\"https:\/\/bk10426.bouquetdalella.com\/wp-content\/uploads\/2025\/03\/bouquet_musica_vi-1.jpg\" \/>\n\t<meta property=\"og:image:width\" content=\"701\" \/>\n\t<meta property=\"og:image:height\" content=\"521\" \/>\n\t<meta property=\"og:image:type\" content=\"image\/jpeg\" \/>\n<meta name=\"twitter:card\" content=\"summary_large_image\" \/>\n<script type=\"application\/ld+json\" class=\"yoast-schema-graph\">{\"@context\":\"https:\\\/\\\/schema.org\",\"@graph\":[{\"@type\":\"WebPage\",\"@id\":\"https:\\\/\\\/bk10426.bouquetdalella.com\\\/en\\\/producte\\\/music-and-wine\\\/\",\"url\":\"https:\\\/\\\/bk10426.bouquetdalella.com\\\/en\\\/producte\\\/music-and-wine\\\/\",\"name\":\"Music and wine - Bouquet d&#039;Alella\",\"isPartOf\":{\"@id\":\"https:\\\/\\\/bk10426.bouquetdalella.com\\\/en\\\/#website\"},\"primaryImageOfPage\":{\"@id\":\"https:\\\/\\\/bk10426.bouquetdalella.com\\\/en\\\/producte\\\/music-and-wine\\\/#primaryimage\"},\"image\":{\"@id\":\"https:\\\/\\\/bk10426.bouquetdalella.com\\\/en\\\/producte\\\/music-and-wine\\\/#primaryimage\"},\"thumbnailUrl\":\"https:\\\/\\\/bk10426.bouquetdalella.com\\\/wp-content\\\/uploads\\\/2025\\\/03\\\/bouquet_musica_vi-1.jpg\",\"datePublished\":\"2025-03-24T11:42:23+00:00\",\"dateModified\":\"2025-04-08T07:33:24+00:00\",\"breadcrumb\":{\"@id\":\"https:\\\/\\\/bk10426.bouquetdalella.com\\\/en\\\/producte\\\/music-and-wine\\\/#breadcrumb\"},\"inLanguage\":\"en-US\",\"potentialAction\":[{\"@type\":\"ReadAction\",\"target\":[\"https:\\\/\\\/bk10426.bouquetdalella.com\\\/en\\\/producte\\\/music-and-wine\\\/\"]}]},{\"@type\":\"ImageObject\",\"inLanguage\":\"en-US\",\"@id\":\"https:\\\/\\\/bk10426.bouquetdalella.com\\\/en\\\/producte\\\/music-and-wine\\\/#primaryimage\",\"url\":\"https:\\\/\\\/bk10426.bouquetdalella.com\\\/wp-content\\\/uploads\\\/2025\\\/03\\\/bouquet_musica_vi-1.jpg\",\"contentUrl\":\"https:\\\/\\\/bk10426.bouquetdalella.com\\\/wp-content\\\/uploads\\\/2025\\\/03\\\/bouquet_musica_vi-1.jpg\",\"width\":701,\"height\":521},{\"@type\":\"BreadcrumbList\",\"@id\":\"https:\\\/\\\/bk10426.bouquetdalella.com\\\/en\\\/producte\\\/music-and-wine\\\/#breadcrumb\",\"itemListElement\":[{\"@type\":\"ListItem\",\"position\":1,\"name\":\"Inici\",\"item\":\"https:\\\/\\\/bk10426.bouquetdalella.com\\\/en\\\/\"},{\"@type\":\"ListItem\",\"position\":2,\"name\":\"Shop\",\"item\":\"https:\\\/\\\/bk10426.bouquetdalella.com\\\/en\\\/shop\\\/\"},{\"@type\":\"ListItem\",\"position\":3,\"name\":\"Music and wine\"}]},{\"@type\":\"WebSite\",\"@id\":\"https:\\\/\\\/bk10426.bouquetdalella.com\\\/en\\\/#website\",\"url\":\"https:\\\/\\\/bk10426.bouquetdalella.com\\\/en\\\/\",\"name\":\"Bouquet d&#039;Alella\",\"description\":\"El Celler Bouquet d\u2019Alella neix amb la clara intenci\u00f3 d\u2019explotar dues vessants diferents per\u00f2 complement\u00e0ries en el mon del vi. Per una banda, la producci\u00f3n i venda de vins ecol\u00f2gics de qualitat i per l\u2019altra la promoci\u00f3 de l\u2019enoturisme.\",\"publisher\":{\"@id\":\"https:\\\/\\\/bk10426.bouquetdalella.com\\\/en\\\/#organization\"},\"potentialAction\":[{\"@type\":\"SearchAction\",\"target\":{\"@type\":\"EntryPoint\",\"urlTemplate\":\"https:\\\/\\\/bk10426.bouquetdalella.com\\\/en\\\/?s={search_term_string}\"},\"query-input\":{\"@type\":\"PropertyValueSpecification\",\"valueRequired\":true,\"valueName\":\"search_term_string\"}}],\"inLanguage\":\"en-US\"},{\"@type\":\"Organization\",\"@id\":\"https:\\\/\\\/bk10426.bouquetdalella.com\\\/en\\\/#organization\",\"name\":\"Bouquet d&#039;Alella\",\"url\":\"https:\\\/\\\/bk10426.bouquetdalella.com\\\/en\\\/\",\"logo\":{\"@type\":\"ImageObject\",\"inLanguage\":\"en-US\",\"@id\":\"https:\\\/\\\/bk10426.bouquetdalella.com\\\/en\\\/#\\\/schema\\\/logo\\\/image\\\/\",\"url\":\"https:\\\/\\\/bk10426.bouquetdalella.com\\\/wp-content\\\/uploads\\\/2023\\\/04\\\/cropped-cropped-cropped-logo_bouquet_d_alella-2-300x53-1.png\",\"contentUrl\":\"https:\\\/\\\/bk10426.bouquetdalella.com\\\/wp-content\\\/uploads\\\/2023\\\/04\\\/cropped-cropped-cropped-logo_bouquet_d_alella-2-300x53-1.png\",\"width\":300,\"height\":52,\"caption\":\"Bouquet d&#039;Alella\"},\"image\":{\"@id\":\"https:\\\/\\\/bk10426.bouquetdalella.com\\\/en\\\/#\\\/schema\\\/logo\\\/image\\\/\"}}]}<\/script>\n<!-- \/ Yoast SEO plugin. -->","yoast_head_json":{"title":"Music and wine - Bouquet d&#039;Alella","robots":{"index":"noindex","follow":"follow","max-snippet":"max-snippet:-1","max-image-preview":"max-image-preview:large","max-video-preview":"max-video-preview:-1"},"og_locale":"en_US","og_type":"article","og_title":"Music and wine - Bouquet d&#039;Alella","og_description":"On Tuesday, April 22nd, at BOUQUET D'ALELLA, we will have a Sant Jordi tasting!  We will add the taste of the sea, wind, and salt to our wines with the concert MEDITERR\u00c0NEAMENT.  The voice and guitar duo from Arenys de Munt, CARME VERA and MANU CORBAL\u00c1N, will take us on a journey through the works of poets and singer-songwriters like Espriu, Lorca, Salvat-Papasseit, Segarra, Serrat, Llach, and Ovidi Montllor.  Let's celebrate Sant Jordi by listening to the musicalized lyrics written by unforgettable authors.  A concert that opens a new space for encounters: MUSIC and WINE, created to enjoy pairing our wines with different local artists who will visit us.  Let\u2019s take advantage of the opportunities that what we have close to us offers.  We look forward to seeing you at 7:30 pm.   Price: 22\u20ac  Includes:   Concert  Glass of Bouquet d\u2019Alella wine  Duration: 60\/75 minutes","og_url":"https:\/\/bk10426.bouquetdalella.com\/en\/producte\/music-and-wine\/","og_site_name":"Bouquet d&#039;Alella","article_modified_time":"2025-04-08T07:33:24+00:00","og_image":[{"width":701,"height":521,"url":"https:\/\/bk10426.bouquetdalella.com\/wp-content\/uploads\/2025\/03\/bouquet_musica_vi-1.jpg","type":"image\/jpeg"}],"twitter_card":"summary_large_image","schema":{"@context":"https:\/\/schema.org","@graph":[{"@type":"WebPage","@id":"https:\/\/bk10426.bouquetdalella.com\/en\/producte\/music-and-wine\/","url":"https:\/\/bk10426.bouquetdalella.com\/en\/producte\/music-and-wine\/","name":"Music and wine - Bouquet d&#039;Alella","isPartOf":{"@id":"https:\/\/bk10426.bouquetdalella.com\/en\/#website"},"primaryImageOfPage":{"@id":"https:\/\/bk10426.bouquetdalella.com\/en\/producte\/music-and-wine\/#primaryimage"},"image":{"@id":"https:\/\/bk10426.bouquetdalella.com\/en\/producte\/music-and-wine\/#primaryimage"},"thumbnailUrl":"https:\/\/bk10426.bouquetdalella.com\/wp-content\/uploads\/2025\/03\/bouquet_musica_vi-1.jpg","datePublished":"2025-03-24T11:42:23+00:00","dateModified":"2025-04-08T07:33:24+00:00","breadcrumb":{"@id":"https:\/\/bk10426.bouquetdalella.com\/en\/producte\/music-and-wine\/#breadcrumb"},"inLanguage":"en-US","potentialAction":[{"@type":"ReadAction","target":["https:\/\/bk10426.bouquetdalella.com\/en\/producte\/music-and-wine\/"]}]},{"@type":"ImageObject","inLanguage":"en-US","@id":"https:\/\/bk10426.bouquetdalella.com\/en\/producte\/music-and-wine\/#primaryimage","url":"https:\/\/bk10426.bouquetdalella.com\/wp-content\/uploads\/2025\/03\/bouquet_musica_vi-1.jpg","contentUrl":"https:\/\/bk10426.bouquetdalella.com\/wp-content\/uploads\/2025\/03\/bouquet_musica_vi-1.jpg","width":701,"height":521},{"@type":"BreadcrumbList","@id":"https:\/\/bk10426.bouquetdalella.com\/en\/producte\/music-and-wine\/#breadcrumb","itemListElement":[{"@type":"ListItem","position":1,"name":"Inici","item":"https:\/\/bk10426.bouquetdalella.com\/en\/"},{"@type":"ListItem","position":2,"name":"Shop","item":"https:\/\/bk10426.bouquetdalella.com\/en\/shop\/"},{"@type":"ListItem","position":3,"name":"Music and wine"}]},{"@type":"WebSite","@id":"https:\/\/bk10426.bouquetdalella.com\/en\/#website","url":"https:\/\/bk10426.bouquetdalella.com\/en\/","name":"Bouquet d&#039;Alella","description":"El Celler Bouquet d\u2019Alella neix amb la clara intenci\u00f3 d\u2019explotar dues vessants diferents per\u00f2 complement\u00e0ries en el mon del vi. Per una banda, la producci\u00f3n i venda de vins ecol\u00f2gics de qualitat i per l\u2019altra la promoci\u00f3 de l\u2019enoturisme.","publisher":{"@id":"https:\/\/bk10426.bouquetdalella.com\/en\/#organization"},"potentialAction":[{"@type":"SearchAction","target":{"@type":"EntryPoint","urlTemplate":"https:\/\/bk10426.bouquetdalella.com\/en\/?s={search_term_string}"},"query-input":{"@type":"PropertyValueSpecification","valueRequired":true,"valueName":"search_term_string"}}],"inLanguage":"en-US"},{"@type":"Organization","@id":"https:\/\/bk10426.bouquetdalella.com\/en\/#organization","name":"Bouquet d&#039;Alella","url":"https:\/\/bk10426.bouquetdalella.com\/en\/","logo":{"@type":"ImageObject","inLanguage":"en-US","@id":"https:\/\/bk10426.bouquetdalella.com\/en\/#\/schema\/logo\/image\/","url":"https:\/\/bk10426.bouquetdalella.com\/wp-content\/uploads\/2023\/04\/cropped-cropped-cropped-logo_bouquet_d_alella-2-300x53-1.png","contentUrl":"https:\/\/bk10426.bouquetdalella.com\/wp-content\/uploads\/2023\/04\/cropped-cropped-cropped-logo_bouquet_d_alella-2-300x53-1.png","width":300,"height":52,"caption":"Bouquet d&#039;Alella"},"image":{"@id":"https:\/\/bk10426.bouquetdalella.com\/en\/#\/schema\/logo\/image\/"}}]}},"_links":{"self":[{"href":"https:\/\/bk10426.bouquetdalella.com\/en\/wp-json\/wp\/v2\/product\/30635","targetHints":{"allow":["GET"]}}],"collection":[{"href":"https:\/\/bk10426.bouquetdalella.com\/en\/wp-json\/wp\/v2\/product"}],"about":[{"href":"https:\/\/bk10426.bouquetdalella.com\/en\/wp-json\/wp\/v2\/types\/product"}],"version-history":[{"count":0,"href":"https:\/\/bk10426.bouquetdalella.com\/en\/wp-json\/wp\/v2\/product\/30635\/revisions"}],"wp:featuredmedia":[{"embeddable":true,"href":"https:\/\/bk10426.bouquetdalella.com\/en\/wp-json\/wp\/v2\/media\/30655"}],"wp:attachment":[{"href":"https:\/\/bk10426.bouquetdalella.com\/en\/wp-json\/wp\/v2\/media?parent=30635"}],"wp:term":[{"taxonomy":"product_brand","embeddable":true,"href":"https:\/\/bk10426.bouquetdalella.com\/en\/wp-json\/wp\/v2\/product_brand?post=30635"},{"taxonomy":"product_cat","embeddable":true,"href":"https:\/\/bk10426.bouquetdalella.com\/en\/wp-json\/wp\/v2\/product_cat?post=30635"},{"taxonomy":"product_tag","embeddable":true,"href":"https:\/\/bk10426.bouquetdalella.com\/en\/wp-json\/wp\/v2\/product_tag?post=30635"}],"curies":[{"name":"wp","href":"https:\/\/api.w.org\/{rel}","templated":true}]}}