{"id":24181,"date":"2023-12-18T14:14:59","date_gmt":"2023-12-18T13:14:59","guid":{"rendered":"https:\/\/bk10426.bouquetdalella.com\/?post_type=product&#038;p=24181"},"modified":"2023-12-19T11:47:09","modified_gmt":"2023-12-19T10:47:09","slug":"seasonal-pairing-winter-soups","status":"publish","type":"product","link":"https:\/\/bk10426.bouquetdalella.com\/en\/producte\/seasonal-pairing-winter-soups\/","title":{"rendered":"Seasonal pairing: Winter Soups"},"content":{"rendered":"","protected":false},"excerpt":{"rendered":"<p><span style=\"font-weight: 400;\">Join us once again to cook and savor succulent dishes paired with the finest wines. We have soups for every taste and in all their varieties. Our chef, Annette Schroeder, will explain and cook four recipes, which we&#8217;ll then pair with our wines.<\/span><\/p>\n<p>&nbsp;<\/p>\n<p><b>Activity Includes: <\/b><span style=\"font-weight: 400;\">Cooking\/Pairing Workshop: 4 dishes + 4 wines.<\/span><\/p>\n<p><b>Duration: <\/b><span style=\"font-weight: 400;\">2.5 hours.<\/span><\/p>\n<p><b>Date:<\/b><span style=\"font-weight: 400;\"> 25<\/span><span style=\"font-weight: 400;\">th<\/span><span style=\"font-weight: 400;\"> January 2024.<\/span><\/p>\n<p>&nbsp;<\/p>\n<p><span style=\"font-weight: 400;\">Choose Your Time:<\/span><\/p>\n<ul>\n<li><span style=\"font-weight: 400;\">Morning at 10:30 a.m.<\/span><\/li>\n<li><span style=\"font-weight: 400;\">Evening at 6:30 p.m.<\/span><\/li>\n<\/ul>\n<p>&nbsp;<\/p>\n<p><b>The menu to be cooked will be as follows:<\/b><\/p>\n<ul>\n<li><b>Red Lentil Soup in Curry with Tomato and Coconut Milk. <\/b><span style=\"font-weight: 400;\">Warm spices with a spicy touch of curry, the richness of lentil protein, and a silky finish with coconut milk. A flavorful vegan soup.<br \/>\n<\/span><b>Bouquet d\u2019Alella Blanc 2022<\/p>\n<p><\/b><\/li>\n<li><b> Kale and Spinach Cream with Hazelnuts. <\/b><span style=\"font-weight: 400;\">Iron, minerals, and all the vitamins you need this season in a cream with a crunch of caramelized hazelnuts.<br \/>\n<\/span><b>Entre Amics Blanc 2022<\/p>\n<p><\/b><\/li>\n<li><b> Pumpkin Soup with Maple Syrup. <\/b><span style=\"font-weight: 400;\">Delicious combination of sweet and savory flavors. Reminiscences of sunlight in every bite.<br \/>\n<\/span><b>Bouquet d\u2019Alella Blanc+ 2022<\/p>\n<p><\/b><\/li>\n<li><b> Norwegian Fish Soup.<\/b><span style=\"font-weight: 400;\">The North Sea gives us this gift. We&#8217;ll prepare it following the secrets of Nordic fishermen. Caramelized Onion Biscuits for dipping.<br \/>\n<\/span><b>Bouquet d\u2019Alella Garnatxa Rosada 2022<br \/>\n<\/b><\/li>\n<\/ul>\n<p>&nbsp;<\/p>\n<p><b>The session is taught by chef Annette Schroeder:<\/b><\/p>\n<p><span style=\"font-weight: 400;\">Annette has diplomas in food &amp; wine and food critic. She has been dedicated to designing and teaching courses for 12 years in different places such as Singapore, Sweden, USA, Ireland, Mexico, Madrid and for three years also in Barcelona.<\/span><\/p>\n<p><span style=\"font-weight: 400;\">She has worked with chefs such as Emanuel Stroobant with 7 Michelin stars and Darina Allen with 40 years of teaching experience.<\/span><\/p>\n<p><span style=\"font-weight: 400;\">With a history of courses, workshops and developed recipes, Annette is ready to welcome you and take you by the hand in a Food &amp; Wine pairing experience in our winery<\/span><\/p>\n","protected":false},"featured_media":23967,"template":"","meta":{"_acf_changed":false},"product_brand":[],"product_cat":[142],"product_tag":[143],"class_list":{"0":"post-24181","1":"product","2":"type-product","3":"status-publish","4":"has-post-thumbnail","6":"product_cat-wine-tourism","7":"product_tag-buy","9":"first","10":"outofstock","11":"taxable","12":"shipping-taxable","13":"purchasable","14":"product-type-variable"},"acf":[],"yoast_head":"<!-- This site is optimized with the Yoast SEO plugin v27.3 - https:\/\/yoast.com\/product\/yoast-seo-wordpress\/ -->\n<title>Seasonal pairing: Winter Soups - Bouquet d&#039;Alella<\/title>\n<meta name=\"description\" content=\"A good soup is always welcome in this season. We&#039;ve prepared this pairing workshop especially for you. Join us on the day 25th January.\" \/>\n<meta name=\"robots\" content=\"noindex, follow, max-snippet:-1, max-image-preview:large, max-video-preview:-1\" \/>\n<meta property=\"og:locale\" content=\"en_US\" \/>\n<meta property=\"og:type\" content=\"article\" \/>\n<meta property=\"og:title\" content=\"Seasonal pairing: Winter Soups - Bouquet d&#039;Alella\" \/>\n<meta property=\"og:description\" content=\"A good soup is always welcome in this season. We&#039;ve prepared this pairing workshop especially for you. Join us on the day 25th January.\" \/>\n<meta property=\"og:url\" content=\"https:\/\/bk10426.bouquetdalella.com\/en\/producte\/seasonal-pairing-winter-soups\/\" \/>\n<meta property=\"og:site_name\" content=\"Bouquet d&#039;Alella\" \/>\n<meta property=\"article:modified_time\" content=\"2023-12-19T10:47:09+00:00\" \/>\n<meta property=\"og:image\" content=\"https:\/\/bk10426.bouquetdalella.com\/wp-content\/uploads\/2023\/12\/foto-de-portada.jpg\" \/>\n\t<meta property=\"og:image:width\" content=\"1200\" \/>\n\t<meta property=\"og:image:height\" content=\"900\" \/>\n\t<meta property=\"og:image:type\" content=\"image\/jpeg\" \/>\n<meta name=\"twitter:card\" content=\"summary_large_image\" \/>\n<meta name=\"twitter:label1\" content=\"Est. reading time\" \/>\n\t<meta name=\"twitter:data1\" content=\"1 minute\" \/>\n<script type=\"application\/ld+json\" class=\"yoast-schema-graph\">{\"@context\":\"https:\\\/\\\/schema.org\",\"@graph\":[{\"@type\":\"WebPage\",\"@id\":\"https:\\\/\\\/bk10426.bouquetdalella.com\\\/en\\\/producte\\\/seasonal-pairing-winter-soups\\\/\",\"url\":\"https:\\\/\\\/bk10426.bouquetdalella.com\\\/en\\\/producte\\\/seasonal-pairing-winter-soups\\\/\",\"name\":\"Seasonal pairing: Winter Soups - Bouquet d&#039;Alella\",\"isPartOf\":{\"@id\":\"https:\\\/\\\/bk10426.bouquetdalella.com\\\/en\\\/#website\"},\"primaryImageOfPage\":{\"@id\":\"https:\\\/\\\/bk10426.bouquetdalella.com\\\/en\\\/producte\\\/seasonal-pairing-winter-soups\\\/#primaryimage\"},\"image\":{\"@id\":\"https:\\\/\\\/bk10426.bouquetdalella.com\\\/en\\\/producte\\\/seasonal-pairing-winter-soups\\\/#primaryimage\"},\"thumbnailUrl\":\"https:\\\/\\\/bk10426.bouquetdalella.com\\\/wp-content\\\/uploads\\\/2023\\\/12\\\/foto-de-portada.jpg\",\"datePublished\":\"2023-12-18T13:14:59+00:00\",\"dateModified\":\"2023-12-19T10:47:09+00:00\",\"description\":\"A good soup is always welcome in this season. We've prepared this pairing workshop especially for you. Join us on the day 25th January.\",\"breadcrumb\":{\"@id\":\"https:\\\/\\\/bk10426.bouquetdalella.com\\\/en\\\/producte\\\/seasonal-pairing-winter-soups\\\/#breadcrumb\"},\"inLanguage\":\"en-US\",\"potentialAction\":[{\"@type\":\"ReadAction\",\"target\":[\"https:\\\/\\\/bk10426.bouquetdalella.com\\\/en\\\/producte\\\/seasonal-pairing-winter-soups\\\/\"]}]},{\"@type\":\"ImageObject\",\"inLanguage\":\"en-US\",\"@id\":\"https:\\\/\\\/bk10426.bouquetdalella.com\\\/en\\\/producte\\\/seasonal-pairing-winter-soups\\\/#primaryimage\",\"url\":\"https:\\\/\\\/bk10426.bouquetdalella.com\\\/wp-content\\\/uploads\\\/2023\\\/12\\\/foto-de-portada.jpg\",\"contentUrl\":\"https:\\\/\\\/bk10426.bouquetdalella.com\\\/wp-content\\\/uploads\\\/2023\\\/12\\\/foto-de-portada.jpg\",\"width\":1200,\"height\":900},{\"@type\":\"BreadcrumbList\",\"@id\":\"https:\\\/\\\/bk10426.bouquetdalella.com\\\/en\\\/producte\\\/seasonal-pairing-winter-soups\\\/#breadcrumb\",\"itemListElement\":[{\"@type\":\"ListItem\",\"position\":1,\"name\":\"Inici\",\"item\":\"https:\\\/\\\/bk10426.bouquetdalella.com\\\/en\\\/\"},{\"@type\":\"ListItem\",\"position\":2,\"name\":\"Shop\",\"item\":\"https:\\\/\\\/bk10426.bouquetdalella.com\\\/en\\\/shop\\\/\"},{\"@type\":\"ListItem\",\"position\":3,\"name\":\"Seasonal pairing: Winter Soups\"}]},{\"@type\":\"WebSite\",\"@id\":\"https:\\\/\\\/bk10426.bouquetdalella.com\\\/en\\\/#website\",\"url\":\"https:\\\/\\\/bk10426.bouquetdalella.com\\\/en\\\/\",\"name\":\"Bouquet d&#039;Alella\",\"description\":\"El Celler Bouquet d\u2019Alella neix amb la clara intenci\u00f3 d\u2019explotar dues vessants diferents per\u00f2 complement\u00e0ries en el mon del vi. Per una banda, la producci\u00f3n i venda de vins ecol\u00f2gics de qualitat i per l\u2019altra la promoci\u00f3 de l\u2019enoturisme.\",\"publisher\":{\"@id\":\"https:\\\/\\\/bk10426.bouquetdalella.com\\\/en\\\/#organization\"},\"potentialAction\":[{\"@type\":\"SearchAction\",\"target\":{\"@type\":\"EntryPoint\",\"urlTemplate\":\"https:\\\/\\\/bk10426.bouquetdalella.com\\\/en\\\/?s={search_term_string}\"},\"query-input\":{\"@type\":\"PropertyValueSpecification\",\"valueRequired\":true,\"valueName\":\"search_term_string\"}}],\"inLanguage\":\"en-US\"},{\"@type\":\"Organization\",\"@id\":\"https:\\\/\\\/bk10426.bouquetdalella.com\\\/en\\\/#organization\",\"name\":\"Bouquet d&#039;Alella\",\"url\":\"https:\\\/\\\/bk10426.bouquetdalella.com\\\/en\\\/\",\"logo\":{\"@type\":\"ImageObject\",\"inLanguage\":\"en-US\",\"@id\":\"https:\\\/\\\/bk10426.bouquetdalella.com\\\/en\\\/#\\\/schema\\\/logo\\\/image\\\/\",\"url\":\"https:\\\/\\\/bk10426.bouquetdalella.com\\\/wp-content\\\/uploads\\\/2023\\\/04\\\/cropped-cropped-cropped-logo_bouquet_d_alella-2-300x53-1.png\",\"contentUrl\":\"https:\\\/\\\/bk10426.bouquetdalella.com\\\/wp-content\\\/uploads\\\/2023\\\/04\\\/cropped-cropped-cropped-logo_bouquet_d_alella-2-300x53-1.png\",\"width\":300,\"height\":52,\"caption\":\"Bouquet d&#039;Alella\"},\"image\":{\"@id\":\"https:\\\/\\\/bk10426.bouquetdalella.com\\\/en\\\/#\\\/schema\\\/logo\\\/image\\\/\"}}]}<\/script>\n<!-- \/ Yoast SEO plugin. -->","yoast_head_json":{"title":"Seasonal pairing: Winter Soups - Bouquet d&#039;Alella","description":"A good soup is always welcome in this season. We've prepared this pairing workshop especially for you. Join us on the day 25th January.","robots":{"index":"noindex","follow":"follow","max-snippet":"max-snippet:-1","max-image-preview":"max-image-preview:large","max-video-preview":"max-video-preview:-1"},"og_locale":"en_US","og_type":"article","og_title":"Seasonal pairing: Winter Soups - Bouquet d&#039;Alella","og_description":"A good soup is always welcome in this season. We've prepared this pairing workshop especially for you. Join us on the day 25th January.","og_url":"https:\/\/bk10426.bouquetdalella.com\/en\/producte\/seasonal-pairing-winter-soups\/","og_site_name":"Bouquet d&#039;Alella","article_modified_time":"2023-12-19T10:47:09+00:00","og_image":[{"width":1200,"height":900,"url":"https:\/\/bk10426.bouquetdalella.com\/wp-content\/uploads\/2023\/12\/foto-de-portada.jpg","type":"image\/jpeg"}],"twitter_card":"summary_large_image","twitter_misc":{"Est. reading time":"1 minute"},"schema":{"@context":"https:\/\/schema.org","@graph":[{"@type":"WebPage","@id":"https:\/\/bk10426.bouquetdalella.com\/en\/producte\/seasonal-pairing-winter-soups\/","url":"https:\/\/bk10426.bouquetdalella.com\/en\/producte\/seasonal-pairing-winter-soups\/","name":"Seasonal pairing: Winter Soups - Bouquet d&#039;Alella","isPartOf":{"@id":"https:\/\/bk10426.bouquetdalella.com\/en\/#website"},"primaryImageOfPage":{"@id":"https:\/\/bk10426.bouquetdalella.com\/en\/producte\/seasonal-pairing-winter-soups\/#primaryimage"},"image":{"@id":"https:\/\/bk10426.bouquetdalella.com\/en\/producte\/seasonal-pairing-winter-soups\/#primaryimage"},"thumbnailUrl":"https:\/\/bk10426.bouquetdalella.com\/wp-content\/uploads\/2023\/12\/foto-de-portada.jpg","datePublished":"2023-12-18T13:14:59+00:00","dateModified":"2023-12-19T10:47:09+00:00","description":"A good soup is always welcome in this season. We've prepared this pairing workshop especially for you. Join us on the day 25th January.","breadcrumb":{"@id":"https:\/\/bk10426.bouquetdalella.com\/en\/producte\/seasonal-pairing-winter-soups\/#breadcrumb"},"inLanguage":"en-US","potentialAction":[{"@type":"ReadAction","target":["https:\/\/bk10426.bouquetdalella.com\/en\/producte\/seasonal-pairing-winter-soups\/"]}]},{"@type":"ImageObject","inLanguage":"en-US","@id":"https:\/\/bk10426.bouquetdalella.com\/en\/producte\/seasonal-pairing-winter-soups\/#primaryimage","url":"https:\/\/bk10426.bouquetdalella.com\/wp-content\/uploads\/2023\/12\/foto-de-portada.jpg","contentUrl":"https:\/\/bk10426.bouquetdalella.com\/wp-content\/uploads\/2023\/12\/foto-de-portada.jpg","width":1200,"height":900},{"@type":"BreadcrumbList","@id":"https:\/\/bk10426.bouquetdalella.com\/en\/producte\/seasonal-pairing-winter-soups\/#breadcrumb","itemListElement":[{"@type":"ListItem","position":1,"name":"Inici","item":"https:\/\/bk10426.bouquetdalella.com\/en\/"},{"@type":"ListItem","position":2,"name":"Shop","item":"https:\/\/bk10426.bouquetdalella.com\/en\/shop\/"},{"@type":"ListItem","position":3,"name":"Seasonal pairing: Winter Soups"}]},{"@type":"WebSite","@id":"https:\/\/bk10426.bouquetdalella.com\/en\/#website","url":"https:\/\/bk10426.bouquetdalella.com\/en\/","name":"Bouquet d&#039;Alella","description":"El Celler Bouquet d\u2019Alella neix amb la clara intenci\u00f3 d\u2019explotar dues vessants diferents per\u00f2 complement\u00e0ries en el mon del vi. Per una banda, la producci\u00f3n i venda de vins ecol\u00f2gics de qualitat i per l\u2019altra la promoci\u00f3 de l\u2019enoturisme.","publisher":{"@id":"https:\/\/bk10426.bouquetdalella.com\/en\/#organization"},"potentialAction":[{"@type":"SearchAction","target":{"@type":"EntryPoint","urlTemplate":"https:\/\/bk10426.bouquetdalella.com\/en\/?s={search_term_string}"},"query-input":{"@type":"PropertyValueSpecification","valueRequired":true,"valueName":"search_term_string"}}],"inLanguage":"en-US"},{"@type":"Organization","@id":"https:\/\/bk10426.bouquetdalella.com\/en\/#organization","name":"Bouquet d&#039;Alella","url":"https:\/\/bk10426.bouquetdalella.com\/en\/","logo":{"@type":"ImageObject","inLanguage":"en-US","@id":"https:\/\/bk10426.bouquetdalella.com\/en\/#\/schema\/logo\/image\/","url":"https:\/\/bk10426.bouquetdalella.com\/wp-content\/uploads\/2023\/04\/cropped-cropped-cropped-logo_bouquet_d_alella-2-300x53-1.png","contentUrl":"https:\/\/bk10426.bouquetdalella.com\/wp-content\/uploads\/2023\/04\/cropped-cropped-cropped-logo_bouquet_d_alella-2-300x53-1.png","width":300,"height":52,"caption":"Bouquet d&#039;Alella"},"image":{"@id":"https:\/\/bk10426.bouquetdalella.com\/en\/#\/schema\/logo\/image\/"}}]}},"_links":{"self":[{"href":"https:\/\/bk10426.bouquetdalella.com\/en\/wp-json\/wp\/v2\/product\/24181","targetHints":{"allow":["GET"]}}],"collection":[{"href":"https:\/\/bk10426.bouquetdalella.com\/en\/wp-json\/wp\/v2\/product"}],"about":[{"href":"https:\/\/bk10426.bouquetdalella.com\/en\/wp-json\/wp\/v2\/types\/product"}],"version-history":[{"count":0,"href":"https:\/\/bk10426.bouquetdalella.com\/en\/wp-json\/wp\/v2\/product\/24181\/revisions"}],"wp:featuredmedia":[{"embeddable":true,"href":"https:\/\/bk10426.bouquetdalella.com\/en\/wp-json\/wp\/v2\/media\/23967"}],"wp:attachment":[{"href":"https:\/\/bk10426.bouquetdalella.com\/en\/wp-json\/wp\/v2\/media?parent=24181"}],"wp:term":[{"taxonomy":"product_brand","embeddable":true,"href":"https:\/\/bk10426.bouquetdalella.com\/en\/wp-json\/wp\/v2\/product_brand?post=24181"},{"taxonomy":"product_cat","embeddable":true,"href":"https:\/\/bk10426.bouquetdalella.com\/en\/wp-json\/wp\/v2\/product_cat?post=24181"},{"taxonomy":"product_tag","embeddable":true,"href":"https:\/\/bk10426.bouquetdalella.com\/en\/wp-json\/wp\/v2\/product_tag?post=24181"}],"curies":[{"name":"wp","href":"https:\/\/api.w.org\/{rel}","templated":true}]}}