{"id":10299,"date":"2026-03-11T08:12:57","date_gmt":"2026-03-11T07:12:57","guid":{"rendered":"https:\/\/bk10426.bouquetdalella.com\/producte\/christmas-tasting\/"},"modified":"2026-03-11T09:29:22","modified_gmt":"2026-03-11T08:29:22","slug":"christmas-bites","status":"publish","type":"product","link":"https:\/\/bk10426.bouquetdalella.com\/en\/producte\/christmas-bites\/","title":{"rendered":"Christmas bites"},"content":{"rendered":"","protected":false},"excerpt":{"rendered":"<p>Come and celebrate Christmas with stunning Mediterranean views and enjoy these seasonal dishes paired with our wines.<\/p>\n<p><strong>Roasted pumpkin cream with candied walnuts<\/strong><\/p>\n<p><em>Bouquet d\u2019Alella Ancestral Pansa Blanca 2024<\/em><\/p>\n<p>&nbsp;<\/p>\n<p><strong>Smoked salmon and shrimp salad on rye bread\u00a0 <\/strong><\/p>\n<p><em>Bouquet d\u2019Alella Blanc+ 2024<\/em><\/p>\n<p>&nbsp;<\/p>\n<p><strong>Cannelloni stuffed with slow-cooked veal.<\/strong><\/p>\n<p><em>Bouquet Syrah 2023<\/em><\/p>\n<p>&nbsp;<\/p>\n<p><strong>Wafer rolls with chocolate fondue and orange jam<\/strong><\/p>\n<p><em>Bouquet d\u2019Alella Plaer Escum\u00f3s 2022<\/em><\/p>\n<p>&nbsp;<\/p>\n<p><strong>Dates:<\/strong> December 13<br \/>\n<strong>Time:<\/strong> 12 h<br \/>\n<strong>Duration:<\/strong> 1 h<br \/>\n<strong>Price:<\/strong> 37\u20ac<\/p>\n<p>&nbsp;<\/p>\n[fareharbor shortname=\"bouquetdalella\" fallback=\"simple\" full_items=\"yes\" flow=\"1393187\" items=\"686538\" type=\"responsive\" language=\"en\"]\n","protected":false},"featured_media":36783,"template":"","meta":{"_acf_changed":false},"product_brand":[],"product_cat":[142],"product_tag":[389],"class_list":{"0":"post-10299","1":"product","2":"type-product","3":"status-publish","4":"has-post-thumbnail","6":"product_cat-wine-tourism","7":"product_tag-fareharbor-en","9":"first","10":"outofstock","11":"virtual","12":"taxable","13":"purchasable","14":"product-type-simple"},"acf":[],"yoast_head":"<!-- This site is optimized with the Yoast SEO plugin v27.3 - https:\/\/yoast.com\/product\/yoast-seo-wordpress\/ -->\n<title>Christmas bites - Bouquet d&#039;Alella<\/title>\n<meta name=\"description\" content=\"Come and enjoy our special Christmas bites!\" \/>\n<meta name=\"robots\" content=\"noindex, follow, max-snippet:-1, max-image-preview:large, max-video-preview:-1\" \/>\n<meta property=\"og:locale\" content=\"en_US\" \/>\n<meta property=\"og:type\" content=\"article\" \/>\n<meta property=\"og:title\" content=\"Christmas bites - Bouquet d&#039;Alella\" \/>\n<meta property=\"og:description\" content=\"Come and enjoy our special Christmas bites!\" \/>\n<meta property=\"og:url\" content=\"https:\/\/bk10426.bouquetdalella.com\/en\/producte\/christmas-bites\/\" \/>\n<meta property=\"og:site_name\" content=\"Bouquet d&#039;Alella\" \/>\n<meta property=\"article:modified_time\" content=\"2026-03-11T08:29:22+00:00\" \/>\n<meta property=\"og:image\" content=\"https:\/\/bk10426.bouquetdalella.com\/wp-content\/uploads\/2026\/03\/tastets-03-1.jpg\" \/>\n\t<meta property=\"og:image:width\" content=\"822\" \/>\n\t<meta property=\"og:image:height\" content=\"1097\" \/>\n\t<meta property=\"og:image:type\" content=\"image\/jpeg\" \/>\n<meta name=\"twitter:card\" content=\"summary_large_image\" \/>\n<meta name=\"twitter:label1\" content=\"Est. reading time\" \/>\n\t<meta name=\"twitter:data1\" content=\"1 minute\" \/>\n<script type=\"application\/ld+json\" class=\"yoast-schema-graph\">{\"@context\":\"https:\\\/\\\/schema.org\",\"@graph\":[{\"@type\":\"WebPage\",\"@id\":\"https:\\\/\\\/bk10426.bouquetdalella.com\\\/en\\\/producte\\\/christmas-bites\\\/\",\"url\":\"https:\\\/\\\/bk10426.bouquetdalella.com\\\/en\\\/producte\\\/christmas-bites\\\/\",\"name\":\"Christmas bites - Bouquet d&#039;Alella\",\"isPartOf\":{\"@id\":\"https:\\\/\\\/bk10426.bouquetdalella.com\\\/en\\\/#website\"},\"primaryImageOfPage\":{\"@id\":\"https:\\\/\\\/bk10426.bouquetdalella.com\\\/en\\\/producte\\\/christmas-bites\\\/#primaryimage\"},\"image\":{\"@id\":\"https:\\\/\\\/bk10426.bouquetdalella.com\\\/en\\\/producte\\\/christmas-bites\\\/#primaryimage\"},\"thumbnailUrl\":\"https:\\\/\\\/bk10426.bouquetdalella.com\\\/wp-content\\\/uploads\\\/2026\\\/03\\\/tastets-03-1.jpg\",\"datePublished\":\"2026-03-11T07:12:57+00:00\",\"dateModified\":\"2026-03-11T08:29:22+00:00\",\"description\":\"Come and enjoy our special Christmas bites!\",\"breadcrumb\":{\"@id\":\"https:\\\/\\\/bk10426.bouquetdalella.com\\\/en\\\/producte\\\/christmas-bites\\\/#breadcrumb\"},\"inLanguage\":\"en-US\",\"potentialAction\":[{\"@type\":\"ReadAction\",\"target\":[\"https:\\\/\\\/bk10426.bouquetdalella.com\\\/en\\\/producte\\\/christmas-bites\\\/\"]}]},{\"@type\":\"ImageObject\",\"inLanguage\":\"en-US\",\"@id\":\"https:\\\/\\\/bk10426.bouquetdalella.com\\\/en\\\/producte\\\/christmas-bites\\\/#primaryimage\",\"url\":\"https:\\\/\\\/bk10426.bouquetdalella.com\\\/wp-content\\\/uploads\\\/2026\\\/03\\\/tastets-03-1.jpg\",\"contentUrl\":\"https:\\\/\\\/bk10426.bouquetdalella.com\\\/wp-content\\\/uploads\\\/2026\\\/03\\\/tastets-03-1.jpg\",\"width\":822,\"height\":1097},{\"@type\":\"BreadcrumbList\",\"@id\":\"https:\\\/\\\/bk10426.bouquetdalella.com\\\/en\\\/producte\\\/christmas-bites\\\/#breadcrumb\",\"itemListElement\":[{\"@type\":\"ListItem\",\"position\":1,\"name\":\"Inici\",\"item\":\"https:\\\/\\\/bk10426.bouquetdalella.com\\\/en\\\/\"},{\"@type\":\"ListItem\",\"position\":2,\"name\":\"Shop\",\"item\":\"https:\\\/\\\/bk10426.bouquetdalella.com\\\/en\\\/shop\\\/\"},{\"@type\":\"ListItem\",\"position\":3,\"name\":\"Christmas bites\"}]},{\"@type\":\"WebSite\",\"@id\":\"https:\\\/\\\/bk10426.bouquetdalella.com\\\/en\\\/#website\",\"url\":\"https:\\\/\\\/bk10426.bouquetdalella.com\\\/en\\\/\",\"name\":\"Bouquet d&#039;Alella\",\"description\":\"El Celler Bouquet d\u2019Alella neix amb la clara intenci\u00f3 d\u2019explotar dues vessants diferents per\u00f2 complement\u00e0ries en el mon del vi. Per una banda, la producci\u00f3n i venda de vins ecol\u00f2gics de qualitat i per l\u2019altra la promoci\u00f3 de l\u2019enoturisme.\",\"publisher\":{\"@id\":\"https:\\\/\\\/bk10426.bouquetdalella.com\\\/en\\\/#organization\"},\"potentialAction\":[{\"@type\":\"SearchAction\",\"target\":{\"@type\":\"EntryPoint\",\"urlTemplate\":\"https:\\\/\\\/bk10426.bouquetdalella.com\\\/en\\\/?s={search_term_string}\"},\"query-input\":{\"@type\":\"PropertyValueSpecification\",\"valueRequired\":true,\"valueName\":\"search_term_string\"}}],\"inLanguage\":\"en-US\"},{\"@type\":\"Organization\",\"@id\":\"https:\\\/\\\/bk10426.bouquetdalella.com\\\/en\\\/#organization\",\"name\":\"Bouquet d&#039;Alella\",\"url\":\"https:\\\/\\\/bk10426.bouquetdalella.com\\\/en\\\/\",\"logo\":{\"@type\":\"ImageObject\",\"inLanguage\":\"en-US\",\"@id\":\"https:\\\/\\\/bk10426.bouquetdalella.com\\\/en\\\/#\\\/schema\\\/logo\\\/image\\\/\",\"url\":\"https:\\\/\\\/bk10426.bouquetdalella.com\\\/wp-content\\\/uploads\\\/2023\\\/04\\\/cropped-cropped-cropped-logo_bouquet_d_alella-2-300x53-1.png\",\"contentUrl\":\"https:\\\/\\\/bk10426.bouquetdalella.com\\\/wp-content\\\/uploads\\\/2023\\\/04\\\/cropped-cropped-cropped-logo_bouquet_d_alella-2-300x53-1.png\",\"width\":300,\"height\":52,\"caption\":\"Bouquet d&#039;Alella\"},\"image\":{\"@id\":\"https:\\\/\\\/bk10426.bouquetdalella.com\\\/en\\\/#\\\/schema\\\/logo\\\/image\\\/\"}}]}<\/script>\n<!-- \/ Yoast SEO plugin. -->","yoast_head_json":{"title":"Christmas bites - Bouquet d&#039;Alella","description":"Come and enjoy our special Christmas bites!","robots":{"index":"noindex","follow":"follow","max-snippet":"max-snippet:-1","max-image-preview":"max-image-preview:large","max-video-preview":"max-video-preview:-1"},"og_locale":"en_US","og_type":"article","og_title":"Christmas bites - Bouquet d&#039;Alella","og_description":"Come and enjoy our special Christmas bites!","og_url":"https:\/\/bk10426.bouquetdalella.com\/en\/producte\/christmas-bites\/","og_site_name":"Bouquet d&#039;Alella","article_modified_time":"2026-03-11T08:29:22+00:00","og_image":[{"width":822,"height":1097,"url":"https:\/\/bk10426.bouquetdalella.com\/wp-content\/uploads\/2026\/03\/tastets-03-1.jpg","type":"image\/jpeg"}],"twitter_card":"summary_large_image","twitter_misc":{"Est. reading time":"1 minute"},"schema":{"@context":"https:\/\/schema.org","@graph":[{"@type":"WebPage","@id":"https:\/\/bk10426.bouquetdalella.com\/en\/producte\/christmas-bites\/","url":"https:\/\/bk10426.bouquetdalella.com\/en\/producte\/christmas-bites\/","name":"Christmas bites - Bouquet d&#039;Alella","isPartOf":{"@id":"https:\/\/bk10426.bouquetdalella.com\/en\/#website"},"primaryImageOfPage":{"@id":"https:\/\/bk10426.bouquetdalella.com\/en\/producte\/christmas-bites\/#primaryimage"},"image":{"@id":"https:\/\/bk10426.bouquetdalella.com\/en\/producte\/christmas-bites\/#primaryimage"},"thumbnailUrl":"https:\/\/bk10426.bouquetdalella.com\/wp-content\/uploads\/2026\/03\/tastets-03-1.jpg","datePublished":"2026-03-11T07:12:57+00:00","dateModified":"2026-03-11T08:29:22+00:00","description":"Come and enjoy our special Christmas bites!","breadcrumb":{"@id":"https:\/\/bk10426.bouquetdalella.com\/en\/producte\/christmas-bites\/#breadcrumb"},"inLanguage":"en-US","potentialAction":[{"@type":"ReadAction","target":["https:\/\/bk10426.bouquetdalella.com\/en\/producte\/christmas-bites\/"]}]},{"@type":"ImageObject","inLanguage":"en-US","@id":"https:\/\/bk10426.bouquetdalella.com\/en\/producte\/christmas-bites\/#primaryimage","url":"https:\/\/bk10426.bouquetdalella.com\/wp-content\/uploads\/2026\/03\/tastets-03-1.jpg","contentUrl":"https:\/\/bk10426.bouquetdalella.com\/wp-content\/uploads\/2026\/03\/tastets-03-1.jpg","width":822,"height":1097},{"@type":"BreadcrumbList","@id":"https:\/\/bk10426.bouquetdalella.com\/en\/producte\/christmas-bites\/#breadcrumb","itemListElement":[{"@type":"ListItem","position":1,"name":"Inici","item":"https:\/\/bk10426.bouquetdalella.com\/en\/"},{"@type":"ListItem","position":2,"name":"Shop","item":"https:\/\/bk10426.bouquetdalella.com\/en\/shop\/"},{"@type":"ListItem","position":3,"name":"Christmas bites"}]},{"@type":"WebSite","@id":"https:\/\/bk10426.bouquetdalella.com\/en\/#website","url":"https:\/\/bk10426.bouquetdalella.com\/en\/","name":"Bouquet d&#039;Alella","description":"El Celler Bouquet d\u2019Alella neix amb la clara intenci\u00f3 d\u2019explotar dues vessants diferents per\u00f2 complement\u00e0ries en el mon del vi. Per una banda, la producci\u00f3n i venda de vins ecol\u00f2gics de qualitat i per l\u2019altra la promoci\u00f3 de l\u2019enoturisme.","publisher":{"@id":"https:\/\/bk10426.bouquetdalella.com\/en\/#organization"},"potentialAction":[{"@type":"SearchAction","target":{"@type":"EntryPoint","urlTemplate":"https:\/\/bk10426.bouquetdalella.com\/en\/?s={search_term_string}"},"query-input":{"@type":"PropertyValueSpecification","valueRequired":true,"valueName":"search_term_string"}}],"inLanguage":"en-US"},{"@type":"Organization","@id":"https:\/\/bk10426.bouquetdalella.com\/en\/#organization","name":"Bouquet d&#039;Alella","url":"https:\/\/bk10426.bouquetdalella.com\/en\/","logo":{"@type":"ImageObject","inLanguage":"en-US","@id":"https:\/\/bk10426.bouquetdalella.com\/en\/#\/schema\/logo\/image\/","url":"https:\/\/bk10426.bouquetdalella.com\/wp-content\/uploads\/2023\/04\/cropped-cropped-cropped-logo_bouquet_d_alella-2-300x53-1.png","contentUrl":"https:\/\/bk10426.bouquetdalella.com\/wp-content\/uploads\/2023\/04\/cropped-cropped-cropped-logo_bouquet_d_alella-2-300x53-1.png","width":300,"height":52,"caption":"Bouquet d&#039;Alella"},"image":{"@id":"https:\/\/bk10426.bouquetdalella.com\/en\/#\/schema\/logo\/image\/"}}]}},"_links":{"self":[{"href":"https:\/\/bk10426.bouquetdalella.com\/en\/wp-json\/wp\/v2\/product\/10299","targetHints":{"allow":["GET"]}}],"collection":[{"href":"https:\/\/bk10426.bouquetdalella.com\/en\/wp-json\/wp\/v2\/product"}],"about":[{"href":"https:\/\/bk10426.bouquetdalella.com\/en\/wp-json\/wp\/v2\/types\/product"}],"version-history":[{"count":4,"href":"https:\/\/bk10426.bouquetdalella.com\/en\/wp-json\/wp\/v2\/product\/10299\/revisions"}],"predecessor-version":[{"id":36837,"href":"https:\/\/bk10426.bouquetdalella.com\/en\/wp-json\/wp\/v2\/product\/10299\/revisions\/36837"}],"wp:featuredmedia":[{"embeddable":true,"href":"https:\/\/bk10426.bouquetdalella.com\/en\/wp-json\/wp\/v2\/media\/36783"}],"wp:attachment":[{"href":"https:\/\/bk10426.bouquetdalella.com\/en\/wp-json\/wp\/v2\/media?parent=10299"}],"wp:term":[{"taxonomy":"product_brand","embeddable":true,"href":"https:\/\/bk10426.bouquetdalella.com\/en\/wp-json\/wp\/v2\/product_brand?post=10299"},{"taxonomy":"product_cat","embeddable":true,"href":"https:\/\/bk10426.bouquetdalella.com\/en\/wp-json\/wp\/v2\/product_cat?post=10299"},{"taxonomy":"product_tag","embeddable":true,"href":"https:\/\/bk10426.bouquetdalella.com\/en\/wp-json\/wp\/v2\/product_tag?post=10299"}],"curies":[{"name":"wp","href":"https:\/\/api.w.org\/{rel}","templated":true}]}}