{"id":10138,"date":"2020-09-23T17:40:18","date_gmt":"2020-09-23T15:40:18","guid":{"rendered":"https:\/\/bk10426.bouquetdalella.com\/producte\/bouquet-dalella-ancestral-mataro-2022\/"},"modified":"2025-08-25T14:09:17","modified_gmt":"2025-08-25T12:09:17","slug":"bouquet-dalella-ancestral-mataro-2024","status":"publish","type":"product","link":"https:\/\/bk10426.bouquetdalella.com\/en\/producte\/bouquet-dalella-ancestral-mataro-2024\/","title":{"rendered":"Bouquet d\u2019Alella Ancestral Matar\u00f3 2024"},"content":{"rendered":"\t\t<div data-elementor-type=\"product-post\" data-elementor-id=\"10138\" class=\"elementor elementor-10138 elementor-6333\" data-elementor-post-type=\"product\">\n\t\t\t\t\t\t<section class=\"elementor-section elementor-top-section elementor-element elementor-element-6ea51999 elementor-section-boxed elementor-section-height-default elementor-section-height-default\" data-id=\"6ea51999\" data-element_type=\"section\" data-e-type=\"section\">\n\t\t\t\t\t\t<div class=\"elementor-container elementor-column-gap-default\">\n\t\t\t\t\t<div class=\"elementor-column elementor-col-100 elementor-top-column elementor-element elementor-element-48f1b25e\" data-id=\"48f1b25e\" data-element_type=\"column\" data-e-type=\"column\">\n\t\t\t<div class=\"elementor-widget-wrap elementor-element-populated\">\n\t\t\t\t\t\t<div class=\"elementor-element elementor-element-160e290c tab_zone elementor-tabs-view-horizontal elementor-widget elementor-widget-tabs\" data-id=\"160e290c\" data-element_type=\"widget\" data-e-type=\"widget\" data-widget_type=\"tabs.default\">\n\t\t\t\t<div class=\"elementor-widget-container\">\n\t\t\t\t\t\t\t<div class=\"elementor-tabs\">\n\t\t\t<div class=\"elementor-tabs-wrapper\" role=\"tablist\" >\n\t\t\t\t\t\t\t\t\t<div id=\"elementor-tab-title-3701\" class=\"elementor-tab-title elementor-tab-desktop-title\" aria-selected=\"true\" data-tab=\"1\" role=\"tab\" tabindex=\"0\" aria-controls=\"elementor-tab-content-3701\" aria-expanded=\"false\">Elaboration<\/div>\n\t\t\t\t\t\t\t\t\t<div id=\"elementor-tab-title-3702\" class=\"elementor-tab-title elementor-tab-desktop-title\" aria-selected=\"false\" data-tab=\"2\" role=\"tab\" tabindex=\"-1\" aria-controls=\"elementor-tab-content-3702\" aria-expanded=\"false\">Tasting note<\/div>\n\t\t\t\t\t\t\t\t\t<div id=\"elementor-tab-title-3703\" class=\"elementor-tab-title elementor-tab-desktop-title\" aria-selected=\"false\" data-tab=\"3\" role=\"tab\" tabindex=\"-1\" aria-controls=\"elementor-tab-content-3703\" aria-expanded=\"false\">FREE SHIPPING from 60 \u20ac (valid in the Spanish Peninsula)<\/div>\n\t\t\t\t\t\t\t<\/div>\n\t\t\t<div class=\"elementor-tabs-content-wrapper\" role=\"tablist\" aria-orientation=\"vertical\">\n\t\t\t\t\t\t\t\t\t<div class=\"elementor-tab-title elementor-tab-mobile-title\" aria-selected=\"true\" data-tab=\"1\" role=\"tab\" tabindex=\"0\" aria-controls=\"elementor-tab-content-3701\" aria-expanded=\"false\">Elaboration<\/div>\n\t\t\t\t\t<div id=\"elementor-tab-content-3701\" class=\"elementor-tab-content elementor-clearfix\" data-tab=\"1\" role=\"tabpanel\" aria-labelledby=\"elementor-tab-title-3701\" tabindex=\"0\" hidden=\"false\"><p>Wine made from organic vineyards. Manual harvest in 15 kg boxes and a strict selection of grapes in the vineyard. The grapes are then refrigerated in a cold room for a few hours to obtain aromatic precursors. Then they are destemmed and go into a short maceration with the skins to be gently pressed afterwards. It initiates the wild fermentation process with native yeast in stainless steel tanks and it&#8217;s bottled before fermentation finishes, trapping the carbonic gas in the bottle. It will age at least 5 months with its lees. Finally, it is disgorged manually to remove the sediments.<\/p><p>\u00a0<\/p><p>Sparkling ros\u00e9 wine made with 100% Monastrell. Production is limited, 1439 bottles. With an alcohol content of 10% vol.<\/p><\/div>\n\t\t\t\t\t\t\t\t\t<div class=\"elementor-tab-title elementor-tab-mobile-title\" aria-selected=\"false\" data-tab=\"2\" role=\"tab\" tabindex=\"-1\" aria-controls=\"elementor-tab-content-3702\" aria-expanded=\"false\">Tasting note<\/div>\n\t\t\t\t\t<div id=\"elementor-tab-content-3702\" class=\"elementor-tab-content elementor-clearfix\" data-tab=\"2\" role=\"tabpanel\" aria-labelledby=\"elementor-tab-title-3702\" tabindex=\"0\" hidden=\"hidden\"><p style=\"text-align: left;\"><em><b>Look:<\/b><\/em> clear and bright red color. Small and fast bubbles.\u00a0<\/p><p style=\"text-align: left;\"><em><b>Smell:<\/b><\/em> sour cherry, wild strawberry and rose aromas.<\/p><p style=\"text-align: left;\"><em><b>Taste:<\/b><\/em> crisp and refreshing, with pleasant bubbles.<\/p><p style=\"text-align: left;\"><em><b>It pairs well with<\/b><\/em> soft cheeses, appetizers. We recommend serving it at 7\u00baC<\/p><\/div>\n\t\t\t\t\t\t\t\t\t<div class=\"elementor-tab-title elementor-tab-mobile-title\" aria-selected=\"false\" data-tab=\"3\" role=\"tab\" tabindex=\"-1\" aria-controls=\"elementor-tab-content-3703\" aria-expanded=\"false\">FREE SHIPPING from 60 \u20ac (valid in the Spanish Peninsula)<\/div>\n\t\t\t\t\t<div id=\"elementor-tab-content-3703\" class=\"elementor-tab-content elementor-clearfix\" data-tab=\"3\" role=\"tabpanel\" aria-labelledby=\"elementor-tab-title-3703\" tabindex=\"0\" hidden=\"hidden\"><p><strong>FREE SHIPPING<\/strong><\/p><ul><li style=\"font-weight: 400;\" aria-level=\"1\"><span style=\"font-weight: 400;\">If your order is placed within the national scope and exceeds 60 euros (VAT included) you will have free shipping. It does not include outside the peninsula.<\/span><\/li><\/ul><p>\u00a0<\/p><p><strong>DELIVERY TIME AND SHIPPING COSTS<\/strong><\/p><ul><li style=\"font-weight: 400;\" aria-level=\"1\"><span style=\"font-weight: 400;\">Once the order has been placed and accepted, the delivery time will be 2 to 4 working days from the payment of the purchase.<\/span><\/li><li style=\"font-weight: 400;\" aria-level=\"1\"><span style=\"font-weight: 400;\">Orders are sent via courier service.<\/span><\/li><li style=\"font-weight: 400;\" aria-level=\"1\"><span style=\"font-weight: 400;\">Delivery will be made to the address provided during the ordering process.<\/span><\/li><\/ul><\/div>\n\t\t\t\t\t\t\t<\/div>\n\t\t<\/div>\n\t\t\t\t\t\t<\/div>\n\t\t\t\t<\/div>\n\t\t\t\t\t<\/div>\n\t\t<\/div>\n\t\t\t\t\t<\/div>\n\t\t<\/section>\n\t\t\t\t<\/div>\n\t\t","protected":false},"excerpt":{"rendered":"<p>Vi escum\u00f3s rosat de Matar\u00f3 ( o Monastrell) fet amb m\u00e8tode ancestral. De bombolla petita per\u00f2 r\u00e0pida, anima al m\u00e9s ensopit i atrau al m\u00e9s curi\u00f3s. Ja sigui sol o amb tapetes, l\u2019ampolla sempre s\u2019acaba massa aviat. Producci\u00f3 limitada de 1439 ampolles.<\/p>\n<p>&nbsp;<\/p>\n","protected":false},"featured_media":1761,"template":"","meta":{"_acf_changed":false},"product_brand":[],"product_cat":[],"product_tag":[349],"class_list":{"0":"post-10138","1":"product","2":"type-product","3":"status-publish","4":"has-post-thumbnail","6":"product_tag-vins-en","8":"first","9":"instock","10":"taxable","11":"shipping-taxable","12":"purchasable","13":"product-type-simple"},"acf":[],"yoast_head":"<!-- This site is optimized with the Yoast SEO plugin v27.3 - https:\/\/yoast.com\/product\/yoast-seo-wordpress\/ -->\n<title>Bouquet d\u2019Alella Ancestral Matar\u00f3 2024 - Bouquet d&#039;Alella<\/title>\n<meta name=\"robots\" content=\"noindex, follow, max-snippet:-1, max-image-preview:large, max-video-preview:-1\" \/>\n<meta property=\"og:locale\" content=\"en_US\" \/>\n<meta property=\"og:type\" content=\"article\" \/>\n<meta property=\"og:title\" content=\"Bouquet d\u2019Alella Ancestral Matar\u00f3 2024 - Bouquet d&#039;Alella\" \/>\n<meta property=\"og:description\" content=\"Vi escum\u00f3s rosat de Matar\u00f3 ( o Monastrell) fet amb m\u00e8tode ancestral. De bombolla petita per\u00f2 r\u00e0pida, anima al m\u00e9s ensopit i atrau al m\u00e9s curi\u00f3s. Ja sigui sol o amb tapetes, l\u2019ampolla sempre s\u2019acaba massa aviat. Producci\u00f3 limitada de 1439 ampolles.  &nbsp;\" \/>\n<meta property=\"og:url\" content=\"https:\/\/bk10426.bouquetdalella.com\/en\/producte\/bouquet-dalella-ancestral-mataro-2024\/\" \/>\n<meta property=\"og:site_name\" content=\"Bouquet d&#039;Alella\" \/>\n<meta property=\"article:modified_time\" content=\"2025-08-25T12:09:17+00:00\" \/>\n<meta property=\"og:image\" content=\"https:\/\/bk10426.bouquetdalella.com\/wp-content\/uploads\/2023\/04\/Mataro-Ancestral-1.png\" \/>\n\t<meta property=\"og:image:width\" content=\"1600\" \/>\n\t<meta property=\"og:image:height\" content=\"1600\" \/>\n\t<meta property=\"og:image:type\" content=\"image\/png\" \/>\n<meta name=\"twitter:card\" content=\"summary_large_image\" \/>\n<script type=\"application\/ld+json\" class=\"yoast-schema-graph\">{\"@context\":\"https:\\\/\\\/schema.org\",\"@graph\":[{\"@type\":\"WebPage\",\"@id\":\"https:\\\/\\\/bk10426.bouquetdalella.com\\\/en\\\/producte\\\/bouquet-dalella-ancestral-mataro-2024\\\/\",\"url\":\"https:\\\/\\\/bk10426.bouquetdalella.com\\\/en\\\/producte\\\/bouquet-dalella-ancestral-mataro-2024\\\/\",\"name\":\"Bouquet d\u2019Alella Ancestral Matar\u00f3 2024 - Bouquet d&#039;Alella\",\"isPartOf\":{\"@id\":\"https:\\\/\\\/bk10426.bouquetdalella.com\\\/en\\\/#website\"},\"primaryImageOfPage\":{\"@id\":\"https:\\\/\\\/bk10426.bouquetdalella.com\\\/en\\\/producte\\\/bouquet-dalella-ancestral-mataro-2024\\\/#primaryimage\"},\"image\":{\"@id\":\"https:\\\/\\\/bk10426.bouquetdalella.com\\\/en\\\/producte\\\/bouquet-dalella-ancestral-mataro-2024\\\/#primaryimage\"},\"thumbnailUrl\":\"https:\\\/\\\/bk10426.bouquetdalella.com\\\/wp-content\\\/uploads\\\/2023\\\/04\\\/Mataro-Ancestral-1.png\",\"datePublished\":\"2020-09-23T15:40:18+00:00\",\"dateModified\":\"2025-08-25T12:09:17+00:00\",\"breadcrumb\":{\"@id\":\"https:\\\/\\\/bk10426.bouquetdalella.com\\\/en\\\/producte\\\/bouquet-dalella-ancestral-mataro-2024\\\/#breadcrumb\"},\"inLanguage\":\"en-US\",\"potentialAction\":[{\"@type\":\"ReadAction\",\"target\":[\"https:\\\/\\\/bk10426.bouquetdalella.com\\\/en\\\/producte\\\/bouquet-dalella-ancestral-mataro-2024\\\/\"]}]},{\"@type\":\"ImageObject\",\"inLanguage\":\"en-US\",\"@id\":\"https:\\\/\\\/bk10426.bouquetdalella.com\\\/en\\\/producte\\\/bouquet-dalella-ancestral-mataro-2024\\\/#primaryimage\",\"url\":\"https:\\\/\\\/bk10426.bouquetdalella.com\\\/wp-content\\\/uploads\\\/2023\\\/04\\\/Mataro-Ancestral-1.png\",\"contentUrl\":\"https:\\\/\\\/bk10426.bouquetdalella.com\\\/wp-content\\\/uploads\\\/2023\\\/04\\\/Mataro-Ancestral-1.png\",\"width\":1600,\"height\":1600},{\"@type\":\"BreadcrumbList\",\"@id\":\"https:\\\/\\\/bk10426.bouquetdalella.com\\\/en\\\/producte\\\/bouquet-dalella-ancestral-mataro-2024\\\/#breadcrumb\",\"itemListElement\":[{\"@type\":\"ListItem\",\"position\":1,\"name\":\"Inici\",\"item\":\"https:\\\/\\\/bk10426.bouquetdalella.com\\\/en\\\/\"},{\"@type\":\"ListItem\",\"position\":2,\"name\":\"Shop\",\"item\":\"https:\\\/\\\/bk10426.bouquetdalella.com\\\/en\\\/shop\\\/\"},{\"@type\":\"ListItem\",\"position\":3,\"name\":\"Bouquet d\u2019Alella Ancestral Matar\u00f3 2024\"}]},{\"@type\":\"WebSite\",\"@id\":\"https:\\\/\\\/bk10426.bouquetdalella.com\\\/en\\\/#website\",\"url\":\"https:\\\/\\\/bk10426.bouquetdalella.com\\\/en\\\/\",\"name\":\"Bouquet d&#039;Alella\",\"description\":\"El Celler Bouquet d\u2019Alella neix amb la clara intenci\u00f3 d\u2019explotar dues vessants diferents per\u00f2 complement\u00e0ries en el mon del vi. Per una banda, la producci\u00f3n i venda de vins ecol\u00f2gics de qualitat i per l\u2019altra la promoci\u00f3 de l\u2019enoturisme.\",\"publisher\":{\"@id\":\"https:\\\/\\\/bk10426.bouquetdalella.com\\\/en\\\/#organization\"},\"potentialAction\":[{\"@type\":\"SearchAction\",\"target\":{\"@type\":\"EntryPoint\",\"urlTemplate\":\"https:\\\/\\\/bk10426.bouquetdalella.com\\\/en\\\/?s={search_term_string}\"},\"query-input\":{\"@type\":\"PropertyValueSpecification\",\"valueRequired\":true,\"valueName\":\"search_term_string\"}}],\"inLanguage\":\"en-US\"},{\"@type\":\"Organization\",\"@id\":\"https:\\\/\\\/bk10426.bouquetdalella.com\\\/en\\\/#organization\",\"name\":\"Bouquet d&#039;Alella\",\"url\":\"https:\\\/\\\/bk10426.bouquetdalella.com\\\/en\\\/\",\"logo\":{\"@type\":\"ImageObject\",\"inLanguage\":\"en-US\",\"@id\":\"https:\\\/\\\/bk10426.bouquetdalella.com\\\/en\\\/#\\\/schema\\\/logo\\\/image\\\/\",\"url\":\"https:\\\/\\\/bk10426.bouquetdalella.com\\\/wp-content\\\/uploads\\\/2023\\\/04\\\/cropped-cropped-cropped-logo_bouquet_d_alella-2-300x53-1.png\",\"contentUrl\":\"https:\\\/\\\/bk10426.bouquetdalella.com\\\/wp-content\\\/uploads\\\/2023\\\/04\\\/cropped-cropped-cropped-logo_bouquet_d_alella-2-300x53-1.png\",\"width\":300,\"height\":52,\"caption\":\"Bouquet d&#039;Alella\"},\"image\":{\"@id\":\"https:\\\/\\\/bk10426.bouquetdalella.com\\\/en\\\/#\\\/schema\\\/logo\\\/image\\\/\"}}]}<\/script>\n<!-- \/ Yoast SEO plugin. -->","yoast_head_json":{"title":"Bouquet d\u2019Alella Ancestral Matar\u00f3 2024 - Bouquet d&#039;Alella","robots":{"index":"noindex","follow":"follow","max-snippet":"max-snippet:-1","max-image-preview":"max-image-preview:large","max-video-preview":"max-video-preview:-1"},"og_locale":"en_US","og_type":"article","og_title":"Bouquet d\u2019Alella Ancestral Matar\u00f3 2024 - Bouquet d&#039;Alella","og_description":"Vi escum\u00f3s rosat de Matar\u00f3 ( o Monastrell) fet amb m\u00e8tode ancestral. De bombolla petita per\u00f2 r\u00e0pida, anima al m\u00e9s ensopit i atrau al m\u00e9s curi\u00f3s. Ja sigui sol o amb tapetes, l\u2019ampolla sempre s\u2019acaba massa aviat. Producci\u00f3 limitada de 1439 ampolles.  &nbsp;","og_url":"https:\/\/bk10426.bouquetdalella.com\/en\/producte\/bouquet-dalella-ancestral-mataro-2024\/","og_site_name":"Bouquet d&#039;Alella","article_modified_time":"2025-08-25T12:09:17+00:00","og_image":[{"width":1600,"height":1600,"url":"https:\/\/bk10426.bouquetdalella.com\/wp-content\/uploads\/2023\/04\/Mataro-Ancestral-1.png","type":"image\/png"}],"twitter_card":"summary_large_image","schema":{"@context":"https:\/\/schema.org","@graph":[{"@type":"WebPage","@id":"https:\/\/bk10426.bouquetdalella.com\/en\/producte\/bouquet-dalella-ancestral-mataro-2024\/","url":"https:\/\/bk10426.bouquetdalella.com\/en\/producte\/bouquet-dalella-ancestral-mataro-2024\/","name":"Bouquet d\u2019Alella Ancestral Matar\u00f3 2024 - Bouquet d&#039;Alella","isPartOf":{"@id":"https:\/\/bk10426.bouquetdalella.com\/en\/#website"},"primaryImageOfPage":{"@id":"https:\/\/bk10426.bouquetdalella.com\/en\/producte\/bouquet-dalella-ancestral-mataro-2024\/#primaryimage"},"image":{"@id":"https:\/\/bk10426.bouquetdalella.com\/en\/producte\/bouquet-dalella-ancestral-mataro-2024\/#primaryimage"},"thumbnailUrl":"https:\/\/bk10426.bouquetdalella.com\/wp-content\/uploads\/2023\/04\/Mataro-Ancestral-1.png","datePublished":"2020-09-23T15:40:18+00:00","dateModified":"2025-08-25T12:09:17+00:00","breadcrumb":{"@id":"https:\/\/bk10426.bouquetdalella.com\/en\/producte\/bouquet-dalella-ancestral-mataro-2024\/#breadcrumb"},"inLanguage":"en-US","potentialAction":[{"@type":"ReadAction","target":["https:\/\/bk10426.bouquetdalella.com\/en\/producte\/bouquet-dalella-ancestral-mataro-2024\/"]}]},{"@type":"ImageObject","inLanguage":"en-US","@id":"https:\/\/bk10426.bouquetdalella.com\/en\/producte\/bouquet-dalella-ancestral-mataro-2024\/#primaryimage","url":"https:\/\/bk10426.bouquetdalella.com\/wp-content\/uploads\/2023\/04\/Mataro-Ancestral-1.png","contentUrl":"https:\/\/bk10426.bouquetdalella.com\/wp-content\/uploads\/2023\/04\/Mataro-Ancestral-1.png","width":1600,"height":1600},{"@type":"BreadcrumbList","@id":"https:\/\/bk10426.bouquetdalella.com\/en\/producte\/bouquet-dalella-ancestral-mataro-2024\/#breadcrumb","itemListElement":[{"@type":"ListItem","position":1,"name":"Inici","item":"https:\/\/bk10426.bouquetdalella.com\/en\/"},{"@type":"ListItem","position":2,"name":"Shop","item":"https:\/\/bk10426.bouquetdalella.com\/en\/shop\/"},{"@type":"ListItem","position":3,"name":"Bouquet d\u2019Alella Ancestral Matar\u00f3 2024"}]},{"@type":"WebSite","@id":"https:\/\/bk10426.bouquetdalella.com\/en\/#website","url":"https:\/\/bk10426.bouquetdalella.com\/en\/","name":"Bouquet d&#039;Alella","description":"El Celler Bouquet d\u2019Alella neix amb la clara intenci\u00f3 d\u2019explotar dues vessants diferents per\u00f2 complement\u00e0ries en el mon del vi. Per una banda, la producci\u00f3n i venda de vins ecol\u00f2gics de qualitat i per l\u2019altra la promoci\u00f3 de l\u2019enoturisme.","publisher":{"@id":"https:\/\/bk10426.bouquetdalella.com\/en\/#organization"},"potentialAction":[{"@type":"SearchAction","target":{"@type":"EntryPoint","urlTemplate":"https:\/\/bk10426.bouquetdalella.com\/en\/?s={search_term_string}"},"query-input":{"@type":"PropertyValueSpecification","valueRequired":true,"valueName":"search_term_string"}}],"inLanguage":"en-US"},{"@type":"Organization","@id":"https:\/\/bk10426.bouquetdalella.com\/en\/#organization","name":"Bouquet d&#039;Alella","url":"https:\/\/bk10426.bouquetdalella.com\/en\/","logo":{"@type":"ImageObject","inLanguage":"en-US","@id":"https:\/\/bk10426.bouquetdalella.com\/en\/#\/schema\/logo\/image\/","url":"https:\/\/bk10426.bouquetdalella.com\/wp-content\/uploads\/2023\/04\/cropped-cropped-cropped-logo_bouquet_d_alella-2-300x53-1.png","contentUrl":"https:\/\/bk10426.bouquetdalella.com\/wp-content\/uploads\/2023\/04\/cropped-cropped-cropped-logo_bouquet_d_alella-2-300x53-1.png","width":300,"height":52,"caption":"Bouquet d&#039;Alella"},"image":{"@id":"https:\/\/bk10426.bouquetdalella.com\/en\/#\/schema\/logo\/image\/"}}]}},"_links":{"self":[{"href":"https:\/\/bk10426.bouquetdalella.com\/en\/wp-json\/wp\/v2\/product\/10138","targetHints":{"allow":["GET"]}}],"collection":[{"href":"https:\/\/bk10426.bouquetdalella.com\/en\/wp-json\/wp\/v2\/product"}],"about":[{"href":"https:\/\/bk10426.bouquetdalella.com\/en\/wp-json\/wp\/v2\/types\/product"}],"version-history":[{"count":0,"href":"https:\/\/bk10426.bouquetdalella.com\/en\/wp-json\/wp\/v2\/product\/10138\/revisions"}],"wp:featuredmedia":[{"embeddable":true,"href":"https:\/\/bk10426.bouquetdalella.com\/en\/wp-json\/wp\/v2\/media\/1761"}],"wp:attachment":[{"href":"https:\/\/bk10426.bouquetdalella.com\/en\/wp-json\/wp\/v2\/media?parent=10138"}],"wp:term":[{"taxonomy":"product_brand","embeddable":true,"href":"https:\/\/bk10426.bouquetdalella.com\/en\/wp-json\/wp\/v2\/product_brand?post=10138"},{"taxonomy":"product_cat","embeddable":true,"href":"https:\/\/bk10426.bouquetdalella.com\/en\/wp-json\/wp\/v2\/product_cat?post=10138"},{"taxonomy":"product_tag","embeddable":true,"href":"https:\/\/bk10426.bouquetdalella.com\/en\/wp-json\/wp\/v2\/product_tag?post=10138"}],"curies":[{"name":"wp","href":"https:\/\/api.w.org\/{rel}","templated":true}]}}