{"id":10019,"date":"2020-10-26T19:44:51","date_gmt":"2020-10-26T18:44:51","guid":{"rendered":"https:\/\/bk10426.bouquetdalella.com\/producte\/calcotada-entre-vinyes-2\/"},"modified":"2026-02-27T08:35:05","modified_gmt":"2026-02-27T07:35:05","slug":"calcotada-in-the-vineyards","status":"publish","type":"product","link":"https:\/\/bk10426.bouquetdalella.com\/en\/producte\/calcotada-in-the-vineyards\/","title":{"rendered":"Cal\u00e7otada Cooking Workshop in the Vineyards with Private Chef"},"content":{"rendered":"","protected":false},"excerpt":{"rendered":"<p>Did you know that the word \u201ccal\u00e7ot\u201d comes from the fact that, as the plant grows, it must be \u201chilled up\u201d \u2014that is, surrounded by soil until it\u2019s time to harvest?<br \/>\nWell, the time has come to \u201cunearth\u201d them and enjoy cal\u00e7ots in a delicious meal!<\/p>\n<p>For this reason, we are once again opening the season of our private cal\u00e7otada workshops in the Maresme area, near Barcelona.<br \/>\nAn experience to remember! An outdoor activity among vineyards, in the heart of nature, to enjoy with friends and family.<\/p>\n<p>To whet your appetite, it\u2019s time to roll up your sleeves and start preparing the cal\u00e7otada as a team!<br \/>\nFollowing the instructions of our private chef, we\u2019ll make a fire together using vine shoots from our own vineyards and grill the cal\u00e7ots we\u2019ve prepared.<br \/>\nWe\u2019ll accompany them with a small appetizer, grilled sausages and meat, and of course, a tasting of our wines.<\/p>\n<p>After cooking, we\u2019ll enjoy lunch together among the vineyards while savoring Bouquet d\u2019Alella wines.<\/p>\n<p>Optionally, the activity can be complemented with a guided tour of our winery and vineyards, and a tasting of four wines (at an additional cost).<\/p>\n<p><strong>The price includes:<\/strong><\/p>\n<ul>\n<li>Tasting of 2 wines during the workshop and lunch.<\/li>\n<li>Guidance from a private chef.<\/li>\n<li>Basic appetizer of potatoes and olives.<\/li>\n<li>Equipment and supplies for preparing the cal\u00e7otada as a team.<\/li>\n<li>Vine shoots, firewood, cal\u00e7ots, and meat for cooking.<\/li>\n<\/ul>\n<p>&nbsp;<\/p>\n<p><strong>Cal\u00e7otada Workshop Menu:<\/strong><\/p>\n<p>&#8211; Cal\u00e7ots with romesco sauce<br \/>\n&#8211; Organic farm chicken and sausage<br \/>\n&#8211; Roasted potatoes<br \/>\n&#8211; Orange and Catalan cream (Cr\u00e8me br\u00fbl\u00e9e style)<br \/>\n&#8211; Bread with tomato<br \/>\n&#8211; Bouquet d\u2019Alella wine (\u00bd bottle per person)<br \/>\n&#8211; Water and coffee<\/p>\n<p>&nbsp;<\/p>\n<p><strong>Recommended start time:<\/strong> 12:00 pm<br \/>\n<strong>Duration:<\/strong> 3 hours<br \/>\n<strong>Minimum group:<\/strong> 10 people<br \/>\n<strong>Seasonal activity:<\/strong> Available from December 15th to March 15th<\/p>\n<p>&nbsp;<br \/>\n[fareharbor shortname=\"bouquetdalella\" fallback=\"simple\" full_items=\"yes\" flow=\"1393188\" items=\"669910\" type=\"responsive\" language=\"en\"]<\/p>\n","protected":false},"featured_media":7276,"template":"","meta":{"_acf_changed":false},"product_brand":[],"product_cat":[142],"product_tag":[389],"class_list":{"0":"post-10019","1":"product","2":"type-product","3":"status-publish","4":"has-post-thumbnail","6":"product_cat-wine-tourism","7":"product_tag-fareharbor-en","9":"first","10":"outofstock","11":"taxable","12":"shipping-taxable","13":"purchasable","14":"product-type-variable"},"acf":[],"yoast_head":"<!-- This site is optimized with the Yoast SEO plugin v27.3 - https:\/\/yoast.com\/product\/yoast-seo-wordpress\/ -->\n<title>Cal\u00e7otada Cooking Workshop in the Vineyards with Private Chef - Bouquet d&#039;Alella<\/title>\n<meta name=\"robots\" content=\"noindex, follow, max-snippet:-1, max-image-preview:large, max-video-preview:-1\" \/>\n<meta property=\"og:locale\" content=\"en_US\" \/>\n<meta property=\"og:type\" content=\"article\" \/>\n<meta property=\"og:title\" content=\"Cal\u00e7otada Cooking Workshop in the Vineyards with Private Chef - Bouquet d&#039;Alella\" \/>\n<meta property=\"og:description\" content=\"Did you know that the word \u201ccal\u00e7ot\u201d comes from the fact that, as the plant grows, it must be \u201chilled up\u201d \u2014that is, surrounded by soil until it\u2019s time to harvest? Well, the time has come to \u201cunearth\u201d them and enjoy cal\u00e7ots in a delicious meal!  For this reason, we are once again opening the season of our private cal\u00e7otada workshops in the Maresme area, near Barcelona. An experience to remember! An outdoor activity among vineyards, in the heart of nature, to enjoy with friends and family.  To whet your appetite, it\u2019s time to roll up your sleeves and start preparing the cal\u00e7otada as a team! Following the instructions of our private chef, we\u2019ll make a fire together using vine shoots from our own vineyards and grill the cal\u00e7ots we\u2019ve prepared. We\u2019ll accompany them with a small appetizer, grilled sausages and meat, and of course, a tasting of our wines.  After cooking, we\u2019ll enjoy lunch together among the vineyards while savoring Bouquet d\u2019Alella wines.  Optionally, the activity can be complemented with a guided tour of our winery and vineyards, and a tasting of four wines (at an additional cost).  The price includes:   Tasting of 2 wines during the workshop and lunch.  Guidance from a private chef.  Basic appetizer of potatoes and olives.  Equipment and supplies for preparing the cal\u00e7otada as a team.  Vine shoots, firewood, cal\u00e7ots, and meat for cooking.  &nbsp;  Cal\u00e7otada Workshop Menu:  - Cal\u00e7ots with romesco sauce - Organic farm chicken and sausage - Roasted potatoes - Orange and Catalan cream (Cr\u00e8me br\u00fbl\u00e9e style) - Bread with tomato - Bouquet d\u2019Alella wine (\u00bd bottle per person) - Water and coffee  &nbsp;  Recommended start time: 12:00 pm Duration: 3 hours Minimum group: 10 people Seasonal activity: Available from December 15th to March 15th  &nbsp;\" \/>\n<meta property=\"og:url\" content=\"https:\/\/bk10426.bouquetdalella.com\/en\/producte\/calcotada-in-the-vineyards\/\" \/>\n<meta property=\"og:site_name\" content=\"Bouquet d&#039;Alella\" \/>\n<meta property=\"article:modified_time\" content=\"2026-02-27T07:35:05+00:00\" \/>\n<meta property=\"og:image\" content=\"https:\/\/bk10426.bouquetdalella.com\/wp-content\/uploads\/2023\/04\/Calcotada-Entre-Vinyes-837X801-6.jpg\" \/>\n\t<meta property=\"og:image:width\" content=\"837\" \/>\n\t<meta property=\"og:image:height\" content=\"801\" \/>\n\t<meta property=\"og:image:type\" content=\"image\/jpeg\" \/>\n<meta name=\"twitter:card\" content=\"summary_large_image\" \/>\n<meta name=\"twitter:label1\" content=\"Est. reading time\" \/>\n\t<meta name=\"twitter:data1\" content=\"1 minute\" \/>\n<script type=\"application\/ld+json\" class=\"yoast-schema-graph\">{\"@context\":\"https:\\\/\\\/schema.org\",\"@graph\":[{\"@type\":\"WebPage\",\"@id\":\"https:\\\/\\\/bk10426.bouquetdalella.com\\\/en\\\/producte\\\/calcotada-in-the-vineyards\\\/\",\"url\":\"https:\\\/\\\/bk10426.bouquetdalella.com\\\/en\\\/producte\\\/calcotada-in-the-vineyards\\\/\",\"name\":\"Cal\u00e7otada Cooking Workshop in the Vineyards with Private Chef - Bouquet d&#039;Alella\",\"isPartOf\":{\"@id\":\"https:\\\/\\\/bk10426.bouquetdalella.com\\\/en\\\/#website\"},\"primaryImageOfPage\":{\"@id\":\"https:\\\/\\\/bk10426.bouquetdalella.com\\\/en\\\/producte\\\/calcotada-in-the-vineyards\\\/#primaryimage\"},\"image\":{\"@id\":\"https:\\\/\\\/bk10426.bouquetdalella.com\\\/en\\\/producte\\\/calcotada-in-the-vineyards\\\/#primaryimage\"},\"thumbnailUrl\":\"https:\\\/\\\/bk10426.bouquetdalella.com\\\/wp-content\\\/uploads\\\/2023\\\/04\\\/Calcotada-Entre-Vinyes-837X801-6.jpg\",\"datePublished\":\"2020-10-26T18:44:51+00:00\",\"dateModified\":\"2026-02-27T07:35:05+00:00\",\"breadcrumb\":{\"@id\":\"https:\\\/\\\/bk10426.bouquetdalella.com\\\/en\\\/producte\\\/calcotada-in-the-vineyards\\\/#breadcrumb\"},\"inLanguage\":\"en-US\",\"potentialAction\":[{\"@type\":\"ReadAction\",\"target\":[\"https:\\\/\\\/bk10426.bouquetdalella.com\\\/en\\\/producte\\\/calcotada-in-the-vineyards\\\/\"]}]},{\"@type\":\"ImageObject\",\"inLanguage\":\"en-US\",\"@id\":\"https:\\\/\\\/bk10426.bouquetdalella.com\\\/en\\\/producte\\\/calcotada-in-the-vineyards\\\/#primaryimage\",\"url\":\"https:\\\/\\\/bk10426.bouquetdalella.com\\\/wp-content\\\/uploads\\\/2023\\\/04\\\/Calcotada-Entre-Vinyes-837X801-6.jpg\",\"contentUrl\":\"https:\\\/\\\/bk10426.bouquetdalella.com\\\/wp-content\\\/uploads\\\/2023\\\/04\\\/Calcotada-Entre-Vinyes-837X801-6.jpg\",\"width\":837,\"height\":801},{\"@type\":\"BreadcrumbList\",\"@id\":\"https:\\\/\\\/bk10426.bouquetdalella.com\\\/en\\\/producte\\\/calcotada-in-the-vineyards\\\/#breadcrumb\",\"itemListElement\":[{\"@type\":\"ListItem\",\"position\":1,\"name\":\"Inici\",\"item\":\"https:\\\/\\\/bk10426.bouquetdalella.com\\\/en\\\/\"},{\"@type\":\"ListItem\",\"position\":2,\"name\":\"Shop\",\"item\":\"https:\\\/\\\/bk10426.bouquetdalella.com\\\/en\\\/shop\\\/\"},{\"@type\":\"ListItem\",\"position\":3,\"name\":\"Cal\u00e7otada Cooking Workshop in the Vineyards with Private Chef\"}]},{\"@type\":\"WebSite\",\"@id\":\"https:\\\/\\\/bk10426.bouquetdalella.com\\\/en\\\/#website\",\"url\":\"https:\\\/\\\/bk10426.bouquetdalella.com\\\/en\\\/\",\"name\":\"Bouquet d&#039;Alella\",\"description\":\"El Celler Bouquet d\u2019Alella neix amb la clara intenci\u00f3 d\u2019explotar dues vessants diferents per\u00f2 complement\u00e0ries en el mon del vi. Per una banda, la producci\u00f3n i venda de vins ecol\u00f2gics de qualitat i per l\u2019altra la promoci\u00f3 de l\u2019enoturisme.\",\"publisher\":{\"@id\":\"https:\\\/\\\/bk10426.bouquetdalella.com\\\/en\\\/#organization\"},\"potentialAction\":[{\"@type\":\"SearchAction\",\"target\":{\"@type\":\"EntryPoint\",\"urlTemplate\":\"https:\\\/\\\/bk10426.bouquetdalella.com\\\/en\\\/?s={search_term_string}\"},\"query-input\":{\"@type\":\"PropertyValueSpecification\",\"valueRequired\":true,\"valueName\":\"search_term_string\"}}],\"inLanguage\":\"en-US\"},{\"@type\":\"Organization\",\"@id\":\"https:\\\/\\\/bk10426.bouquetdalella.com\\\/en\\\/#organization\",\"name\":\"Bouquet d&#039;Alella\",\"url\":\"https:\\\/\\\/bk10426.bouquetdalella.com\\\/en\\\/\",\"logo\":{\"@type\":\"ImageObject\",\"inLanguage\":\"en-US\",\"@id\":\"https:\\\/\\\/bk10426.bouquetdalella.com\\\/en\\\/#\\\/schema\\\/logo\\\/image\\\/\",\"url\":\"https:\\\/\\\/bk10426.bouquetdalella.com\\\/wp-content\\\/uploads\\\/2023\\\/04\\\/cropped-cropped-cropped-logo_bouquet_d_alella-2-300x53-1.png\",\"contentUrl\":\"https:\\\/\\\/bk10426.bouquetdalella.com\\\/wp-content\\\/uploads\\\/2023\\\/04\\\/cropped-cropped-cropped-logo_bouquet_d_alella-2-300x53-1.png\",\"width\":300,\"height\":52,\"caption\":\"Bouquet d&#039;Alella\"},\"image\":{\"@id\":\"https:\\\/\\\/bk10426.bouquetdalella.com\\\/en\\\/#\\\/schema\\\/logo\\\/image\\\/\"}}]}<\/script>\n<!-- \/ Yoast SEO plugin. -->","yoast_head_json":{"title":"Cal\u00e7otada Cooking Workshop in the Vineyards with Private Chef - Bouquet d&#039;Alella","robots":{"index":"noindex","follow":"follow","max-snippet":"max-snippet:-1","max-image-preview":"max-image-preview:large","max-video-preview":"max-video-preview:-1"},"og_locale":"en_US","og_type":"article","og_title":"Cal\u00e7otada Cooking Workshop in the Vineyards with Private Chef - Bouquet d&#039;Alella","og_description":"Did you know that the word \u201ccal\u00e7ot\u201d comes from the fact that, as the plant grows, it must be \u201chilled up\u201d \u2014that is, surrounded by soil until it\u2019s time to harvest? Well, the time has come to \u201cunearth\u201d them and enjoy cal\u00e7ots in a delicious meal!  For this reason, we are once again opening the season of our private cal\u00e7otada workshops in the Maresme area, near Barcelona. An experience to remember! An outdoor activity among vineyards, in the heart of nature, to enjoy with friends and family.  To whet your appetite, it\u2019s time to roll up your sleeves and start preparing the cal\u00e7otada as a team! Following the instructions of our private chef, we\u2019ll make a fire together using vine shoots from our own vineyards and grill the cal\u00e7ots we\u2019ve prepared. We\u2019ll accompany them with a small appetizer, grilled sausages and meat, and of course, a tasting of our wines.  After cooking, we\u2019ll enjoy lunch together among the vineyards while savoring Bouquet d\u2019Alella wines.  Optionally, the activity can be complemented with a guided tour of our winery and vineyards, and a tasting of four wines (at an additional cost).  The price includes:   Tasting of 2 wines during the workshop and lunch.  Guidance from a private chef.  Basic appetizer of potatoes and olives.  Equipment and supplies for preparing the cal\u00e7otada as a team.  Vine shoots, firewood, cal\u00e7ots, and meat for cooking.  &nbsp;  Cal\u00e7otada Workshop Menu:  - Cal\u00e7ots with romesco sauce - Organic farm chicken and sausage - Roasted potatoes - Orange and Catalan cream (Cr\u00e8me br\u00fbl\u00e9e style) - Bread with tomato - Bouquet d\u2019Alella wine (\u00bd bottle per person) - Water and coffee  &nbsp;  Recommended start time: 12:00 pm Duration: 3 hours Minimum group: 10 people Seasonal activity: Available from December 15th to March 15th  &nbsp;","og_url":"https:\/\/bk10426.bouquetdalella.com\/en\/producte\/calcotada-in-the-vineyards\/","og_site_name":"Bouquet d&#039;Alella","article_modified_time":"2026-02-27T07:35:05+00:00","og_image":[{"width":837,"height":801,"url":"https:\/\/bk10426.bouquetdalella.com\/wp-content\/uploads\/2023\/04\/Calcotada-Entre-Vinyes-837X801-6.jpg","type":"image\/jpeg"}],"twitter_card":"summary_large_image","twitter_misc":{"Est. reading time":"1 minute"},"schema":{"@context":"https:\/\/schema.org","@graph":[{"@type":"WebPage","@id":"https:\/\/bk10426.bouquetdalella.com\/en\/producte\/calcotada-in-the-vineyards\/","url":"https:\/\/bk10426.bouquetdalella.com\/en\/producte\/calcotada-in-the-vineyards\/","name":"Cal\u00e7otada Cooking Workshop in the Vineyards with Private Chef - Bouquet d&#039;Alella","isPartOf":{"@id":"https:\/\/bk10426.bouquetdalella.com\/en\/#website"},"primaryImageOfPage":{"@id":"https:\/\/bk10426.bouquetdalella.com\/en\/producte\/calcotada-in-the-vineyards\/#primaryimage"},"image":{"@id":"https:\/\/bk10426.bouquetdalella.com\/en\/producte\/calcotada-in-the-vineyards\/#primaryimage"},"thumbnailUrl":"https:\/\/bk10426.bouquetdalella.com\/wp-content\/uploads\/2023\/04\/Calcotada-Entre-Vinyes-837X801-6.jpg","datePublished":"2020-10-26T18:44:51+00:00","dateModified":"2026-02-27T07:35:05+00:00","breadcrumb":{"@id":"https:\/\/bk10426.bouquetdalella.com\/en\/producte\/calcotada-in-the-vineyards\/#breadcrumb"},"inLanguage":"en-US","potentialAction":[{"@type":"ReadAction","target":["https:\/\/bk10426.bouquetdalella.com\/en\/producte\/calcotada-in-the-vineyards\/"]}]},{"@type":"ImageObject","inLanguage":"en-US","@id":"https:\/\/bk10426.bouquetdalella.com\/en\/producte\/calcotada-in-the-vineyards\/#primaryimage","url":"https:\/\/bk10426.bouquetdalella.com\/wp-content\/uploads\/2023\/04\/Calcotada-Entre-Vinyes-837X801-6.jpg","contentUrl":"https:\/\/bk10426.bouquetdalella.com\/wp-content\/uploads\/2023\/04\/Calcotada-Entre-Vinyes-837X801-6.jpg","width":837,"height":801},{"@type":"BreadcrumbList","@id":"https:\/\/bk10426.bouquetdalella.com\/en\/producte\/calcotada-in-the-vineyards\/#breadcrumb","itemListElement":[{"@type":"ListItem","position":1,"name":"Inici","item":"https:\/\/bk10426.bouquetdalella.com\/en\/"},{"@type":"ListItem","position":2,"name":"Shop","item":"https:\/\/bk10426.bouquetdalella.com\/en\/shop\/"},{"@type":"ListItem","position":3,"name":"Cal\u00e7otada Cooking Workshop in the Vineyards with Private Chef"}]},{"@type":"WebSite","@id":"https:\/\/bk10426.bouquetdalella.com\/en\/#website","url":"https:\/\/bk10426.bouquetdalella.com\/en\/","name":"Bouquet d&#039;Alella","description":"El Celler Bouquet d\u2019Alella neix amb la clara intenci\u00f3 d\u2019explotar dues vessants diferents per\u00f2 complement\u00e0ries en el mon del vi. Per una banda, la producci\u00f3n i venda de vins ecol\u00f2gics de qualitat i per l\u2019altra la promoci\u00f3 de l\u2019enoturisme.","publisher":{"@id":"https:\/\/bk10426.bouquetdalella.com\/en\/#organization"},"potentialAction":[{"@type":"SearchAction","target":{"@type":"EntryPoint","urlTemplate":"https:\/\/bk10426.bouquetdalella.com\/en\/?s={search_term_string}"},"query-input":{"@type":"PropertyValueSpecification","valueRequired":true,"valueName":"search_term_string"}}],"inLanguage":"en-US"},{"@type":"Organization","@id":"https:\/\/bk10426.bouquetdalella.com\/en\/#organization","name":"Bouquet d&#039;Alella","url":"https:\/\/bk10426.bouquetdalella.com\/en\/","logo":{"@type":"ImageObject","inLanguage":"en-US","@id":"https:\/\/bk10426.bouquetdalella.com\/en\/#\/schema\/logo\/image\/","url":"https:\/\/bk10426.bouquetdalella.com\/wp-content\/uploads\/2023\/04\/cropped-cropped-cropped-logo_bouquet_d_alella-2-300x53-1.png","contentUrl":"https:\/\/bk10426.bouquetdalella.com\/wp-content\/uploads\/2023\/04\/cropped-cropped-cropped-logo_bouquet_d_alella-2-300x53-1.png","width":300,"height":52,"caption":"Bouquet d&#039;Alella"},"image":{"@id":"https:\/\/bk10426.bouquetdalella.com\/en\/#\/schema\/logo\/image\/"}}]}},"_links":{"self":[{"href":"https:\/\/bk10426.bouquetdalella.com\/en\/wp-json\/wp\/v2\/product\/10019","targetHints":{"allow":["GET"]}}],"collection":[{"href":"https:\/\/bk10426.bouquetdalella.com\/en\/wp-json\/wp\/v2\/product"}],"about":[{"href":"https:\/\/bk10426.bouquetdalella.com\/en\/wp-json\/wp\/v2\/types\/product"}],"version-history":[{"count":2,"href":"https:\/\/bk10426.bouquetdalella.com\/en\/wp-json\/wp\/v2\/product\/10019\/revisions"}],"predecessor-version":[{"id":36331,"href":"https:\/\/bk10426.bouquetdalella.com\/en\/wp-json\/wp\/v2\/product\/10019\/revisions\/36331"}],"wp:featuredmedia":[{"embeddable":true,"href":"https:\/\/bk10426.bouquetdalella.com\/en\/wp-json\/wp\/v2\/media\/7276"}],"wp:attachment":[{"href":"https:\/\/bk10426.bouquetdalella.com\/en\/wp-json\/wp\/v2\/media?parent=10019"}],"wp:term":[{"taxonomy":"product_brand","embeddable":true,"href":"https:\/\/bk10426.bouquetdalella.com\/en\/wp-json\/wp\/v2\/product_brand?post=10019"},{"taxonomy":"product_cat","embeddable":true,"href":"https:\/\/bk10426.bouquetdalella.com\/en\/wp-json\/wp\/v2\/product_cat?post=10019"},{"taxonomy":"product_tag","embeddable":true,"href":"https:\/\/bk10426.bouquetdalella.com\/en\/wp-json\/wp\/v2\/product_tag?post=10019"}],"curies":[{"name":"wp","href":"https:\/\/api.w.org\/{rel}","templated":true}]}}